{"id":3275,"date":"2024-09-19T08:55:47","date_gmt":"2024-09-19T08:55:47","guid":{"rendered":"http:\/\/maysternya.lt\/product\/kazanas-15l-su-ketaus-grill-dangciu-keptuve\/"},"modified":"2025-02-11T14:50:20","modified_gmt":"2025-02-11T14:50:20","slug":"kazanas-15l-su-ketaus-grill-dangciu-keptuve","status":"publish","type":"product","link":"https:\/\/maysternya.lt\/ru\/product\/kazanas-15l-su-ketaus-grill-dangciu-keptuve\/","title":{"rendered":"\u041a\u0430\u0437\u0430\u043d 15 \u043b \u0441 \u0447\u0443\u0433\u0443\u043d\u043d\u043e\u0439 \u043a\u0440\u044b\u0448\u043a\u043e\u0439 \u0434\u043b\u044f \u0433\u0440\u0438\u043b\u044f"},"content":{"rendered":"<h3><strong>Kazanas WOK 15l su ketaus GRILL dang\u010diu keptuv\u0117<\/strong><\/h3>\n<ul>\n<li><strong>Puodas pagamintas i\u0161 ketaus;<\/strong><\/li>\n<li><strong>Dangtis i\u0161 ketaus, kur\u012f galima naudoti vietoj grill keptuv\u0117s;<\/strong><\/li>\n<li><strong>Skersmuo: 40 cm;<\/strong><\/li>\n<li><strong>Auk\u0161tis: 18 cm;<\/strong><\/li>\n<li><strong>Talpa: 15 l;<\/strong><\/li>\n<li><strong>Tinka visoms virykl\u0117ms: dujin\u0117ms, keramikin\u0117ms, indukcin\u0117ms, elekrin\u0117ms;<\/strong><\/li>\n<li><strong>Tinka Kamado;<\/strong><\/li>\n<li><strong>Puikus pasirinkimas ruo\u0161ti maist\u0105 gamtoje.<\/strong><\/li>\n<\/ul>\n<p><a href=\"https:\/\/www.ketaus.lt\/spizines-keptuves-ketaus-keptuve-maysternya\/\">\u0427\u0443\u0433\u0443\u043d\u043d\u044b\u0435 \u0441\u043a\u043e\u0432\u043e\u0440\u043e\u0434\u044b<\/a> ir puodai yra ilgaam\u017eiai, patvar\u016bs, o j\u0173 pavir\u0161ius i\u0161laiko vienod\u0105 temperat\u016br\u0105. Be to, tinkamai naudojamas ketaus indas gali tarnauti am\u017einai, tod\u0117l juos galima perduoti i\u0161 kartos \u012f kart\u0105. Investuoti \u012f ketaus indus \u2013 protingas pasirinkimas. Keptuv\u0117s ir puodai i\u0161 \u00a0yra skirti vis\u0173 tip\u0173 virykl\u0117ms, \u012fskaitant keramines ir indukcines. <a href=\"https:\/\/www.ketaus.lt\/ketaus-puodai-spiziniai-puodai-maysternya\/\">\u0427\u0443\u0433\u0443\u043d\u043d\u044b\u0435 \u0433\u043e\u0440\u0448\u043a\u0438<\/a> ir keptuv\u0117s i\u0161laiko nepakitusi\u0105 form\u0105 ir turi nepriekai\u0161ting\u0105 pavir\u0161i\u0173.<\/p>\n<p><img decoding=\"async\" class=\"alignnone wp-image-2893 size-thumbnail\" src=\"http:\/\/maysternya.lt\/wp-content\/uploads\/2025\/02\/Maysternya-logo-350x350px-150x150-1.png\" alt=\"Ketaus indai-Maysternya-logo-350x350px\" width=\"150\" height=\"150\" \/><\/p>\n<p>Da\u017enai klystame manydami, kad gero plovo paragauti galima tik restorane. Visai ne \u2013 turint \u012fg\u016bd\u017ei\u0173 ir reikiamus indus, puik\u0173 plov\u0105 galima pasigaminti ir patiems. Tiesa, tikram plovui reikalingas geras kazanas ir gaminti ant lau\u017eo, naudojant ry\u017eius ir riebesn\u0119 avien\u0105. Visa skonio magija yra tikri, tradiciniai plovo prieskoniai. Galima atrasti \u012fvairi\u0173 plovo variacij\u0173 ir keisti avien\u0105 \u012f jautien\u0105, papildomai d\u0117ti avin\u017eirnius ar gardinti razinomis. Visgi, tai yra pagal kiekvieno skonius ir j\u0173 receptorius, bet ant lau\u017eo kazane tro\u0161kinamas plovas tikrai labai pana\u0161us \u012f autenti\u0161k\u0105j\u012f. Maysternya gaminami <strong>\u0161imtaprocentinio<\/strong> ir <strong>ekologi\u0161ko<\/strong> ketaus kazanai yra pritaikyti naudoti ant atviros ugnies, nei\u0161skiria kenksming\u0173 med\u017eiag\u0173 ir tampa pralaid\u016bs \u0161ilumai, tod\u0117l maistas gali b\u016bti ilg\u0105 laik\u0105 tolygiai \u0161ildomas. Be to, tikro ketaus danga yra nelipni ir leid\u017eia patiekalui pa\u010diam gamintis, ilgainiui atskleid\u017eiant tikrus, ry\u0161kius ir malonius savo skonius.<\/p>\n<p>\u012eprastas klasikin\u0117s formos katilas. Kazanas su ketaus grill dang\u010diu keptuv\u0117. Tinkamas kazanas, toks, koks jis tur\u0117t\u0173 b\u016bti. Be horizontalios platformos viduje, nes kaip mai\u0161yti zirvak\u0105? Ta\u010diau i\u0161or\u0117je yra platforma. J\u012f galima pastatyti ant kaitlent\u0117s. Dugnas yra sustor\u0117j\u0119s. Kra\u0161tai \u0161iek tiek i\u0161lenkti. Kad dangtelis \u012fsmigt\u0173 ir nekrist\u0173. Komplekte yra ketaus kepsnin\u0117s dangtis (40 cm), kuris pats savaime yra nuostabi kepsnin\u0117).<\/p>\n<p>&nbsp;<\/p>\n<p>&nbsp;<\/p>","protected":false},"excerpt":{"rendered":"<h3><strong>Kazanas WOK 12l su ketaus grill dang\u010diu keptuv\u0117<\/strong><\/h3>\n<ul>\n<li><strong>Puodas pagamintas i\u0161 ketaus;<\/strong><\/li>\n<li><strong>Dangtis i\u0161 ketaus, kur\u012f galima naudoti vietoj grill keptuv\u0117s;<\/strong><\/li>\n<li><strong>Skersmuo: 40 cm;<\/strong><\/li>\n<li><strong>Auk\u0161tis: 18 cm;<\/strong><\/li>\n<li><strong>Talpa: 15 l;<\/strong><\/li>\n<li><strong>Tinka visoms virykl\u0117ms: dujin\u0117ms, keramikin\u0117ms, indukcin\u0117ms, elekrin\u0117ms;<\/strong><\/li>\n<li><strong>Tinka Kamado;<\/strong><\/li>\n<li><strong>Puikus pasirinkimas ruo\u0161ti maist\u0105 gamtoje.<\/strong><\/li>\n<\/ul>\n<p><img decoding=\"async\" class=\"alignnone wp-image-2893 size-thumbnail\" src=\"https:\/\/www.ketaus.lt\/wp-content\/uploads\/2020\/12\/Maysternya-logo-350x350px-150x150.png\" alt=\"Ketaus indai-Maysternya-logo-350x350px\" width=\"150\" height=\"150\" \/><\/p>","protected":false},"featured_media":3276,"comment_status":"open","ping_status":"open","template":"","meta":{"site-sidebar-layout":"default","site-content-layout":"","ast-site-content-layout":"","site-content-style":"default","site-sidebar-style":"default","ast-global-header-display":"","ast-banner-title-visibility":"","ast-main-header-display":"","ast-hfb-above-header-display":"","ast-hfb-below-header-display":"","ast-hfb-mobile-header-display":"","site-post-title":"","ast-breadcrumbs-content":"","ast-featured-img":"","footer-sml-layout":"","theme-transparent-header-meta":"","adv-header-id-meta":"","stick-header-meta":"","header-above-stick-meta":"","header-main-stick-meta":"","header-below-stick-meta":"","astra-migrate-meta-layouts":"default","ast-page-background-enabled":"default","ast-page-background-meta":{"desktop":{"background-color":"var(--ast-global-color-5)","background-image":"","background-repeat":"repeat","background-position":"center center","background-size":"auto","background-attachment":"scroll","background-type":"","background-media":"","overlay-type":"","overlay-color":"","overlay-opacity":"","overlay-gradient":""},"tablet":{"background-color":"","background-image":"","background-repeat":"repeat","background-position":"center center","background-size":"auto","background-attachment":"scroll","background-type":"","background-media":"","overlay-type":"","overlay-color":"","overlay-opacity":"","overlay-gradient":""},"mobile":{"background-color":"","background-image":"","background-repeat":"repeat","background-position":"center center","background-size":"auto","background-attachment":"scroll","background-type":"","background-media":"","overlay-type":"","overlay-color":"","overlay-opacity":"","overlay-gradient":""}},"ast-content-background-meta":{"desktop":{"background-color":"var(--ast-global-color-4)","background-image":"","background-repeat":"repeat","background-position":"center center","background-size":"auto","background-attachment":"scroll","background-type":"","background-media":"","overlay-type":"","overlay-color":"","overlay-opacity":"","overlay-gradient":""},"tablet":{"background-color":"var(--ast-global-color-4)","background-image":"","background-repeat":"repeat","background-position":"center center","background-size":"auto","background-attachment":"scroll","background-type":"","background-media":"","overlay-type":"","overlay-color":"","overlay-opacity":"","overlay-gradient":""},"mobile":{"background-color":"var(--ast-global-color-4)","background-image":"","background-repeat":"repeat","background-position":"center center","background-size":"auto","background-attachment":"scroll","background-type":"","background-media":"","overlay-type":"","overlay-color":"","overlay-opacity":"","overlay-gradient":""}}},"product_brand":[],"product_cat":[49,50,51,52,53,41,37,38,39,43],"product_tag":[42],"class_list":{"0":"post-3275","1":"product","2":"type-product","3":"status-publish","4":"has-post-thumbnail","6":"product_cat-dovanos","7":"product_cat-dovanos-vyrams","8":"product_cat-kazanai","9":"product_cat-kazanai-su-dangciu-keptuve","10":"product_cat-wok-kazanai","11":"product_cat-maysternya","12":"product_cat-virtuves-indai","13":"product_cat-keptuves-virtuves-indai","14":"product_cat-ketaus-keptuves","15":"product_cat-ketaus-troskintuvai","16":"product_tag-maysternya","17":"product_shipping_class-leganai-38-cm-pristatymlo-klase","18":"desktop-align-left","19":"tablet-align-left","20":"mobile-align-left","22":"first","23":"instock","24":"shipping-taxable","25":"product-type-simple"},"yoast_head":"<!-- This site is optimized with the Yoast SEO plugin v24.5 - https:\/\/yoast.com\/wordpress\/plugins\/seo\/ -->\n<title>Kazanas 15l su ketaus Grill dang\u010diu keptuv\u0117 - Maysternya<\/title>\n<meta name=\"robots\" content=\"index, follow, max-snippet:-1, max-image-preview:large, max-video-preview:-1\" \/>\n<link rel=\"canonical\" href=\"https:\/\/maysternya.lt\/ru\/wp-json\/wp\/v2\/product\/3275\" \/>\n<meta property=\"og:locale\" content=\"ru_RU\" \/>\n<meta property=\"og:type\" content=\"article\" \/>\n<meta property=\"og:title\" content=\"Kazanas 15l su ketaus Grill dang\u010diu keptuv\u0117 - Maysternya\" \/>\n<meta property=\"og:description\" content=\"Kazanas WOK 12l su ketaus grill dang\u010diu keptuv\u0117  Puodas pagamintas i\u0161 ketaus;  Dangtis i\u0161 ketaus, kur\u012f galima naudoti vietoj grill keptuv\u0117s;  Skersmuo: 40 cm;  Auk\u0161tis: 18 cm;  Talpa: 15 l;  Tinka visoms virykl\u0117ms: dujin\u0117ms, keramikin\u0117ms, indukcin\u0117ms, elekrin\u0117ms;  Tinka Kamado;  Puikus pasirinkimas ruo\u0161ti maist\u0105 gamtoje.\" \/>\n<meta property=\"og:url\" content=\"https:\/\/maysternya.lt\/ru\/product\/kazanas-15l-su-ketaus-grill-dangciu-keptuve\/\" \/>\n<meta property=\"og:site_name\" content=\"Maysternya\" \/>\n<meta property=\"article:modified_time\" content=\"2025-02-11T14:50:20+00:00\" \/>\n<meta property=\"og:image\" content=\"https:\/\/maysternya.lt\/wp-content\/uploads\/2025\/02\/kazanas-15l-su-ketaus-grill-dangciu-keptuve-1-1.jpg\" \/>\n\t<meta property=\"og:image:width\" content=\"1200\" \/>\n\t<meta property=\"og:image:height\" content=\"1200\" \/>\n\t<meta property=\"og:image:type\" content=\"image\/jpeg\" \/>\n<meta name=\"twitter:card\" content=\"summary_large_image\" \/>\n<meta name=\"twitter:label1\" content=\"\u041f\u0440\u0438\u043c\u0435\u0440\u043d\u043e\u0435 \u0432\u0440\u0435\u043c\u044f \u0434\u043b\u044f \u0447\u0442\u0435\u043d\u0438\u044f\" \/>\n\t<meta name=\"twitter:data1\" content=\"2 \u043c\u0438\u043d\u0443\u0442\u044b\" \/>\n<script type=\"application\/ld+json\" class=\"yoast-schema-graph\">{\"@context\":\"https:\/\/schema.org\",\"@graph\":[{\"@type\":\"WebPage\",\"@id\":\"https:\/\/maysternya.lt\/product\/kazanas-15l-su-ketaus-grill-dangciu-keptuve\/\",\"url\":\"https:\/\/maysternya.lt\/product\/kazanas-15l-su-ketaus-grill-dangciu-keptuve\/\",\"name\":\"Kazanas 15l su ketaus Grill dang\u010diu keptuv\u0117 - Maysternya\",\"isPartOf\":{\"@id\":\"https:\/\/maysternya.lt\/#website\"},\"primaryImageOfPage\":{\"@id\":\"https:\/\/maysternya.lt\/product\/kazanas-15l-su-ketaus-grill-dangciu-keptuve\/#primaryimage\"},\"image\":{\"@id\":\"https:\/\/maysternya.lt\/product\/kazanas-15l-su-ketaus-grill-dangciu-keptuve\/#primaryimage\"},\"thumbnailUrl\":\"https:\/\/maysternya.lt\/wp-content\/uploads\/2025\/02\/kazanas-15l-su-ketaus-grill-dangciu-keptuve-1-1.jpg\",\"datePublished\":\"2024-09-19T08:55:47+00:00\",\"dateModified\":\"2025-02-11T14:50:20+00:00\",\"breadcrumb\":{\"@id\":\"https:\/\/maysternya.lt\/product\/kazanas-15l-su-ketaus-grill-dangciu-keptuve\/#breadcrumb\"},\"inLanguage\":\"ru-RU\",\"potentialAction\":[{\"@type\":\"ReadAction\",\"target\":[\"https:\/\/maysternya.lt\/product\/kazanas-15l-su-ketaus-grill-dangciu-keptuve\/\"]}]},{\"@type\":\"ImageObject\",\"inLanguage\":\"ru-RU\",\"@id\":\"https:\/\/maysternya.lt\/product\/kazanas-15l-su-ketaus-grill-dangciu-keptuve\/#primaryimage\",\"url\":\"https:\/\/maysternya.lt\/wp-content\/uploads\/2025\/02\/kazanas-15l-su-ketaus-grill-dangciu-keptuve-1-1.jpg\",\"contentUrl\":\"https:\/\/maysternya.lt\/wp-content\/uploads\/2025\/02\/kazanas-15l-su-ketaus-grill-dangciu-keptuve-1-1.jpg\",\"width\":1200,\"height\":1200},{\"@type\":\"BreadcrumbList\",\"@id\":\"https:\/\/maysternya.lt\/product\/kazanas-15l-su-ketaus-grill-dangciu-keptuve\/#breadcrumb\",\"itemListElement\":[{\"@type\":\"ListItem\",\"position\":1,\"name\":\"\u0413\u043b\u0430\u0432\u043d\u0430\u044f \u0441\u0442\u0440\u0430\u043d\u0438\u0446\u0430\",\"item\":\"https:\/\/maysternya.lt\/\"},{\"@type\":\"ListItem\",\"position\":2,\"name\":\"Katalogas\",\"item\":\"https:\/\/maysternya.lt\/en\/katalogas\/\"},{\"@type\":\"ListItem\",\"position\":3,\"name\":\"Kazanas 15l su ketaus Grill dang\u010diu keptuv\u0117\"}]},{\"@type\":\"WebSite\",\"@id\":\"https:\/\/maysternya.lt\/#website\",\"url\":\"https:\/\/maysternya.lt\/\",\"name\":\"Maysternya\",\"description\":\"Maysternya ketaus t\u016btos\",\"publisher\":{\"@id\":\"https:\/\/maysternya.lt\/#organization\"},\"potentialAction\":[{\"@type\":\"SearchAction\",\"target\":{\"@type\":\"EntryPoint\",\"urlTemplate\":\"https:\/\/maysternya.lt\/?s={search_term_string}\"},\"query-input\":{\"@type\":\"PropertyValueSpecification\",\"valueRequired\":true,\"valueName\":\"search_term_string\"}}],\"inLanguage\":\"ru-RU\"},{\"@type\":\"Organization\",\"@id\":\"https:\/\/maysternya.lt\/#organization\",\"name\":\"Maysternya\",\"url\":\"https:\/\/maysternya.lt\/\",\"logo\":{\"@type\":\"ImageObject\",\"inLanguage\":\"ru-RU\",\"@id\":\"https:\/\/maysternya.lt\/#\/schema\/logo\/image\/\",\"url\":\"https:\/\/maysternya.lt\/wp-content\/uploads\/2025\/02\/logo.png\",\"contentUrl\":\"https:\/\/maysternya.lt\/wp-content\/uploads\/2025\/02\/logo.png\",\"width\":2222,\"height\":2466,\"caption\":\"Maysternya\"},\"image\":{\"@id\":\"https:\/\/maysternya.lt\/#\/schema\/logo\/image\/\"}}]}<\/script>\n<!-- \/ Yoast SEO plugin. -->","yoast_head_json":{"title":"Kazanas 15l su ketaus Grill dang\u010diu keptuv\u0117 - Maysternya","robots":{"index":"index","follow":"follow","max-snippet":"max-snippet:-1","max-image-preview":"max-image-preview:large","max-video-preview":"max-video-preview:-1"},"canonical":"https:\/\/maysternya.lt\/ru\/wp-json\/wp\/v2\/product\/3275","og_locale":"ru_RU","og_type":"article","og_title":"Kazanas 15l su ketaus Grill dang\u010diu keptuv\u0117 - Maysternya","og_description":"Kazanas WOK 12l su ketaus grill dang\u010diu keptuv\u0117  Puodas pagamintas i\u0161 ketaus;  Dangtis i\u0161 ketaus, kur\u012f galima naudoti vietoj grill keptuv\u0117s;  Skersmuo: 40 cm;  Auk\u0161tis: 18 cm;  Talpa: 15 l;  Tinka visoms virykl\u0117ms: dujin\u0117ms, keramikin\u0117ms, indukcin\u0117ms, elekrin\u0117ms;  Tinka Kamado;  Puikus pasirinkimas ruo\u0161ti maist\u0105 gamtoje.","og_url":"https:\/\/maysternya.lt\/ru\/product\/kazanas-15l-su-ketaus-grill-dangciu-keptuve\/","og_site_name":"Maysternya","article_modified_time":"2025-02-11T14:50:20+00:00","og_image":[{"width":1200,"height":1200,"url":"https:\/\/maysternya.lt\/wp-content\/uploads\/2025\/02\/kazanas-15l-su-ketaus-grill-dangciu-keptuve-1-1.jpg","type":"image\/jpeg"}],"twitter_card":"summary_large_image","twitter_misc":{"\u041f\u0440\u0438\u043c\u0435\u0440\u043d\u043e\u0435 \u0432\u0440\u0435\u043c\u044f \u0434\u043b\u044f \u0447\u0442\u0435\u043d\u0438\u044f":"2 \u043c\u0438\u043d\u0443\u0442\u044b"},"schema":{"@context":"https:\/\/schema.org","@graph":[{"@type":"WebPage","@id":"https:\/\/maysternya.lt\/product\/kazanas-15l-su-ketaus-grill-dangciu-keptuve\/","url":"https:\/\/maysternya.lt\/product\/kazanas-15l-su-ketaus-grill-dangciu-keptuve\/","name":"Kazanas 15l su ketaus Grill dang\u010diu keptuv\u0117 - Maysternya","isPartOf":{"@id":"https:\/\/maysternya.lt\/#website"},"primaryImageOfPage":{"@id":"https:\/\/maysternya.lt\/product\/kazanas-15l-su-ketaus-grill-dangciu-keptuve\/#primaryimage"},"image":{"@id":"https:\/\/maysternya.lt\/product\/kazanas-15l-su-ketaus-grill-dangciu-keptuve\/#primaryimage"},"thumbnailUrl":"https:\/\/maysternya.lt\/wp-content\/uploads\/2025\/02\/kazanas-15l-su-ketaus-grill-dangciu-keptuve-1-1.jpg","datePublished":"2024-09-19T08:55:47+00:00","dateModified":"2025-02-11T14:50:20+00:00","breadcrumb":{"@id":"https:\/\/maysternya.lt\/product\/kazanas-15l-su-ketaus-grill-dangciu-keptuve\/#breadcrumb"},"inLanguage":"ru-RU","potentialAction":[{"@type":"ReadAction","target":["https:\/\/maysternya.lt\/product\/kazanas-15l-su-ketaus-grill-dangciu-keptuve\/"]}]},{"@type":"ImageObject","inLanguage":"ru-RU","@id":"https:\/\/maysternya.lt\/product\/kazanas-15l-su-ketaus-grill-dangciu-keptuve\/#primaryimage","url":"https:\/\/maysternya.lt\/wp-content\/uploads\/2025\/02\/kazanas-15l-su-ketaus-grill-dangciu-keptuve-1-1.jpg","contentUrl":"https:\/\/maysternya.lt\/wp-content\/uploads\/2025\/02\/kazanas-15l-su-ketaus-grill-dangciu-keptuve-1-1.jpg","width":1200,"height":1200},{"@type":"BreadcrumbList","@id":"https:\/\/maysternya.lt\/product\/kazanas-15l-su-ketaus-grill-dangciu-keptuve\/#breadcrumb","itemListElement":[{"@type":"ListItem","position":1,"name":"\u0413\u043b\u0430\u0432\u043d\u0430\u044f \u0441\u0442\u0440\u0430\u043d\u0438\u0446\u0430","item":"https:\/\/maysternya.lt\/"},{"@type":"ListItem","position":2,"name":"Katalogas","item":"https:\/\/maysternya.lt\/en\/katalogas\/"},{"@type":"ListItem","position":3,"name":"Kazanas 15l su ketaus Grill dang\u010diu keptuv\u0117"}]},{"@type":"WebSite","@id":"https:\/\/maysternya.lt\/#website","url":"https:\/\/maysternya.lt\/","name":"Maysternya","description":"Maysternya ketaus t\u016btos","publisher":{"@id":"https:\/\/maysternya.lt\/#organization"},"potentialAction":[{"@type":"SearchAction","target":{"@type":"EntryPoint","urlTemplate":"https:\/\/maysternya.lt\/?s={search_term_string}"},"query-input":{"@type":"PropertyValueSpecification","valueRequired":true,"valueName":"search_term_string"}}],"inLanguage":"ru-RU"},{"@type":"Organization","@id":"https:\/\/maysternya.lt\/#organization","name":"Maysternya","url":"https:\/\/maysternya.lt\/","logo":{"@type":"ImageObject","inLanguage":"ru-RU","@id":"https:\/\/maysternya.lt\/#\/schema\/logo\/image\/","url":"https:\/\/maysternya.lt\/wp-content\/uploads\/2025\/02\/logo.png","contentUrl":"https:\/\/maysternya.lt\/wp-content\/uploads\/2025\/02\/logo.png","width":2222,"height":2466,"caption":"Maysternya"},"image":{"@id":"https:\/\/maysternya.lt\/#\/schema\/logo\/image\/"}}]}},"_links":{"self":[{"href":"https:\/\/maysternya.lt\/ru\/wp-json\/wp\/v2\/product\/3275","targetHints":{"allow":["GET"]}}],"collection":[{"href":"https:\/\/maysternya.lt\/ru\/wp-json\/wp\/v2\/product"}],"about":[{"href":"https:\/\/maysternya.lt\/ru\/wp-json\/wp\/v2\/types\/product"}],"replies":[{"embeddable":true,"href":"https:\/\/maysternya.lt\/ru\/wp-json\/wp\/v2\/comments?post=3275"}],"wp:featuredmedia":[{"embeddable":true,"href":"https:\/\/maysternya.lt\/ru\/wp-json\/wp\/v2\/media\/3276"}],"wp:attachment":[{"href":"https:\/\/maysternya.lt\/ru\/wp-json\/wp\/v2\/media?parent=3275"}],"wp:term":[{"taxonomy":"product_brand","embeddable":true,"href":"https:\/\/maysternya.lt\/ru\/wp-json\/wp\/v2\/product_brand?post=3275"},{"taxonomy":"product_cat","embeddable":true,"href":"https:\/\/maysternya.lt\/ru\/wp-json\/wp\/v2\/product_cat?post=3275"},{"taxonomy":"product_tag","embeddable":true,"href":"https:\/\/maysternya.lt\/ru\/wp-json\/wp\/v2\/product_tag?post=3275"}],"curies":[{"name":"wp","href":"https:\/\/api.w.org\/{rel}","templated":true}]}}