{"id":3270,"date":"2024-09-17T09:54:41","date_gmt":"2024-09-17T09:54:41","guid":{"rendered":"http:\/\/maysternya.lt\/product\/kieta-pjaustymo-lenta-27x27x45cm-maysternya\/"},"modified":"2025-02-11T14:50:12","modified_gmt":"2025-02-11T14:50:12","slug":"kieta-pjaustymo-lenta-27x27x45cm-maysternya","status":"publish","type":"product","link":"https:\/\/maysternya.lt\/ru\/product\/kieta-pjaustymo-lenta-27x27x45cm-maysternya\/","title":{"rendered":"\u0422\u0432\u0435\u0440\u0434\u0430\u044f \u0440\u0430\u0437\u0434\u0435\u043b\u043e\u0447\u043d\u0430\u044f \u0434\u043e\u0441\u043a\u0430 27x27x4,5 \u0441\u043c Maysternya"},"content":{"rendered":"<h3><strong>Kieta pjaustymo lenta 27x27x4,5cm\u00a0 \u00abMaysternya\u00ae\u00bb<\/strong><\/h3>\n<p>Kieta pjaustymo lenta 4,5 cm storio u\u017etikrina tvirt\u0105 pavir\u0161i\u0173 \u017eolel\u0117ms, dar\u017eov\u0117ms, m\u0117sai ar \u017euviai pjaustyti kaip profesionalui!<\/p>\n<p>Meistryst\u0117 ir gra\u017e\u016bs medienos ra\u0161tai kiekvien\u0105 pjaustymo lentel\u0117s dal\u012f i\u0161skiria vien\u0105 nuo kitos, spalvos ir ra\u0161tai gali skirtis priklausomai.<\/p>\n<p>Kiekviena m\u016bs\u0173 medin\u0117 pjaustymo lentel\u0117 yra unikali.<\/p>\n<p>Medin\u0117s pjaustymo lentel\u0117s yra ekologi\u0161kos, stabilios ir, o tai svarbu, ant medinio pavir\u0161iaus net taip greitai at\u0161impa peilio a\u0161menys.<\/p>\n<p>Pagaminta su meile Ukrainoje.<\/p>","protected":false},"excerpt":{"rendered":"<h3><strong>Kieta pjaustumo lenta 27x27x4,5cm \u00abMaysternya\u00ae\u00bb<\/strong><\/h3>\n<p>Kieta pjaustumo lenta 4,5 cm storio u\u017etikrina tvirt\u0105 pavir\u0161i\u0173 \u017eolel\u0117ms, dar\u017eov\u0117ms, m\u0117sai ar \u017euviai pjaustyti kaip profesionalui!<\/p>\n<p>Meistryst\u0117 ir gra\u017e\u016bs medienos ra\u0161tai kiekvien\u0105 pjaustymo lentel\u0117s dal\u012f i\u0161skiria vien\u0105 nuo kitos, spalvos ir ra\u0161tai gali skirtis priklausomai.<\/p>\n<p>Kiekviena m\u016bs\u0173 medin\u0117 pjaustymo lentel\u0117 yra unikali.<\/p>","protected":false},"featured_media":3271,"comment_status":"open","ping_status":"open","template":"","meta":{"site-sidebar-layout":"default","site-content-layout":"","ast-site-content-layout":"","site-content-style":"default","site-sidebar-style":"default","ast-global-header-display":"","ast-banner-title-visibility":"","ast-main-header-display":"","ast-hfb-above-header-display":"","ast-hfb-below-header-display":"","ast-hfb-mobile-header-display":"","site-post-title":"","ast-breadcrumbs-content":"","ast-featured-img":"","footer-sml-layout":"","theme-transparent-header-meta":"","adv-header-id-meta":"","stick-header-meta":"","header-above-stick-meta":"","header-main-stick-meta":"","header-below-stick-meta":"","astra-migrate-meta-layouts":"default","ast-page-background-enabled":"default","ast-page-background-meta":{"desktop":{"background-color":"var(--ast-global-color-5)","background-image":"","background-repeat":"repeat","background-position":"center center","background-size":"auto","background-attachment":"scroll","background-type":"","background-media":"","overlay-type":"","overlay-color":"","overlay-opacity":"","overlay-gradient":""},"tablet":{"background-color":"","background-image":"","background-repeat":"repeat","background-position":"center center","background-size":"auto","background-attachment":"scroll","background-type":"","background-media":"","overlay-type":"","overlay-color":"","overlay-opacity":"","overlay-gradient":""},"mobile":{"background-color":"","background-image":"","background-repeat":"repeat","background-position":"center center","background-size":"auto","background-attachment":"scroll","background-type":"","background-media":"","overlay-type":"","overlay-color":"","overlay-opacity":"","overlay-gradient":""}},"ast-content-background-meta":{"desktop":{"background-color":"var(--ast-global-color-4)","background-image":"","background-repeat":"repeat","background-position":"center center","background-size":"auto","background-attachment":"scroll","background-type":"","background-media":"","overlay-type":"","overlay-color":"","overlay-opacity":"","overlay-gradient":""},"tablet":{"background-color":"var(--ast-global-color-4)","background-image":"","background-repeat":"repeat","background-position":"center center","background-size":"auto","background-attachment":"scroll","background-type":"","background-media":"","overlay-type":"","overlay-color":"","overlay-opacity":"","overlay-gradient":""},"mobile":{"background-color":"var(--ast-global-color-4)","background-image":"","background-repeat":"repeat","background-position":"center center","background-size":"auto","background-attachment":"scroll","background-type":"","background-media":"","overlay-type":"","overlay-color":"","overlay-opacity":"","overlay-gradient":""}}},"product_brand":[],"product_cat":[41,54,55],"product_tag":[42],"class_list":{"0":"post-3270","1":"product","2":"type-product","3":"status-publish","4":"has-post-thumbnail","6":"product_cat-maysternya","7":"product_cat-virtuves-ir-stalo-reikmenys","8":"product_cat-pjaustymo-lenteles","9":"product_tag-maysternya","10":"product_shipping_class-iprasta-pristatymlo-klase","11":"desktop-align-left","12":"tablet-align-left","13":"mobile-align-left","15":"first","16":"instock","17":"shipping-taxable","18":"product-type-simple"},"yoast_head":"<!-- This site is optimized with the Yoast SEO plugin v24.5 - https:\/\/yoast.com\/wordpress\/plugins\/seo\/ -->\n<title>Kieta pjaustymo lenta 27x27x4,5cm Maysternya - Maysternya<\/title>\n<meta name=\"robots\" content=\"index, follow, max-snippet:-1, max-image-preview:large, max-video-preview:-1\" \/>\n<link rel=\"canonical\" href=\"https:\/\/maysternya.lt\/ru\/wp-json\/wp\/v2\/product\/3270\" \/>\n<meta property=\"og:locale\" content=\"ru_RU\" \/>\n<meta property=\"og:type\" content=\"article\" \/>\n<meta property=\"og:title\" content=\"Kieta pjaustymo lenta 27x27x4,5cm Maysternya - Maysternya\" \/>\n<meta property=\"og:description\" content=\"Kieta pjaustumo lenta 27x27x4,5cm \u00abMaysternya\u00ae\u00bb Kieta pjaustumo lenta 4,5 cm storio u\u017etikrina tvirt\u0105 pavir\u0161i\u0173 \u017eolel\u0117ms, dar\u017eov\u0117ms, m\u0117sai ar \u017euviai pjaustyti kaip profesionalui! Meistryst\u0117 ir gra\u017e\u016bs medienos ra\u0161tai kiekvien\u0105 pjaustymo lentel\u0117s dal\u012f i\u0161skiria vien\u0105 nuo kitos, spalvos ir ra\u0161tai gali skirtis priklausomai. Kiekviena m\u016bs\u0173 medin\u0117 pjaustymo lentel\u0117 yra unikali.\" \/>\n<meta property=\"og:url\" content=\"https:\/\/maysternya.lt\/ru\/product\/kieta-pjaustymo-lenta-27x27x45cm-maysternya\/\" \/>\n<meta property=\"og:site_name\" content=\"Maysternya\" \/>\n<meta property=\"article:modified_time\" content=\"2025-02-11T14:50:12+00:00\" \/>\n<meta property=\"og:image\" content=\"https:\/\/maysternya.lt\/wp-content\/uploads\/2025\/02\/kieta-pjaustymo-lenta-27x27x45cm-maysternya-1.jpg\" \/>\n\t<meta property=\"og:image:width\" content=\"1200\" \/>\n\t<meta property=\"og:image:height\" content=\"1200\" \/>\n\t<meta property=\"og:image:type\" content=\"image\/jpeg\" \/>\n<meta name=\"twitter:card\" content=\"summary_large_image\" \/>\n<script type=\"application\/ld+json\" class=\"yoast-schema-graph\">{\"@context\":\"https:\/\/schema.org\",\"@graph\":[{\"@type\":\"WebPage\",\"@id\":\"https:\/\/maysternya.lt\/product\/kieta-pjaustymo-lenta-27x27x45cm-maysternya\/\",\"url\":\"https:\/\/maysternya.lt\/product\/kieta-pjaustymo-lenta-27x27x45cm-maysternya\/\",\"name\":\"Kieta pjaustymo lenta 27x27x4,5cm Maysternya - Maysternya\",\"isPartOf\":{\"@id\":\"https:\/\/maysternya.lt\/#website\"},\"primaryImageOfPage\":{\"@id\":\"https:\/\/maysternya.lt\/product\/kieta-pjaustymo-lenta-27x27x45cm-maysternya\/#primaryimage\"},\"image\":{\"@id\":\"https:\/\/maysternya.lt\/product\/kieta-pjaustymo-lenta-27x27x45cm-maysternya\/#primaryimage\"},\"thumbnailUrl\":\"https:\/\/maysternya.lt\/wp-content\/uploads\/2025\/02\/kieta-pjaustymo-lenta-27x27x45cm-maysternya-1.jpg\",\"datePublished\":\"2024-09-17T09:54:41+00:00\",\"dateModified\":\"2025-02-11T14:50:12+00:00\",\"breadcrumb\":{\"@id\":\"https:\/\/maysternya.lt\/product\/kieta-pjaustymo-lenta-27x27x45cm-maysternya\/#breadcrumb\"},\"inLanguage\":\"ru-RU\",\"potentialAction\":[{\"@type\":\"ReadAction\",\"target\":[\"https:\/\/maysternya.lt\/product\/kieta-pjaustymo-lenta-27x27x45cm-maysternya\/\"]}]},{\"@type\":\"ImageObject\",\"inLanguage\":\"ru-RU\",\"@id\":\"https:\/\/maysternya.lt\/product\/kieta-pjaustymo-lenta-27x27x45cm-maysternya\/#primaryimage\",\"url\":\"https:\/\/maysternya.lt\/wp-content\/uploads\/2025\/02\/kieta-pjaustymo-lenta-27x27x45cm-maysternya-1.jpg\",\"contentUrl\":\"https:\/\/maysternya.lt\/wp-content\/uploads\/2025\/02\/kieta-pjaustymo-lenta-27x27x45cm-maysternya-1.jpg\",\"width\":1200,\"height\":1200},{\"@type\":\"BreadcrumbList\",\"@id\":\"https:\/\/maysternya.lt\/product\/kieta-pjaustymo-lenta-27x27x45cm-maysternya\/#breadcrumb\",\"itemListElement\":[{\"@type\":\"ListItem\",\"position\":1,\"name\":\"\u0413\u043b\u0430\u0432\u043d\u0430\u044f \u0441\u0442\u0440\u0430\u043d\u0438\u0446\u0430\",\"item\":\"https:\/\/maysternya.lt\/\"},{\"@type\":\"ListItem\",\"position\":2,\"name\":\"Katalogas\",\"item\":\"https:\/\/maysternya.lt\/en\/katalogas\/\"},{\"@type\":\"ListItem\",\"position\":3,\"name\":\"Kieta pjaustymo lenta 27x27x4,5cm Maysternya\"}]},{\"@type\":\"WebSite\",\"@id\":\"https:\/\/maysternya.lt\/#website\",\"url\":\"https:\/\/maysternya.lt\/\",\"name\":\"Maysternya\",\"description\":\"Maysternya ketaus t\u016btos\",\"publisher\":{\"@id\":\"https:\/\/maysternya.lt\/#organization\"},\"potentialAction\":[{\"@type\":\"SearchAction\",\"target\":{\"@type\":\"EntryPoint\",\"urlTemplate\":\"https:\/\/maysternya.lt\/?s={search_term_string}\"},\"query-input\":{\"@type\":\"PropertyValueSpecification\",\"valueRequired\":true,\"valueName\":\"search_term_string\"}}],\"inLanguage\":\"ru-RU\"},{\"@type\":\"Organization\",\"@id\":\"https:\/\/maysternya.lt\/#organization\",\"name\":\"Maysternya\",\"url\":\"https:\/\/maysternya.lt\/\",\"logo\":{\"@type\":\"ImageObject\",\"inLanguage\":\"ru-RU\",\"@id\":\"https:\/\/maysternya.lt\/#\/schema\/logo\/image\/\",\"url\":\"https:\/\/maysternya.lt\/wp-content\/uploads\/2025\/02\/logo.png\",\"contentUrl\":\"https:\/\/maysternya.lt\/wp-content\/uploads\/2025\/02\/logo.png\",\"width\":2222,\"height\":2466,\"caption\":\"Maysternya\"},\"image\":{\"@id\":\"https:\/\/maysternya.lt\/#\/schema\/logo\/image\/\"}}]}<\/script>\n<!-- \/ Yoast SEO plugin. -->","yoast_head_json":{"title":"Kieta pjaustymo lenta 27x27x4,5cm Maysternya - Maysternya","robots":{"index":"index","follow":"follow","max-snippet":"max-snippet:-1","max-image-preview":"max-image-preview:large","max-video-preview":"max-video-preview:-1"},"canonical":"https:\/\/maysternya.lt\/ru\/wp-json\/wp\/v2\/product\/3270","og_locale":"ru_RU","og_type":"article","og_title":"Kieta pjaustymo lenta 27x27x4,5cm Maysternya - Maysternya","og_description":"Kieta pjaustumo lenta 27x27x4,5cm \u00abMaysternya\u00ae\u00bb Kieta pjaustumo lenta 4,5 cm storio u\u017etikrina tvirt\u0105 pavir\u0161i\u0173 \u017eolel\u0117ms, dar\u017eov\u0117ms, m\u0117sai ar \u017euviai pjaustyti kaip profesionalui! Meistryst\u0117 ir gra\u017e\u016bs medienos ra\u0161tai kiekvien\u0105 pjaustymo lentel\u0117s dal\u012f i\u0161skiria vien\u0105 nuo kitos, spalvos ir ra\u0161tai gali skirtis priklausomai. Kiekviena m\u016bs\u0173 medin\u0117 pjaustymo lentel\u0117 yra unikali.","og_url":"https:\/\/maysternya.lt\/ru\/product\/kieta-pjaustymo-lenta-27x27x45cm-maysternya\/","og_site_name":"Maysternya","article_modified_time":"2025-02-11T14:50:12+00:00","og_image":[{"width":1200,"height":1200,"url":"https:\/\/maysternya.lt\/wp-content\/uploads\/2025\/02\/kieta-pjaustymo-lenta-27x27x45cm-maysternya-1.jpg","type":"image\/jpeg"}],"twitter_card":"summary_large_image","schema":{"@context":"https:\/\/schema.org","@graph":[{"@type":"WebPage","@id":"https:\/\/maysternya.lt\/product\/kieta-pjaustymo-lenta-27x27x45cm-maysternya\/","url":"https:\/\/maysternya.lt\/product\/kieta-pjaustymo-lenta-27x27x45cm-maysternya\/","name":"Kieta pjaustymo lenta 27x27x4,5cm Maysternya - Maysternya","isPartOf":{"@id":"https:\/\/maysternya.lt\/#website"},"primaryImageOfPage":{"@id":"https:\/\/maysternya.lt\/product\/kieta-pjaustymo-lenta-27x27x45cm-maysternya\/#primaryimage"},"image":{"@id":"https:\/\/maysternya.lt\/product\/kieta-pjaustymo-lenta-27x27x45cm-maysternya\/#primaryimage"},"thumbnailUrl":"https:\/\/maysternya.lt\/wp-content\/uploads\/2025\/02\/kieta-pjaustymo-lenta-27x27x45cm-maysternya-1.jpg","datePublished":"2024-09-17T09:54:41+00:00","dateModified":"2025-02-11T14:50:12+00:00","breadcrumb":{"@id":"https:\/\/maysternya.lt\/product\/kieta-pjaustymo-lenta-27x27x45cm-maysternya\/#breadcrumb"},"inLanguage":"ru-RU","potentialAction":[{"@type":"ReadAction","target":["https:\/\/maysternya.lt\/product\/kieta-pjaustymo-lenta-27x27x45cm-maysternya\/"]}]},{"@type":"ImageObject","inLanguage":"ru-RU","@id":"https:\/\/maysternya.lt\/product\/kieta-pjaustymo-lenta-27x27x45cm-maysternya\/#primaryimage","url":"https:\/\/maysternya.lt\/wp-content\/uploads\/2025\/02\/kieta-pjaustymo-lenta-27x27x45cm-maysternya-1.jpg","contentUrl":"https:\/\/maysternya.lt\/wp-content\/uploads\/2025\/02\/kieta-pjaustymo-lenta-27x27x45cm-maysternya-1.jpg","width":1200,"height":1200},{"@type":"BreadcrumbList","@id":"https:\/\/maysternya.lt\/product\/kieta-pjaustymo-lenta-27x27x45cm-maysternya\/#breadcrumb","itemListElement":[{"@type":"ListItem","position":1,"name":"\u0413\u043b\u0430\u0432\u043d\u0430\u044f \u0441\u0442\u0440\u0430\u043d\u0438\u0446\u0430","item":"https:\/\/maysternya.lt\/"},{"@type":"ListItem","position":2,"name":"Katalogas","item":"https:\/\/maysternya.lt\/en\/katalogas\/"},{"@type":"ListItem","position":3,"name":"Kieta pjaustymo lenta 27x27x4,5cm Maysternya"}]},{"@type":"WebSite","@id":"https:\/\/maysternya.lt\/#website","url":"https:\/\/maysternya.lt\/","name":"Maysternya","description":"Maysternya ketaus t\u016btos","publisher":{"@id":"https:\/\/maysternya.lt\/#organization"},"potentialAction":[{"@type":"SearchAction","target":{"@type":"EntryPoint","urlTemplate":"https:\/\/maysternya.lt\/?s={search_term_string}"},"query-input":{"@type":"PropertyValueSpecification","valueRequired":true,"valueName":"search_term_string"}}],"inLanguage":"ru-RU"},{"@type":"Organization","@id":"https:\/\/maysternya.lt\/#organization","name":"Maysternya","url":"https:\/\/maysternya.lt\/","logo":{"@type":"ImageObject","inLanguage":"ru-RU","@id":"https:\/\/maysternya.lt\/#\/schema\/logo\/image\/","url":"https:\/\/maysternya.lt\/wp-content\/uploads\/2025\/02\/logo.png","contentUrl":"https:\/\/maysternya.lt\/wp-content\/uploads\/2025\/02\/logo.png","width":2222,"height":2466,"caption":"Maysternya"},"image":{"@id":"https:\/\/maysternya.lt\/#\/schema\/logo\/image\/"}}]}},"_links":{"self":[{"href":"https:\/\/maysternya.lt\/ru\/wp-json\/wp\/v2\/product\/3270","targetHints":{"allow":["GET"]}}],"collection":[{"href":"https:\/\/maysternya.lt\/ru\/wp-json\/wp\/v2\/product"}],"about":[{"href":"https:\/\/maysternya.lt\/ru\/wp-json\/wp\/v2\/types\/product"}],"replies":[{"embeddable":true,"href":"https:\/\/maysternya.lt\/ru\/wp-json\/wp\/v2\/comments?post=3270"}],"wp:featuredmedia":[{"embeddable":true,"href":"https:\/\/maysternya.lt\/ru\/wp-json\/wp\/v2\/media\/3271"}],"wp:attachment":[{"href":"https:\/\/maysternya.lt\/ru\/wp-json\/wp\/v2\/media?parent=3270"}],"wp:term":[{"taxonomy":"product_brand","embeddable":true,"href":"https:\/\/maysternya.lt\/ru\/wp-json\/wp\/v2\/product_brand?post=3270"},{"taxonomy":"product_cat","embeddable":true,"href":"https:\/\/maysternya.lt\/ru\/wp-json\/wp\/v2\/product_cat?post=3270"},{"taxonomy":"product_tag","embeddable":true,"href":"https:\/\/maysternya.lt\/ru\/wp-json\/wp\/v2\/product_tag?post=3270"}],"curies":[{"name":"wp","href":"https:\/\/api.w.org\/{rel}","templated":true}]}}