{"id":3265,"date":"2024-08-02T09:44:47","date_gmt":"2024-08-02T09:44:47","guid":{"rendered":"http:\/\/maysternya.lt\/product\/kazanas-mysternya-pro-kazanas-wok12l-su-ketaus-dangciu-keptuve-ir-deklas\/"},"modified":"2025-02-11T14:50:09","modified_gmt":"2025-02-11T14:50:09","slug":"kazanas-mysternya-pro-kazanas-wok12l-su-ketaus-dangciu-keptuve-ir-deklas","status":"publish","type":"product","link":"https:\/\/maysternya.lt\/ru\/product\/kazanas-mysternya-pro-kazanas-wok12l-su-ketaus-dangciu-keptuve-ir-deklas\/","title":{"rendered":"\u041a\u0430\u0437\u0430\u043d Mysternya Pro (\u043a\u0430\u0437\u0430\u043d WOK12L \u0441 \u0447\u0443\u0433\u0443\u043d\u043d\u043e\u0439 \u043a\u0440\u044b\u0448\u043a\u043e\u0439-\u043a\u0430\u0441\u0442\u0440\u044e\u043b\u0435\u0439) \u0438 \u043a\u0435\u0439\u0441"},"content":{"rendered":"<h3><strong>Komplekte yra:<\/strong><\/h3>\n<h4><strong>KAZANAS WOK 12 L su ketaus dang\u010diu keptuv\u0117<\/strong><\/h4>\n<ul>\n<li><strong>Puodas pagamintas i\u0161 ketaus;<\/strong><\/li>\n<li><strong>Dangtis i\u0161 ketaus, kur\u012f galima naudoti vietoj keptuv\u0117s;<\/strong><\/li>\n<li><strong>Skersmuo: 40 cm;<\/strong><\/li>\n<li><strong>Auk\u0161tis: 16 cm;<\/strong><\/li>\n<li><strong>Talpa: 12 l;<\/strong><\/li>\n<li><strong>Tinka visoms virykl\u0117ms: dujin\u0117ms, keramikin\u0117ms, indukcin\u0117ms, elekrin\u0117ms;<\/strong><\/li>\n<li><strong>Tinka Kamado;<\/strong><\/li>\n<li><strong>Puikus pasirinkimas ruo\u0161ti maist\u0105 gamtoje.<\/strong><\/li>\n<\/ul>\n<h4><strong>D\u0117klas kazanui 3-12 L<\/strong><\/h4>\n<ul>\n<li><strong>Lengva transportuoti ir sand\u0117liuoti.<\/strong><\/li>\n<li><strong>D\u0117v\u0117jimui atspari moderni sintetin\u0117 med\u017eiaga, kurios tankis 600 g\/m2. <\/strong><\/li>\n<li><strong>Tvirtos rankenos ir u\u017etrauktukas sukurti taip, kad atlaikyt\u0173 didesn\u0119 nei 15 kg apkrov\u0105.<\/strong><\/li>\n<\/ul>","protected":false},"excerpt":{"rendered":"<h3><strong>Komplekte yra:<\/strong><\/h3>\n<h4><strong>KAZANAS WOK 12 L su ketaus dang\u010diu keptuv\u0117<\/strong><\/h4>\n<ul>\n<li><strong>Puodas pagamintas i\u0161 ketaus;<\/strong><\/li>\n<li><strong>Dangtis i\u0161 ketaus, kur\u012f galima naudoti vietoj keptuv\u0117s;<\/strong><\/li>\n<li><strong>Skersmuo: 40 cm;<\/strong><\/li>\n<li><strong>Auk\u0161tis: 16 cm;<\/strong><\/li>\n<li><strong>Talpa: 12 l;<\/strong><\/li>\n<li><strong>Tinka visoms virykl\u0117ms: dujin\u0117ms, keramikin\u0117ms, indukcin\u0117ms, elekrin\u0117ms;<\/strong><\/li>\n<li><strong>Tinka Kamado;<\/strong><\/li>\n<li><strong>Puikus pasirinkimas ruo\u0161ti maist\u0105 gamtoje.<\/strong><\/li>\n<\/ul>\n<h4><strong>D\u0117klas kazanui 3-12 L<\/strong><\/h4>\n<ul>\n<li><strong>Lengva transportuoti ir sand\u0117liuoti.<\/strong><\/li>\n<li><strong>D\u0117v\u0117jimui atspari moderni sintetin\u0117 med\u017eiaga, kurios tankis 600 g\/m2. <\/strong><\/li>\n<li><strong>Tvirtos rankenos ir u\u017etrauktukas sukurti taip, kad atlaikyt\u0173 didesn\u0119 nei 15 kg apkrov\u0105.<\/strong><\/li>\n<\/ul>","protected":false},"featured_media":2481,"comment_status":"open","ping_status":"open","template":"","meta":{"site-sidebar-layout":"default","site-content-layout":"","ast-site-content-layout":"","site-content-style":"default","site-sidebar-style":"default","ast-global-header-display":"","ast-banner-title-visibility":"","ast-main-header-display":"","ast-hfb-above-header-display":"","ast-hfb-below-header-display":"","ast-hfb-mobile-header-display":"","site-post-title":"","ast-breadcrumbs-content":"","ast-featured-img":"","footer-sml-layout":"","theme-transparent-header-meta":"","adv-header-id-meta":"","stick-header-meta":"","header-above-stick-meta":"","header-main-stick-meta":"","header-below-stick-meta":"","astra-migrate-meta-layouts":"default","ast-page-background-enabled":"default","ast-page-background-meta":{"desktop":{"background-color":"var(--ast-global-color-5)","background-image":"","background-repeat":"repeat","background-position":"center center","background-size":"auto","background-attachment":"scroll","background-type":"","background-media":"","overlay-type":"","overlay-color":"","overlay-opacity":"","overlay-gradient":""},"tablet":{"background-color":"","background-image":"","background-repeat":"repeat","background-position":"center center","background-size":"auto","background-attachment":"scroll","background-type":"","background-media":"","overlay-type":"","overlay-color":"","overlay-opacity":"","overlay-gradient":""},"mobile":{"background-color":"","background-image":"","background-repeat":"repeat","background-position":"center center","background-size":"auto","background-attachment":"scroll","background-type":"","background-media":"","overlay-type":"","overlay-color":"","overlay-opacity":"","overlay-gradient":""}},"ast-content-background-meta":{"desktop":{"background-color":"var(--ast-global-color-4)","background-image":"","background-repeat":"repeat","background-position":"center center","background-size":"auto","background-attachment":"scroll","background-type":"","background-media":"","overlay-type":"","overlay-color":"","overlay-opacity":"","overlay-gradient":""},"tablet":{"background-color":"var(--ast-global-color-4)","background-image":"","background-repeat":"repeat","background-position":"center center","background-size":"auto","background-attachment":"scroll","background-type":"","background-media":"","overlay-type":"","overlay-color":"","overlay-opacity":"","overlay-gradient":""},"mobile":{"background-color":"var(--ast-global-color-4)","background-image":"","background-repeat":"repeat","background-position":"center center","background-size":"auto","background-attachment":"scroll","background-type":"","background-media":"","overlay-type":"","overlay-color":"","overlay-opacity":"","overlay-gradient":""}}},"product_brand":[],"product_cat":[51,68,52],"product_tag":[42],"class_list":{"0":"post-3265","1":"product","2":"type-product","3":"status-publish","4":"has-post-thumbnail","6":"product_cat-kazanai","7":"product_cat-deklai-kazanams","8":"product_cat-kazanai-su-dangciu-keptuve","9":"product_tag-maysternya","10":"product_shipping_class-leganai-38-cm-pristatymlo-klase","11":"desktop-align-left","12":"tablet-align-left","13":"mobile-align-left","15":"first","16":"instock","17":"shipping-taxable","18":"product-type-simple"},"yoast_head":"<!-- This site is optimized with the Yoast SEO plugin v24.5 - https:\/\/yoast.com\/wordpress\/plugins\/seo\/ -->\n<title>Kazanas \u00abMysternya Pro\u00bb (kazanas WOK12L su ketaus dang\u010diu keptuv\u0117) ir d\u0117klas - Maysternya<\/title>\n<meta name=\"robots\" content=\"index, follow, max-snippet:-1, max-image-preview:large, max-video-preview:-1\" \/>\n<link rel=\"canonical\" href=\"https:\/\/maysternya.lt\/ru\/wp-json\/wp\/v2\/product\/3265\" \/>\n<meta property=\"og:locale\" content=\"ru_RU\" \/>\n<meta property=\"og:type\" content=\"article\" \/>\n<meta property=\"og:title\" content=\"Kazanas \u00abMysternya Pro\u00bb (kazanas WOK12L su ketaus dang\u010diu keptuv\u0117) ir d\u0117klas - Maysternya\" \/>\n<meta property=\"og:description\" content=\"Komplekte yra: KAZANAS WOK 12 L su ketaus dang\u010diu keptuv\u0117  Puodas pagamintas i\u0161 ketaus;  Dangtis i\u0161 ketaus, kur\u012f galima naudoti vietoj keptuv\u0117s;  Skersmuo: 40 cm;  Auk\u0161tis: 16 cm;  Talpa: 12 l;  Tinka visoms virykl\u0117ms: dujin\u0117ms, keramikin\u0117ms, indukcin\u0117ms, elekrin\u0117ms;  Tinka Kamado;  Puikus pasirinkimas ruo\u0161ti maist\u0105 gamtoje. D\u0117klas kazanui 3-12 L  Lengva transportuoti ir sand\u0117liuoti.  D\u0117v\u0117jimui atspari moderni sintetin\u0117 med\u017eiaga, kurios tankis 600 g\/m2.  Tvirtos rankenos ir u\u017etrauktukas sukurti taip, kad atlaikyt\u0173 didesn\u0119 nei 15 kg apkrov\u0105.\" \/>\n<meta property=\"og:url\" content=\"https:\/\/maysternya.lt\/ru\/product\/kazanas-mysternya-pro-kazanas-wok12l-su-ketaus-dangciu-keptuve-ir-deklas\/\" \/>\n<meta property=\"og:site_name\" content=\"Maysternya\" \/>\n<meta property=\"article:modified_time\" content=\"2025-02-11T14:50:09+00:00\" \/>\n<meta property=\"og:image\" content=\"https:\/\/maysternya.lt\/wp-content\/uploads\/2025\/02\/NEW405\u0421\u0420.jpg\" \/>\n\t<meta property=\"og:image:width\" content=\"500\" \/>\n\t<meta property=\"og:image:height\" content=\"500\" \/>\n\t<meta property=\"og:image:type\" content=\"image\/jpeg\" \/>\n<meta name=\"twitter:card\" content=\"summary_large_image\" \/>\n<script type=\"application\/ld+json\" class=\"yoast-schema-graph\">{\"@context\":\"https:\/\/schema.org\",\"@graph\":[{\"@type\":\"WebPage\",\"@id\":\"https:\/\/maysternya.lt\/product\/kazanas-mysternya-pro-kazanas-wok12l-su-ketaus-dangciu-keptuve-ir-deklas\/\",\"url\":\"https:\/\/maysternya.lt\/product\/kazanas-mysternya-pro-kazanas-wok12l-su-ketaus-dangciu-keptuve-ir-deklas\/\",\"name\":\"Kazanas \u00abMysternya Pro\u00bb (kazanas WOK12L su ketaus dang\u010diu keptuv\u0117) ir d\u0117klas - Maysternya\",\"isPartOf\":{\"@id\":\"https:\/\/maysternya.lt\/#website\"},\"primaryImageOfPage\":{\"@id\":\"https:\/\/maysternya.lt\/product\/kazanas-mysternya-pro-kazanas-wok12l-su-ketaus-dangciu-keptuve-ir-deklas\/#primaryimage\"},\"image\":{\"@id\":\"https:\/\/maysternya.lt\/product\/kazanas-mysternya-pro-kazanas-wok12l-su-ketaus-dangciu-keptuve-ir-deklas\/#primaryimage\"},\"thumbnailUrl\":\"https:\/\/maysternya.lt\/wp-content\/uploads\/2025\/02\/NEW405\u0421\u0420.jpg\",\"datePublished\":\"2024-08-02T09:44:47+00:00\",\"dateModified\":\"2025-02-11T14:50:09+00:00\",\"breadcrumb\":{\"@id\":\"https:\/\/maysternya.lt\/product\/kazanas-mysternya-pro-kazanas-wok12l-su-ketaus-dangciu-keptuve-ir-deklas\/#breadcrumb\"},\"inLanguage\":\"ru-RU\",\"potentialAction\":[{\"@type\":\"ReadAction\",\"target\":[\"https:\/\/maysternya.lt\/product\/kazanas-mysternya-pro-kazanas-wok12l-su-ketaus-dangciu-keptuve-ir-deklas\/\"]}]},{\"@type\":\"ImageObject\",\"inLanguage\":\"ru-RU\",\"@id\":\"https:\/\/maysternya.lt\/product\/kazanas-mysternya-pro-kazanas-wok12l-su-ketaus-dangciu-keptuve-ir-deklas\/#primaryimage\",\"url\":\"https:\/\/maysternya.lt\/wp-content\/uploads\/2025\/02\/NEW405\u0421\u0420.jpg\",\"contentUrl\":\"https:\/\/maysternya.lt\/wp-content\/uploads\/2025\/02\/NEW405\u0421\u0420.jpg\",\"width\":500,\"height\":500,\"caption\":\"KAZANAS WOK 12 l su ketaus dang\u010diu keptuv\u0117 - V12CPWok\"},{\"@type\":\"BreadcrumbList\",\"@id\":\"https:\/\/maysternya.lt\/product\/kazanas-mysternya-pro-kazanas-wok12l-su-ketaus-dangciu-keptuve-ir-deklas\/#breadcrumb\",\"itemListElement\":[{\"@type\":\"ListItem\",\"position\":1,\"name\":\"\u0413\u043b\u0430\u0432\u043d\u0430\u044f \u0441\u0442\u0440\u0430\u043d\u0438\u0446\u0430\",\"item\":\"https:\/\/maysternya.lt\/\"},{\"@type\":\"ListItem\",\"position\":2,\"name\":\"Katalogas\",\"item\":\"https:\/\/maysternya.lt\/en\/katalogas\/\"},{\"@type\":\"ListItem\",\"position\":3,\"name\":\"Kazanas \u00abMysternya Pro\u00bb (kazanas WOK12L su ketaus dang\u010diu keptuv\u0117) ir d\u0117klas\"}]},{\"@type\":\"WebSite\",\"@id\":\"https:\/\/maysternya.lt\/#website\",\"url\":\"https:\/\/maysternya.lt\/\",\"name\":\"Maysternya\",\"description\":\"Maysternya ketaus t\u016btos\",\"publisher\":{\"@id\":\"https:\/\/maysternya.lt\/#organization\"},\"potentialAction\":[{\"@type\":\"SearchAction\",\"target\":{\"@type\":\"EntryPoint\",\"urlTemplate\":\"https:\/\/maysternya.lt\/?s={search_term_string}\"},\"query-input\":{\"@type\":\"PropertyValueSpecification\",\"valueRequired\":true,\"valueName\":\"search_term_string\"}}],\"inLanguage\":\"ru-RU\"},{\"@type\":\"Organization\",\"@id\":\"https:\/\/maysternya.lt\/#organization\",\"name\":\"Maysternya\",\"url\":\"https:\/\/maysternya.lt\/\",\"logo\":{\"@type\":\"ImageObject\",\"inLanguage\":\"ru-RU\",\"@id\":\"https:\/\/maysternya.lt\/#\/schema\/logo\/image\/\",\"url\":\"https:\/\/maysternya.lt\/wp-content\/uploads\/2025\/02\/logo.png\",\"contentUrl\":\"https:\/\/maysternya.lt\/wp-content\/uploads\/2025\/02\/logo.png\",\"width\":2222,\"height\":2466,\"caption\":\"Maysternya\"},\"image\":{\"@id\":\"https:\/\/maysternya.lt\/#\/schema\/logo\/image\/\"}}]}<\/script>\n<!-- \/ Yoast SEO plugin. -->","yoast_head_json":{"title":"Kazanas \u00abMysternya Pro\u00bb (kazanas WOK12L su ketaus dang\u010diu keptuv\u0117) ir d\u0117klas - Maysternya","robots":{"index":"index","follow":"follow","max-snippet":"max-snippet:-1","max-image-preview":"max-image-preview:large","max-video-preview":"max-video-preview:-1"},"canonical":"https:\/\/maysternya.lt\/ru\/wp-json\/wp\/v2\/product\/3265","og_locale":"ru_RU","og_type":"article","og_title":"Kazanas \u00abMysternya Pro\u00bb (kazanas WOK12L su ketaus dang\u010diu keptuv\u0117) ir d\u0117klas - Maysternya","og_description":"Komplekte yra: KAZANAS WOK 12 L su ketaus dang\u010diu keptuv\u0117  Puodas pagamintas i\u0161 ketaus;  Dangtis i\u0161 ketaus, kur\u012f galima naudoti vietoj keptuv\u0117s;  Skersmuo: 40 cm;  Auk\u0161tis: 16 cm;  Talpa: 12 l;  Tinka visoms virykl\u0117ms: dujin\u0117ms, keramikin\u0117ms, indukcin\u0117ms, elekrin\u0117ms;  Tinka Kamado;  Puikus pasirinkimas ruo\u0161ti maist\u0105 gamtoje. D\u0117klas kazanui 3-12 L  Lengva transportuoti ir sand\u0117liuoti.  D\u0117v\u0117jimui atspari moderni sintetin\u0117 med\u017eiaga, kurios tankis 600 g\/m2.  Tvirtos rankenos ir u\u017etrauktukas sukurti taip, kad atlaikyt\u0173 didesn\u0119 nei 15 kg apkrov\u0105.","og_url":"https:\/\/maysternya.lt\/ru\/product\/kazanas-mysternya-pro-kazanas-wok12l-su-ketaus-dangciu-keptuve-ir-deklas\/","og_site_name":"Maysternya","article_modified_time":"2025-02-11T14:50:09+00:00","og_image":[{"width":500,"height":500,"url":"https:\/\/maysternya.lt\/wp-content\/uploads\/2025\/02\/NEW405\u0421\u0420.jpg","type":"image\/jpeg"}],"twitter_card":"summary_large_image","schema":{"@context":"https:\/\/schema.org","@graph":[{"@type":"WebPage","@id":"https:\/\/maysternya.lt\/product\/kazanas-mysternya-pro-kazanas-wok12l-su-ketaus-dangciu-keptuve-ir-deklas\/","url":"https:\/\/maysternya.lt\/product\/kazanas-mysternya-pro-kazanas-wok12l-su-ketaus-dangciu-keptuve-ir-deklas\/","name":"Kazanas \u00abMysternya Pro\u00bb (kazanas WOK12L su ketaus dang\u010diu keptuv\u0117) ir d\u0117klas - Maysternya","isPartOf":{"@id":"https:\/\/maysternya.lt\/#website"},"primaryImageOfPage":{"@id":"https:\/\/maysternya.lt\/product\/kazanas-mysternya-pro-kazanas-wok12l-su-ketaus-dangciu-keptuve-ir-deklas\/#primaryimage"},"image":{"@id":"https:\/\/maysternya.lt\/product\/kazanas-mysternya-pro-kazanas-wok12l-su-ketaus-dangciu-keptuve-ir-deklas\/#primaryimage"},"thumbnailUrl":"https:\/\/maysternya.lt\/wp-content\/uploads\/2025\/02\/NEW405\u0421\u0420.jpg","datePublished":"2024-08-02T09:44:47+00:00","dateModified":"2025-02-11T14:50:09+00:00","breadcrumb":{"@id":"https:\/\/maysternya.lt\/product\/kazanas-mysternya-pro-kazanas-wok12l-su-ketaus-dangciu-keptuve-ir-deklas\/#breadcrumb"},"inLanguage":"ru-RU","potentialAction":[{"@type":"ReadAction","target":["https:\/\/maysternya.lt\/product\/kazanas-mysternya-pro-kazanas-wok12l-su-ketaus-dangciu-keptuve-ir-deklas\/"]}]},{"@type":"ImageObject","inLanguage":"ru-RU","@id":"https:\/\/maysternya.lt\/product\/kazanas-mysternya-pro-kazanas-wok12l-su-ketaus-dangciu-keptuve-ir-deklas\/#primaryimage","url":"https:\/\/maysternya.lt\/wp-content\/uploads\/2025\/02\/NEW405\u0421\u0420.jpg","contentUrl":"https:\/\/maysternya.lt\/wp-content\/uploads\/2025\/02\/NEW405\u0421\u0420.jpg","width":500,"height":500,"caption":"KAZANAS WOK 12 l su ketaus dang\u010diu keptuv\u0117 - V12CPWok"},{"@type":"BreadcrumbList","@id":"https:\/\/maysternya.lt\/product\/kazanas-mysternya-pro-kazanas-wok12l-su-ketaus-dangciu-keptuve-ir-deklas\/#breadcrumb","itemListElement":[{"@type":"ListItem","position":1,"name":"\u0413\u043b\u0430\u0432\u043d\u0430\u044f \u0441\u0442\u0440\u0430\u043d\u0438\u0446\u0430","item":"https:\/\/maysternya.lt\/"},{"@type":"ListItem","position":2,"name":"Katalogas","item":"https:\/\/maysternya.lt\/en\/katalogas\/"},{"@type":"ListItem","position":3,"name":"Kazanas \u00abMysternya Pro\u00bb (kazanas WOK12L su ketaus dang\u010diu keptuv\u0117) ir d\u0117klas"}]},{"@type":"WebSite","@id":"https:\/\/maysternya.lt\/#website","url":"https:\/\/maysternya.lt\/","name":"Maysternya","description":"Maysternya ketaus t\u016btos","publisher":{"@id":"https:\/\/maysternya.lt\/#organization"},"potentialAction":[{"@type":"SearchAction","target":{"@type":"EntryPoint","urlTemplate":"https:\/\/maysternya.lt\/?s={search_term_string}"},"query-input":{"@type":"PropertyValueSpecification","valueRequired":true,"valueName":"search_term_string"}}],"inLanguage":"ru-RU"},{"@type":"Organization","@id":"https:\/\/maysternya.lt\/#organization","name":"Maysternya","url":"https:\/\/maysternya.lt\/","logo":{"@type":"ImageObject","inLanguage":"ru-RU","@id":"https:\/\/maysternya.lt\/#\/schema\/logo\/image\/","url":"https:\/\/maysternya.lt\/wp-content\/uploads\/2025\/02\/logo.png","contentUrl":"https:\/\/maysternya.lt\/wp-content\/uploads\/2025\/02\/logo.png","width":2222,"height":2466,"caption":"Maysternya"},"image":{"@id":"https:\/\/maysternya.lt\/#\/schema\/logo\/image\/"}}]}},"_links":{"self":[{"href":"https:\/\/maysternya.lt\/ru\/wp-json\/wp\/v2\/product\/3265","targetHints":{"allow":["GET"]}}],"collection":[{"href":"https:\/\/maysternya.lt\/ru\/wp-json\/wp\/v2\/product"}],"about":[{"href":"https:\/\/maysternya.lt\/ru\/wp-json\/wp\/v2\/types\/product"}],"replies":[{"embeddable":true,"href":"https:\/\/maysternya.lt\/ru\/wp-json\/wp\/v2\/comments?post=3265"}],"wp:featuredmedia":[{"embeddable":true,"href":"https:\/\/maysternya.lt\/ru\/wp-json\/wp\/v2\/media\/2481"}],"wp:attachment":[{"href":"https:\/\/maysternya.lt\/ru\/wp-json\/wp\/v2\/media?parent=3265"}],"wp:term":[{"taxonomy":"product_brand","embeddable":true,"href":"https:\/\/maysternya.lt\/ru\/wp-json\/wp\/v2\/product_brand?post=3265"},{"taxonomy":"product_cat","embeddable":true,"href":"https:\/\/maysternya.lt\/ru\/wp-json\/wp\/v2\/product_cat?post=3265"},{"taxonomy":"product_tag","embeddable":true,"href":"https:\/\/maysternya.lt\/ru\/wp-json\/wp\/v2\/product_tag?post=3265"}],"curies":[{"name":"wp","href":"https:\/\/api.w.org\/{rel}","templated":true}]}}