{"id":2743,"date":"2021-03-24T17:08:39","date_gmt":"2021-03-24T17:08:39","guid":{"rendered":"http:\/\/maysternya.lt\/product\/maysternya-kazanas-komplektas-kazanas-aliuminio-dangtis-skrudintuvai-2-vnt\/"},"modified":"2025-02-11T14:42:23","modified_gmt":"2025-02-11T14:42:23","slug":"maysternya-kazanas-komplektas-kazanas-aliuminio-dangtis-skrudintuvai-2-vnt","status":"publish","type":"product","link":"https:\/\/maysternya.lt\/ru\/product\/maysternya-kazanas-komplektas-kazanas-aliuminio-dangtis-skrudintuvai-2-vnt\/","title":{"rendered":"KAZANAS Maysternya 4 dali\u0173 komplektas (kazanas, aliuminio dangtis, skrudintuvai 2 vnt.)"},"content":{"rendered":"<p>*Kiekis ribotas.<\/p>\n<p>\u201eMaysternya\u201c 4 dali\u0173 KAZANO komplekt\u0105 sudaro:<\/p>\n<p>\u2022 KAZANAS \u201eMaysternya\u201c 8L<\/p>\n<p>\u2022 Aliuminio dangtis \u201eMaysternya\u201c 8L kazanui | T405C2<\/p>\n<p>\u2022 Ketaus tro\u0161kintuvai (2 vnt.): skersmuo 20 cm; gylis 4 cm | Modelis T1011<\/p>\n<p>*********************<\/p>\n<p>Ketaus KAZANAS WOK 8 l su aliuminiu dang\u010diu T405C2<\/p>\n<ul>\n<li>Wok keptuv\u0117 (kazanas)\u00a0pagaminta i\u0161 ketaus;<\/li>\n<li><strong>Talpa: 8 l;<\/strong><\/li>\n<li><strong>Auk\u0161tis (gylis): 15 cm;<\/strong><\/li>\n<li><strong>Skersmuo: 36 cm;<\/strong><\/li>\n<li><strong>Tinka visoms virykl\u0117ms<\/strong>: dujin\u0117ms, keramikin\u0117ms, indukcin\u0117ms, elekrin\u0117ms;<\/li>\n<li>Tinka Kamado<\/li>\n<\/ul>\n<p>Ketaus keptuv\u0117s ir puodai yra ilgaam\u017eiai, patvar\u016bs, o j\u0173 pavir\u0161ius i\u0161laiko vienod\u0105 temperat\u016br\u0105. Be to, tinkamai naudojamas ketaus indas gali tarnauti am\u017einai, tod\u0117l juos galima perduoti i\u0161 kartos \u012f kart\u0105. Investuoti \u012f ketaus indus \u2013 protingas pasirinkimas. Keptuv\u0117s ir puodai i\u0161 \u00a0yra skirti vis\u0173 tip\u0173 virykl\u0117ms, \u012fskaitant keramines ir indukcines. Ketaus puodai ir keptuv\u0117s i\u0161laiko nepakitusi\u0105 form\u0105 ir turi nepriekai\u0161ting\u0105 pavir\u0161i\u0173.<\/p>\n<p><img decoding=\"async\" class=\"wp-image-2893 size-thumbnail\" src=\"http:\/\/maysternya.lt\/wp-content\/uploads\/2025\/02\/Maysternya-logo-350x350px-150x150-1.png\" alt=\"Ketaus indai-Maysternya-logo-350x350px\" width=\"150\" height=\"150\" \/><\/p>","protected":false},"excerpt":{"rendered":"<p>KAZANAS 4 dali\u0173 komplektas \u00abMaysternya\u00bb (kazanas, aliuminio dangtis, skrudintuvai 2 vnt.)<\/p>\n<p>Komplekte:<\/p>\n<p>1. Ketaus KAZANAS WOK 8L T405C2<\/p>\n<ul>\n<li>Wok keptuv\u0117 (kazanas)\u00a0pagaminta i\u0161 ketaus;<\/li>\n<li><strong>Talpa: 8 l;<\/strong><\/li>\n<li><strong>Auk\u0161tis: 15 cm;<\/strong><\/li>\n<li><strong>Skersmuo: 36 cm;<\/strong><\/li>\n<li><strong>Tinka visoms virykl\u0117ms<\/strong>: dujin\u0117ms, keramikin\u0117ms, indukcin\u0117ms, elekrin\u0117ms;<\/li>\n<li>Tinka Kamado<\/li>\n<\/ul>\n<p>2. Aliuminio dangtis (KAZANUI WOK 8L)<\/p>\n<p>3. Ketaus tro\u0161kintuvai (2 vnt.): skersmuo 20 cm; gylis 4 cm | Modelis T1011<\/p>\n<p>Ketaus keptuv\u0117s ir puodai yra ilgaam\u017eiai, patvar\u016bs, o j\u0173 pavir\u0161ius i\u0161laiko vienod\u0105 temperat\u016br\u0105. Be to, tinkamai naudojamas ketaus indas gali tarnauti am\u017einai, tod\u0117l juos galima perduoti i\u0161 kartos \u012f kart\u0105. Investuoti \u012f ketaus indus \u2013 protingas pasirinkimas. Keptuv\u0117s ir puodai i\u0161 \u00a0yra skirti vis\u0173 tip\u0173 virykl\u0117ms, \u012fskaitant keramines ir indukcines. Ketaus puodai ir keptuv\u0117s i\u0161laiko nepakitusi\u0105 form\u0105 ir turi nepriekai\u0161ting\u0105 pavir\u0161i\u0173.<\/p>","protected":false},"featured_media":2744,"comment_status":"open","ping_status":"open","template":"","meta":{"site-sidebar-layout":"default","site-content-layout":"","ast-site-content-layout":"","site-content-style":"default","site-sidebar-style":"default","ast-global-header-display":"","ast-banner-title-visibility":"","ast-main-header-display":"","ast-hfb-above-header-display":"","ast-hfb-below-header-display":"","ast-hfb-mobile-header-display":"","site-post-title":"","ast-breadcrumbs-content":"","ast-featured-img":"","footer-sml-layout":"","theme-transparent-header-meta":"","adv-header-id-meta":"","stick-header-meta":"","header-above-stick-meta":"","header-main-stick-meta":"","header-below-stick-meta":"","astra-migrate-meta-layouts":"default","ast-page-background-enabled":"default","ast-page-background-meta":{"desktop":{"background-color":"var(--ast-global-color-5)","background-image":"","background-repeat":"repeat","background-position":"center center","background-size":"auto","background-attachment":"scroll","background-type":"","background-media":"","overlay-type":"","overlay-color":"","overlay-opacity":"","overlay-gradient":""},"tablet":{"background-color":"","background-image":"","background-repeat":"repeat","background-position":"center center","background-size":"auto","background-attachment":"scroll","background-type":"","background-media":"","overlay-type":"","overlay-color":"","overlay-opacity":"","overlay-gradient":""},"mobile":{"background-color":"","background-image":"","background-repeat":"repeat","background-position":"center center","background-size":"auto","background-attachment":"scroll","background-type":"","background-media":"","overlay-type":"","overlay-color":"","overlay-opacity":"","overlay-gradient":""}},"ast-content-background-meta":{"desktop":{"background-color":"var(--ast-global-color-4)","background-image":"","background-repeat":"repeat","background-position":"center center","background-size":"auto","background-attachment":"scroll","background-type":"","background-media":"","overlay-type":"","overlay-color":"","overlay-opacity":"","overlay-gradient":""},"tablet":{"background-color":"var(--ast-global-color-4)","background-image":"","background-repeat":"repeat","background-position":"center center","background-size":"auto","background-attachment":"scroll","background-type":"","background-media":"","overlay-type":"","overlay-color":"","overlay-opacity":"","overlay-gradient":""},"mobile":{"background-color":"var(--ast-global-color-4)","background-image":"","background-repeat":"repeat","background-position":"center center","background-size":"auto","background-attachment":"scroll","background-type":"","background-media":"","overlay-type":"","overlay-color":"","overlay-opacity":"","overlay-gradient":""}}},"product_brand":[],"product_cat":[51,53,41,37,38,39,43],"product_tag":[42],"class_list":{"0":"post-2743","1":"product","2":"type-product","3":"status-publish","4":"has-post-thumbnail","6":"product_cat-kazanai","7":"product_cat-wok-kazanai","8":"product_cat-maysternya","9":"product_cat-virtuves-indai","10":"product_cat-keptuves-virtuves-indai","11":"product_cat-ketaus-keptuves","12":"product_cat-ketaus-troskintuvai","13":"product_tag-maysternya","14":"product_shipping_class-kazanai-pristatymlo-klase","15":"desktop-align-left","16":"tablet-align-left","17":"mobile-align-left","19":"first","20":"outofstock","21":"shipping-taxable","22":"product-type-simple"},"yoast_head":"<!-- This site is optimized with the Yoast SEO plugin v24.5 - https:\/\/yoast.com\/wordpress\/plugins\/seo\/ -->\n<title>KAZANAS Maysternya 4 dali\u0173 komplektas (kazanas, aliuminio dangtis, skrudintuvai 2 vnt.) - Maysternya<\/title>\n<meta name=\"robots\" content=\"index, follow, max-snippet:-1, max-image-preview:large, max-video-preview:-1\" \/>\n<link rel=\"canonical\" href=\"https:\/\/maysternya.lt\/ru\/wp-json\/wp\/v2\/product\/2743\" \/>\n<meta property=\"og:locale\" content=\"ru_RU\" \/>\n<meta property=\"og:type\" content=\"article\" \/>\n<meta property=\"og:title\" content=\"KAZANAS Maysternya 4 dali\u0173 komplektas (kazanas, aliuminio dangtis, skrudintuvai 2 vnt.) - Maysternya\" \/>\n<meta property=\"og:description\" content=\"KAZANAS 4 dali\u0173 komplektas \u00abMaysternya\u00bb (kazanas, aliuminio dangtis, skrudintuvai 2 vnt.) Komplekte: 1. Ketaus KAZANAS WOK 8L T405C2  Wok keptuv\u0117 (kazanas)\u00a0pagaminta i\u0161 ketaus;  Talpa: 8 l;  Auk\u0161tis: 15 cm;  Skersmuo: 36 cm;  Tinka visoms virykl\u0117ms: dujin\u0117ms, keramikin\u0117ms, indukcin\u0117ms, elekrin\u0117ms;  Tinka Kamado 2. Aliuminio dangtis (KAZANUI WOK 8L) 3. Ketaus tro\u0161kintuvai (2 vnt.): skersmuo 20 cm; gylis 4 cm | Modelis T1011 Ketaus keptuv\u0117s ir puodai yra ilgaam\u017eiai, patvar\u016bs, o j\u0173 pavir\u0161ius i\u0161laiko vienod\u0105 temperat\u016br\u0105. Be to, tinkamai naudojamas ketaus indas gali tarnauti am\u017einai, tod\u0117l juos galima perduoti i\u0161 kartos \u012f kart\u0105. Investuoti \u012f ketaus indus \u2013 protingas pasirinkimas. Keptuv\u0117s ir puodai i\u0161 \u00a0yra skirti vis\u0173 tip\u0173 virykl\u0117ms, \u012fskaitant keramines ir indukcines. Ketaus puodai ir keptuv\u0117s i\u0161laiko nepakitusi\u0105 form\u0105 ir turi nepriekai\u0161ting\u0105 pavir\u0161i\u0173.\" \/>\n<meta property=\"og:url\" content=\"https:\/\/maysternya.lt\/ru\/product\/maysternya-kazanas-komplektas-kazanas-aliuminio-dangtis-skrudintuvai-2-vnt\/\" \/>\n<meta property=\"og:site_name\" content=\"Maysternya\" \/>\n<meta property=\"article:modified_time\" content=\"2025-02-11T14:42:23+00:00\" \/>\n<meta property=\"og:image\" content=\"https:\/\/maysternya.lt\/wp-content\/uploads\/2025\/02\/Maysternya-KAZANAS-ketaus-indu-KOMPLEKTAS-4daliu.jpg\" \/>\n\t<meta property=\"og:image:width\" content=\"1200\" \/>\n\t<meta property=\"og:image:height\" content=\"1200\" \/>\n\t<meta property=\"og:image:type\" content=\"image\/jpeg\" \/>\n<meta name=\"twitter:card\" content=\"summary_large_image\" \/>\n<meta name=\"twitter:label1\" content=\"\u041f\u0440\u0438\u043c\u0435\u0440\u043d\u043e\u0435 \u0432\u0440\u0435\u043c\u044f \u0434\u043b\u044f \u0447\u0442\u0435\u043d\u0438\u044f\" \/>\n\t<meta name=\"twitter:data1\" content=\"1 \u043c\u0438\u043d\u0443\u0442\u0430\" \/>\n<script type=\"application\/ld+json\" class=\"yoast-schema-graph\">{\"@context\":\"https:\/\/schema.org\",\"@graph\":[{\"@type\":\"WebPage\",\"@id\":\"https:\/\/maysternya.lt\/product\/maysternya-kazanas-komplektas-kazanas-aliuminio-dangtis-skrudintuvai-2-vnt\/\",\"url\":\"https:\/\/maysternya.lt\/product\/maysternya-kazanas-komplektas-kazanas-aliuminio-dangtis-skrudintuvai-2-vnt\/\",\"name\":\"KAZANAS Maysternya 4 dali\u0173 komplektas (kazanas, aliuminio dangtis, skrudintuvai 2 vnt.) - Maysternya\",\"isPartOf\":{\"@id\":\"https:\/\/maysternya.lt\/#website\"},\"primaryImageOfPage\":{\"@id\":\"https:\/\/maysternya.lt\/product\/maysternya-kazanas-komplektas-kazanas-aliuminio-dangtis-skrudintuvai-2-vnt\/#primaryimage\"},\"image\":{\"@id\":\"https:\/\/maysternya.lt\/product\/maysternya-kazanas-komplektas-kazanas-aliuminio-dangtis-skrudintuvai-2-vnt\/#primaryimage\"},\"thumbnailUrl\":\"https:\/\/maysternya.lt\/wp-content\/uploads\/2025\/02\/Maysternya-KAZANAS-ketaus-indu-KOMPLEKTAS-4daliu.jpg\",\"datePublished\":\"2021-03-24T17:08:39+00:00\",\"dateModified\":\"2025-02-11T14:42:23+00:00\",\"breadcrumb\":{\"@id\":\"https:\/\/maysternya.lt\/product\/maysternya-kazanas-komplektas-kazanas-aliuminio-dangtis-skrudintuvai-2-vnt\/#breadcrumb\"},\"inLanguage\":\"ru-RU\",\"potentialAction\":[{\"@type\":\"ReadAction\",\"target\":[\"https:\/\/maysternya.lt\/product\/maysternya-kazanas-komplektas-kazanas-aliuminio-dangtis-skrudintuvai-2-vnt\/\"]}]},{\"@type\":\"ImageObject\",\"inLanguage\":\"ru-RU\",\"@id\":\"https:\/\/maysternya.lt\/product\/maysternya-kazanas-komplektas-kazanas-aliuminio-dangtis-skrudintuvai-2-vnt\/#primaryimage\",\"url\":\"https:\/\/maysternya.lt\/wp-content\/uploads\/2025\/02\/Maysternya-KAZANAS-ketaus-indu-KOMPLEKTAS-4daliu.jpg\",\"contentUrl\":\"https:\/\/maysternya.lt\/wp-content\/uploads\/2025\/02\/Maysternya-KAZANAS-ketaus-indu-KOMPLEKTAS-4daliu.jpg\",\"width\":1200,\"height\":1200,\"caption\":\"Maysternya-KAZANAS-ketaus-indu-KOMPLEKTAS-4daliu\"},{\"@type\":\"BreadcrumbList\",\"@id\":\"https:\/\/maysternya.lt\/product\/maysternya-kazanas-komplektas-kazanas-aliuminio-dangtis-skrudintuvai-2-vnt\/#breadcrumb\",\"itemListElement\":[{\"@type\":\"ListItem\",\"position\":1,\"name\":\"\u0413\u043b\u0430\u0432\u043d\u0430\u044f \u0441\u0442\u0440\u0430\u043d\u0438\u0446\u0430\",\"item\":\"https:\/\/maysternya.lt\/\"},{\"@type\":\"ListItem\",\"position\":2,\"name\":\"Katalogas\",\"item\":\"https:\/\/maysternya.lt\/en\/katalogas\/\"},{\"@type\":\"ListItem\",\"position\":3,\"name\":\"KAZANAS Maysternya 4 dali\u0173 komplektas (kazanas, aliuminio dangtis, skrudintuvai 2 vnt.)\"}]},{\"@type\":\"WebSite\",\"@id\":\"https:\/\/maysternya.lt\/#website\",\"url\":\"https:\/\/maysternya.lt\/\",\"name\":\"Maysternya\",\"description\":\"Maysternya ketaus t\u016btos\",\"publisher\":{\"@id\":\"https:\/\/maysternya.lt\/#organization\"},\"potentialAction\":[{\"@type\":\"SearchAction\",\"target\":{\"@type\":\"EntryPoint\",\"urlTemplate\":\"https:\/\/maysternya.lt\/?s={search_term_string}\"},\"query-input\":{\"@type\":\"PropertyValueSpecification\",\"valueRequired\":true,\"valueName\":\"search_term_string\"}}],\"inLanguage\":\"ru-RU\"},{\"@type\":\"Organization\",\"@id\":\"https:\/\/maysternya.lt\/#organization\",\"name\":\"Maysternya\",\"url\":\"https:\/\/maysternya.lt\/\",\"logo\":{\"@type\":\"ImageObject\",\"inLanguage\":\"ru-RU\",\"@id\":\"https:\/\/maysternya.lt\/#\/schema\/logo\/image\/\",\"url\":\"https:\/\/maysternya.lt\/wp-content\/uploads\/2025\/02\/logo.png\",\"contentUrl\":\"https:\/\/maysternya.lt\/wp-content\/uploads\/2025\/02\/logo.png\",\"width\":2222,\"height\":2466,\"caption\":\"Maysternya\"},\"image\":{\"@id\":\"https:\/\/maysternya.lt\/#\/schema\/logo\/image\/\"}}]}<\/script>\n<!-- \/ Yoast SEO plugin. -->","yoast_head_json":{"title":"KAZANAS Maysternya 4 dali\u0173 komplektas (kazanas, aliuminio dangtis, skrudintuvai 2 vnt.) - Maysternya","robots":{"index":"index","follow":"follow","max-snippet":"max-snippet:-1","max-image-preview":"max-image-preview:large","max-video-preview":"max-video-preview:-1"},"canonical":"https:\/\/maysternya.lt\/ru\/wp-json\/wp\/v2\/product\/2743","og_locale":"ru_RU","og_type":"article","og_title":"KAZANAS Maysternya 4 dali\u0173 komplektas (kazanas, aliuminio dangtis, skrudintuvai 2 vnt.) - Maysternya","og_description":"KAZANAS 4 dali\u0173 komplektas \u00abMaysternya\u00bb (kazanas, aliuminio dangtis, skrudintuvai 2 vnt.) Komplekte: 1. Ketaus KAZANAS WOK 8L T405C2  Wok keptuv\u0117 (kazanas)\u00a0pagaminta i\u0161 ketaus;  Talpa: 8 l;  Auk\u0161tis: 15 cm;  Skersmuo: 36 cm;  Tinka visoms virykl\u0117ms: dujin\u0117ms, keramikin\u0117ms, indukcin\u0117ms, elekrin\u0117ms;  Tinka Kamado 2. Aliuminio dangtis (KAZANUI WOK 8L) 3. Ketaus tro\u0161kintuvai (2 vnt.): skersmuo 20 cm; gylis 4 cm | Modelis T1011 Ketaus keptuv\u0117s ir puodai yra ilgaam\u017eiai, patvar\u016bs, o j\u0173 pavir\u0161ius i\u0161laiko vienod\u0105 temperat\u016br\u0105. Be to, tinkamai naudojamas ketaus indas gali tarnauti am\u017einai, tod\u0117l juos galima perduoti i\u0161 kartos \u012f kart\u0105. Investuoti \u012f ketaus indus \u2013 protingas pasirinkimas. Keptuv\u0117s ir puodai i\u0161 \u00a0yra skirti vis\u0173 tip\u0173 virykl\u0117ms, \u012fskaitant keramines ir indukcines. Ketaus puodai ir keptuv\u0117s i\u0161laiko nepakitusi\u0105 form\u0105 ir turi nepriekai\u0161ting\u0105 pavir\u0161i\u0173.","og_url":"https:\/\/maysternya.lt\/ru\/product\/maysternya-kazanas-komplektas-kazanas-aliuminio-dangtis-skrudintuvai-2-vnt\/","og_site_name":"Maysternya","article_modified_time":"2025-02-11T14:42:23+00:00","og_image":[{"width":1200,"height":1200,"url":"https:\/\/maysternya.lt\/wp-content\/uploads\/2025\/02\/Maysternya-KAZANAS-ketaus-indu-KOMPLEKTAS-4daliu.jpg","type":"image\/jpeg"}],"twitter_card":"summary_large_image","twitter_misc":{"\u041f\u0440\u0438\u043c\u0435\u0440\u043d\u043e\u0435 \u0432\u0440\u0435\u043c\u044f \u0434\u043b\u044f \u0447\u0442\u0435\u043d\u0438\u044f":"1 \u043c\u0438\u043d\u0443\u0442\u0430"},"schema":{"@context":"https:\/\/schema.org","@graph":[{"@type":"WebPage","@id":"https:\/\/maysternya.lt\/product\/maysternya-kazanas-komplektas-kazanas-aliuminio-dangtis-skrudintuvai-2-vnt\/","url":"https:\/\/maysternya.lt\/product\/maysternya-kazanas-komplektas-kazanas-aliuminio-dangtis-skrudintuvai-2-vnt\/","name":"KAZANAS Maysternya 4 dali\u0173 komplektas (kazanas, aliuminio dangtis, skrudintuvai 2 vnt.) - Maysternya","isPartOf":{"@id":"https:\/\/maysternya.lt\/#website"},"primaryImageOfPage":{"@id":"https:\/\/maysternya.lt\/product\/maysternya-kazanas-komplektas-kazanas-aliuminio-dangtis-skrudintuvai-2-vnt\/#primaryimage"},"image":{"@id":"https:\/\/maysternya.lt\/product\/maysternya-kazanas-komplektas-kazanas-aliuminio-dangtis-skrudintuvai-2-vnt\/#primaryimage"},"thumbnailUrl":"https:\/\/maysternya.lt\/wp-content\/uploads\/2025\/02\/Maysternya-KAZANAS-ketaus-indu-KOMPLEKTAS-4daliu.jpg","datePublished":"2021-03-24T17:08:39+00:00","dateModified":"2025-02-11T14:42:23+00:00","breadcrumb":{"@id":"https:\/\/maysternya.lt\/product\/maysternya-kazanas-komplektas-kazanas-aliuminio-dangtis-skrudintuvai-2-vnt\/#breadcrumb"},"inLanguage":"ru-RU","potentialAction":[{"@type":"ReadAction","target":["https:\/\/maysternya.lt\/product\/maysternya-kazanas-komplektas-kazanas-aliuminio-dangtis-skrudintuvai-2-vnt\/"]}]},{"@type":"ImageObject","inLanguage":"ru-RU","@id":"https:\/\/maysternya.lt\/product\/maysternya-kazanas-komplektas-kazanas-aliuminio-dangtis-skrudintuvai-2-vnt\/#primaryimage","url":"https:\/\/maysternya.lt\/wp-content\/uploads\/2025\/02\/Maysternya-KAZANAS-ketaus-indu-KOMPLEKTAS-4daliu.jpg","contentUrl":"https:\/\/maysternya.lt\/wp-content\/uploads\/2025\/02\/Maysternya-KAZANAS-ketaus-indu-KOMPLEKTAS-4daliu.jpg","width":1200,"height":1200,"caption":"Maysternya-KAZANAS-ketaus-indu-KOMPLEKTAS-4daliu"},{"@type":"BreadcrumbList","@id":"https:\/\/maysternya.lt\/product\/maysternya-kazanas-komplektas-kazanas-aliuminio-dangtis-skrudintuvai-2-vnt\/#breadcrumb","itemListElement":[{"@type":"ListItem","position":1,"name":"\u0413\u043b\u0430\u0432\u043d\u0430\u044f \u0441\u0442\u0440\u0430\u043d\u0438\u0446\u0430","item":"https:\/\/maysternya.lt\/"},{"@type":"ListItem","position":2,"name":"Katalogas","item":"https:\/\/maysternya.lt\/en\/katalogas\/"},{"@type":"ListItem","position":3,"name":"KAZANAS Maysternya 4 dali\u0173 komplektas (kazanas, aliuminio dangtis, skrudintuvai 2 vnt.)"}]},{"@type":"WebSite","@id":"https:\/\/maysternya.lt\/#website","url":"https:\/\/maysternya.lt\/","name":"Maysternya","description":"Maysternya ketaus t\u016btos","publisher":{"@id":"https:\/\/maysternya.lt\/#organization"},"potentialAction":[{"@type":"SearchAction","target":{"@type":"EntryPoint","urlTemplate":"https:\/\/maysternya.lt\/?s={search_term_string}"},"query-input":{"@type":"PropertyValueSpecification","valueRequired":true,"valueName":"search_term_string"}}],"inLanguage":"ru-RU"},{"@type":"Organization","@id":"https:\/\/maysternya.lt\/#organization","name":"Maysternya","url":"https:\/\/maysternya.lt\/","logo":{"@type":"ImageObject","inLanguage":"ru-RU","@id":"https:\/\/maysternya.lt\/#\/schema\/logo\/image\/","url":"https:\/\/maysternya.lt\/wp-content\/uploads\/2025\/02\/logo.png","contentUrl":"https:\/\/maysternya.lt\/wp-content\/uploads\/2025\/02\/logo.png","width":2222,"height":2466,"caption":"Maysternya"},"image":{"@id":"https:\/\/maysternya.lt\/#\/schema\/logo\/image\/"}}]}},"_links":{"self":[{"href":"https:\/\/maysternya.lt\/ru\/wp-json\/wp\/v2\/product\/2743","targetHints":{"allow":["GET"]}}],"collection":[{"href":"https:\/\/maysternya.lt\/ru\/wp-json\/wp\/v2\/product"}],"about":[{"href":"https:\/\/maysternya.lt\/ru\/wp-json\/wp\/v2\/types\/product"}],"replies":[{"embeddable":true,"href":"https:\/\/maysternya.lt\/ru\/wp-json\/wp\/v2\/comments?post=2743"}],"wp:featuredmedia":[{"embeddable":true,"href":"https:\/\/maysternya.lt\/ru\/wp-json\/wp\/v2\/media\/2744"}],"wp:attachment":[{"href":"https:\/\/maysternya.lt\/ru\/wp-json\/wp\/v2\/media?parent=2743"}],"wp:term":[{"taxonomy":"product_brand","embeddable":true,"href":"https:\/\/maysternya.lt\/ru\/wp-json\/wp\/v2\/product_brand?post=2743"},{"taxonomy":"product_cat","embeddable":true,"href":"https:\/\/maysternya.lt\/ru\/wp-json\/wp\/v2\/product_cat?post=2743"},{"taxonomy":"product_tag","embeddable":true,"href":"https:\/\/maysternya.lt\/ru\/wp-json\/wp\/v2\/product_tag?post=2743"}],"curies":[{"name":"wp","href":"https:\/\/api.w.org\/{rel}","templated":true}]}}