{"id":2099,"date":"2020-10-31T11:48:03","date_gmt":"2020-10-31T11:48:03","guid":{"rendered":"http:\/\/maysternya.lt\/product\/ketaus-keptuve-264-%d1%81m-su-medine-rankena-ir-stikliniu-dangciu-t303c3\/"},"modified":"2025-02-11T14:20:05","modified_gmt":"2025-02-11T14:20:05","slug":"ketaus-keptuve-264-%d1%81m-su-medine-rankena-ir-stikliniu-dangciu-t303c3","status":"publish","type":"product","link":"https:\/\/maysternya.lt\/ru\/product\/ketaus-keptuve-264-%d1%81m-su-medine-rankena-ir-stikliniu-dangciu-t303c3\/","title":{"rendered":"Ketaus keptuv\u0117 26*4 \u0441m (medine rankena, stiklinis dangtis) T303C3"},"content":{"rendered":"<h2><strong>Ketaus keptuv\u0117 \u201eMaysternya\u00ae\u201c 24*6 \u0441m (su medine rankena ir stikliniu dang\u010diu)<\/strong><\/h2>\n<h4><strong>Modelis: T303C3<\/strong><\/h4>\n<ul>\n<li><strong>Keptuv\u0117 pagaminta i\u0161 auk\u0161tos kokyb\u0117s ketaus<\/strong><\/li>\n<li><strong>Medin\u0117 rankena (atsisuka)<\/strong><\/li>\n<li><strong>Stiklinis dangtis<\/strong><\/li>\n<li><strong>Dugnas: \u00d819 cm; gylis: 4 cm; dangtis: \u00d826 cm<\/strong><\/li>\n<li><strong>Tinka indukcin\u0117ms virykl\u0117ms<\/strong><\/li>\n<li><strong>Rankena atsisuka (galima naudoti orkait\u0117je ir Kamado)<\/strong><\/li>\n<\/ul>\n<p>Taip pata galite pasirinkti model\u012f be dang\u010dio (<a href=\"https:\/\/www.ketaus.lt\/parduotuve\/ketaus-keptuve-264-%d1%81m-su-medine-rankena-t303\/\">modelis: \u201eMaysternya\u201c T303<\/a>)<\/p>\n<p>Supakuota gra\u017eioje firmin\u0117je kartono d\u0117\u017e\u0117je.<\/p>\n<p>Puikiai tinka dovanai!<\/p>\n<p>Ketaus keptuv\u0117s ir puodai yra ilgaam\u017eiai, patvar\u016bs, o j\u0173 pavir\u0161ius i\u0161laiko vienod\u0105 temperat\u016br\u0105. Be to, tinkamai naudojamas ketaus indas gali tarnauti am\u017einai, tod\u0117l juos galima perduoti i\u0161 kartos \u012f kart\u0105. Investuoti \u012f ketaus indus \u2013 protingas pasirinkimas. Keptuv\u0117s ir puodai i\u0161 \u00a0yra skirti vis\u0173 tip\u0173 virykl\u0117ms, \u012fskaitant keramines ir indukcines. Ketaus puodai ir keptuv\u0117s i\u0161laiko nepakitusi\u0105 form\u0105 ir turi nepriekai\u0161ting\u0105 pavir\u0161i\u0173.<\/p>\n<p><img decoding=\"async\" class=\"alignnone wp-image-2893\" src=\"http:\/\/maysternya.lt\/wp-content\/uploads\/2025\/02\/Maysternya-logo-350x350px.png\" alt=\"\" width=\"144\" height=\"144\" \/><\/p>","protected":false},"excerpt":{"rendered":"<h2><strong>Ketaus keptuv\u0117 \u201eMaysternya\u00ae\u201c 24*6 \u0441m (su medine rankena ir stikliniu dang\u010diu)<\/strong><\/h2>\n<h4><strong>Modelis: T303C3<\/strong><\/h4>\n<ul>\n<li><strong>Keptuv\u0117 pagaminta i\u0161 auk\u0161tos kokyb\u0117s ketaus<\/strong><\/li>\n<li><strong>Medin\u0117 rankena (atsisuka)<\/strong><\/li>\n<li><strong>Stiklinis dangtis<\/strong><\/li>\n<li><strong>Dugnas: \u00d819 cm; gylis: 4 cm; dangtis: \u00d826 cm<\/strong><\/li>\n<li><strong>Tinka indukcin\u0117ms virykl\u0117ms<\/strong><\/li>\n<li><strong>Rankena atsisuka (galima naudoti orkait\u0117je ir Kamado)<\/strong><\/li>\n<\/ul>","protected":false},"featured_media":2100,"comment_status":"open","ping_status":"open","template":"","meta":{"site-sidebar-layout":"default","site-content-layout":"","ast-site-content-layout":"","site-content-style":"default","site-sidebar-style":"default","ast-global-header-display":"","ast-banner-title-visibility":"","ast-main-header-display":"","ast-hfb-above-header-display":"","ast-hfb-below-header-display":"","ast-hfb-mobile-header-display":"","site-post-title":"","ast-breadcrumbs-content":"","ast-featured-img":"","footer-sml-layout":"","theme-transparent-header-meta":"","adv-header-id-meta":"","stick-header-meta":"","header-above-stick-meta":"","header-main-stick-meta":"","header-below-stick-meta":"","astra-migrate-meta-layouts":"default","ast-page-background-enabled":"default","ast-page-background-meta":{"desktop":{"background-color":"var(--ast-global-color-5)","background-image":"","background-repeat":"repeat","background-position":"center center","background-size":"auto","background-attachment":"scroll","background-type":"","background-media":"","overlay-type":"","overlay-color":"","overlay-opacity":"","overlay-gradient":""},"tablet":{"background-color":"","background-image":"","background-repeat":"repeat","background-position":"center center","background-size":"auto","background-attachment":"scroll","background-type":"","background-media":"","overlay-type":"","overlay-color":"","overlay-opacity":"","overlay-gradient":""},"mobile":{"background-color":"","background-image":"","background-repeat":"repeat","background-position":"center center","background-size":"auto","background-attachment":"scroll","background-type":"","background-media":"","overlay-type":"","overlay-color":"","overlay-opacity":"","overlay-gradient":""}},"ast-content-background-meta":{"desktop":{"background-color":"var(--ast-global-color-4)","background-image":"","background-repeat":"repeat","background-position":"center center","background-size":"auto","background-attachment":"scroll","background-type":"","background-media":"","overlay-type":"","overlay-color":"","overlay-opacity":"","overlay-gradient":""},"tablet":{"background-color":"var(--ast-global-color-4)","background-image":"","background-repeat":"repeat","background-position":"center center","background-size":"auto","background-attachment":"scroll","background-type":"","background-media":"","overlay-type":"","overlay-color":"","overlay-opacity":"","overlay-gradient":""},"mobile":{"background-color":"var(--ast-global-color-4)","background-image":"","background-repeat":"repeat","background-position":"center center","background-size":"auto","background-attachment":"scroll","background-type":"","background-media":"","overlay-type":"","overlay-color":"","overlay-opacity":"","overlay-gradient":""}}},"product_brand":[],"product_cat":[41,37,38,39,43],"product_tag":[42],"class_list":{"0":"post-2099","1":"product","2":"type-product","3":"status-publish","4":"has-post-thumbnail","6":"product_cat-maysternya","7":"product_cat-virtuves-indai","8":"product_cat-keptuves-virtuves-indai","9":"product_cat-ketaus-keptuves","10":"product_cat-ketaus-troskintuvai","11":"product_tag-maysternya","12":"product_shipping_class-iprasta-pristatymlo-klase","13":"desktop-align-left","14":"tablet-align-left","15":"mobile-align-left","17":"first","18":"instock","19":"shipping-taxable","20":"product-type-simple"},"yoast_head":"<!-- This site is optimized with the Yoast SEO plugin v24.5 - https:\/\/yoast.com\/wordpress\/plugins\/seo\/ -->\n<title>Ketaus keptuv\u0117 26*4 \u0441m (medine rankena, stiklinis dangtis) T303C3 - Maysternya<\/title>\n<meta name=\"robots\" content=\"index, follow, max-snippet:-1, max-image-preview:large, max-video-preview:-1\" \/>\n<link rel=\"canonical\" href=\"https:\/\/maysternya.lt\/ru\/wp-json\/wp\/v2\/product\/2099\" \/>\n<meta property=\"og:locale\" content=\"ru_RU\" \/>\n<meta property=\"og:type\" content=\"article\" \/>\n<meta property=\"og:title\" content=\"Ketaus keptuv\u0117 26*4 \u0441m (medine rankena, stiklinis dangtis) T303C3 - Maysternya\" \/>\n<meta property=\"og:description\" content=\"Ketaus keptuv\u0117 \u201eMaysternya\u00ae\u201c 24*6 \u0441m (su medine rankena ir stikliniu dang\u010diu) Modelis: T303C3  Keptuv\u0117 pagaminta i\u0161 auk\u0161tos kokyb\u0117s ketaus  Medin\u0117 rankena (atsisuka)  Stiklinis dangtis  Dugnas: \u00d819 cm; gylis: 4 cm; dangtis: \u00d826 cm  Tinka indukcin\u0117ms virykl\u0117ms  Rankena atsisuka (galima naudoti orkait\u0117je ir Kamado)\" \/>\n<meta property=\"og:url\" content=\"https:\/\/maysternya.lt\/ru\/product\/ketaus-keptuve-264-\u0441m-su-medine-rankena-ir-stikliniu-dangciu-t303c3\/\" \/>\n<meta property=\"og:site_name\" content=\"Maysternya\" \/>\n<meta property=\"article:modified_time\" content=\"2025-02-11T14:20:05+00:00\" \/>\n<meta property=\"og:image\" content=\"https:\/\/maysternya.lt\/wp-content\/uploads\/2025\/02\/T303C3_6.jpg\" \/>\n\t<meta property=\"og:image:width\" content=\"600\" \/>\n\t<meta property=\"og:image:height\" content=\"600\" \/>\n\t<meta property=\"og:image:type\" content=\"image\/jpeg\" \/>\n<meta name=\"twitter:card\" content=\"summary_large_image\" \/>\n<meta name=\"twitter:label1\" content=\"\u041f\u0440\u0438\u043c\u0435\u0440\u043d\u043e\u0435 \u0432\u0440\u0435\u043c\u044f \u0434\u043b\u044f \u0447\u0442\u0435\u043d\u0438\u044f\" \/>\n\t<meta name=\"twitter:data1\" content=\"1 \u043c\u0438\u043d\u0443\u0442\u0430\" \/>\n<script type=\"application\/ld+json\" class=\"yoast-schema-graph\">{\"@context\":\"https:\/\/schema.org\",\"@graph\":[{\"@type\":\"WebPage\",\"@id\":\"https:\/\/maysternya.lt\/product\/ketaus-keptuve-264-%d1%81m-su-medine-rankena-ir-stikliniu-dangciu-t303c3\/\",\"url\":\"https:\/\/maysternya.lt\/product\/ketaus-keptuve-264-%d1%81m-su-medine-rankena-ir-stikliniu-dangciu-t303c3\/\",\"name\":\"Ketaus keptuv\u0117 26*4 \u0441m (medine rankena, stiklinis dangtis) T303C3 - Maysternya\",\"isPartOf\":{\"@id\":\"https:\/\/maysternya.lt\/#website\"},\"primaryImageOfPage\":{\"@id\":\"https:\/\/maysternya.lt\/product\/ketaus-keptuve-264-%d1%81m-su-medine-rankena-ir-stikliniu-dangciu-t303c3\/#primaryimage\"},\"image\":{\"@id\":\"https:\/\/maysternya.lt\/product\/ketaus-keptuve-264-%d1%81m-su-medine-rankena-ir-stikliniu-dangciu-t303c3\/#primaryimage\"},\"thumbnailUrl\":\"https:\/\/maysternya.lt\/wp-content\/uploads\/2025\/02\/T303C3_6.jpg\",\"datePublished\":\"2020-10-31T11:48:03+00:00\",\"dateModified\":\"2025-02-11T14:20:05+00:00\",\"breadcrumb\":{\"@id\":\"https:\/\/maysternya.lt\/product\/ketaus-keptuve-264-%d1%81m-su-medine-rankena-ir-stikliniu-dangciu-t303c3\/#breadcrumb\"},\"inLanguage\":\"ru-RU\",\"potentialAction\":[{\"@type\":\"ReadAction\",\"target\":[\"https:\/\/maysternya.lt\/product\/ketaus-keptuve-264-%d1%81m-su-medine-rankena-ir-stikliniu-dangciu-t303c3\/\"]}]},{\"@type\":\"ImageObject\",\"inLanguage\":\"ru-RU\",\"@id\":\"https:\/\/maysternya.lt\/product\/ketaus-keptuve-264-%d1%81m-su-medine-rankena-ir-stikliniu-dangciu-t303c3\/#primaryimage\",\"url\":\"https:\/\/maysternya.lt\/wp-content\/uploads\/2025\/02\/T303C3_6.jpg\",\"contentUrl\":\"https:\/\/maysternya.lt\/wp-content\/uploads\/2025\/02\/T303C3_6.jpg\",\"width\":600,\"height\":600},{\"@type\":\"BreadcrumbList\",\"@id\":\"https:\/\/maysternya.lt\/product\/ketaus-keptuve-264-%d1%81m-su-medine-rankena-ir-stikliniu-dangciu-t303c3\/#breadcrumb\",\"itemListElement\":[{\"@type\":\"ListItem\",\"position\":1,\"name\":\"\u0413\u043b\u0430\u0432\u043d\u0430\u044f \u0441\u0442\u0440\u0430\u043d\u0438\u0446\u0430\",\"item\":\"https:\/\/maysternya.lt\/\"},{\"@type\":\"ListItem\",\"position\":2,\"name\":\"Katalogas\",\"item\":\"https:\/\/maysternya.lt\/en\/katalogas\/\"},{\"@type\":\"ListItem\",\"position\":3,\"name\":\"Ketaus keptuv\u0117 26*4 \u0441m (medine rankena, stiklinis dangtis) T303C3\"}]},{\"@type\":\"WebSite\",\"@id\":\"https:\/\/maysternya.lt\/#website\",\"url\":\"https:\/\/maysternya.lt\/\",\"name\":\"Maysternya\",\"description\":\"Maysternya ketaus t\u016btos\",\"publisher\":{\"@id\":\"https:\/\/maysternya.lt\/#organization\"},\"potentialAction\":[{\"@type\":\"SearchAction\",\"target\":{\"@type\":\"EntryPoint\",\"urlTemplate\":\"https:\/\/maysternya.lt\/?s={search_term_string}\"},\"query-input\":{\"@type\":\"PropertyValueSpecification\",\"valueRequired\":true,\"valueName\":\"search_term_string\"}}],\"inLanguage\":\"ru-RU\"},{\"@type\":\"Organization\",\"@id\":\"https:\/\/maysternya.lt\/#organization\",\"name\":\"Maysternya\",\"url\":\"https:\/\/maysternya.lt\/\",\"logo\":{\"@type\":\"ImageObject\",\"inLanguage\":\"ru-RU\",\"@id\":\"https:\/\/maysternya.lt\/#\/schema\/logo\/image\/\",\"url\":\"https:\/\/maysternya.lt\/wp-content\/uploads\/2025\/02\/logo.png\",\"contentUrl\":\"https:\/\/maysternya.lt\/wp-content\/uploads\/2025\/02\/logo.png\",\"width\":2222,\"height\":2466,\"caption\":\"Maysternya\"},\"image\":{\"@id\":\"https:\/\/maysternya.lt\/#\/schema\/logo\/image\/\"}}]}<\/script>\n<!-- \/ Yoast SEO plugin. -->","yoast_head_json":{"title":"Ketaus keptuv\u0117 26*4 \u0441m (medine rankena, stiklinis dangtis) T303C3 - Maysternya","robots":{"index":"index","follow":"follow","max-snippet":"max-snippet:-1","max-image-preview":"max-image-preview:large","max-video-preview":"max-video-preview:-1"},"canonical":"https:\/\/maysternya.lt\/ru\/wp-json\/wp\/v2\/product\/2099","og_locale":"ru_RU","og_type":"article","og_title":"Ketaus keptuv\u0117 26*4 \u0441m (medine rankena, stiklinis dangtis) T303C3 - Maysternya","og_description":"Ketaus keptuv\u0117 \u201eMaysternya\u00ae\u201c 24*6 \u0441m (su medine rankena ir stikliniu dang\u010diu) Modelis: T303C3  Keptuv\u0117 pagaminta i\u0161 auk\u0161tos kokyb\u0117s ketaus  Medin\u0117 rankena (atsisuka)  Stiklinis dangtis  Dugnas: \u00d819 cm; gylis: 4 cm; dangtis: \u00d826 cm  Tinka indukcin\u0117ms virykl\u0117ms  Rankena atsisuka (galima naudoti orkait\u0117je ir Kamado)","og_url":"https:\/\/maysternya.lt\/ru\/product\/ketaus-keptuve-264-\u0441m-su-medine-rankena-ir-stikliniu-dangciu-t303c3\/","og_site_name":"Maysternya","article_modified_time":"2025-02-11T14:20:05+00:00","og_image":[{"width":600,"height":600,"url":"https:\/\/maysternya.lt\/wp-content\/uploads\/2025\/02\/T303C3_6.jpg","type":"image\/jpeg"}],"twitter_card":"summary_large_image","twitter_misc":{"\u041f\u0440\u0438\u043c\u0435\u0440\u043d\u043e\u0435 \u0432\u0440\u0435\u043c\u044f \u0434\u043b\u044f \u0447\u0442\u0435\u043d\u0438\u044f":"1 \u043c\u0438\u043d\u0443\u0442\u0430"},"schema":{"@context":"https:\/\/schema.org","@graph":[{"@type":"WebPage","@id":"https:\/\/maysternya.lt\/product\/ketaus-keptuve-264-%d1%81m-su-medine-rankena-ir-stikliniu-dangciu-t303c3\/","url":"https:\/\/maysternya.lt\/product\/ketaus-keptuve-264-%d1%81m-su-medine-rankena-ir-stikliniu-dangciu-t303c3\/","name":"Ketaus keptuv\u0117 26*4 \u0441m (medine rankena, stiklinis dangtis) T303C3 - Maysternya","isPartOf":{"@id":"https:\/\/maysternya.lt\/#website"},"primaryImageOfPage":{"@id":"https:\/\/maysternya.lt\/product\/ketaus-keptuve-264-%d1%81m-su-medine-rankena-ir-stikliniu-dangciu-t303c3\/#primaryimage"},"image":{"@id":"https:\/\/maysternya.lt\/product\/ketaus-keptuve-264-%d1%81m-su-medine-rankena-ir-stikliniu-dangciu-t303c3\/#primaryimage"},"thumbnailUrl":"https:\/\/maysternya.lt\/wp-content\/uploads\/2025\/02\/T303C3_6.jpg","datePublished":"2020-10-31T11:48:03+00:00","dateModified":"2025-02-11T14:20:05+00:00","breadcrumb":{"@id":"https:\/\/maysternya.lt\/product\/ketaus-keptuve-264-%d1%81m-su-medine-rankena-ir-stikliniu-dangciu-t303c3\/#breadcrumb"},"inLanguage":"ru-RU","potentialAction":[{"@type":"ReadAction","target":["https:\/\/maysternya.lt\/product\/ketaus-keptuve-264-%d1%81m-su-medine-rankena-ir-stikliniu-dangciu-t303c3\/"]}]},{"@type":"ImageObject","inLanguage":"ru-RU","@id":"https:\/\/maysternya.lt\/product\/ketaus-keptuve-264-%d1%81m-su-medine-rankena-ir-stikliniu-dangciu-t303c3\/#primaryimage","url":"https:\/\/maysternya.lt\/wp-content\/uploads\/2025\/02\/T303C3_6.jpg","contentUrl":"https:\/\/maysternya.lt\/wp-content\/uploads\/2025\/02\/T303C3_6.jpg","width":600,"height":600},{"@type":"BreadcrumbList","@id":"https:\/\/maysternya.lt\/product\/ketaus-keptuve-264-%d1%81m-su-medine-rankena-ir-stikliniu-dangciu-t303c3\/#breadcrumb","itemListElement":[{"@type":"ListItem","position":1,"name":"\u0413\u043b\u0430\u0432\u043d\u0430\u044f \u0441\u0442\u0440\u0430\u043d\u0438\u0446\u0430","item":"https:\/\/maysternya.lt\/"},{"@type":"ListItem","position":2,"name":"Katalogas","item":"https:\/\/maysternya.lt\/en\/katalogas\/"},{"@type":"ListItem","position":3,"name":"Ketaus keptuv\u0117 26*4 \u0441m (medine rankena, stiklinis dangtis) T303C3"}]},{"@type":"WebSite","@id":"https:\/\/maysternya.lt\/#website","url":"https:\/\/maysternya.lt\/","name":"Maysternya","description":"Maysternya ketaus t\u016btos","publisher":{"@id":"https:\/\/maysternya.lt\/#organization"},"potentialAction":[{"@type":"SearchAction","target":{"@type":"EntryPoint","urlTemplate":"https:\/\/maysternya.lt\/?s={search_term_string}"},"query-input":{"@type":"PropertyValueSpecification","valueRequired":true,"valueName":"search_term_string"}}],"inLanguage":"ru-RU"},{"@type":"Organization","@id":"https:\/\/maysternya.lt\/#organization","name":"Maysternya","url":"https:\/\/maysternya.lt\/","logo":{"@type":"ImageObject","inLanguage":"ru-RU","@id":"https:\/\/maysternya.lt\/#\/schema\/logo\/image\/","url":"https:\/\/maysternya.lt\/wp-content\/uploads\/2025\/02\/logo.png","contentUrl":"https:\/\/maysternya.lt\/wp-content\/uploads\/2025\/02\/logo.png","width":2222,"height":2466,"caption":"Maysternya"},"image":{"@id":"https:\/\/maysternya.lt\/#\/schema\/logo\/image\/"}}]}},"_links":{"self":[{"href":"https:\/\/maysternya.lt\/ru\/wp-json\/wp\/v2\/product\/2099","targetHints":{"allow":["GET"]}}],"collection":[{"href":"https:\/\/maysternya.lt\/ru\/wp-json\/wp\/v2\/product"}],"about":[{"href":"https:\/\/maysternya.lt\/ru\/wp-json\/wp\/v2\/types\/product"}],"replies":[{"embeddable":true,"href":"https:\/\/maysternya.lt\/ru\/wp-json\/wp\/v2\/comments?post=2099"}],"wp:featuredmedia":[{"embeddable":true,"href":"https:\/\/maysternya.lt\/ru\/wp-json\/wp\/v2\/media\/2100"}],"wp:attachment":[{"href":"https:\/\/maysternya.lt\/ru\/wp-json\/wp\/v2\/media?parent=2099"}],"wp:term":[{"taxonomy":"product_brand","embeddable":true,"href":"https:\/\/maysternya.lt\/ru\/wp-json\/wp\/v2\/product_brand?post=2099"},{"taxonomy":"product_cat","embeddable":true,"href":"https:\/\/maysternya.lt\/ru\/wp-json\/wp\/v2\/product_cat?post=2099"},{"taxonomy":"product_tag","embeddable":true,"href":"https:\/\/maysternya.lt\/ru\/wp-json\/wp\/v2\/product_tag?post=2099"}],"curies":[{"name":"wp","href":"https:\/\/api.w.org\/{rel}","templated":true}]}}