{"id":3189,"date":"2024-08-01T12:42:13","date_gmt":"2024-08-01T12:42:13","guid":{"rendered":"http:\/\/maysternya.lt\/product\/deklas-kazanui-3-12l-maysternya\/"},"modified":"2025-02-11T14:49:03","modified_gmt":"2025-02-11T14:49:03","slug":"deklas-kazanui-3-12l-maysternya","status":"publish","type":"product","link":"https:\/\/maysternya.lt\/pl\/product\/deklas-kazanui-3-12l-maysternya\/","title":{"rendered":"D\u0117klas kazanui 3-12L Maysternya"},"content":{"rendered":"<h3><strong>D\u0117klas kazanui 3-12l<\/strong><\/h3>\n<p>&nbsp;<\/p>\n<ul>\n<li>\n<h4><strong>Lengva transportuoti ir sand\u0117liuoti.<\/strong><\/h4>\n<\/li>\n<li>\n<h4><strong>D\u0117v\u0117jimui atspari moderni sintetin\u0117 med\u017eiaga, kurios tankis 600 g\/m2. <\/strong><\/h4>\n<\/li>\n<li>\n<h4><strong>Tvirtos rankenos ir u\u017etrauktukas sukurti taip, kad atlaikyt\u0173 didesn\u0119 nei 15 kg apkrov\u0105.<\/strong><\/h4>\n<\/li>\n<\/ul>","protected":false},"excerpt":{"rendered":"<h3><strong>D\u0117klas kazanui 3-12l<\/strong><\/h3>\n<p>&nbsp;<\/p>\n<ul>\n<li>\n<h4><strong>Lengva transportuoti ir sand\u0117liuoti.<\/strong><\/h4>\n<\/li>\n<li>\n<h4><strong>D\u0117v\u0117jimui atspari moderni sintetin\u0117 med\u017eiaga, kurios tankis 600 g\/m2. <\/strong><\/h4>\n<\/li>\n<li>\n<h4><strong>Tvirtos rankenos ir u\u017etrauktukas sukurti taip, kad atlaikyt\u0173 didesn\u0119 nei 15 kg apkrov\u0105.<\/strong><\/h4>\n<\/li>\n<\/ul>","protected":false},"featured_media":3190,"comment_status":"open","ping_status":"open","template":"","meta":{"site-sidebar-layout":"default","site-content-layout":"","ast-site-content-layout":"","site-content-style":"default","site-sidebar-style":"default","ast-global-header-display":"","ast-banner-title-visibility":"","ast-main-header-display":"","ast-hfb-above-header-display":"","ast-hfb-below-header-display":"","ast-hfb-mobile-header-display":"","site-post-title":"","ast-breadcrumbs-content":"","ast-featured-img":"","footer-sml-layout":"","theme-transparent-header-meta":"","adv-header-id-meta":"","stick-header-meta":"","header-above-stick-meta":"","header-main-stick-meta":"","header-below-stick-meta":"","astra-migrate-meta-layouts":"default","ast-page-background-enabled":"default","ast-page-background-meta":{"desktop":{"background-color":"var(--ast-global-color-5)","background-image":"","background-repeat":"repeat","background-position":"center center","background-size":"auto","background-attachment":"scroll","background-type":"","background-media":"","overlay-type":"","overlay-color":"","overlay-opacity":"","overlay-gradient":""},"tablet":{"background-color":"","background-image":"","background-repeat":"repeat","background-position":"center center","background-size":"auto","background-attachment":"scroll","background-type":"","background-media":"","overlay-type":"","overlay-color":"","overlay-opacity":"","overlay-gradient":""},"mobile":{"background-color":"","background-image":"","background-repeat":"repeat","background-position":"center center","background-size":"auto","background-attachment":"scroll","background-type":"","background-media":"","overlay-type":"","overlay-color":"","overlay-opacity":"","overlay-gradient":""}},"ast-content-background-meta":{"desktop":{"background-color":"var(--ast-global-color-4)","background-image":"","background-repeat":"repeat","background-position":"center center","background-size":"auto","background-attachment":"scroll","background-type":"","background-media":"","overlay-type":"","overlay-color":"","overlay-opacity":"","overlay-gradient":""},"tablet":{"background-color":"var(--ast-global-color-4)","background-image":"","background-repeat":"repeat","background-position":"center center","background-size":"auto","background-attachment":"scroll","background-type":"","background-media":"","overlay-type":"","overlay-color":"","overlay-opacity":"","overlay-gradient":""},"mobile":{"background-color":"var(--ast-global-color-4)","background-image":"","background-repeat":"repeat","background-position":"center center","background-size":"auto","background-attachment":"scroll","background-type":"","background-media":"","overlay-type":"","overlay-color":"","overlay-opacity":"","overlay-gradient":""}}},"product_brand":[],"product_cat":[65,51,68,41],"product_tag":[69,42],"class_list":{"0":"post-3189","1":"product","2":"type-product","3":"status-publish","4":"has-post-thumbnail","6":"product_cat-isparduotuve","7":"product_cat-kazanai","8":"product_cat-deklai-kazanams","9":"product_cat-maysternya","10":"product_tag-ispardavimas","11":"product_tag-maysternya","12":"product_shipping_class-iprasta-pristatymlo-klase","13":"desktop-align-left","14":"tablet-align-left","15":"mobile-align-left","17":"first","18":"instock","19":"shipping-taxable","20":"product-type-simple"},"yoast_head":"<!-- This site is optimized with the Yoast SEO plugin v24.5 - https:\/\/yoast.com\/wordpress\/plugins\/seo\/ -->\n<title>D\u0117klas kazanui 3-12L Maysternya - Maysternya<\/title>\n<meta name=\"robots\" content=\"index, follow, max-snippet:-1, max-image-preview:large, max-video-preview:-1\" \/>\n<link rel=\"canonical\" href=\"https:\/\/maysternya.lt\/pl\/wp-json\/wp\/v2\/product\/3189\" \/>\n<meta property=\"og:locale\" content=\"pl_PL\" \/>\n<meta property=\"og:type\" content=\"article\" \/>\n<meta property=\"og:title\" content=\"D\u0117klas kazanui 3-12L Maysternya - Maysternya\" \/>\n<meta property=\"og:description\" content=\"D\u0117klas kazanui 3-12l &nbsp;   Lengva transportuoti ir sand\u0117liuoti.   D\u0117v\u0117jimui atspari moderni sintetin\u0117 med\u017eiaga, kurios tankis 600 g\/m2.   Tvirtos rankenos ir u\u017etrauktukas sukurti taip, kad atlaikyt\u0173 didesn\u0119 nei 15 kg apkrov\u0105.\" \/>\n<meta property=\"og:url\" content=\"https:\/\/maysternya.lt\/pl\/product\/deklas-kazanui-3-12l-maysternya\/\" \/>\n<meta property=\"og:site_name\" content=\"Maysternya\" \/>\n<meta property=\"article:modified_time\" content=\"2025-02-11T14:49:03+00:00\" \/>\n<meta property=\"og:image\" content=\"https:\/\/maysternya.lt\/wp-content\/uploads\/2025\/02\/deklas-kazanui-3-12l-maysternya-.jpg\" \/>\n\t<meta property=\"og:image:width\" content=\"1200\" \/>\n\t<meta property=\"og:image:height\" content=\"1200\" \/>\n\t<meta property=\"og:image:type\" content=\"image\/jpeg\" \/>\n<meta name=\"twitter:card\" content=\"summary_large_image\" \/>\n<script type=\"application\/ld+json\" class=\"yoast-schema-graph\">{\"@context\":\"https:\/\/schema.org\",\"@graph\":[{\"@type\":\"WebPage\",\"@id\":\"https:\/\/maysternya.lt\/product\/deklas-kazanui-3-12l-maysternya\/\",\"url\":\"https:\/\/maysternya.lt\/product\/deklas-kazanui-3-12l-maysternya\/\",\"name\":\"D\u0117klas kazanui 3-12L Maysternya - Maysternya\",\"isPartOf\":{\"@id\":\"https:\/\/maysternya.lt\/#website\"},\"primaryImageOfPage\":{\"@id\":\"https:\/\/maysternya.lt\/product\/deklas-kazanui-3-12l-maysternya\/#primaryimage\"},\"image\":{\"@id\":\"https:\/\/maysternya.lt\/product\/deklas-kazanui-3-12l-maysternya\/#primaryimage\"},\"thumbnailUrl\":\"https:\/\/maysternya.lt\/wp-content\/uploads\/2025\/02\/deklas-kazanui-3-12l-maysternya-.jpg\",\"datePublished\":\"2024-08-01T12:42:13+00:00\",\"dateModified\":\"2025-02-11T14:49:03+00:00\",\"breadcrumb\":{\"@id\":\"https:\/\/maysternya.lt\/product\/deklas-kazanui-3-12l-maysternya\/#breadcrumb\"},\"inLanguage\":\"pl-PL\",\"potentialAction\":[{\"@type\":\"ReadAction\",\"target\":[\"https:\/\/maysternya.lt\/product\/deklas-kazanui-3-12l-maysternya\/\"]}]},{\"@type\":\"ImageObject\",\"inLanguage\":\"pl-PL\",\"@id\":\"https:\/\/maysternya.lt\/product\/deklas-kazanui-3-12l-maysternya\/#primaryimage\",\"url\":\"https:\/\/maysternya.lt\/wp-content\/uploads\/2025\/02\/deklas-kazanui-3-12l-maysternya-.jpg\",\"contentUrl\":\"https:\/\/maysternya.lt\/wp-content\/uploads\/2025\/02\/deklas-kazanui-3-12l-maysternya-.jpg\",\"width\":1200,\"height\":1200},{\"@type\":\"BreadcrumbList\",\"@id\":\"https:\/\/maysternya.lt\/product\/deklas-kazanui-3-12l-maysternya\/#breadcrumb\",\"itemListElement\":[{\"@type\":\"ListItem\",\"position\":1,\"name\":\"\u0413\u043b\u0430\u0432\u043d\u0430\u044f \u0441\u0442\u0440\u0430\u043d\u0438\u0446\u0430\",\"item\":\"https:\/\/maysternya.lt\/\"},{\"@type\":\"ListItem\",\"position\":2,\"name\":\"Katalogas\",\"item\":\"https:\/\/maysternya.lt\/en\/katalogas\/\"},{\"@type\":\"ListItem\",\"position\":3,\"name\":\"D\u0117klas kazanui 3-12L Maysternya\"}]},{\"@type\":\"WebSite\",\"@id\":\"https:\/\/maysternya.lt\/#website\",\"url\":\"https:\/\/maysternya.lt\/\",\"name\":\"Maysternya\",\"description\":\"Maysternya ketaus t\u016btos\",\"publisher\":{\"@id\":\"https:\/\/maysternya.lt\/#organization\"},\"potentialAction\":[{\"@type\":\"SearchAction\",\"target\":{\"@type\":\"EntryPoint\",\"urlTemplate\":\"https:\/\/maysternya.lt\/?s={search_term_string}\"},\"query-input\":{\"@type\":\"PropertyValueSpecification\",\"valueRequired\":true,\"valueName\":\"search_term_string\"}}],\"inLanguage\":\"pl-PL\"},{\"@type\":\"Organization\",\"@id\":\"https:\/\/maysternya.lt\/#organization\",\"name\":\"Maysternya\",\"url\":\"https:\/\/maysternya.lt\/\",\"logo\":{\"@type\":\"ImageObject\",\"inLanguage\":\"pl-PL\",\"@id\":\"https:\/\/maysternya.lt\/#\/schema\/logo\/image\/\",\"url\":\"https:\/\/maysternya.lt\/wp-content\/uploads\/2025\/02\/logo.png\",\"contentUrl\":\"https:\/\/maysternya.lt\/wp-content\/uploads\/2025\/02\/logo.png\",\"width\":2222,\"height\":2466,\"caption\":\"Maysternya\"},\"image\":{\"@id\":\"https:\/\/maysternya.lt\/#\/schema\/logo\/image\/\"}}]}<\/script>\n<!-- \/ Yoast SEO plugin. -->","yoast_head_json":{"title":"D\u0117klas kazanui 3-12L Maysternya - Maysternya","robots":{"index":"index","follow":"follow","max-snippet":"max-snippet:-1","max-image-preview":"max-image-preview:large","max-video-preview":"max-video-preview:-1"},"canonical":"https:\/\/maysternya.lt\/pl\/wp-json\/wp\/v2\/product\/3189","og_locale":"pl_PL","og_type":"article","og_title":"D\u0117klas kazanui 3-12L Maysternya - Maysternya","og_description":"D\u0117klas kazanui 3-12l &nbsp;   Lengva transportuoti ir sand\u0117liuoti.   D\u0117v\u0117jimui atspari moderni sintetin\u0117 med\u017eiaga, kurios tankis 600 g\/m2.   Tvirtos rankenos ir u\u017etrauktukas sukurti taip, kad atlaikyt\u0173 didesn\u0119 nei 15 kg apkrov\u0105.","og_url":"https:\/\/maysternya.lt\/pl\/product\/deklas-kazanui-3-12l-maysternya\/","og_site_name":"Maysternya","article_modified_time":"2025-02-11T14:49:03+00:00","og_image":[{"width":1200,"height":1200,"url":"https:\/\/maysternya.lt\/wp-content\/uploads\/2025\/02\/deklas-kazanui-3-12l-maysternya-.jpg","type":"image\/jpeg"}],"twitter_card":"summary_large_image","schema":{"@context":"https:\/\/schema.org","@graph":[{"@type":"WebPage","@id":"https:\/\/maysternya.lt\/product\/deklas-kazanui-3-12l-maysternya\/","url":"https:\/\/maysternya.lt\/product\/deklas-kazanui-3-12l-maysternya\/","name":"D\u0117klas kazanui 3-12L Maysternya - Maysternya","isPartOf":{"@id":"https:\/\/maysternya.lt\/#website"},"primaryImageOfPage":{"@id":"https:\/\/maysternya.lt\/product\/deklas-kazanui-3-12l-maysternya\/#primaryimage"},"image":{"@id":"https:\/\/maysternya.lt\/product\/deklas-kazanui-3-12l-maysternya\/#primaryimage"},"thumbnailUrl":"https:\/\/maysternya.lt\/wp-content\/uploads\/2025\/02\/deklas-kazanui-3-12l-maysternya-.jpg","datePublished":"2024-08-01T12:42:13+00:00","dateModified":"2025-02-11T14:49:03+00:00","breadcrumb":{"@id":"https:\/\/maysternya.lt\/product\/deklas-kazanui-3-12l-maysternya\/#breadcrumb"},"inLanguage":"pl-PL","potentialAction":[{"@type":"ReadAction","target":["https:\/\/maysternya.lt\/product\/deklas-kazanui-3-12l-maysternya\/"]}]},{"@type":"ImageObject","inLanguage":"pl-PL","@id":"https:\/\/maysternya.lt\/product\/deklas-kazanui-3-12l-maysternya\/#primaryimage","url":"https:\/\/maysternya.lt\/wp-content\/uploads\/2025\/02\/deklas-kazanui-3-12l-maysternya-.jpg","contentUrl":"https:\/\/maysternya.lt\/wp-content\/uploads\/2025\/02\/deklas-kazanui-3-12l-maysternya-.jpg","width":1200,"height":1200},{"@type":"BreadcrumbList","@id":"https:\/\/maysternya.lt\/product\/deklas-kazanui-3-12l-maysternya\/#breadcrumb","itemListElement":[{"@type":"ListItem","position":1,"name":"\u0413\u043b\u0430\u0432\u043d\u0430\u044f \u0441\u0442\u0440\u0430\u043d\u0438\u0446\u0430","item":"https:\/\/maysternya.lt\/"},{"@type":"ListItem","position":2,"name":"Katalogas","item":"https:\/\/maysternya.lt\/en\/katalogas\/"},{"@type":"ListItem","position":3,"name":"D\u0117klas kazanui 3-12L Maysternya"}]},{"@type":"WebSite","@id":"https:\/\/maysternya.lt\/#website","url":"https:\/\/maysternya.lt\/","name":"Maysternya","description":"Maysternya ketaus t\u016btos","publisher":{"@id":"https:\/\/maysternya.lt\/#organization"},"potentialAction":[{"@type":"SearchAction","target":{"@type":"EntryPoint","urlTemplate":"https:\/\/maysternya.lt\/?s={search_term_string}"},"query-input":{"@type":"PropertyValueSpecification","valueRequired":true,"valueName":"search_term_string"}}],"inLanguage":"pl-PL"},{"@type":"Organization","@id":"https:\/\/maysternya.lt\/#organization","name":"Maysternya","url":"https:\/\/maysternya.lt\/","logo":{"@type":"ImageObject","inLanguage":"pl-PL","@id":"https:\/\/maysternya.lt\/#\/schema\/logo\/image\/","url":"https:\/\/maysternya.lt\/wp-content\/uploads\/2025\/02\/logo.png","contentUrl":"https:\/\/maysternya.lt\/wp-content\/uploads\/2025\/02\/logo.png","width":2222,"height":2466,"caption":"Maysternya"},"image":{"@id":"https:\/\/maysternya.lt\/#\/schema\/logo\/image\/"}}]}},"_links":{"self":[{"href":"https:\/\/maysternya.lt\/pl\/wp-json\/wp\/v2\/product\/3189","targetHints":{"allow":["GET"]}}],"collection":[{"href":"https:\/\/maysternya.lt\/pl\/wp-json\/wp\/v2\/product"}],"about":[{"href":"https:\/\/maysternya.lt\/pl\/wp-json\/wp\/v2\/types\/product"}],"replies":[{"embeddable":true,"href":"https:\/\/maysternya.lt\/pl\/wp-json\/wp\/v2\/comments?post=3189"}],"wp:featuredmedia":[{"embeddable":true,"href":"https:\/\/maysternya.lt\/pl\/wp-json\/wp\/v2\/media\/3190"}],"wp:attachment":[{"href":"https:\/\/maysternya.lt\/pl\/wp-json\/wp\/v2\/media?parent=3189"}],"wp:term":[{"taxonomy":"product_brand","embeddable":true,"href":"https:\/\/maysternya.lt\/pl\/wp-json\/wp\/v2\/product_brand?post=3189"},{"taxonomy":"product_cat","embeddable":true,"href":"https:\/\/maysternya.lt\/pl\/wp-json\/wp\/v2\/product_cat?post=3189"},{"taxonomy":"product_tag","embeddable":true,"href":"https:\/\/maysternya.lt\/pl\/wp-json\/wp\/v2\/product_tag?post=3189"}],"curies":[{"name":"wp","href":"https:\/\/api.w.org\/{rel}","templated":true}]}}