{"id":3083,"date":"2024-05-29T12:46:21","date_gmt":"2024-05-29T12:46:21","guid":{"rendered":"http:\/\/maysternya.lt\/product\/ketaus-grill-presas-19-5x19-5-cm\/"},"modified":"2025-02-11T14:47:15","modified_gmt":"2025-02-11T14:47:15","slug":"ketaus-grill-presas-19-5x19-5-cm","status":"publish","type":"product","link":"https:\/\/maysternya.lt\/pl\/product\/ketaus-grill-presas-19-5x19-5-cm\/","title":{"rendered":"Ketaus Grill presas 19.5&#215;19.5 cm"},"content":{"rendered":"<h3><strong>Ketaus Grill presas 19.5&#215;19.5 cm\u00a0<\/strong><\/h3>\n<ul>\n<li><strong>Dydis 19.5&#215;19.5 cm,<\/strong><\/li>\n<li><strong> Svoris &#8211; 2 kg,<\/strong><\/li>\n<li><strong>Rankena ketaus,<\/strong><\/li>\n<li><strong>Med\u017eiaga &#8211; Ketus.<\/strong><\/li>\n<li><strong>Dangtis &#8211; presas palengvins J\u016bs\u0173 kepsni\u0173 kepim\u0105: prispaus produktus, to d\u0117ka jie tolygiai keps, pa\u0161alins Jums nepageidaujamus riebalus i\u0161 j\u0173, patiekalai bus dar aromatingesni.<\/strong><strong> Tai nepakei\u010diamas \u012frankis gaminant vi\u0161\u010diuk\u0105.<\/strong><\/li>\n<\/ul>\n<p>Ketaus keptuv\u0117s ir puodai yra ilgaam\u017eiai, patvar\u016bs, o j\u0173 pavir\u0161ius i\u0161laiko vienod\u0105 temperat\u016br\u0105. Be to, tinkamai naudojamas ketaus indas gali tarnauti am\u017einai, tod\u0117l juos galima perduoti i\u0161 kartos \u012f kart\u0105. Investuoti \u012f ketaus indus \u2013 protingas pasirinkimas. Keptuv\u0117s ir puodai i\u0161 \u00a0yra skirti vis\u0173 tip\u0173 virykl\u0117ms, \u012fskaitant keramines ir indukcines. Ketaus puodai ir keptuv\u0117s i\u0161laiko nepakitusi\u0105 form\u0105 ir turi nepriekai\u0161ting\u0105 pavir\u0161i\u0173.<\/p>\n<ol>\n<li>Prie\u0161 pirm\u0105j\u012f naudojim\u0105 produkt\u0105 reikia kruop\u0161\u010diai nuplauti kar\u0161tu vandeniu ir plovikliu kempine ar nemetaliniu \u0161epet\u0117liu. Tada nuvalykite sausai.<\/li>\n<li>Atv\u0117sinkite indus su druska (10-20 minu\u010di\u0173), mai\u0161ydami drusk\u0105.<\/li>\n<li>Po tokio kalcinavimo reikia i\u0161pilti drusk\u0105, leisti produktui atv\u0117sti iki kambario temperat\u016bros. Nuplaukite produkt\u0105 tekan\u010diu kar\u0161tu vandeniu. Tada nuvalykite sausu arba \u0161iltu, kol visi\u0161kai pa\u0161alinsite dr\u0117gm\u0119.<\/li>\n<li>\u012ekaitinkite indus ant virykl\u0117s iki auk\u0161tesn\u0117s nei 100 \u00b0 C temperat\u016bros, ant vidinio pavir\u0161iaus u\u017ed\u0117kite plon\u0105 augalinio aliejaus sluoksn\u012f (rekomenduojama naudoti lin\u0173 s\u0117men\u0173 aliej\u0173) ir leiskite atv\u0117sti. Ketaus indai yra paruo\u0161ti naudoti.<\/li>\n<li>Nepalikite paruo\u0161to maisto laikyti ketaus dubenyje.<\/li>\n<li>Po virimo indai turi b\u016bti nuplauti (jei \u012fmanoma, be abrazyvini\u0173 plovikli\u0173), gerai i\u0161d\u017eiovinti (geriau d\u017eiovinti ant virykl\u0117s, kad nelikt\u0173 dr\u0117gm\u0117s la\u0161\u0173, \u200b\u200bgalin\u010di\u0173 sukelti r\u016bd\u017ei\u0173 d\u0117meles) ir u\u017etepti plonu sluoksniu augalinio aliejaus.<\/li>\n<li>Ketaus indus plaukite tik rankomis, nenaudodami indaplovi\u0173. Ketaus indus laikykite sausoje, v\u0117dinamoje vietoje.<\/li>\n<li>Jei netinkamai naudojamas ketaus ind\u0173 pavir\u0161ius, gali atsirasti r\u016bd\u017ei\u0173 d\u0117mi\u0173, ta\u010diau tai n\u0117ra tr\u016bkumas. Jie gali b\u016bti pa\u0161alinti tokiu b\u016bdu: b\u016btina pa\u0161alinti visas r\u016bdis vieliniu \u0161epe\u010diu, pa\u0161ildyti indus, po to u\u017etepti plonu augalinio aliejaus sluoksniu.<\/li>\n<\/ol>","protected":false},"excerpt":{"rendered":"<h3><strong>Ketaus Grill presas 19.5&#215;19.5 cm\u00a0<\/strong><\/h3>\n<ul>\n<li><strong>Dydis 19.5&#215;19.5 cm,<\/strong><\/li>\n<li><strong> Svoris &#8211; 2 kg,<\/strong><\/li>\n<li><strong>Rankena ketaus,<\/strong><\/li>\n<li><strong>Med\u017eiaga &#8211; Ketus.<\/strong><\/li>\n<\/ul>","protected":false},"featured_media":3084,"comment_status":"open","ping_status":"open","template":"","meta":{"site-sidebar-layout":"default","site-content-layout":"","ast-site-content-layout":"","site-content-style":"default","site-sidebar-style":"default","ast-global-header-display":"","ast-banner-title-visibility":"","ast-main-header-display":"","ast-hfb-above-header-display":"","ast-hfb-below-header-display":"","ast-hfb-mobile-header-display":"","site-post-title":"","ast-breadcrumbs-content":"","ast-featured-img":"","footer-sml-layout":"","theme-transparent-header-meta":"","adv-header-id-meta":"","stick-header-meta":"","header-above-stick-meta":"","header-main-stick-meta":"","header-below-stick-meta":"","astra-migrate-meta-layouts":"default","ast-page-background-enabled":"default","ast-page-background-meta":{"desktop":{"background-color":"var(--ast-global-color-5)","background-image":"","background-repeat":"repeat","background-position":"center center","background-size":"auto","background-attachment":"scroll","background-type":"","background-media":"","overlay-type":"","overlay-color":"","overlay-opacity":"","overlay-gradient":""},"tablet":{"background-color":"","background-image":"","background-repeat":"repeat","background-position":"center center","background-size":"auto","background-attachment":"scroll","background-type":"","background-media":"","overlay-type":"","overlay-color":"","overlay-opacity":"","overlay-gradient":""},"mobile":{"background-color":"","background-image":"","background-repeat":"repeat","background-position":"center center","background-size":"auto","background-attachment":"scroll","background-type":"","background-media":"","overlay-type":"","overlay-color":"","overlay-opacity":"","overlay-gradient":""}},"ast-content-background-meta":{"desktop":{"background-color":"var(--ast-global-color-4)","background-image":"","background-repeat":"repeat","background-position":"center center","background-size":"auto","background-attachment":"scroll","background-type":"","background-media":"","overlay-type":"","overlay-color":"","overlay-opacity":"","overlay-gradient":""},"tablet":{"background-color":"var(--ast-global-color-4)","background-image":"","background-repeat":"repeat","background-position":"center center","background-size":"auto","background-attachment":"scroll","background-type":"","background-media":"","overlay-type":"","overlay-color":"","overlay-opacity":"","overlay-gradient":""},"mobile":{"background-color":"var(--ast-global-color-4)","background-image":"","background-repeat":"repeat","background-position":"center center","background-size":"auto","background-attachment":"scroll","background-type":"","background-media":"","overlay-type":"","overlay-color":"","overlay-opacity":"","overlay-gradient":""}}},"product_brand":[],"product_cat":[37,38,39,66],"product_tag":[67],"class_list":{"0":"post-3083","1":"product","2":"type-product","3":"status-publish","4":"has-post-thumbnail","6":"product_cat-virtuves-indai","7":"product_cat-keptuves-virtuves-indai","8":"product_cat-ketaus-keptuves","9":"product_cat-keptuves-grill-presai","10":"product_tag-biol","11":"product_shipping_class-iprasta-pristatymlo-klase","12":"desktop-align-left","13":"tablet-align-left","14":"mobile-align-left","16":"first","17":"instock","18":"shipping-taxable","19":"product-type-simple"},"yoast_head":"<!-- This site is optimized with the Yoast SEO plugin v24.5 - https:\/\/yoast.com\/wordpress\/plugins\/seo\/ -->\n<title>Ketaus Grill presas 19.5x19.5 cm - Maysternya<\/title>\n<meta name=\"robots\" content=\"index, follow, max-snippet:-1, max-image-preview:large, max-video-preview:-1\" \/>\n<link rel=\"canonical\" href=\"https:\/\/maysternya.lt\/pl\/wp-json\/wp\/v2\/product\/3083\" \/>\n<meta property=\"og:locale\" content=\"pl_PL\" \/>\n<meta property=\"og:type\" content=\"article\" \/>\n<meta property=\"og:title\" content=\"Ketaus Grill presas 19.5x19.5 cm - Maysternya\" \/>\n<meta property=\"og:description\" content=\"Ketaus Grill presas 19.5x19.5 cm\u00a0  Dydis 19.5x19.5 cm,  Svoris - 2 kg,  Rankena ketaus,  Med\u017eiaga - Ketus.\" \/>\n<meta property=\"og:url\" content=\"https:\/\/maysternya.lt\/pl\/product\/ketaus-grill-presas-19-5x19-5-cm\/\" \/>\n<meta property=\"og:site_name\" content=\"Maysternya\" \/>\n<meta property=\"article:modified_time\" content=\"2025-02-11T14:47:15+00:00\" \/>\n<meta property=\"og:image\" content=\"https:\/\/maysternya.lt\/wp-content\/uploads\/2025\/02\/ketaus-grill-presas-19-5x19-5-cm-1.jpg\" \/>\n\t<meta property=\"og:image:width\" content=\"1200\" \/>\n\t<meta property=\"og:image:height\" content=\"1200\" \/>\n\t<meta property=\"og:image:type\" content=\"image\/jpeg\" \/>\n<meta name=\"twitter:card\" content=\"summary_large_image\" \/>\n<meta name=\"twitter:label1\" content=\"Szacowany czas czytania\" \/>\n\t<meta name=\"twitter:data1\" content=\"2 minuty\" \/>\n<script type=\"application\/ld+json\" class=\"yoast-schema-graph\">{\"@context\":\"https:\/\/schema.org\",\"@graph\":[{\"@type\":\"WebPage\",\"@id\":\"https:\/\/maysternya.lt\/product\/ketaus-grill-presas-19-5x19-5-cm\/\",\"url\":\"https:\/\/maysternya.lt\/product\/ketaus-grill-presas-19-5x19-5-cm\/\",\"name\":\"Ketaus Grill presas 19.5x19.5 cm - Maysternya\",\"isPartOf\":{\"@id\":\"https:\/\/maysternya.lt\/#website\"},\"primaryImageOfPage\":{\"@id\":\"https:\/\/maysternya.lt\/product\/ketaus-grill-presas-19-5x19-5-cm\/#primaryimage\"},\"image\":{\"@id\":\"https:\/\/maysternya.lt\/product\/ketaus-grill-presas-19-5x19-5-cm\/#primaryimage\"},\"thumbnailUrl\":\"https:\/\/maysternya.lt\/wp-content\/uploads\/2025\/02\/ketaus-grill-presas-19-5x19-5-cm-1.jpg\",\"datePublished\":\"2024-05-29T12:46:21+00:00\",\"dateModified\":\"2025-02-11T14:47:15+00:00\",\"breadcrumb\":{\"@id\":\"https:\/\/maysternya.lt\/product\/ketaus-grill-presas-19-5x19-5-cm\/#breadcrumb\"},\"inLanguage\":\"pl-PL\",\"potentialAction\":[{\"@type\":\"ReadAction\",\"target\":[\"https:\/\/maysternya.lt\/product\/ketaus-grill-presas-19-5x19-5-cm\/\"]}]},{\"@type\":\"ImageObject\",\"inLanguage\":\"pl-PL\",\"@id\":\"https:\/\/maysternya.lt\/product\/ketaus-grill-presas-19-5x19-5-cm\/#primaryimage\",\"url\":\"https:\/\/maysternya.lt\/wp-content\/uploads\/2025\/02\/ketaus-grill-presas-19-5x19-5-cm-1.jpg\",\"contentUrl\":\"https:\/\/maysternya.lt\/wp-content\/uploads\/2025\/02\/ketaus-grill-presas-19-5x19-5-cm-1.jpg\",\"width\":1200,\"height\":1200},{\"@type\":\"BreadcrumbList\",\"@id\":\"https:\/\/maysternya.lt\/product\/ketaus-grill-presas-19-5x19-5-cm\/#breadcrumb\",\"itemListElement\":[{\"@type\":\"ListItem\",\"position\":1,\"name\":\"\u0413\u043b\u0430\u0432\u043d\u0430\u044f \u0441\u0442\u0440\u0430\u043d\u0438\u0446\u0430\",\"item\":\"https:\/\/maysternya.lt\/\"},{\"@type\":\"ListItem\",\"position\":2,\"name\":\"Katalogas\",\"item\":\"https:\/\/maysternya.lt\/en\/katalogas\/\"},{\"@type\":\"ListItem\",\"position\":3,\"name\":\"Ketaus Grill presas 19.5&#215;19.5 cm\"}]},{\"@type\":\"WebSite\",\"@id\":\"https:\/\/maysternya.lt\/#website\",\"url\":\"https:\/\/maysternya.lt\/\",\"name\":\"Maysternya\",\"description\":\"Maysternya ketaus t\u016btos\",\"publisher\":{\"@id\":\"https:\/\/maysternya.lt\/#organization\"},\"potentialAction\":[{\"@type\":\"SearchAction\",\"target\":{\"@type\":\"EntryPoint\",\"urlTemplate\":\"https:\/\/maysternya.lt\/?s={search_term_string}\"},\"query-input\":{\"@type\":\"PropertyValueSpecification\",\"valueRequired\":true,\"valueName\":\"search_term_string\"}}],\"inLanguage\":\"pl-PL\"},{\"@type\":\"Organization\",\"@id\":\"https:\/\/maysternya.lt\/#organization\",\"name\":\"Maysternya\",\"url\":\"https:\/\/maysternya.lt\/\",\"logo\":{\"@type\":\"ImageObject\",\"inLanguage\":\"pl-PL\",\"@id\":\"https:\/\/maysternya.lt\/#\/schema\/logo\/image\/\",\"url\":\"https:\/\/maysternya.lt\/wp-content\/uploads\/2025\/02\/logo.png\",\"contentUrl\":\"https:\/\/maysternya.lt\/wp-content\/uploads\/2025\/02\/logo.png\",\"width\":2222,\"height\":2466,\"caption\":\"Maysternya\"},\"image\":{\"@id\":\"https:\/\/maysternya.lt\/#\/schema\/logo\/image\/\"}}]}<\/script>\n<!-- \/ Yoast SEO plugin. -->","yoast_head_json":{"title":"Ketaus Grill presas 19.5x19.5 cm - Maysternya","robots":{"index":"index","follow":"follow","max-snippet":"max-snippet:-1","max-image-preview":"max-image-preview:large","max-video-preview":"max-video-preview:-1"},"canonical":"https:\/\/maysternya.lt\/pl\/wp-json\/wp\/v2\/product\/3083","og_locale":"pl_PL","og_type":"article","og_title":"Ketaus Grill presas 19.5x19.5 cm - Maysternya","og_description":"Ketaus Grill presas 19.5x19.5 cm\u00a0  Dydis 19.5x19.5 cm,  Svoris - 2 kg,  Rankena ketaus,  Med\u017eiaga - Ketus.","og_url":"https:\/\/maysternya.lt\/pl\/product\/ketaus-grill-presas-19-5x19-5-cm\/","og_site_name":"Maysternya","article_modified_time":"2025-02-11T14:47:15+00:00","og_image":[{"width":1200,"height":1200,"url":"https:\/\/maysternya.lt\/wp-content\/uploads\/2025\/02\/ketaus-grill-presas-19-5x19-5-cm-1.jpg","type":"image\/jpeg"}],"twitter_card":"summary_large_image","twitter_misc":{"Szacowany czas czytania":"2 minuty"},"schema":{"@context":"https:\/\/schema.org","@graph":[{"@type":"WebPage","@id":"https:\/\/maysternya.lt\/product\/ketaus-grill-presas-19-5x19-5-cm\/","url":"https:\/\/maysternya.lt\/product\/ketaus-grill-presas-19-5x19-5-cm\/","name":"Ketaus Grill presas 19.5x19.5 cm - Maysternya","isPartOf":{"@id":"https:\/\/maysternya.lt\/#website"},"primaryImageOfPage":{"@id":"https:\/\/maysternya.lt\/product\/ketaus-grill-presas-19-5x19-5-cm\/#primaryimage"},"image":{"@id":"https:\/\/maysternya.lt\/product\/ketaus-grill-presas-19-5x19-5-cm\/#primaryimage"},"thumbnailUrl":"https:\/\/maysternya.lt\/wp-content\/uploads\/2025\/02\/ketaus-grill-presas-19-5x19-5-cm-1.jpg","datePublished":"2024-05-29T12:46:21+00:00","dateModified":"2025-02-11T14:47:15+00:00","breadcrumb":{"@id":"https:\/\/maysternya.lt\/product\/ketaus-grill-presas-19-5x19-5-cm\/#breadcrumb"},"inLanguage":"pl-PL","potentialAction":[{"@type":"ReadAction","target":["https:\/\/maysternya.lt\/product\/ketaus-grill-presas-19-5x19-5-cm\/"]}]},{"@type":"ImageObject","inLanguage":"pl-PL","@id":"https:\/\/maysternya.lt\/product\/ketaus-grill-presas-19-5x19-5-cm\/#primaryimage","url":"https:\/\/maysternya.lt\/wp-content\/uploads\/2025\/02\/ketaus-grill-presas-19-5x19-5-cm-1.jpg","contentUrl":"https:\/\/maysternya.lt\/wp-content\/uploads\/2025\/02\/ketaus-grill-presas-19-5x19-5-cm-1.jpg","width":1200,"height":1200},{"@type":"BreadcrumbList","@id":"https:\/\/maysternya.lt\/product\/ketaus-grill-presas-19-5x19-5-cm\/#breadcrumb","itemListElement":[{"@type":"ListItem","position":1,"name":"\u0413\u043b\u0430\u0432\u043d\u0430\u044f \u0441\u0442\u0440\u0430\u043d\u0438\u0446\u0430","item":"https:\/\/maysternya.lt\/"},{"@type":"ListItem","position":2,"name":"Katalogas","item":"https:\/\/maysternya.lt\/en\/katalogas\/"},{"@type":"ListItem","position":3,"name":"Ketaus Grill presas 19.5&#215;19.5 cm"}]},{"@type":"WebSite","@id":"https:\/\/maysternya.lt\/#website","url":"https:\/\/maysternya.lt\/","name":"Maysternya","description":"Maysternya ketaus t\u016btos","publisher":{"@id":"https:\/\/maysternya.lt\/#organization"},"potentialAction":[{"@type":"SearchAction","target":{"@type":"EntryPoint","urlTemplate":"https:\/\/maysternya.lt\/?s={search_term_string}"},"query-input":{"@type":"PropertyValueSpecification","valueRequired":true,"valueName":"search_term_string"}}],"inLanguage":"pl-PL"},{"@type":"Organization","@id":"https:\/\/maysternya.lt\/#organization","name":"Maysternya","url":"https:\/\/maysternya.lt\/","logo":{"@type":"ImageObject","inLanguage":"pl-PL","@id":"https:\/\/maysternya.lt\/#\/schema\/logo\/image\/","url":"https:\/\/maysternya.lt\/wp-content\/uploads\/2025\/02\/logo.png","contentUrl":"https:\/\/maysternya.lt\/wp-content\/uploads\/2025\/02\/logo.png","width":2222,"height":2466,"caption":"Maysternya"},"image":{"@id":"https:\/\/maysternya.lt\/#\/schema\/logo\/image\/"}}]}},"_links":{"self":[{"href":"https:\/\/maysternya.lt\/pl\/wp-json\/wp\/v2\/product\/3083","targetHints":{"allow":["GET"]}}],"collection":[{"href":"https:\/\/maysternya.lt\/pl\/wp-json\/wp\/v2\/product"}],"about":[{"href":"https:\/\/maysternya.lt\/pl\/wp-json\/wp\/v2\/types\/product"}],"replies":[{"embeddable":true,"href":"https:\/\/maysternya.lt\/pl\/wp-json\/wp\/v2\/comments?post=3083"}],"wp:featuredmedia":[{"embeddable":true,"href":"https:\/\/maysternya.lt\/pl\/wp-json\/wp\/v2\/media\/3084"}],"wp:attachment":[{"href":"https:\/\/maysternya.lt\/pl\/wp-json\/wp\/v2\/media?parent=3083"}],"wp:term":[{"taxonomy":"product_brand","embeddable":true,"href":"https:\/\/maysternya.lt\/pl\/wp-json\/wp\/v2\/product_brand?post=3083"},{"taxonomy":"product_cat","embeddable":true,"href":"https:\/\/maysternya.lt\/pl\/wp-json\/wp\/v2\/product_cat?post=3083"},{"taxonomy":"product_tag","embeddable":true,"href":"https:\/\/maysternya.lt\/pl\/wp-json\/wp\/v2\/product_tag?post=3083"}],"curies":[{"name":"wp","href":"https:\/\/api.w.org\/{rel}","templated":true}]}}