{"id":2822,"date":"2021-06-27T08:33:47","date_gmt":"2021-06-27T08:33:47","guid":{"rendered":"http:\/\/maysternya.lt\/product\/pjaustymo-lenteles-darzovemszuviaimesai-203045-cm-3vnt\/"},"modified":"2025-02-11T14:43:24","modified_gmt":"2025-02-11T14:43:24","slug":"pjaustymo-lenteles-darzovemszuviaimesai-203045-cm-3vnt","status":"publish","type":"product","link":"https:\/\/maysternya.lt\/pl\/product\/pjaustymo-lenteles-darzovemszuviaimesai-203045-cm-3vnt\/","title":{"rendered":"Pjaustymo lentel\u0117s dar\u017eov\u0117ms, \u017euviai, m\u0117sai 20*30*4,5 cm (3vnt.)"},"content":{"rendered":"<p><span style=\"color: #333333; font-size: 26px;\">Pjaustymo lentel\u0117s dar\u017eov\u0117ms, \u017euviai, m\u0117sai (3vnt.)<\/span><\/p>\n<div class=\"simple-content\">\n<p>&nbsp;<\/p>\n<div>\n<ul>\n<li>Matmenys\u00a0\u00a020x30x1,5 cm;<\/li>\n<li>Med\u017eiaga &#8211; alksnis;<\/li>\n<\/ul>\n<p>Medin\u0117s pjaustymo lentel\u0117s yra ekologi\u0161kos, stabilios ir, o tai svarbu, ant medinio pavir\u0161iaus ne taip greitai at\u0161impa peilio a\u0161menys.<\/p>\n<p>Pagaminta su meile Ukrainoje.<\/p>\n<p><img decoding=\"async\" class=\"size-full wp-image-373\" src=\"http:\/\/maysternya.lt\/wp-content\/uploads\/2025\/02\/Maysternya-logo-2020-100x100px.jpg\" alt=\"Maysternya-logo-2020-100x100px\" width=\"100\" height=\"100\" \/><\/p>\n<\/div>\n<\/div>","protected":false},"excerpt":{"rendered":"<p><span style=\"color: #333333; font-size: 26px;\">Pjaustymo lentel\u0117s dar\u017eov\u0117ms, \u017euviai, m\u0117sai<\/span><\/p>\n<div class=\"simple-content\">\n<p>&nbsp;<\/p>\n<div>\n<ul>\n<li>Matmenys\u00a0\u00a020x30x1,5 cm;<\/li>\n<li>Med\u017eiaga &#8211; alksnis;<\/li>\n<\/ul>\n<\/div>\n<\/div>","protected":false},"featured_media":2823,"comment_status":"open","ping_status":"open","template":"","meta":{"site-sidebar-layout":"default","site-content-layout":"","ast-site-content-layout":"","site-content-style":"default","site-sidebar-style":"default","ast-global-header-display":"","ast-banner-title-visibility":"","ast-main-header-display":"","ast-hfb-above-header-display":"","ast-hfb-below-header-display":"","ast-hfb-mobile-header-display":"","site-post-title":"","ast-breadcrumbs-content":"","ast-featured-img":"","footer-sml-layout":"","theme-transparent-header-meta":"","adv-header-id-meta":"","stick-header-meta":"","header-above-stick-meta":"","header-main-stick-meta":"","header-below-stick-meta":"","astra-migrate-meta-layouts":"default","ast-page-background-enabled":"default","ast-page-background-meta":{"desktop":{"background-color":"var(--ast-global-color-5)","background-image":"","background-repeat":"repeat","background-position":"center center","background-size":"auto","background-attachment":"scroll","background-type":"","background-media":"","overlay-type":"","overlay-color":"","overlay-opacity":"","overlay-gradient":""},"tablet":{"background-color":"","background-image":"","background-repeat":"repeat","background-position":"center center","background-size":"auto","background-attachment":"scroll","background-type":"","background-media":"","overlay-type":"","overlay-color":"","overlay-opacity":"","overlay-gradient":""},"mobile":{"background-color":"","background-image":"","background-repeat":"repeat","background-position":"center center","background-size":"auto","background-attachment":"scroll","background-type":"","background-media":"","overlay-type":"","overlay-color":"","overlay-opacity":"","overlay-gradient":""}},"ast-content-background-meta":{"desktop":{"background-color":"var(--ast-global-color-4)","background-image":"","background-repeat":"repeat","background-position":"center center","background-size":"auto","background-attachment":"scroll","background-type":"","background-media":"","overlay-type":"","overlay-color":"","overlay-opacity":"","overlay-gradient":""},"tablet":{"background-color":"var(--ast-global-color-4)","background-image":"","background-repeat":"repeat","background-position":"center center","background-size":"auto","background-attachment":"scroll","background-type":"","background-media":"","overlay-type":"","overlay-color":"","overlay-opacity":"","overlay-gradient":""},"mobile":{"background-color":"var(--ast-global-color-4)","background-image":"","background-repeat":"repeat","background-position":"center center","background-size":"auto","background-attachment":"scroll","background-type":"","background-media":"","overlay-type":"","overlay-color":"","overlay-opacity":"","overlay-gradient":""}}},"product_brand":[],"product_cat":[41,54,55],"product_tag":[42],"class_list":{"0":"post-2822","1":"product","2":"type-product","3":"status-publish","4":"has-post-thumbnail","6":"product_cat-maysternya","7":"product_cat-virtuves-ir-stalo-reikmenys","8":"product_cat-pjaustymo-lenteles","9":"product_tag-maysternya","10":"product_shipping_class-iprasta-pristatymlo-klase","11":"desktop-align-left","12":"tablet-align-left","13":"mobile-align-left","15":"first","16":"instock","17":"shipping-taxable","18":"product-type-simple"},"yoast_head":"<!-- This site is optimized with the Yoast SEO plugin v24.5 - https:\/\/yoast.com\/wordpress\/plugins\/seo\/ -->\n<title>Pjaustymo lentel\u0117s dar\u017eov\u0117ms, \u017euviai, m\u0117sai 20*30*4,5 cm (3vnt.) - Maysternya<\/title>\n<meta name=\"robots\" content=\"index, follow, max-snippet:-1, max-image-preview:large, max-video-preview:-1\" \/>\n<link rel=\"canonical\" href=\"https:\/\/maysternya.lt\/pl\/wp-json\/wp\/v2\/product\/2822\" \/>\n<meta property=\"og:locale\" content=\"pl_PL\" \/>\n<meta property=\"og:type\" content=\"article\" \/>\n<meta property=\"og:title\" content=\"Pjaustymo lentel\u0117s dar\u017eov\u0117ms, \u017euviai, m\u0117sai 20*30*4,5 cm (3vnt.) - Maysternya\" \/>\n<meta property=\"og:description\" content=\"Pjaustymo lentel\u0117s dar\u017eov\u0117ms, \u017euviai, m\u0117sai  &nbsp;   Matmenys\u00a0\u00a020x30x1,5 cm;  Med\u017eiaga - alksnis;\" \/>\n<meta property=\"og:url\" content=\"https:\/\/maysternya.lt\/pl\/product\/pjaustymo-lenteles-darzovemszuviaimesai-203045-cm-3vnt\/\" \/>\n<meta property=\"og:site_name\" content=\"Maysternya\" \/>\n<meta property=\"article:modified_time\" content=\"2025-02-11T14:43:24+00:00\" \/>\n<meta property=\"og:image\" content=\"https:\/\/maysternya.lt\/wp-content\/uploads\/2025\/02\/8912-e1624783170354.jpg\" \/>\n\t<meta property=\"og:image:width\" content=\"500\" \/>\n\t<meta property=\"og:image:height\" content=\"446\" \/>\n\t<meta property=\"og:image:type\" content=\"image\/jpeg\" \/>\n<meta name=\"twitter:card\" content=\"summary_large_image\" \/>\n<script type=\"application\/ld+json\" class=\"yoast-schema-graph\">{\"@context\":\"https:\/\/schema.org\",\"@graph\":[{\"@type\":\"WebPage\",\"@id\":\"https:\/\/maysternya.lt\/product\/pjaustymo-lenteles-darzovemszuviaimesai-203045-cm-3vnt\/\",\"url\":\"https:\/\/maysternya.lt\/product\/pjaustymo-lenteles-darzovemszuviaimesai-203045-cm-3vnt\/\",\"name\":\"Pjaustymo lentel\u0117s dar\u017eov\u0117ms, \u017euviai, m\u0117sai 20*30*4,5 cm (3vnt.) - Maysternya\",\"isPartOf\":{\"@id\":\"https:\/\/maysternya.lt\/#website\"},\"primaryImageOfPage\":{\"@id\":\"https:\/\/maysternya.lt\/product\/pjaustymo-lenteles-darzovemszuviaimesai-203045-cm-3vnt\/#primaryimage\"},\"image\":{\"@id\":\"https:\/\/maysternya.lt\/product\/pjaustymo-lenteles-darzovemszuviaimesai-203045-cm-3vnt\/#primaryimage\"},\"thumbnailUrl\":\"https:\/\/maysternya.lt\/wp-content\/uploads\/2025\/02\/8912-e1624783170354.jpg\",\"datePublished\":\"2021-06-27T08:33:47+00:00\",\"dateModified\":\"2025-02-11T14:43:24+00:00\",\"breadcrumb\":{\"@id\":\"https:\/\/maysternya.lt\/product\/pjaustymo-lenteles-darzovemszuviaimesai-203045-cm-3vnt\/#breadcrumb\"},\"inLanguage\":\"pl-PL\",\"potentialAction\":[{\"@type\":\"ReadAction\",\"target\":[\"https:\/\/maysternya.lt\/product\/pjaustymo-lenteles-darzovemszuviaimesai-203045-cm-3vnt\/\"]}]},{\"@type\":\"ImageObject\",\"inLanguage\":\"pl-PL\",\"@id\":\"https:\/\/maysternya.lt\/product\/pjaustymo-lenteles-darzovemszuviaimesai-203045-cm-3vnt\/#primaryimage\",\"url\":\"https:\/\/maysternya.lt\/wp-content\/uploads\/2025\/02\/8912-e1624783170354.jpg\",\"contentUrl\":\"https:\/\/maysternya.lt\/wp-content\/uploads\/2025\/02\/8912-e1624783170354.jpg\",\"width\":500,\"height\":446},{\"@type\":\"BreadcrumbList\",\"@id\":\"https:\/\/maysternya.lt\/product\/pjaustymo-lenteles-darzovemszuviaimesai-203045-cm-3vnt\/#breadcrumb\",\"itemListElement\":[{\"@type\":\"ListItem\",\"position\":1,\"name\":\"\u0413\u043b\u0430\u0432\u043d\u0430\u044f \u0441\u0442\u0440\u0430\u043d\u0438\u0446\u0430\",\"item\":\"https:\/\/maysternya.lt\/\"},{\"@type\":\"ListItem\",\"position\":2,\"name\":\"Katalogas\",\"item\":\"https:\/\/maysternya.lt\/en\/katalogas\/\"},{\"@type\":\"ListItem\",\"position\":3,\"name\":\"Pjaustymo lentel\u0117s dar\u017eov\u0117ms, \u017euviai, m\u0117sai 20*30*4,5 cm (3vnt.)\"}]},{\"@type\":\"WebSite\",\"@id\":\"https:\/\/maysternya.lt\/#website\",\"url\":\"https:\/\/maysternya.lt\/\",\"name\":\"Maysternya\",\"description\":\"Maysternya ketaus t\u016btos\",\"publisher\":{\"@id\":\"https:\/\/maysternya.lt\/#organization\"},\"potentialAction\":[{\"@type\":\"SearchAction\",\"target\":{\"@type\":\"EntryPoint\",\"urlTemplate\":\"https:\/\/maysternya.lt\/?s={search_term_string}\"},\"query-input\":{\"@type\":\"PropertyValueSpecification\",\"valueRequired\":true,\"valueName\":\"search_term_string\"}}],\"inLanguage\":\"pl-PL\"},{\"@type\":\"Organization\",\"@id\":\"https:\/\/maysternya.lt\/#organization\",\"name\":\"Maysternya\",\"url\":\"https:\/\/maysternya.lt\/\",\"logo\":{\"@type\":\"ImageObject\",\"inLanguage\":\"pl-PL\",\"@id\":\"https:\/\/maysternya.lt\/#\/schema\/logo\/image\/\",\"url\":\"https:\/\/maysternya.lt\/wp-content\/uploads\/2025\/02\/logo.png\",\"contentUrl\":\"https:\/\/maysternya.lt\/wp-content\/uploads\/2025\/02\/logo.png\",\"width\":2222,\"height\":2466,\"caption\":\"Maysternya\"},\"image\":{\"@id\":\"https:\/\/maysternya.lt\/#\/schema\/logo\/image\/\"}}]}<\/script>\n<!-- \/ Yoast SEO plugin. -->","yoast_head_json":{"title":"Pjaustymo lentel\u0117s dar\u017eov\u0117ms, \u017euviai, m\u0117sai 20*30*4,5 cm (3vnt.) - Maysternya","robots":{"index":"index","follow":"follow","max-snippet":"max-snippet:-1","max-image-preview":"max-image-preview:large","max-video-preview":"max-video-preview:-1"},"canonical":"https:\/\/maysternya.lt\/pl\/wp-json\/wp\/v2\/product\/2822","og_locale":"pl_PL","og_type":"article","og_title":"Pjaustymo lentel\u0117s dar\u017eov\u0117ms, \u017euviai, m\u0117sai 20*30*4,5 cm (3vnt.) - Maysternya","og_description":"Pjaustymo lentel\u0117s dar\u017eov\u0117ms, \u017euviai, m\u0117sai  &nbsp;   Matmenys\u00a0\u00a020x30x1,5 cm;  Med\u017eiaga - alksnis;","og_url":"https:\/\/maysternya.lt\/pl\/product\/pjaustymo-lenteles-darzovemszuviaimesai-203045-cm-3vnt\/","og_site_name":"Maysternya","article_modified_time":"2025-02-11T14:43:24+00:00","og_image":[{"width":500,"height":446,"url":"https:\/\/maysternya.lt\/wp-content\/uploads\/2025\/02\/8912-e1624783170354.jpg","type":"image\/jpeg"}],"twitter_card":"summary_large_image","schema":{"@context":"https:\/\/schema.org","@graph":[{"@type":"WebPage","@id":"https:\/\/maysternya.lt\/product\/pjaustymo-lenteles-darzovemszuviaimesai-203045-cm-3vnt\/","url":"https:\/\/maysternya.lt\/product\/pjaustymo-lenteles-darzovemszuviaimesai-203045-cm-3vnt\/","name":"Pjaustymo lentel\u0117s dar\u017eov\u0117ms, \u017euviai, m\u0117sai 20*30*4,5 cm (3vnt.) - Maysternya","isPartOf":{"@id":"https:\/\/maysternya.lt\/#website"},"primaryImageOfPage":{"@id":"https:\/\/maysternya.lt\/product\/pjaustymo-lenteles-darzovemszuviaimesai-203045-cm-3vnt\/#primaryimage"},"image":{"@id":"https:\/\/maysternya.lt\/product\/pjaustymo-lenteles-darzovemszuviaimesai-203045-cm-3vnt\/#primaryimage"},"thumbnailUrl":"https:\/\/maysternya.lt\/wp-content\/uploads\/2025\/02\/8912-e1624783170354.jpg","datePublished":"2021-06-27T08:33:47+00:00","dateModified":"2025-02-11T14:43:24+00:00","breadcrumb":{"@id":"https:\/\/maysternya.lt\/product\/pjaustymo-lenteles-darzovemszuviaimesai-203045-cm-3vnt\/#breadcrumb"},"inLanguage":"pl-PL","potentialAction":[{"@type":"ReadAction","target":["https:\/\/maysternya.lt\/product\/pjaustymo-lenteles-darzovemszuviaimesai-203045-cm-3vnt\/"]}]},{"@type":"ImageObject","inLanguage":"pl-PL","@id":"https:\/\/maysternya.lt\/product\/pjaustymo-lenteles-darzovemszuviaimesai-203045-cm-3vnt\/#primaryimage","url":"https:\/\/maysternya.lt\/wp-content\/uploads\/2025\/02\/8912-e1624783170354.jpg","contentUrl":"https:\/\/maysternya.lt\/wp-content\/uploads\/2025\/02\/8912-e1624783170354.jpg","width":500,"height":446},{"@type":"BreadcrumbList","@id":"https:\/\/maysternya.lt\/product\/pjaustymo-lenteles-darzovemszuviaimesai-203045-cm-3vnt\/#breadcrumb","itemListElement":[{"@type":"ListItem","position":1,"name":"\u0413\u043b\u0430\u0432\u043d\u0430\u044f \u0441\u0442\u0440\u0430\u043d\u0438\u0446\u0430","item":"https:\/\/maysternya.lt\/"},{"@type":"ListItem","position":2,"name":"Katalogas","item":"https:\/\/maysternya.lt\/en\/katalogas\/"},{"@type":"ListItem","position":3,"name":"Pjaustymo lentel\u0117s dar\u017eov\u0117ms, \u017euviai, m\u0117sai 20*30*4,5 cm (3vnt.)"}]},{"@type":"WebSite","@id":"https:\/\/maysternya.lt\/#website","url":"https:\/\/maysternya.lt\/","name":"Maysternya","description":"Maysternya ketaus t\u016btos","publisher":{"@id":"https:\/\/maysternya.lt\/#organization"},"potentialAction":[{"@type":"SearchAction","target":{"@type":"EntryPoint","urlTemplate":"https:\/\/maysternya.lt\/?s={search_term_string}"},"query-input":{"@type":"PropertyValueSpecification","valueRequired":true,"valueName":"search_term_string"}}],"inLanguage":"pl-PL"},{"@type":"Organization","@id":"https:\/\/maysternya.lt\/#organization","name":"Maysternya","url":"https:\/\/maysternya.lt\/","logo":{"@type":"ImageObject","inLanguage":"pl-PL","@id":"https:\/\/maysternya.lt\/#\/schema\/logo\/image\/","url":"https:\/\/maysternya.lt\/wp-content\/uploads\/2025\/02\/logo.png","contentUrl":"https:\/\/maysternya.lt\/wp-content\/uploads\/2025\/02\/logo.png","width":2222,"height":2466,"caption":"Maysternya"},"image":{"@id":"https:\/\/maysternya.lt\/#\/schema\/logo\/image\/"}}]}},"_links":{"self":[{"href":"https:\/\/maysternya.lt\/pl\/wp-json\/wp\/v2\/product\/2822","targetHints":{"allow":["GET"]}}],"collection":[{"href":"https:\/\/maysternya.lt\/pl\/wp-json\/wp\/v2\/product"}],"about":[{"href":"https:\/\/maysternya.lt\/pl\/wp-json\/wp\/v2\/types\/product"}],"replies":[{"embeddable":true,"href":"https:\/\/maysternya.lt\/pl\/wp-json\/wp\/v2\/comments?post=2822"}],"wp:featuredmedia":[{"embeddable":true,"href":"https:\/\/maysternya.lt\/pl\/wp-json\/wp\/v2\/media\/2823"}],"wp:attachment":[{"href":"https:\/\/maysternya.lt\/pl\/wp-json\/wp\/v2\/media?parent=2822"}],"wp:term":[{"taxonomy":"product_brand","embeddable":true,"href":"https:\/\/maysternya.lt\/pl\/wp-json\/wp\/v2\/product_brand?post=2822"},{"taxonomy":"product_cat","embeddable":true,"href":"https:\/\/maysternya.lt\/pl\/wp-json\/wp\/v2\/product_cat?post=2822"},{"taxonomy":"product_tag","embeddable":true,"href":"https:\/\/maysternya.lt\/pl\/wp-json\/wp\/v2\/product_tag?post=2822"}],"curies":[{"name":"wp","href":"https:\/\/api.w.org\/{rel}","templated":true}]}}