{"id":2636,"date":"2021-02-17T19:36:40","date_gmt":"2021-02-17T19:36:40","guid":{"rendered":"http:\/\/maysternya.lt\/product\/ketaus-keptuviu-maysternya-t201-3-vnt-komplektas\/"},"modified":"2025-02-11T14:40:53","modified_gmt":"2025-02-11T14:40:53","slug":"ketaus-keptuviu-maysternya-t201-3-vnt-komplektas","status":"publish","type":"product","link":"https:\/\/maysternya.lt\/pl\/product\/ketaus-keptuviu-maysternya-t201-3-vnt-komplektas\/","title":{"rendered":"Ketaus keptuv\u0117s \u201eMaysternya\u201c T201 (3 vnt. komplektas)"},"content":{"rendered":"<p><strong>Ketaus keptuvi\u0173 komplektas:<br \/>\n<\/strong>Ketaus keptuvi\u0173 T201 (3 vnt. komplektas)<br \/>\nKetaus keptuv\u0117 su ketaus rankena 16*4 cm | T201<\/p>\n<ul>\n<li>Keptuv\u0117 pagaminta i\u0161 ketaus;<\/li>\n<li>Keptuv\u0117s\u00a0<strong>skersmuo 16 cm;<\/strong><\/li>\n<li>Keptuv\u0117s\u00a0<strong>auk\u0161tis: 4 cm;<\/strong><\/li>\n<li><strong>Tinka visoms virykl\u0117ms<\/strong>: dujin\u0117ms, keramikin\u0117ms, indukcin\u0117ms, elektrin\u0117ms.<\/li>\n<li>Tinka Kamado<\/li>\n<\/ul>\n<p>Ketaus keptuv\u0117s ir puodai yra ilgaam\u017eiai, patvar\u016bs, o j\u0173 pavir\u0161ius i\u0161laiko vienod\u0105 temperat\u016br\u0105. Be to, tinkamai naudojamas ketaus indas gali tarnauti am\u017einai, tod\u0117l juos galima perduoti i\u0161 kartos \u012f kart\u0105. Investuoti \u012f ketaus indus \u2013 protingas pasirinkimas. Keptuv\u0117s ir puodai i\u0161 \u00a0yra skirti vis\u0173 tip\u0173 virykl\u0117ms, \u012fskaitant keramines ir indukcines. Ketaus puodai ir keptuv\u0117s i\u0161laiko nepakitusi\u0105 form\u0105 ir turi nepriekai\u0161ting\u0105 pavir\u0161i\u0173.<\/p>\n<p><img decoding=\"async\" class=\"alignnone wp-image-2893\" src=\"http:\/\/maysternya.lt\/wp-content\/uploads\/2025\/02\/Maysternya-logo-350x350px.png\" alt=\"\" width=\"165\" height=\"165\" \/><\/p>\n<p>Taip pat m\u016bs\u0173 parduotuv\u0117je yra ir \u201eMaysternya\u201c gamybos (Ukraina) <a href=\"https:\/\/www.ketaus.lt\/kazanai-ketaus-kazanas-maysternya\/\">kazanai<\/a>.<\/p>\n<p>Kvie\u010diame \u012fsigyti! Ketaus <a href=\"https:\/\/www.ketaus.lt\/parduotuve\/ketaus-kazanas-wok-8-l-su-ketaus-dangciu-keptuve-t405cp\/\">KAZANAS<\/a> su ketaus dang\u010diu keptuv\u0117<\/p>\n<p>Modelis T405CP | Dugnas WOK | Talpa: 8 litrai<\/p>","protected":false},"excerpt":{"rendered":"<p><strong>Ketaus keptuvi\u0173 komplektas:<br \/>\n<\/strong>Ketaus keptuvi\u0173 T201 3 vnt. KOMPLEKTAS<br \/>\nKetaus keptuv\u0117 su ketaus rankena 16*4 cm<\/p>\n<p>Modelis: T201<\/p>\n<ul>\n<li>Keptuv\u0117 pagaminta i\u0161 ketaus;<\/li>\n<li>Keptuv\u0117s\u00a0<strong>skersmuo 16 cm;<\/strong><\/li>\n<li>Keptuv\u0117s\u00a0<strong>gylis: 4 cm;<\/strong><\/li>\n<li>Tinka Kamado<\/li>\n<li><strong>Tinka visoms virykl\u0117ms<\/strong>: dujin\u0117ms, keramikin\u0117ms, indukcin\u0117ms, elektrin\u0117ms.<\/li>\n<\/ul>\n<p>Ketaus keptuv\u0117s ir puodai yra ilgaam\u017eiai, patvar\u016bs, o j\u0173 pavir\u0161ius i\u0161laiko vienod\u0105 temperat\u016br\u0105. Be to, tinkamai naudojamas ketaus indas gali tarnauti am\u017einai, tod\u0117l juos galima perduoti i\u0161 kartos \u012f kart\u0105. Investuoti \u012f ketaus indus \u2013 protingas pasirinkimas. Keptuv\u0117s ir puodai i\u0161 \u00a0yra skirti vis\u0173 tip\u0173 virykl\u0117ms, \u012fskaitant keramines ir indukcines. Ketaus puodai ir keptuv\u0117s i\u0161laiko nepakitusi\u0105 form\u0105 ir turi nepriekai\u0161ting\u0105 pavir\u0161i\u0173.<\/p>","protected":false},"featured_media":2637,"comment_status":"open","ping_status":"open","template":"","meta":{"site-sidebar-layout":"default","site-content-layout":"","ast-site-content-layout":"","site-content-style":"default","site-sidebar-style":"default","ast-global-header-display":"","ast-banner-title-visibility":"","ast-main-header-display":"","ast-hfb-above-header-display":"","ast-hfb-below-header-display":"","ast-hfb-mobile-header-display":"","site-post-title":"","ast-breadcrumbs-content":"","ast-featured-img":"","footer-sml-layout":"","theme-transparent-header-meta":"","adv-header-id-meta":"","stick-header-meta":"","header-above-stick-meta":"","header-main-stick-meta":"","header-below-stick-meta":"","astra-migrate-meta-layouts":"default","ast-page-background-enabled":"default","ast-page-background-meta":{"desktop":{"background-color":"var(--ast-global-color-5)","background-image":"","background-repeat":"repeat","background-position":"center center","background-size":"auto","background-attachment":"scroll","background-type":"","background-media":"","overlay-type":"","overlay-color":"","overlay-opacity":"","overlay-gradient":""},"tablet":{"background-color":"","background-image":"","background-repeat":"repeat","background-position":"center center","background-size":"auto","background-attachment":"scroll","background-type":"","background-media":"","overlay-type":"","overlay-color":"","overlay-opacity":"","overlay-gradient":""},"mobile":{"background-color":"","background-image":"","background-repeat":"repeat","background-position":"center center","background-size":"auto","background-attachment":"scroll","background-type":"","background-media":"","overlay-type":"","overlay-color":"","overlay-opacity":"","overlay-gradient":""}},"ast-content-background-meta":{"desktop":{"background-color":"var(--ast-global-color-4)","background-image":"","background-repeat":"repeat","background-position":"center center","background-size":"auto","background-attachment":"scroll","background-type":"","background-media":"","overlay-type":"","overlay-color":"","overlay-opacity":"","overlay-gradient":""},"tablet":{"background-color":"var(--ast-global-color-4)","background-image":"","background-repeat":"repeat","background-position":"center center","background-size":"auto","background-attachment":"scroll","background-type":"","background-media":"","overlay-type":"","overlay-color":"","overlay-opacity":"","overlay-gradient":""},"mobile":{"background-color":"var(--ast-global-color-4)","background-image":"","background-repeat":"repeat","background-position":"center center","background-size":"auto","background-attachment":"scroll","background-type":"","background-media":"","overlay-type":"","overlay-color":"","overlay-opacity":"","overlay-gradient":""}}},"product_brand":[],"product_cat":[49,57,41,37,38,39,43],"product_tag":[42],"class_list":{"0":"post-2636","1":"product","2":"type-product","3":"status-publish","4":"has-post-thumbnail","6":"product_cat-dovanos","7":"product_cat-dovanu-rinkiniai","8":"product_cat-maysternya","9":"product_cat-virtuves-indai","10":"product_cat-keptuves-virtuves-indai","11":"product_cat-ketaus-keptuves","12":"product_cat-ketaus-troskintuvai","13":"product_tag-maysternya","14":"product_shipping_class-iprasta-pristatymlo-klase","15":"desktop-align-left","16":"tablet-align-left","17":"mobile-align-left","19":"first","20":"instock","21":"shipping-taxable","22":"product-type-simple"},"yoast_head":"<!-- This site is optimized with the Yoast SEO plugin v24.5 - https:\/\/yoast.com\/wordpress\/plugins\/seo\/ -->\n<title>Ketaus keptuv\u0117s \u201eMaysternya\u201c T201 (3 vnt. komplektas) - Maysternya<\/title>\n<meta name=\"robots\" content=\"index, follow, max-snippet:-1, max-image-preview:large, max-video-preview:-1\" \/>\n<link rel=\"canonical\" href=\"https:\/\/maysternya.lt\/pl\/wp-json\/wp\/v2\/product\/2636\" \/>\n<meta property=\"og:locale\" content=\"pl_PL\" \/>\n<meta property=\"og:type\" content=\"article\" \/>\n<meta property=\"og:title\" content=\"Ketaus keptuv\u0117s \u201eMaysternya\u201c T201 (3 vnt. komplektas) - Maysternya\" \/>\n<meta property=\"og:description\" content=\"Ketaus keptuvi\u0173 komplektas: Ketaus keptuvi\u0173 T201 3 vnt. KOMPLEKTAS Ketaus keptuv\u0117 su ketaus rankena 16*4 cm Modelis: T201  Keptuv\u0117 pagaminta i\u0161 ketaus;  Keptuv\u0117s\u00a0skersmuo 16 cm;  Keptuv\u0117s\u00a0gylis: 4 cm;  Tinka Kamado  Tinka visoms virykl\u0117ms: dujin\u0117ms, keramikin\u0117ms, indukcin\u0117ms, elektrin\u0117ms. Ketaus keptuv\u0117s ir puodai yra ilgaam\u017eiai, patvar\u016bs, o j\u0173 pavir\u0161ius i\u0161laiko vienod\u0105 temperat\u016br\u0105. Be to, tinkamai naudojamas ketaus indas gali tarnauti am\u017einai, tod\u0117l juos galima perduoti i\u0161 kartos \u012f kart\u0105. Investuoti \u012f ketaus indus \u2013 protingas pasirinkimas. Keptuv\u0117s ir puodai i\u0161 \u00a0yra skirti vis\u0173 tip\u0173 virykl\u0117ms, \u012fskaitant keramines ir indukcines. Ketaus puodai ir keptuv\u0117s i\u0161laiko nepakitusi\u0105 form\u0105 ir turi nepriekai\u0161ting\u0105 pavir\u0161i\u0173.\" \/>\n<meta property=\"og:url\" content=\"https:\/\/maysternya.lt\/pl\/product\/ketaus-keptuviu-maysternya-t201-3-vnt-komplektas\/\" \/>\n<meta property=\"og:site_name\" content=\"Maysternya\" \/>\n<meta property=\"article:modified_time\" content=\"2025-02-11T14:40:53+00:00\" \/>\n<meta property=\"og:image\" content=\"https:\/\/maysternya.lt\/wp-content\/uploads\/2025\/02\/3-vnt-Ketaus-Keptuves-Maysternya-komplektas-T201-TOP-pasiulymas.jpg\" \/>\n\t<meta property=\"og:image:width\" content=\"1200\" \/>\n\t<meta property=\"og:image:height\" content=\"1200\" \/>\n\t<meta property=\"og:image:type\" content=\"image\/jpeg\" \/>\n<meta name=\"twitter:card\" content=\"summary_large_image\" \/>\n<meta name=\"twitter:label1\" content=\"Szacowany czas czytania\" \/>\n\t<meta name=\"twitter:data1\" content=\"1 minuta\" \/>\n<script type=\"application\/ld+json\" class=\"yoast-schema-graph\">{\"@context\":\"https:\/\/schema.org\",\"@graph\":[{\"@type\":\"WebPage\",\"@id\":\"https:\/\/maysternya.lt\/product\/ketaus-keptuviu-maysternya-t201-3-vnt-komplektas\/\",\"url\":\"https:\/\/maysternya.lt\/product\/ketaus-keptuviu-maysternya-t201-3-vnt-komplektas\/\",\"name\":\"Ketaus keptuv\u0117s \u201eMaysternya\u201c T201 (3 vnt. komplektas) - Maysternya\",\"isPartOf\":{\"@id\":\"https:\/\/maysternya.lt\/#website\"},\"primaryImageOfPage\":{\"@id\":\"https:\/\/maysternya.lt\/product\/ketaus-keptuviu-maysternya-t201-3-vnt-komplektas\/#primaryimage\"},\"image\":{\"@id\":\"https:\/\/maysternya.lt\/product\/ketaus-keptuviu-maysternya-t201-3-vnt-komplektas\/#primaryimage\"},\"thumbnailUrl\":\"https:\/\/maysternya.lt\/wp-content\/uploads\/2025\/02\/3-vnt-Ketaus-Keptuves-Maysternya-komplektas-T201-TOP-pasiulymas.jpg\",\"datePublished\":\"2021-02-17T19:36:40+00:00\",\"dateModified\":\"2025-02-11T14:40:53+00:00\",\"breadcrumb\":{\"@id\":\"https:\/\/maysternya.lt\/product\/ketaus-keptuviu-maysternya-t201-3-vnt-komplektas\/#breadcrumb\"},\"inLanguage\":\"pl-PL\",\"potentialAction\":[{\"@type\":\"ReadAction\",\"target\":[\"https:\/\/maysternya.lt\/product\/ketaus-keptuviu-maysternya-t201-3-vnt-komplektas\/\"]}]},{\"@type\":\"ImageObject\",\"inLanguage\":\"pl-PL\",\"@id\":\"https:\/\/maysternya.lt\/product\/ketaus-keptuviu-maysternya-t201-3-vnt-komplektas\/#primaryimage\",\"url\":\"https:\/\/maysternya.lt\/wp-content\/uploads\/2025\/02\/3-vnt-Ketaus-Keptuves-Maysternya-komplektas-T201-TOP-pasiulymas.jpg\",\"contentUrl\":\"https:\/\/maysternya.lt\/wp-content\/uploads\/2025\/02\/3-vnt-Ketaus-Keptuves-Maysternya-komplektas-T201-TOP-pasiulymas.jpg\",\"width\":1200,\"height\":1200,\"caption\":\"Ketaus-Keptuves-3-vnt-Maysternya-komplektas-T201-TOP-pasiulymas\"},{\"@type\":\"BreadcrumbList\",\"@id\":\"https:\/\/maysternya.lt\/product\/ketaus-keptuviu-maysternya-t201-3-vnt-komplektas\/#breadcrumb\",\"itemListElement\":[{\"@type\":\"ListItem\",\"position\":1,\"name\":\"\u0413\u043b\u0430\u0432\u043d\u0430\u044f \u0441\u0442\u0440\u0430\u043d\u0438\u0446\u0430\",\"item\":\"https:\/\/maysternya.lt\/\"},{\"@type\":\"ListItem\",\"position\":2,\"name\":\"Katalogas\",\"item\":\"https:\/\/maysternya.lt\/en\/katalogas\/\"},{\"@type\":\"ListItem\",\"position\":3,\"name\":\"Ketaus keptuv\u0117s \u201eMaysternya\u201c T201 (3 vnt. komplektas)\"}]},{\"@type\":\"WebSite\",\"@id\":\"https:\/\/maysternya.lt\/#website\",\"url\":\"https:\/\/maysternya.lt\/\",\"name\":\"Maysternya\",\"description\":\"Maysternya ketaus t\u016btos\",\"publisher\":{\"@id\":\"https:\/\/maysternya.lt\/#organization\"},\"potentialAction\":[{\"@type\":\"SearchAction\",\"target\":{\"@type\":\"EntryPoint\",\"urlTemplate\":\"https:\/\/maysternya.lt\/?s={search_term_string}\"},\"query-input\":{\"@type\":\"PropertyValueSpecification\",\"valueRequired\":true,\"valueName\":\"search_term_string\"}}],\"inLanguage\":\"pl-PL\"},{\"@type\":\"Organization\",\"@id\":\"https:\/\/maysternya.lt\/#organization\",\"name\":\"Maysternya\",\"url\":\"https:\/\/maysternya.lt\/\",\"logo\":{\"@type\":\"ImageObject\",\"inLanguage\":\"pl-PL\",\"@id\":\"https:\/\/maysternya.lt\/#\/schema\/logo\/image\/\",\"url\":\"https:\/\/maysternya.lt\/wp-content\/uploads\/2025\/02\/logo.png\",\"contentUrl\":\"https:\/\/maysternya.lt\/wp-content\/uploads\/2025\/02\/logo.png\",\"width\":2222,\"height\":2466,\"caption\":\"Maysternya\"},\"image\":{\"@id\":\"https:\/\/maysternya.lt\/#\/schema\/logo\/image\/\"}}]}<\/script>\n<!-- \/ Yoast SEO plugin. -->","yoast_head_json":{"title":"Ketaus keptuv\u0117s \u201eMaysternya\u201c T201 (3 vnt. komplektas) - Maysternya","robots":{"index":"index","follow":"follow","max-snippet":"max-snippet:-1","max-image-preview":"max-image-preview:large","max-video-preview":"max-video-preview:-1"},"canonical":"https:\/\/maysternya.lt\/pl\/wp-json\/wp\/v2\/product\/2636","og_locale":"pl_PL","og_type":"article","og_title":"Ketaus keptuv\u0117s \u201eMaysternya\u201c T201 (3 vnt. komplektas) - Maysternya","og_description":"Ketaus keptuvi\u0173 komplektas: Ketaus keptuvi\u0173 T201 3 vnt. KOMPLEKTAS Ketaus keptuv\u0117 su ketaus rankena 16*4 cm Modelis: T201  Keptuv\u0117 pagaminta i\u0161 ketaus;  Keptuv\u0117s\u00a0skersmuo 16 cm;  Keptuv\u0117s\u00a0gylis: 4 cm;  Tinka Kamado  Tinka visoms virykl\u0117ms: dujin\u0117ms, keramikin\u0117ms, indukcin\u0117ms, elektrin\u0117ms. Ketaus keptuv\u0117s ir puodai yra ilgaam\u017eiai, patvar\u016bs, o j\u0173 pavir\u0161ius i\u0161laiko vienod\u0105 temperat\u016br\u0105. Be to, tinkamai naudojamas ketaus indas gali tarnauti am\u017einai, tod\u0117l juos galima perduoti i\u0161 kartos \u012f kart\u0105. Investuoti \u012f ketaus indus \u2013 protingas pasirinkimas. Keptuv\u0117s ir puodai i\u0161 \u00a0yra skirti vis\u0173 tip\u0173 virykl\u0117ms, \u012fskaitant keramines ir indukcines. Ketaus puodai ir keptuv\u0117s i\u0161laiko nepakitusi\u0105 form\u0105 ir turi nepriekai\u0161ting\u0105 pavir\u0161i\u0173.","og_url":"https:\/\/maysternya.lt\/pl\/product\/ketaus-keptuviu-maysternya-t201-3-vnt-komplektas\/","og_site_name":"Maysternya","article_modified_time":"2025-02-11T14:40:53+00:00","og_image":[{"width":1200,"height":1200,"url":"https:\/\/maysternya.lt\/wp-content\/uploads\/2025\/02\/3-vnt-Ketaus-Keptuves-Maysternya-komplektas-T201-TOP-pasiulymas.jpg","type":"image\/jpeg"}],"twitter_card":"summary_large_image","twitter_misc":{"Szacowany czas czytania":"1 minuta"},"schema":{"@context":"https:\/\/schema.org","@graph":[{"@type":"WebPage","@id":"https:\/\/maysternya.lt\/product\/ketaus-keptuviu-maysternya-t201-3-vnt-komplektas\/","url":"https:\/\/maysternya.lt\/product\/ketaus-keptuviu-maysternya-t201-3-vnt-komplektas\/","name":"Ketaus keptuv\u0117s \u201eMaysternya\u201c T201 (3 vnt. komplektas) - Maysternya","isPartOf":{"@id":"https:\/\/maysternya.lt\/#website"},"primaryImageOfPage":{"@id":"https:\/\/maysternya.lt\/product\/ketaus-keptuviu-maysternya-t201-3-vnt-komplektas\/#primaryimage"},"image":{"@id":"https:\/\/maysternya.lt\/product\/ketaus-keptuviu-maysternya-t201-3-vnt-komplektas\/#primaryimage"},"thumbnailUrl":"https:\/\/maysternya.lt\/wp-content\/uploads\/2025\/02\/3-vnt-Ketaus-Keptuves-Maysternya-komplektas-T201-TOP-pasiulymas.jpg","datePublished":"2021-02-17T19:36:40+00:00","dateModified":"2025-02-11T14:40:53+00:00","breadcrumb":{"@id":"https:\/\/maysternya.lt\/product\/ketaus-keptuviu-maysternya-t201-3-vnt-komplektas\/#breadcrumb"},"inLanguage":"pl-PL","potentialAction":[{"@type":"ReadAction","target":["https:\/\/maysternya.lt\/product\/ketaus-keptuviu-maysternya-t201-3-vnt-komplektas\/"]}]},{"@type":"ImageObject","inLanguage":"pl-PL","@id":"https:\/\/maysternya.lt\/product\/ketaus-keptuviu-maysternya-t201-3-vnt-komplektas\/#primaryimage","url":"https:\/\/maysternya.lt\/wp-content\/uploads\/2025\/02\/3-vnt-Ketaus-Keptuves-Maysternya-komplektas-T201-TOP-pasiulymas.jpg","contentUrl":"https:\/\/maysternya.lt\/wp-content\/uploads\/2025\/02\/3-vnt-Ketaus-Keptuves-Maysternya-komplektas-T201-TOP-pasiulymas.jpg","width":1200,"height":1200,"caption":"Ketaus-Keptuves-3-vnt-Maysternya-komplektas-T201-TOP-pasiulymas"},{"@type":"BreadcrumbList","@id":"https:\/\/maysternya.lt\/product\/ketaus-keptuviu-maysternya-t201-3-vnt-komplektas\/#breadcrumb","itemListElement":[{"@type":"ListItem","position":1,"name":"\u0413\u043b\u0430\u0432\u043d\u0430\u044f \u0441\u0442\u0440\u0430\u043d\u0438\u0446\u0430","item":"https:\/\/maysternya.lt\/"},{"@type":"ListItem","position":2,"name":"Katalogas","item":"https:\/\/maysternya.lt\/en\/katalogas\/"},{"@type":"ListItem","position":3,"name":"Ketaus keptuv\u0117s \u201eMaysternya\u201c T201 (3 vnt. komplektas)"}]},{"@type":"WebSite","@id":"https:\/\/maysternya.lt\/#website","url":"https:\/\/maysternya.lt\/","name":"Maysternya","description":"Maysternya ketaus t\u016btos","publisher":{"@id":"https:\/\/maysternya.lt\/#organization"},"potentialAction":[{"@type":"SearchAction","target":{"@type":"EntryPoint","urlTemplate":"https:\/\/maysternya.lt\/?s={search_term_string}"},"query-input":{"@type":"PropertyValueSpecification","valueRequired":true,"valueName":"search_term_string"}}],"inLanguage":"pl-PL"},{"@type":"Organization","@id":"https:\/\/maysternya.lt\/#organization","name":"Maysternya","url":"https:\/\/maysternya.lt\/","logo":{"@type":"ImageObject","inLanguage":"pl-PL","@id":"https:\/\/maysternya.lt\/#\/schema\/logo\/image\/","url":"https:\/\/maysternya.lt\/wp-content\/uploads\/2025\/02\/logo.png","contentUrl":"https:\/\/maysternya.lt\/wp-content\/uploads\/2025\/02\/logo.png","width":2222,"height":2466,"caption":"Maysternya"},"image":{"@id":"https:\/\/maysternya.lt\/#\/schema\/logo\/image\/"}}]}},"_links":{"self":[{"href":"https:\/\/maysternya.lt\/pl\/wp-json\/wp\/v2\/product\/2636","targetHints":{"allow":["GET"]}}],"collection":[{"href":"https:\/\/maysternya.lt\/pl\/wp-json\/wp\/v2\/product"}],"about":[{"href":"https:\/\/maysternya.lt\/pl\/wp-json\/wp\/v2\/types\/product"}],"replies":[{"embeddable":true,"href":"https:\/\/maysternya.lt\/pl\/wp-json\/wp\/v2\/comments?post=2636"}],"wp:featuredmedia":[{"embeddable":true,"href":"https:\/\/maysternya.lt\/pl\/wp-json\/wp\/v2\/media\/2637"}],"wp:attachment":[{"href":"https:\/\/maysternya.lt\/pl\/wp-json\/wp\/v2\/media?parent=2636"}],"wp:term":[{"taxonomy":"product_brand","embeddable":true,"href":"https:\/\/maysternya.lt\/pl\/wp-json\/wp\/v2\/product_brand?post=2636"},{"taxonomy":"product_cat","embeddable":true,"href":"https:\/\/maysternya.lt\/pl\/wp-json\/wp\/v2\/product_cat?post=2636"},{"taxonomy":"product_tag","embeddable":true,"href":"https:\/\/maysternya.lt\/pl\/wp-json\/wp\/v2\/product_tag?post=2636"}],"curies":[{"name":"wp","href":"https:\/\/api.w.org\/{rel}","templated":true}]}}