{"id":2501,"date":"2020-10-31T17:15:03","date_gmt":"2020-10-31T17:15:03","guid":{"rendered":"http:\/\/maysternya.lt\/product\/ketaus-keptuve-skrudintuvas-204-cm-su-stikliniu-dangciu-t1011c3\/"},"modified":"2025-02-11T14:32:56","modified_gmt":"2025-02-11T14:32:56","slug":"ketaus-keptuve-skrudintuvas-204-cm-su-stikliniu-dangciu-t1011c3","status":"publish","type":"product","link":"https:\/\/maysternya.lt\/pl\/product\/ketaus-keptuve-skrudintuvas-204-cm-su-stikliniu-dangciu-t1011c3\/","title":{"rendered":"Ketaus keptuv\u0117 skrudintuvas 20*4 cm su stikliniu dang\u010diu T1011C3"},"content":{"rendered":"<h4><strong>Ketaus keptuv\u0117 skrudintuvas 20*4 cm su stikliniu dang\u010diu<\/strong><\/h4>\n<p><strong>Modelis T1011C3<\/strong><\/p>\n<ul>\n<li><strong>Keptuv\u0117 pagaminta i\u0161 ketaus;<\/strong><\/li>\n<li><strong>Keptuv\u0117s\u00a0skersmuo 16 cm;<\/strong><\/li>\n<li><strong>Keptuv\u0117s\u00a0auk\u0161tis: 4 cm;<\/strong><\/li>\n<li><strong>Tinka visoms virykl\u0117ms: dujin\u0117ms, keramikin\u0117ms, indukcin\u0117ms, elekrin\u0117ms.<\/strong><\/li>\n<li><strong>Tinka Kamado<\/strong><\/li>\n<\/ul>","protected":false},"excerpt":{"rendered":"<p><strong>Ketaus keptuv\u0117 skrudintuvas 20*4 cm su stikliniu dang\u010diu<\/strong><\/p>\n<p><strong>Modelis T1011C3<\/strong><\/p>\n<ul>\n<li><strong>Keptuv\u0117 pagaminta i\u0161 ketaus;<\/strong><\/li>\n<li><strong>Keptuv\u0117s\u00a0skersmuo 16 cm;<\/strong><\/li>\n<li><strong>Keptuv\u0117s\u00a0auk\u0161tis: 4 cm;<\/strong><\/li>\n<li><strong>Tinka visoms virykl\u0117ms: dujin\u0117ms, keramikin\u0117ms, indukcin\u0117ms, elekrin\u0117ms.<\/strong><\/li>\n<li><strong>Tinka Kamado<\/strong><\/li>\n<\/ul>","protected":false},"featured_media":2502,"comment_status":"open","ping_status":"open","template":"","meta":{"site-sidebar-layout":"default","site-content-layout":"","ast-site-content-layout":"","site-content-style":"default","site-sidebar-style":"default","ast-global-header-display":"","ast-banner-title-visibility":"","ast-main-header-display":"","ast-hfb-above-header-display":"","ast-hfb-below-header-display":"","ast-hfb-mobile-header-display":"","site-post-title":"","ast-breadcrumbs-content":"","ast-featured-img":"","footer-sml-layout":"","theme-transparent-header-meta":"","adv-header-id-meta":"","stick-header-meta":"","header-above-stick-meta":"","header-main-stick-meta":"","header-below-stick-meta":"","astra-migrate-meta-layouts":"default","ast-page-background-enabled":"default","ast-page-background-meta":{"desktop":{"background-color":"var(--ast-global-color-5)","background-image":"","background-repeat":"repeat","background-position":"center center","background-size":"auto","background-attachment":"scroll","background-type":"","background-media":"","overlay-type":"","overlay-color":"","overlay-opacity":"","overlay-gradient":""},"tablet":{"background-color":"","background-image":"","background-repeat":"repeat","background-position":"center center","background-size":"auto","background-attachment":"scroll","background-type":"","background-media":"","overlay-type":"","overlay-color":"","overlay-opacity":"","overlay-gradient":""},"mobile":{"background-color":"","background-image":"","background-repeat":"repeat","background-position":"center center","background-size":"auto","background-attachment":"scroll","background-type":"","background-media":"","overlay-type":"","overlay-color":"","overlay-opacity":"","overlay-gradient":""}},"ast-content-background-meta":{"desktop":{"background-color":"var(--ast-global-color-4)","background-image":"","background-repeat":"repeat","background-position":"center center","background-size":"auto","background-attachment":"scroll","background-type":"","background-media":"","overlay-type":"","overlay-color":"","overlay-opacity":"","overlay-gradient":""},"tablet":{"background-color":"var(--ast-global-color-4)","background-image":"","background-repeat":"repeat","background-position":"center center","background-size":"auto","background-attachment":"scroll","background-type":"","background-media":"","overlay-type":"","overlay-color":"","overlay-opacity":"","overlay-gradient":""},"mobile":{"background-color":"var(--ast-global-color-4)","background-image":"","background-repeat":"repeat","background-position":"center center","background-size":"auto","background-attachment":"scroll","background-type":"","background-media":"","overlay-type":"","overlay-color":"","overlay-opacity":"","overlay-gradient":""}}},"product_brand":[],"product_cat":[37,38,39,43],"product_tag":[42],"class_list":{"0":"post-2501","1":"product","2":"type-product","3":"status-publish","4":"has-post-thumbnail","6":"product_cat-virtuves-indai","7":"product_cat-keptuves-virtuves-indai","8":"product_cat-ketaus-keptuves","9":"product_cat-ketaus-troskintuvai","10":"product_tag-maysternya","11":"product_shipping_class-iprasta-pristatymlo-klase","12":"desktop-align-left","13":"tablet-align-left","14":"mobile-align-left","16":"first","17":"instock","18":"shipping-taxable","19":"product-type-simple"},"yoast_head":"<!-- This site is optimized with the Yoast SEO plugin v24.5 - https:\/\/yoast.com\/wordpress\/plugins\/seo\/ -->\n<title>Ketaus keptuv\u0117 skrudintuvas 20*4 cm su stikliniu dang\u010diu T1011C3 - Maysternya<\/title>\n<meta name=\"robots\" content=\"index, follow, max-snippet:-1, max-image-preview:large, max-video-preview:-1\" \/>\n<link rel=\"canonical\" href=\"https:\/\/maysternya.lt\/pl\/wp-json\/wp\/v2\/product\/2501\" \/>\n<meta property=\"og:locale\" content=\"pl_PL\" \/>\n<meta property=\"og:type\" content=\"article\" \/>\n<meta property=\"og:title\" content=\"Ketaus keptuv\u0117 skrudintuvas 20*4 cm su stikliniu dang\u010diu T1011C3 - Maysternya\" \/>\n<meta property=\"og:description\" content=\"Ketaus keptuv\u0117 skrudintuvas 20*4 cm su stikliniu dang\u010diu Modelis T1011C3  Keptuv\u0117 pagaminta i\u0161 ketaus;  Keptuv\u0117s\u00a0skersmuo 16 cm;  Keptuv\u0117s\u00a0auk\u0161tis: 4 cm;  Tinka visoms virykl\u0117ms: dujin\u0117ms, keramikin\u0117ms, indukcin\u0117ms, elekrin\u0117ms.  Tinka Kamado\" \/>\n<meta property=\"og:url\" content=\"https:\/\/maysternya.lt\/pl\/product\/ketaus-keptuve-skrudintuvas-204-cm-su-stikliniu-dangciu-t1011c3\/\" \/>\n<meta property=\"og:site_name\" content=\"Maysternya\" \/>\n<meta property=\"article:modified_time\" content=\"2025-02-11T14:32:56+00:00\" \/>\n<meta property=\"og:image\" content=\"https:\/\/maysternya.lt\/wp-content\/uploads\/2025\/02\/T1011C3.jpg\" \/>\n\t<meta property=\"og:image:width\" content=\"600\" \/>\n\t<meta property=\"og:image:height\" content=\"600\" \/>\n\t<meta property=\"og:image:type\" content=\"image\/jpeg\" \/>\n<meta name=\"twitter:card\" content=\"summary_large_image\" \/>\n<script type=\"application\/ld+json\" class=\"yoast-schema-graph\">{\"@context\":\"https:\/\/schema.org\",\"@graph\":[{\"@type\":\"WebPage\",\"@id\":\"https:\/\/maysternya.lt\/product\/ketaus-keptuve-skrudintuvas-204-cm-su-stikliniu-dangciu-t1011c3\/\",\"url\":\"https:\/\/maysternya.lt\/product\/ketaus-keptuve-skrudintuvas-204-cm-su-stikliniu-dangciu-t1011c3\/\",\"name\":\"Ketaus keptuv\u0117 skrudintuvas 20*4 cm su stikliniu dang\u010diu T1011C3 - Maysternya\",\"isPartOf\":{\"@id\":\"https:\/\/maysternya.lt\/#website\"},\"primaryImageOfPage\":{\"@id\":\"https:\/\/maysternya.lt\/product\/ketaus-keptuve-skrudintuvas-204-cm-su-stikliniu-dangciu-t1011c3\/#primaryimage\"},\"image\":{\"@id\":\"https:\/\/maysternya.lt\/product\/ketaus-keptuve-skrudintuvas-204-cm-su-stikliniu-dangciu-t1011c3\/#primaryimage\"},\"thumbnailUrl\":\"https:\/\/maysternya.lt\/wp-content\/uploads\/2025\/02\/T1011C3.jpg\",\"datePublished\":\"2020-10-31T17:15:03+00:00\",\"dateModified\":\"2025-02-11T14:32:56+00:00\",\"breadcrumb\":{\"@id\":\"https:\/\/maysternya.lt\/product\/ketaus-keptuve-skrudintuvas-204-cm-su-stikliniu-dangciu-t1011c3\/#breadcrumb\"},\"inLanguage\":\"pl-PL\",\"potentialAction\":[{\"@type\":\"ReadAction\",\"target\":[\"https:\/\/maysternya.lt\/product\/ketaus-keptuve-skrudintuvas-204-cm-su-stikliniu-dangciu-t1011c3\/\"]}]},{\"@type\":\"ImageObject\",\"inLanguage\":\"pl-PL\",\"@id\":\"https:\/\/maysternya.lt\/product\/ketaus-keptuve-skrudintuvas-204-cm-su-stikliniu-dangciu-t1011c3\/#primaryimage\",\"url\":\"https:\/\/maysternya.lt\/wp-content\/uploads\/2025\/02\/T1011C3.jpg\",\"contentUrl\":\"https:\/\/maysternya.lt\/wp-content\/uploads\/2025\/02\/T1011C3.jpg\",\"width\":600,\"height\":600},{\"@type\":\"BreadcrumbList\",\"@id\":\"https:\/\/maysternya.lt\/product\/ketaus-keptuve-skrudintuvas-204-cm-su-stikliniu-dangciu-t1011c3\/#breadcrumb\",\"itemListElement\":[{\"@type\":\"ListItem\",\"position\":1,\"name\":\"\u0413\u043b\u0430\u0432\u043d\u0430\u044f \u0441\u0442\u0440\u0430\u043d\u0438\u0446\u0430\",\"item\":\"https:\/\/maysternya.lt\/\"},{\"@type\":\"ListItem\",\"position\":2,\"name\":\"Katalogas\",\"item\":\"https:\/\/maysternya.lt\/en\/katalogas\/\"},{\"@type\":\"ListItem\",\"position\":3,\"name\":\"Ketaus keptuv\u0117 skrudintuvas 20*4 cm su stikliniu dang\u010diu T1011C3\"}]},{\"@type\":\"WebSite\",\"@id\":\"https:\/\/maysternya.lt\/#website\",\"url\":\"https:\/\/maysternya.lt\/\",\"name\":\"Maysternya\",\"description\":\"Maysternya ketaus t\u016btos\",\"publisher\":{\"@id\":\"https:\/\/maysternya.lt\/#organization\"},\"potentialAction\":[{\"@type\":\"SearchAction\",\"target\":{\"@type\":\"EntryPoint\",\"urlTemplate\":\"https:\/\/maysternya.lt\/?s={search_term_string}\"},\"query-input\":{\"@type\":\"PropertyValueSpecification\",\"valueRequired\":true,\"valueName\":\"search_term_string\"}}],\"inLanguage\":\"pl-PL\"},{\"@type\":\"Organization\",\"@id\":\"https:\/\/maysternya.lt\/#organization\",\"name\":\"Maysternya\",\"url\":\"https:\/\/maysternya.lt\/\",\"logo\":{\"@type\":\"ImageObject\",\"inLanguage\":\"pl-PL\",\"@id\":\"https:\/\/maysternya.lt\/#\/schema\/logo\/image\/\",\"url\":\"https:\/\/maysternya.lt\/wp-content\/uploads\/2025\/02\/logo.png\",\"contentUrl\":\"https:\/\/maysternya.lt\/wp-content\/uploads\/2025\/02\/logo.png\",\"width\":2222,\"height\":2466,\"caption\":\"Maysternya\"},\"image\":{\"@id\":\"https:\/\/maysternya.lt\/#\/schema\/logo\/image\/\"}}]}<\/script>\n<!-- \/ Yoast SEO plugin. -->","yoast_head_json":{"title":"Ketaus keptuv\u0117 skrudintuvas 20*4 cm su stikliniu dang\u010diu T1011C3 - Maysternya","robots":{"index":"index","follow":"follow","max-snippet":"max-snippet:-1","max-image-preview":"max-image-preview:large","max-video-preview":"max-video-preview:-1"},"canonical":"https:\/\/maysternya.lt\/pl\/wp-json\/wp\/v2\/product\/2501","og_locale":"pl_PL","og_type":"article","og_title":"Ketaus keptuv\u0117 skrudintuvas 20*4 cm su stikliniu dang\u010diu T1011C3 - Maysternya","og_description":"Ketaus keptuv\u0117 skrudintuvas 20*4 cm su stikliniu dang\u010diu Modelis T1011C3  Keptuv\u0117 pagaminta i\u0161 ketaus;  Keptuv\u0117s\u00a0skersmuo 16 cm;  Keptuv\u0117s\u00a0auk\u0161tis: 4 cm;  Tinka visoms virykl\u0117ms: dujin\u0117ms, keramikin\u0117ms, indukcin\u0117ms, elekrin\u0117ms.  Tinka Kamado","og_url":"https:\/\/maysternya.lt\/pl\/product\/ketaus-keptuve-skrudintuvas-204-cm-su-stikliniu-dangciu-t1011c3\/","og_site_name":"Maysternya","article_modified_time":"2025-02-11T14:32:56+00:00","og_image":[{"width":600,"height":600,"url":"https:\/\/maysternya.lt\/wp-content\/uploads\/2025\/02\/T1011C3.jpg","type":"image\/jpeg"}],"twitter_card":"summary_large_image","schema":{"@context":"https:\/\/schema.org","@graph":[{"@type":"WebPage","@id":"https:\/\/maysternya.lt\/product\/ketaus-keptuve-skrudintuvas-204-cm-su-stikliniu-dangciu-t1011c3\/","url":"https:\/\/maysternya.lt\/product\/ketaus-keptuve-skrudintuvas-204-cm-su-stikliniu-dangciu-t1011c3\/","name":"Ketaus keptuv\u0117 skrudintuvas 20*4 cm su stikliniu dang\u010diu T1011C3 - Maysternya","isPartOf":{"@id":"https:\/\/maysternya.lt\/#website"},"primaryImageOfPage":{"@id":"https:\/\/maysternya.lt\/product\/ketaus-keptuve-skrudintuvas-204-cm-su-stikliniu-dangciu-t1011c3\/#primaryimage"},"image":{"@id":"https:\/\/maysternya.lt\/product\/ketaus-keptuve-skrudintuvas-204-cm-su-stikliniu-dangciu-t1011c3\/#primaryimage"},"thumbnailUrl":"https:\/\/maysternya.lt\/wp-content\/uploads\/2025\/02\/T1011C3.jpg","datePublished":"2020-10-31T17:15:03+00:00","dateModified":"2025-02-11T14:32:56+00:00","breadcrumb":{"@id":"https:\/\/maysternya.lt\/product\/ketaus-keptuve-skrudintuvas-204-cm-su-stikliniu-dangciu-t1011c3\/#breadcrumb"},"inLanguage":"pl-PL","potentialAction":[{"@type":"ReadAction","target":["https:\/\/maysternya.lt\/product\/ketaus-keptuve-skrudintuvas-204-cm-su-stikliniu-dangciu-t1011c3\/"]}]},{"@type":"ImageObject","inLanguage":"pl-PL","@id":"https:\/\/maysternya.lt\/product\/ketaus-keptuve-skrudintuvas-204-cm-su-stikliniu-dangciu-t1011c3\/#primaryimage","url":"https:\/\/maysternya.lt\/wp-content\/uploads\/2025\/02\/T1011C3.jpg","contentUrl":"https:\/\/maysternya.lt\/wp-content\/uploads\/2025\/02\/T1011C3.jpg","width":600,"height":600},{"@type":"BreadcrumbList","@id":"https:\/\/maysternya.lt\/product\/ketaus-keptuve-skrudintuvas-204-cm-su-stikliniu-dangciu-t1011c3\/#breadcrumb","itemListElement":[{"@type":"ListItem","position":1,"name":"\u0413\u043b\u0430\u0432\u043d\u0430\u044f \u0441\u0442\u0440\u0430\u043d\u0438\u0446\u0430","item":"https:\/\/maysternya.lt\/"},{"@type":"ListItem","position":2,"name":"Katalogas","item":"https:\/\/maysternya.lt\/en\/katalogas\/"},{"@type":"ListItem","position":3,"name":"Ketaus keptuv\u0117 skrudintuvas 20*4 cm su stikliniu dang\u010diu T1011C3"}]},{"@type":"WebSite","@id":"https:\/\/maysternya.lt\/#website","url":"https:\/\/maysternya.lt\/","name":"Maysternya","description":"Maysternya ketaus t\u016btos","publisher":{"@id":"https:\/\/maysternya.lt\/#organization"},"potentialAction":[{"@type":"SearchAction","target":{"@type":"EntryPoint","urlTemplate":"https:\/\/maysternya.lt\/?s={search_term_string}"},"query-input":{"@type":"PropertyValueSpecification","valueRequired":true,"valueName":"search_term_string"}}],"inLanguage":"pl-PL"},{"@type":"Organization","@id":"https:\/\/maysternya.lt\/#organization","name":"Maysternya","url":"https:\/\/maysternya.lt\/","logo":{"@type":"ImageObject","inLanguage":"pl-PL","@id":"https:\/\/maysternya.lt\/#\/schema\/logo\/image\/","url":"https:\/\/maysternya.lt\/wp-content\/uploads\/2025\/02\/logo.png","contentUrl":"https:\/\/maysternya.lt\/wp-content\/uploads\/2025\/02\/logo.png","width":2222,"height":2466,"caption":"Maysternya"},"image":{"@id":"https:\/\/maysternya.lt\/#\/schema\/logo\/image\/"}}]}},"_links":{"self":[{"href":"https:\/\/maysternya.lt\/pl\/wp-json\/wp\/v2\/product\/2501","targetHints":{"allow":["GET"]}}],"collection":[{"href":"https:\/\/maysternya.lt\/pl\/wp-json\/wp\/v2\/product"}],"about":[{"href":"https:\/\/maysternya.lt\/pl\/wp-json\/wp\/v2\/types\/product"}],"replies":[{"embeddable":true,"href":"https:\/\/maysternya.lt\/pl\/wp-json\/wp\/v2\/comments?post=2501"}],"wp:featuredmedia":[{"embeddable":true,"href":"https:\/\/maysternya.lt\/pl\/wp-json\/wp\/v2\/media\/2502"}],"wp:attachment":[{"href":"https:\/\/maysternya.lt\/pl\/wp-json\/wp\/v2\/media?parent=2501"}],"wp:term":[{"taxonomy":"product_brand","embeddable":true,"href":"https:\/\/maysternya.lt\/pl\/wp-json\/wp\/v2\/product_brand?post=2501"},{"taxonomy":"product_cat","embeddable":true,"href":"https:\/\/maysternya.lt\/pl\/wp-json\/wp\/v2\/product_cat?post=2501"},{"taxonomy":"product_tag","embeddable":true,"href":"https:\/\/maysternya.lt\/pl\/wp-json\/wp\/v2\/product_tag?post=2501"}],"curies":[{"name":"wp","href":"https:\/\/api.w.org\/{rel}","templated":true}]}}