{"id":1744,"date":"2020-10-31T10:48:03","date_gmt":"2020-10-31T10:48:03","guid":{"rendered":"http:\/\/maysternya.lt\/product\/ketaus-grilio-keptuve-35354-cm-grill-t309\/"},"modified":"2025-02-11T14:19:38","modified_gmt":"2025-02-11T14:19:38","slug":"ketaus-grilio-keptuve-35354-cm-grill-t309","status":"publish","type":"product","link":"https:\/\/maysternya.lt\/pl\/product\/ketaus-grilio-keptuve-35354-cm-grill-t309\/","title":{"rendered":"Ketaus grilio keptuv\u0117  35*35*4 cm GRILL | T309"},"content":{"rendered":"<p><strong>Ketaus keptuv\u0117 GRILL T309<\/strong><\/p>\n<ul>\n<li><strong>Kepimo indas pagamintas i\u0161 ketaus;<\/strong><\/li>\n<li><strong>Matmenys: 35x35x4 cm<\/strong><\/li>\n<li><strong>Dvi rankenos.<\/strong><\/li>\n<li><strong>Tinka visoms virykl\u0117ms: dujin\u0117ms, keramikin\u0117ms, indukcin\u0117ms, elekrin\u0117ms.<\/strong><\/li>\n<li><strong>Galima naudoti orkait\u0117je ar ant atviros ugnies.<\/strong><\/li>\n<li><strong>Tinka Kamado<\/strong><\/li>\n<\/ul>\n<p>Ketaus keptuv\u0117s ir puodai yra ilgaam\u017eiai, patvar\u016bs, o j\u0173 pavir\u0161ius i\u0161laiko vienod\u0105 temperat\u016br\u0105. Be to, tinkamai naudojamas ketaus indas gali tarnauti am\u017einai, tod\u0117l juos galima perduoti i\u0161 kartos \u012f kart\u0105. Investuoti \u012f ketaus indus \u2013 protingas pasirinkimas. Keptuv\u0117s ir puodai i\u0161 \u00a0yra skirti vis\u0173 tip\u0173 virykl\u0117ms, \u012fskaitant keramines ir indukcines. Ketaus puodai ir keptuv\u0117s i\u0161laiko nepakitusi\u0105 form\u0105 ir turi nepriekai\u0161ting\u0105 pavir\u0161i\u0173.<\/p>\n<p><img decoding=\"async\" class=\"wp-image-2893 size-thumbnail\" src=\"http:\/\/maysternya.lt\/wp-content\/uploads\/2025\/02\/Maysternya-logo-350x350px-150x150-1.png\" alt=\"Ketaus indai-internete-Ketaus.lt--Maysternya\" width=\"150\" height=\"150\" \/><\/p>","protected":false},"excerpt":{"rendered":"<p><strong>Ketaus keptuv\u0117 GRILL 35*35*4 cm \u00abMaysternya\u00ae\u00bb<\/strong><\/p>\n<p><strong>Modelis: T309<\/strong><\/p>\n<p><strong>Gamintojas: Maysternya\u00ae<\/strong><\/p>\n<ul>\n<li><strong>Kepimo indas pagamintas i\u0161 auk\u0161tos kokyb\u0117s ketaus (\u0161pi\u017einis);<\/strong><\/li>\n<li><strong>Matmenys: 35x35x4 cm<\/strong><\/li>\n<li><strong>Dvi rankenos.<\/strong><\/li>\n<li><strong>Tinka visoms virykl\u0117ms: dujin\u0117ms, keramikin\u0117ms, indukcin\u0117ms, elekrin\u0117ms.<\/strong><\/li>\n<li><strong>Galima naudoti orkait\u0117je ar ant atviros ugnies.<\/strong><\/li>\n<li><strong>Tinka Kamado<\/strong><\/li>\n<\/ul>","protected":false},"featured_media":1745,"comment_status":"open","ping_status":"open","template":"","meta":{"site-sidebar-layout":"default","site-content-layout":"","ast-site-content-layout":"","site-content-style":"default","site-sidebar-style":"default","ast-global-header-display":"","ast-banner-title-visibility":"","ast-main-header-display":"","ast-hfb-above-header-display":"","ast-hfb-below-header-display":"","ast-hfb-mobile-header-display":"","site-post-title":"","ast-breadcrumbs-content":"","ast-featured-img":"","footer-sml-layout":"","theme-transparent-header-meta":"","adv-header-id-meta":"","stick-header-meta":"","header-above-stick-meta":"","header-main-stick-meta":"","header-below-stick-meta":"","astra-migrate-meta-layouts":"default","ast-page-background-enabled":"default","ast-page-background-meta":{"desktop":{"background-color":"var(--ast-global-color-5)","background-image":"","background-repeat":"repeat","background-position":"center center","background-size":"auto","background-attachment":"scroll","background-type":"","background-media":"","overlay-type":"","overlay-color":"","overlay-opacity":"","overlay-gradient":""},"tablet":{"background-color":"","background-image":"","background-repeat":"repeat","background-position":"center center","background-size":"auto","background-attachment":"scroll","background-type":"","background-media":"","overlay-type":"","overlay-color":"","overlay-opacity":"","overlay-gradient":""},"mobile":{"background-color":"","background-image":"","background-repeat":"repeat","background-position":"center center","background-size":"auto","background-attachment":"scroll","background-type":"","background-media":"","overlay-type":"","overlay-color":"","overlay-opacity":"","overlay-gradient":""}},"ast-content-background-meta":{"desktop":{"background-color":"var(--ast-global-color-4)","background-image":"","background-repeat":"repeat","background-position":"center center","background-size":"auto","background-attachment":"scroll","background-type":"","background-media":"","overlay-type":"","overlay-color":"","overlay-opacity":"","overlay-gradient":""},"tablet":{"background-color":"var(--ast-global-color-4)","background-image":"","background-repeat":"repeat","background-position":"center center","background-size":"auto","background-attachment":"scroll","background-type":"","background-media":"","overlay-type":"","overlay-color":"","overlay-opacity":"","overlay-gradient":""},"mobile":{"background-color":"var(--ast-global-color-4)","background-image":"","background-repeat":"repeat","background-position":"center center","background-size":"auto","background-attachment":"scroll","background-type":"","background-media":"","overlay-type":"","overlay-color":"","overlay-opacity":"","overlay-gradient":""}}},"product_brand":[],"product_cat":[41,37,38,39,45],"product_tag":[42],"class_list":{"0":"post-1744","1":"product","2":"type-product","3":"status-publish","4":"has-post-thumbnail","6":"product_cat-maysternya","7":"product_cat-virtuves-indai","8":"product_cat-keptuves-virtuves-indai","9":"product_cat-ketaus-keptuves","10":"product_cat-ketaus-keptuves-grill","11":"product_tag-maysternya","12":"product_shipping_class-iprasta-pristatymlo-klase","13":"desktop-align-left","14":"tablet-align-left","15":"mobile-align-left","17":"first","18":"instock","19":"shipping-taxable","20":"product-type-simple"},"yoast_head":"<!-- This site is optimized with the Yoast SEO plugin v24.5 - https:\/\/yoast.com\/wordpress\/plugins\/seo\/ -->\n<title>Ketaus grilio keptuv\u0117 35*35*4 cm GRILL | T309 - Maysternya<\/title>\n<meta name=\"robots\" content=\"index, follow, max-snippet:-1, max-image-preview:large, max-video-preview:-1\" \/>\n<link rel=\"canonical\" href=\"https:\/\/maysternya.lt\/pl\/wp-json\/wp\/v2\/product\/1744\" \/>\n<meta property=\"og:locale\" content=\"pl_PL\" \/>\n<meta property=\"og:type\" content=\"article\" \/>\n<meta property=\"og:title\" content=\"Ketaus grilio keptuv\u0117 35*35*4 cm GRILL | T309 - Maysternya\" \/>\n<meta property=\"og:description\" content=\"Ketaus keptuv\u0117 GRILL 35*35*4 cm \u00abMaysternya\u00ae\u00bb Modelis: T309 Gamintojas: Maysternya\u00ae  Kepimo indas pagamintas i\u0161 auk\u0161tos kokyb\u0117s ketaus (\u0161pi\u017einis);  Matmenys: 35x35x4 cm  Dvi rankenos.  Tinka visoms virykl\u0117ms: dujin\u0117ms, keramikin\u0117ms, indukcin\u0117ms, elekrin\u0117ms.  Galima naudoti orkait\u0117je ar ant atviros ugnies.  Tinka Kamado\" \/>\n<meta property=\"og:url\" content=\"https:\/\/maysternya.lt\/pl\/product\/ketaus-grilio-keptuve-35354-cm-grill-t309\/\" \/>\n<meta property=\"og:site_name\" content=\"Maysternya\" \/>\n<meta property=\"article:modified_time\" content=\"2025-02-11T14:19:38+00:00\" \/>\n<meta property=\"og:image\" content=\"https:\/\/maysternya.lt\/wp-content\/uploads\/2025\/02\/T309_2.jpg\" \/>\n\t<meta property=\"og:image:width\" content=\"600\" \/>\n\t<meta property=\"og:image:height\" content=\"600\" \/>\n\t<meta property=\"og:image:type\" content=\"image\/jpeg\" \/>\n<meta name=\"twitter:card\" content=\"summary_large_image\" \/>\n<meta name=\"twitter:label1\" content=\"Szacowany czas czytania\" \/>\n\t<meta name=\"twitter:data1\" content=\"1 minuta\" \/>\n<script type=\"application\/ld+json\" class=\"yoast-schema-graph\">{\"@context\":\"https:\/\/schema.org\",\"@graph\":[{\"@type\":\"WebPage\",\"@id\":\"https:\/\/maysternya.lt\/product\/ketaus-grilio-keptuve-35354-cm-grill-t309\/\",\"url\":\"https:\/\/maysternya.lt\/product\/ketaus-grilio-keptuve-35354-cm-grill-t309\/\",\"name\":\"Ketaus grilio keptuv\u0117 35*35*4 cm GRILL | T309 - Maysternya\",\"isPartOf\":{\"@id\":\"https:\/\/maysternya.lt\/#website\"},\"primaryImageOfPage\":{\"@id\":\"https:\/\/maysternya.lt\/product\/ketaus-grilio-keptuve-35354-cm-grill-t309\/#primaryimage\"},\"image\":{\"@id\":\"https:\/\/maysternya.lt\/product\/ketaus-grilio-keptuve-35354-cm-grill-t309\/#primaryimage\"},\"thumbnailUrl\":\"https:\/\/maysternya.lt\/wp-content\/uploads\/2025\/02\/T309_2.jpg\",\"datePublished\":\"2020-10-31T10:48:03+00:00\",\"dateModified\":\"2025-02-11T14:19:38+00:00\",\"breadcrumb\":{\"@id\":\"https:\/\/maysternya.lt\/product\/ketaus-grilio-keptuve-35354-cm-grill-t309\/#breadcrumb\"},\"inLanguage\":\"pl-PL\",\"potentialAction\":[{\"@type\":\"ReadAction\",\"target\":[\"https:\/\/maysternya.lt\/product\/ketaus-grilio-keptuve-35354-cm-grill-t309\/\"]}]},{\"@type\":\"ImageObject\",\"inLanguage\":\"pl-PL\",\"@id\":\"https:\/\/maysternya.lt\/product\/ketaus-grilio-keptuve-35354-cm-grill-t309\/#primaryimage\",\"url\":\"https:\/\/maysternya.lt\/wp-content\/uploads\/2025\/02\/T309_2.jpg\",\"contentUrl\":\"https:\/\/maysternya.lt\/wp-content\/uploads\/2025\/02\/T309_2.jpg\",\"width\":600,\"height\":600},{\"@type\":\"BreadcrumbList\",\"@id\":\"https:\/\/maysternya.lt\/product\/ketaus-grilio-keptuve-35354-cm-grill-t309\/#breadcrumb\",\"itemListElement\":[{\"@type\":\"ListItem\",\"position\":1,\"name\":\"\u0413\u043b\u0430\u0432\u043d\u0430\u044f \u0441\u0442\u0440\u0430\u043d\u0438\u0446\u0430\",\"item\":\"https:\/\/maysternya.lt\/\"},{\"@type\":\"ListItem\",\"position\":2,\"name\":\"Katalogas\",\"item\":\"https:\/\/maysternya.lt\/en\/katalogas\/\"},{\"@type\":\"ListItem\",\"position\":3,\"name\":\"Ketaus grilio keptuv\u0117 35*35*4 cm GRILL | T309\"}]},{\"@type\":\"WebSite\",\"@id\":\"https:\/\/maysternya.lt\/#website\",\"url\":\"https:\/\/maysternya.lt\/\",\"name\":\"Maysternya\",\"description\":\"Maysternya ketaus t\u016btos\",\"publisher\":{\"@id\":\"https:\/\/maysternya.lt\/#organization\"},\"potentialAction\":[{\"@type\":\"SearchAction\",\"target\":{\"@type\":\"EntryPoint\",\"urlTemplate\":\"https:\/\/maysternya.lt\/?s={search_term_string}\"},\"query-input\":{\"@type\":\"PropertyValueSpecification\",\"valueRequired\":true,\"valueName\":\"search_term_string\"}}],\"inLanguage\":\"pl-PL\"},{\"@type\":\"Organization\",\"@id\":\"https:\/\/maysternya.lt\/#organization\",\"name\":\"Maysternya\",\"url\":\"https:\/\/maysternya.lt\/\",\"logo\":{\"@type\":\"ImageObject\",\"inLanguage\":\"pl-PL\",\"@id\":\"https:\/\/maysternya.lt\/#\/schema\/logo\/image\/\",\"url\":\"https:\/\/maysternya.lt\/wp-content\/uploads\/2025\/02\/logo.png\",\"contentUrl\":\"https:\/\/maysternya.lt\/wp-content\/uploads\/2025\/02\/logo.png\",\"width\":2222,\"height\":2466,\"caption\":\"Maysternya\"},\"image\":{\"@id\":\"https:\/\/maysternya.lt\/#\/schema\/logo\/image\/\"}}]}<\/script>\n<!-- \/ Yoast SEO plugin. -->","yoast_head_json":{"title":"Ketaus grilio keptuv\u0117 35*35*4 cm GRILL | T309 - Maysternya","robots":{"index":"index","follow":"follow","max-snippet":"max-snippet:-1","max-image-preview":"max-image-preview:large","max-video-preview":"max-video-preview:-1"},"canonical":"https:\/\/maysternya.lt\/pl\/wp-json\/wp\/v2\/product\/1744","og_locale":"pl_PL","og_type":"article","og_title":"Ketaus grilio keptuv\u0117 35*35*4 cm GRILL | T309 - Maysternya","og_description":"Ketaus keptuv\u0117 GRILL 35*35*4 cm \u00abMaysternya\u00ae\u00bb Modelis: T309 Gamintojas: Maysternya\u00ae  Kepimo indas pagamintas i\u0161 auk\u0161tos kokyb\u0117s ketaus (\u0161pi\u017einis);  Matmenys: 35x35x4 cm  Dvi rankenos.  Tinka visoms virykl\u0117ms: dujin\u0117ms, keramikin\u0117ms, indukcin\u0117ms, elekrin\u0117ms.  Galima naudoti orkait\u0117je ar ant atviros ugnies.  Tinka Kamado","og_url":"https:\/\/maysternya.lt\/pl\/product\/ketaus-grilio-keptuve-35354-cm-grill-t309\/","og_site_name":"Maysternya","article_modified_time":"2025-02-11T14:19:38+00:00","og_image":[{"width":600,"height":600,"url":"https:\/\/maysternya.lt\/wp-content\/uploads\/2025\/02\/T309_2.jpg","type":"image\/jpeg"}],"twitter_card":"summary_large_image","twitter_misc":{"Szacowany czas czytania":"1 minuta"},"schema":{"@context":"https:\/\/schema.org","@graph":[{"@type":"WebPage","@id":"https:\/\/maysternya.lt\/product\/ketaus-grilio-keptuve-35354-cm-grill-t309\/","url":"https:\/\/maysternya.lt\/product\/ketaus-grilio-keptuve-35354-cm-grill-t309\/","name":"Ketaus grilio keptuv\u0117 35*35*4 cm GRILL | T309 - Maysternya","isPartOf":{"@id":"https:\/\/maysternya.lt\/#website"},"primaryImageOfPage":{"@id":"https:\/\/maysternya.lt\/product\/ketaus-grilio-keptuve-35354-cm-grill-t309\/#primaryimage"},"image":{"@id":"https:\/\/maysternya.lt\/product\/ketaus-grilio-keptuve-35354-cm-grill-t309\/#primaryimage"},"thumbnailUrl":"https:\/\/maysternya.lt\/wp-content\/uploads\/2025\/02\/T309_2.jpg","datePublished":"2020-10-31T10:48:03+00:00","dateModified":"2025-02-11T14:19:38+00:00","breadcrumb":{"@id":"https:\/\/maysternya.lt\/product\/ketaus-grilio-keptuve-35354-cm-grill-t309\/#breadcrumb"},"inLanguage":"pl-PL","potentialAction":[{"@type":"ReadAction","target":["https:\/\/maysternya.lt\/product\/ketaus-grilio-keptuve-35354-cm-grill-t309\/"]}]},{"@type":"ImageObject","inLanguage":"pl-PL","@id":"https:\/\/maysternya.lt\/product\/ketaus-grilio-keptuve-35354-cm-grill-t309\/#primaryimage","url":"https:\/\/maysternya.lt\/wp-content\/uploads\/2025\/02\/T309_2.jpg","contentUrl":"https:\/\/maysternya.lt\/wp-content\/uploads\/2025\/02\/T309_2.jpg","width":600,"height":600},{"@type":"BreadcrumbList","@id":"https:\/\/maysternya.lt\/product\/ketaus-grilio-keptuve-35354-cm-grill-t309\/#breadcrumb","itemListElement":[{"@type":"ListItem","position":1,"name":"\u0413\u043b\u0430\u0432\u043d\u0430\u044f \u0441\u0442\u0440\u0430\u043d\u0438\u0446\u0430","item":"https:\/\/maysternya.lt\/"},{"@type":"ListItem","position":2,"name":"Katalogas","item":"https:\/\/maysternya.lt\/en\/katalogas\/"},{"@type":"ListItem","position":3,"name":"Ketaus grilio keptuv\u0117 35*35*4 cm GRILL | T309"}]},{"@type":"WebSite","@id":"https:\/\/maysternya.lt\/#website","url":"https:\/\/maysternya.lt\/","name":"Maysternya","description":"Maysternya ketaus t\u016btos","publisher":{"@id":"https:\/\/maysternya.lt\/#organization"},"potentialAction":[{"@type":"SearchAction","target":{"@type":"EntryPoint","urlTemplate":"https:\/\/maysternya.lt\/?s={search_term_string}"},"query-input":{"@type":"PropertyValueSpecification","valueRequired":true,"valueName":"search_term_string"}}],"inLanguage":"pl-PL"},{"@type":"Organization","@id":"https:\/\/maysternya.lt\/#organization","name":"Maysternya","url":"https:\/\/maysternya.lt\/","logo":{"@type":"ImageObject","inLanguage":"pl-PL","@id":"https:\/\/maysternya.lt\/#\/schema\/logo\/image\/","url":"https:\/\/maysternya.lt\/wp-content\/uploads\/2025\/02\/logo.png","contentUrl":"https:\/\/maysternya.lt\/wp-content\/uploads\/2025\/02\/logo.png","width":2222,"height":2466,"caption":"Maysternya"},"image":{"@id":"https:\/\/maysternya.lt\/#\/schema\/logo\/image\/"}}]}},"_links":{"self":[{"href":"https:\/\/maysternya.lt\/pl\/wp-json\/wp\/v2\/product\/1744","targetHints":{"allow":["GET"]}}],"collection":[{"href":"https:\/\/maysternya.lt\/pl\/wp-json\/wp\/v2\/product"}],"about":[{"href":"https:\/\/maysternya.lt\/pl\/wp-json\/wp\/v2\/types\/product"}],"replies":[{"embeddable":true,"href":"https:\/\/maysternya.lt\/pl\/wp-json\/wp\/v2\/comments?post=1744"}],"wp:featuredmedia":[{"embeddable":true,"href":"https:\/\/maysternya.lt\/pl\/wp-json\/wp\/v2\/media\/1745"}],"wp:attachment":[{"href":"https:\/\/maysternya.lt\/pl\/wp-json\/wp\/v2\/media?parent=1744"}],"wp:term":[{"taxonomy":"product_brand","embeddable":true,"href":"https:\/\/maysternya.lt\/pl\/wp-json\/wp\/v2\/product_brand?post=1744"},{"taxonomy":"product_cat","embeddable":true,"href":"https:\/\/maysternya.lt\/pl\/wp-json\/wp\/v2\/product_cat?post=1744"},{"taxonomy":"product_tag","embeddable":true,"href":"https:\/\/maysternya.lt\/pl\/wp-json\/wp\/v2\/product_tag?post=1744"}],"curies":[{"name":"wp","href":"https:\/\/api.w.org\/{rel}","templated":true}]}}