{"id":1561,"date":"2020-10-31T10:48:00","date_gmt":"2020-10-31T10:48:00","guid":{"rendered":"http:\/\/maysternya.lt\/product\/ketaus-keptuve-244-%d1%81m-su-medine-rankena-t302\/"},"modified":"2025-02-11T14:18:24","modified_gmt":"2025-02-11T14:18:24","slug":"ketaus-keptuve-244-%d1%81m-su-medine-rankena-t302","status":"publish","type":"product","link":"https:\/\/maysternya.lt\/pl\/product\/ketaus-keptuve-244-%d1%81m-su-medine-rankena-t302\/","title":{"rendered":"Ketaus keptuv\u0117 24*4 \u0441m su medine rankena | T302"},"content":{"rendered":"<h3><strong>Ketaus keptuv\u0117 (su nuimama medine rankena)<\/strong><\/h3>\n<p><strong>Modelis: T302<\/strong><\/p>\n<p><strong>Gamintojas: Maysternya\u00ae (Ukraina)<\/strong><\/p>\n<ul>\n<li><strong>Keptuv\u0117 pagaminta i\u0161 ketaus;<\/strong><\/li>\n<li><strong>Rankena medin\u0117 (atsisuka);<\/strong><\/li>\n<li><strong>Tinka KAMADO<\/strong><\/li>\n<li><strong>Skersmuo: 24 cm;<\/strong><\/li>\n<li><strong>Dugno skersmuo: 20cm;<\/strong><\/li>\n<li><strong>Auk\u0161tis: 4\u00a0cm;<\/strong><\/li>\n<li><strong>Tinka visoms virykl\u0117ms: dujin\u0117ms, keramikin\u0117ms, indukcin\u0117ms, elektrin\u0117ms.<\/strong><\/li>\n<\/ul>\n<p>Ketaus keptuv\u0117s ir puodai yra ilgaam\u017eiai, patvar\u016bs, o j\u0173 pavir\u0161ius i\u0161laiko vienod\u0105 temperat\u016br\u0105. Be to, tinkamai naudojamas ketaus indas gali tarnauti am\u017einai, tod\u0117l juos galima perduoti i\u0161 kartos \u012f kart\u0105. Investuoti \u012f ketaus indus \u2013 protingas pasirinkimas. Keptuv\u0117s ir puodai i\u0161 \u00a0yra skirti vis\u0173 tip\u0173 virykl\u0117ms, \u012fskaitant keramines ir indukcines. Ketaus puodai ir keptuv\u0117s i\u0161laiko nepakitusi\u0105 form\u0105 ir turi nepriekai\u0161ting\u0105 pavir\u0161i\u0173.<\/p>\n<p><img decoding=\"async\" class=\"wp-image-2893 size-thumbnail\" src=\"http:\/\/maysternya.lt\/wp-content\/uploads\/2025\/02\/Maysternya-logo-350x350px-150x150-1.png\" alt=\"Ketaus indai-internete-Ketaus.lt--Maysternya\" width=\"150\" height=\"150\" \/><\/p>\n<p>&nbsp;<\/p>","protected":false},"excerpt":{"rendered":"<ul>\n<li>\n<h3><strong>Ketaus keptuv\u0117 (su nuimama medine rankena)<\/strong><\/h3>\n<p><strong>Modelis: T302<\/strong><\/p>\n<p><strong>Gamintojas: Maysternya\u00ae (Ukraina)<\/strong><\/p>\n<ul>\n<li><strong>Keptuv\u0117 pagaminta i\u0161 ketaus;<\/strong><\/li>\n<li><strong>Rankena medin\u0117 (atsisuka);<\/strong><\/li>\n<li><strong>Tinka KAMADO<\/strong><\/li>\n<li><strong>Skersmuo: 24 cm;<\/strong><\/li>\n<li><strong>Auk\u0161tis: 4\u00a0cm;<\/strong><\/li>\n<li><strong>Tinka visoms virykl\u0117ms: dujin\u0117ms, keramikin\u0117ms, indukcin\u0117ms, elektrin\u0117ms.<\/strong><\/li>\n<\/ul>\n<\/li>\n<\/ul>","protected":false},"featured_media":1562,"comment_status":"open","ping_status":"open","template":"","meta":{"site-sidebar-layout":"default","site-content-layout":"","ast-site-content-layout":"","site-content-style":"default","site-sidebar-style":"default","ast-global-header-display":"","ast-banner-title-visibility":"","ast-main-header-display":"","ast-hfb-above-header-display":"","ast-hfb-below-header-display":"","ast-hfb-mobile-header-display":"","site-post-title":"","ast-breadcrumbs-content":"","ast-featured-img":"","footer-sml-layout":"","theme-transparent-header-meta":"","adv-header-id-meta":"","stick-header-meta":"","header-above-stick-meta":"","header-main-stick-meta":"","header-below-stick-meta":"","astra-migrate-meta-layouts":"default","ast-page-background-enabled":"default","ast-page-background-meta":{"desktop":{"background-color":"var(--ast-global-color-5)","background-image":"","background-repeat":"repeat","background-position":"center center","background-size":"auto","background-attachment":"scroll","background-type":"","background-media":"","overlay-type":"","overlay-color":"","overlay-opacity":"","overlay-gradient":""},"tablet":{"background-color":"","background-image":"","background-repeat":"repeat","background-position":"center center","background-size":"auto","background-attachment":"scroll","background-type":"","background-media":"","overlay-type":"","overlay-color":"","overlay-opacity":"","overlay-gradient":""},"mobile":{"background-color":"","background-image":"","background-repeat":"repeat","background-position":"center center","background-size":"auto","background-attachment":"scroll","background-type":"","background-media":"","overlay-type":"","overlay-color":"","overlay-opacity":"","overlay-gradient":""}},"ast-content-background-meta":{"desktop":{"background-color":"var(--ast-global-color-4)","background-image":"","background-repeat":"repeat","background-position":"center center","background-size":"auto","background-attachment":"scroll","background-type":"","background-media":"","overlay-type":"","overlay-color":"","overlay-opacity":"","overlay-gradient":""},"tablet":{"background-color":"var(--ast-global-color-4)","background-image":"","background-repeat":"repeat","background-position":"center center","background-size":"auto","background-attachment":"scroll","background-type":"","background-media":"","overlay-type":"","overlay-color":"","overlay-opacity":"","overlay-gradient":""},"mobile":{"background-color":"var(--ast-global-color-4)","background-image":"","background-repeat":"repeat","background-position":"center center","background-size":"auto","background-attachment":"scroll","background-type":"","background-media":"","overlay-type":"","overlay-color":"","overlay-opacity":"","overlay-gradient":""}}},"product_brand":[],"product_cat":[41,37,38,39,43],"product_tag":[42],"class_list":{"0":"post-1561","1":"product","2":"type-product","3":"status-publish","4":"has-post-thumbnail","6":"product_cat-maysternya","7":"product_cat-virtuves-indai","8":"product_cat-keptuves-virtuves-indai","9":"product_cat-ketaus-keptuves","10":"product_cat-ketaus-troskintuvai","11":"product_tag-maysternya","12":"product_shipping_class-iprasta-pristatymlo-klase","13":"desktop-align-left","14":"tablet-align-left","15":"mobile-align-left","17":"first","18":"instock","19":"shipping-taxable","20":"product-type-simple"},"yoast_head":"<!-- This site is optimized with the Yoast SEO plugin v24.5 - https:\/\/yoast.com\/wordpress\/plugins\/seo\/ -->\n<title>Ketaus keptuv\u0117 24*4 \u0441m su medine rankena | T302 - Maysternya<\/title>\n<meta name=\"robots\" content=\"index, follow, max-snippet:-1, max-image-preview:large, max-video-preview:-1\" \/>\n<link rel=\"canonical\" href=\"https:\/\/maysternya.lt\/pl\/wp-json\/wp\/v2\/product\/1561\" \/>\n<meta property=\"og:locale\" content=\"pl_PL\" \/>\n<meta property=\"og:type\" content=\"article\" \/>\n<meta property=\"og:title\" content=\"Ketaus keptuv\u0117 24*4 \u0441m su medine rankena | T302 - Maysternya\" \/>\n<meta property=\"og:description\" content=\"Ketaus keptuv\u0117 (su nuimama medine rankena) Modelis: T302 Gamintojas: Maysternya\u00ae (Ukraina)  Keptuv\u0117 pagaminta i\u0161 ketaus;  Rankena medin\u0117 (atsisuka);  Tinka KAMADO  Skersmuo: 24 cm;  Auk\u0161tis: 4\u00a0cm;  Tinka visoms virykl\u0117ms: dujin\u0117ms, keramikin\u0117ms, indukcin\u0117ms, elektrin\u0117ms.\" \/>\n<meta property=\"og:url\" content=\"https:\/\/maysternya.lt\/pl\/product\/ketaus-keptuve-244-\u0441m-su-medine-rankena-t302\/\" \/>\n<meta property=\"og:site_name\" content=\"Maysternya\" \/>\n<meta property=\"article:modified_time\" content=\"2025-02-11T14:18:24+00:00\" \/>\n<meta property=\"og:image\" content=\"https:\/\/maysternya.lt\/wp-content\/uploads\/2025\/02\/5202465.jpg\" \/>\n\t<meta property=\"og:image:width\" content=\"1600\" \/>\n\t<meta property=\"og:image:height\" content=\"1600\" \/>\n\t<meta property=\"og:image:type\" content=\"image\/jpeg\" \/>\n<meta name=\"twitter:card\" content=\"summary_large_image\" \/>\n<meta name=\"twitter:label1\" content=\"Szacowany czas czytania\" \/>\n\t<meta name=\"twitter:data1\" content=\"1 minuta\" \/>\n<script type=\"application\/ld+json\" class=\"yoast-schema-graph\">{\"@context\":\"https:\/\/schema.org\",\"@graph\":[{\"@type\":\"WebPage\",\"@id\":\"https:\/\/maysternya.lt\/product\/ketaus-keptuve-244-%d1%81m-su-medine-rankena-t302\/\",\"url\":\"https:\/\/maysternya.lt\/product\/ketaus-keptuve-244-%d1%81m-su-medine-rankena-t302\/\",\"name\":\"Ketaus keptuv\u0117 24*4 \u0441m su medine rankena | T302 - Maysternya\",\"isPartOf\":{\"@id\":\"https:\/\/maysternya.lt\/#website\"},\"primaryImageOfPage\":{\"@id\":\"https:\/\/maysternya.lt\/product\/ketaus-keptuve-244-%d1%81m-su-medine-rankena-t302\/#primaryimage\"},\"image\":{\"@id\":\"https:\/\/maysternya.lt\/product\/ketaus-keptuve-244-%d1%81m-su-medine-rankena-t302\/#primaryimage\"},\"thumbnailUrl\":\"https:\/\/maysternya.lt\/wp-content\/uploads\/2025\/02\/5202465.jpg\",\"datePublished\":\"2020-10-31T10:48:00+00:00\",\"dateModified\":\"2025-02-11T14:18:24+00:00\",\"breadcrumb\":{\"@id\":\"https:\/\/maysternya.lt\/product\/ketaus-keptuve-244-%d1%81m-su-medine-rankena-t302\/#breadcrumb\"},\"inLanguage\":\"pl-PL\",\"potentialAction\":[{\"@type\":\"ReadAction\",\"target\":[\"https:\/\/maysternya.lt\/product\/ketaus-keptuve-244-%d1%81m-su-medine-rankena-t302\/\"]}]},{\"@type\":\"ImageObject\",\"inLanguage\":\"pl-PL\",\"@id\":\"https:\/\/maysternya.lt\/product\/ketaus-keptuve-244-%d1%81m-su-medine-rankena-t302\/#primaryimage\",\"url\":\"https:\/\/maysternya.lt\/wp-content\/uploads\/2025\/02\/5202465.jpg\",\"contentUrl\":\"https:\/\/maysternya.lt\/wp-content\/uploads\/2025\/02\/5202465.jpg\",\"width\":1600,\"height\":1600,\"caption\":\"Ketaus keptuv\u0117 T303 Maysternya 26x4 cm su medin\u0117 atsisukama rankena\"},{\"@type\":\"BreadcrumbList\",\"@id\":\"https:\/\/maysternya.lt\/product\/ketaus-keptuve-244-%d1%81m-su-medine-rankena-t302\/#breadcrumb\",\"itemListElement\":[{\"@type\":\"ListItem\",\"position\":1,\"name\":\"\u0413\u043b\u0430\u0432\u043d\u0430\u044f \u0441\u0442\u0440\u0430\u043d\u0438\u0446\u0430\",\"item\":\"https:\/\/maysternya.lt\/\"},{\"@type\":\"ListItem\",\"position\":2,\"name\":\"Katalogas\",\"item\":\"https:\/\/maysternya.lt\/en\/katalogas\/\"},{\"@type\":\"ListItem\",\"position\":3,\"name\":\"Ketaus keptuv\u0117 24*4 \u0441m su medine rankena | T302\"}]},{\"@type\":\"WebSite\",\"@id\":\"https:\/\/maysternya.lt\/#website\",\"url\":\"https:\/\/maysternya.lt\/\",\"name\":\"Maysternya\",\"description\":\"Maysternya ketaus t\u016btos\",\"publisher\":{\"@id\":\"https:\/\/maysternya.lt\/#organization\"},\"potentialAction\":[{\"@type\":\"SearchAction\",\"target\":{\"@type\":\"EntryPoint\",\"urlTemplate\":\"https:\/\/maysternya.lt\/?s={search_term_string}\"},\"query-input\":{\"@type\":\"PropertyValueSpecification\",\"valueRequired\":true,\"valueName\":\"search_term_string\"}}],\"inLanguage\":\"pl-PL\"},{\"@type\":\"Organization\",\"@id\":\"https:\/\/maysternya.lt\/#organization\",\"name\":\"Maysternya\",\"url\":\"https:\/\/maysternya.lt\/\",\"logo\":{\"@type\":\"ImageObject\",\"inLanguage\":\"pl-PL\",\"@id\":\"https:\/\/maysternya.lt\/#\/schema\/logo\/image\/\",\"url\":\"https:\/\/maysternya.lt\/wp-content\/uploads\/2025\/02\/logo.png\",\"contentUrl\":\"https:\/\/maysternya.lt\/wp-content\/uploads\/2025\/02\/logo.png\",\"width\":2222,\"height\":2466,\"caption\":\"Maysternya\"},\"image\":{\"@id\":\"https:\/\/maysternya.lt\/#\/schema\/logo\/image\/\"}}]}<\/script>\n<!-- \/ Yoast SEO plugin. -->","yoast_head_json":{"title":"Ketaus keptuv\u0117 24*4 \u0441m su medine rankena | T302 - Maysternya","robots":{"index":"index","follow":"follow","max-snippet":"max-snippet:-1","max-image-preview":"max-image-preview:large","max-video-preview":"max-video-preview:-1"},"canonical":"https:\/\/maysternya.lt\/pl\/wp-json\/wp\/v2\/product\/1561","og_locale":"pl_PL","og_type":"article","og_title":"Ketaus keptuv\u0117 24*4 \u0441m su medine rankena | T302 - Maysternya","og_description":"Ketaus keptuv\u0117 (su nuimama medine rankena) Modelis: T302 Gamintojas: Maysternya\u00ae (Ukraina)  Keptuv\u0117 pagaminta i\u0161 ketaus;  Rankena medin\u0117 (atsisuka);  Tinka KAMADO  Skersmuo: 24 cm;  Auk\u0161tis: 4\u00a0cm;  Tinka visoms virykl\u0117ms: dujin\u0117ms, keramikin\u0117ms, indukcin\u0117ms, elektrin\u0117ms.","og_url":"https:\/\/maysternya.lt\/pl\/product\/ketaus-keptuve-244-\u0441m-su-medine-rankena-t302\/","og_site_name":"Maysternya","article_modified_time":"2025-02-11T14:18:24+00:00","og_image":[{"width":1600,"height":1600,"url":"https:\/\/maysternya.lt\/wp-content\/uploads\/2025\/02\/5202465.jpg","type":"image\/jpeg"}],"twitter_card":"summary_large_image","twitter_misc":{"Szacowany czas czytania":"1 minuta"},"schema":{"@context":"https:\/\/schema.org","@graph":[{"@type":"WebPage","@id":"https:\/\/maysternya.lt\/product\/ketaus-keptuve-244-%d1%81m-su-medine-rankena-t302\/","url":"https:\/\/maysternya.lt\/product\/ketaus-keptuve-244-%d1%81m-su-medine-rankena-t302\/","name":"Ketaus keptuv\u0117 24*4 \u0441m su medine rankena | T302 - Maysternya","isPartOf":{"@id":"https:\/\/maysternya.lt\/#website"},"primaryImageOfPage":{"@id":"https:\/\/maysternya.lt\/product\/ketaus-keptuve-244-%d1%81m-su-medine-rankena-t302\/#primaryimage"},"image":{"@id":"https:\/\/maysternya.lt\/product\/ketaus-keptuve-244-%d1%81m-su-medine-rankena-t302\/#primaryimage"},"thumbnailUrl":"https:\/\/maysternya.lt\/wp-content\/uploads\/2025\/02\/5202465.jpg","datePublished":"2020-10-31T10:48:00+00:00","dateModified":"2025-02-11T14:18:24+00:00","breadcrumb":{"@id":"https:\/\/maysternya.lt\/product\/ketaus-keptuve-244-%d1%81m-su-medine-rankena-t302\/#breadcrumb"},"inLanguage":"pl-PL","potentialAction":[{"@type":"ReadAction","target":["https:\/\/maysternya.lt\/product\/ketaus-keptuve-244-%d1%81m-su-medine-rankena-t302\/"]}]},{"@type":"ImageObject","inLanguage":"pl-PL","@id":"https:\/\/maysternya.lt\/product\/ketaus-keptuve-244-%d1%81m-su-medine-rankena-t302\/#primaryimage","url":"https:\/\/maysternya.lt\/wp-content\/uploads\/2025\/02\/5202465.jpg","contentUrl":"https:\/\/maysternya.lt\/wp-content\/uploads\/2025\/02\/5202465.jpg","width":1600,"height":1600,"caption":"Ketaus keptuv\u0117 T303 Maysternya 26x4 cm su medin\u0117 atsisukama rankena"},{"@type":"BreadcrumbList","@id":"https:\/\/maysternya.lt\/product\/ketaus-keptuve-244-%d1%81m-su-medine-rankena-t302\/#breadcrumb","itemListElement":[{"@type":"ListItem","position":1,"name":"\u0413\u043b\u0430\u0432\u043d\u0430\u044f \u0441\u0442\u0440\u0430\u043d\u0438\u0446\u0430","item":"https:\/\/maysternya.lt\/"},{"@type":"ListItem","position":2,"name":"Katalogas","item":"https:\/\/maysternya.lt\/en\/katalogas\/"},{"@type":"ListItem","position":3,"name":"Ketaus keptuv\u0117 24*4 \u0441m su medine rankena | T302"}]},{"@type":"WebSite","@id":"https:\/\/maysternya.lt\/#website","url":"https:\/\/maysternya.lt\/","name":"Maysternya","description":"Maysternya ketaus t\u016btos","publisher":{"@id":"https:\/\/maysternya.lt\/#organization"},"potentialAction":[{"@type":"SearchAction","target":{"@type":"EntryPoint","urlTemplate":"https:\/\/maysternya.lt\/?s={search_term_string}"},"query-input":{"@type":"PropertyValueSpecification","valueRequired":true,"valueName":"search_term_string"}}],"inLanguage":"pl-PL"},{"@type":"Organization","@id":"https:\/\/maysternya.lt\/#organization","name":"Maysternya","url":"https:\/\/maysternya.lt\/","logo":{"@type":"ImageObject","inLanguage":"pl-PL","@id":"https:\/\/maysternya.lt\/#\/schema\/logo\/image\/","url":"https:\/\/maysternya.lt\/wp-content\/uploads\/2025\/02\/logo.png","contentUrl":"https:\/\/maysternya.lt\/wp-content\/uploads\/2025\/02\/logo.png","width":2222,"height":2466,"caption":"Maysternya"},"image":{"@id":"https:\/\/maysternya.lt\/#\/schema\/logo\/image\/"}}]}},"_links":{"self":[{"href":"https:\/\/maysternya.lt\/pl\/wp-json\/wp\/v2\/product\/1561","targetHints":{"allow":["GET"]}}],"collection":[{"href":"https:\/\/maysternya.lt\/pl\/wp-json\/wp\/v2\/product"}],"about":[{"href":"https:\/\/maysternya.lt\/pl\/wp-json\/wp\/v2\/types\/product"}],"replies":[{"embeddable":true,"href":"https:\/\/maysternya.lt\/pl\/wp-json\/wp\/v2\/comments?post=1561"}],"wp:featuredmedia":[{"embeddable":true,"href":"https:\/\/maysternya.lt\/pl\/wp-json\/wp\/v2\/media\/1562"}],"wp:attachment":[{"href":"https:\/\/maysternya.lt\/pl\/wp-json\/wp\/v2\/media?parent=1561"}],"wp:term":[{"taxonomy":"product_brand","embeddable":true,"href":"https:\/\/maysternya.lt\/pl\/wp-json\/wp\/v2\/product_brand?post=1561"},{"taxonomy":"product_cat","embeddable":true,"href":"https:\/\/maysternya.lt\/pl\/wp-json\/wp\/v2\/product_cat?post=1561"},{"taxonomy":"product_tag","embeddable":true,"href":"https:\/\/maysternya.lt\/pl\/wp-json\/wp\/v2\/product_tag?post=1561"}],"curies":[{"name":"wp","href":"https:\/\/api.w.org\/{rel}","templated":true}]}}