{"id":2944,"date":"2023-08-30T16:14:16","date_gmt":"2023-08-30T16:14:16","guid":{"rendered":"http:\/\/maysternya.lt\/product\/wok-ketaus-keptuve-36-cm\/"},"modified":"2025-02-11T14:45:07","modified_gmt":"2025-02-11T14:45:07","slug":"wok-ketaus-keptuve-36-cm","status":"publish","type":"product","link":"https:\/\/maysternya.lt\/en\/product\/wok-ketaus-keptuve-36-cm\/","title":{"rendered":"Wok ketaus keptuv\u0117, 36 cm"},"content":{"rendered":"<h4>Wok ketaus keptuv\u0117, 36 cm<\/h4>\n<p>Auk\u0161tos kokyb\u0117s\u00a0keptuv\u0117 pagaminta i\u0161 ketaus.\u00a0Ji\u00a0pasi\u017eymi atsparumu nusid\u0117v\u0117jimui, tod\u0117l yra ilgaam\u017e\u0117.<\/p>\n<p>Maistas i\u0161kepa tobulai &#8211; tolygiai paskirstoma \u0161iluma\u00a0ir palaikoma\u00a0temperat\u016bra.<\/p>\n<ul>\n<li>Pagaminta i\u0161 ketaus;<\/li>\n<li>Tolygiai pasiskirsto \u0161iluma;<\/li>\n<li>Rankena pagaminta i\u0161 ketaus;<\/li>\n<li>Lengvai valoma;<\/li>\n<li>Rekomenduojamas tik rankinis plovimas, su \u0161iltu vandeniu ir kempin\u0117mis, be ploviklio. Po plovimo reikia gerai nusausinti;<\/li>\n<li>Matmenys:\u00a0sieneli\u0173 storis: 4 mm,\u00a0auk\u0161tis: 11\u00a0cm,\u00a0skersmuo: 36 cm;<\/li>\n<li>Spalva: juoda.<\/li>\n<\/ul>\n<p><strong>Tinka dujin\u0117ms, elektrin\u0117ms, halogenin\u0117ms virykl\u0117ms, orkait\u0117ms.<\/strong><\/p>\n<p>Nerekomenduojama naudoti indukcin\u0117ms be specialaus pad\u0117klo (skersmuo 24 cm), kuris dedasi tarp indo ir virykl\u0117s.\u00a0 Jis leid\u017eia naudoti \u012fprastinius nemagnetinius indus indukcin\u0117se virykl\u0117se &#8211; tinka aliuminio, ner\u016bdijan\u010dio plieno, gele\u017eies, ketaus, emalio, stiklo ir keramikos indams.<\/p>\n<p><strong>Svarbu:\u00a0<\/strong><\/p>\n<ul>\n<li style=\"list-style-type: none;\">\n<ul>\n<li>ketaus gaminys negali b\u016bti naudojamas be vandens,\u00a0ned\u0117kite tu\u0161\u010dio indo ant virykl\u0117s;<\/li>\n<li>siekiant i\u0161vengti nudegim\u0173, rekomenduojame naudoti pir\u0161tines;<\/li>\n<li>po plovimo ketaus reikia gerai nusausinti;<\/li>\n<li>baigus kepti ar virti, nepilkite \u0161alto vandens ant ketaus ind\u0173, rekomenduojama sutepti aliejum<\/li>\n<\/ul>\n<\/li>\n<\/ul>","protected":false},"excerpt":{"rendered":"<h4><strong>Wok ketaus keptuv\u0117, 36 cm<\/strong><\/h4>\n<ul>\n<li><strong>Pagaminta i\u0161 ketaus;<\/strong><\/li>\n<li><strong>Tolygiai pasiskirsto \u0161iluma;<\/strong><\/li>\n<li><strong>Rankena pagaminta i\u0161 ketaus;<\/strong><\/li>\n<li><strong>Lengvai valoma;<\/strong><\/li>\n<li><strong>Rekomenduojamas tik rankinis plovimas, su \u0161iltu vandeniu ir kempin\u0117mis, be ploviklio. Po plovimo reikia gerai nusausinti;<\/strong><\/li>\n<li><strong>Matmenys:\u00a0sieneli\u0173 storis: 4 mm,\u00a0auk\u0161tis: 11\u00a0cm,\u00a0skersmuo: 36 cm;<\/strong><\/li>\n<li><strong>Spalva: juoda.<\/strong><\/li>\n<\/ul>\n<p><strong>Tinka dujin\u0117ms, elektrin\u0117ms, halogenin\u0117ms virykl\u0117ms, orkait\u0117ms.<\/strong><\/p>","protected":false},"featured_media":2945,"comment_status":"open","ping_status":"open","template":"","meta":{"site-sidebar-layout":"default","site-content-layout":"","ast-site-content-layout":"","site-content-style":"default","site-sidebar-style":"default","ast-global-header-display":"","ast-banner-title-visibility":"","ast-main-header-display":"","ast-hfb-above-header-display":"","ast-hfb-below-header-display":"","ast-hfb-mobile-header-display":"","site-post-title":"","ast-breadcrumbs-content":"","ast-featured-img":"","footer-sml-layout":"","theme-transparent-header-meta":"","adv-header-id-meta":"","stick-header-meta":"","header-above-stick-meta":"","header-main-stick-meta":"","header-below-stick-meta":"","astra-migrate-meta-layouts":"default","ast-page-background-enabled":"default","ast-page-background-meta":{"desktop":{"background-color":"var(--ast-global-color-5)","background-image":"","background-repeat":"repeat","background-position":"center center","background-size":"auto","background-attachment":"scroll","background-type":"","background-media":"","overlay-type":"","overlay-color":"","overlay-opacity":"","overlay-gradient":""},"tablet":{"background-color":"","background-image":"","background-repeat":"repeat","background-position":"center center","background-size":"auto","background-attachment":"scroll","background-type":"","background-media":"","overlay-type":"","overlay-color":"","overlay-opacity":"","overlay-gradient":""},"mobile":{"background-color":"","background-image":"","background-repeat":"repeat","background-position":"center center","background-size":"auto","background-attachment":"scroll","background-type":"","background-media":"","overlay-type":"","overlay-color":"","overlay-opacity":"","overlay-gradient":""}},"ast-content-background-meta":{"desktop":{"background-color":"var(--ast-global-color-4)","background-image":"","background-repeat":"repeat","background-position":"center center","background-size":"auto","background-attachment":"scroll","background-type":"","background-media":"","overlay-type":"","overlay-color":"","overlay-opacity":"","overlay-gradient":""},"tablet":{"background-color":"var(--ast-global-color-4)","background-image":"","background-repeat":"repeat","background-position":"center center","background-size":"auto","background-attachment":"scroll","background-type":"","background-media":"","overlay-type":"","overlay-color":"","overlay-opacity":"","overlay-gradient":""},"mobile":{"background-color":"var(--ast-global-color-4)","background-image":"","background-repeat":"repeat","background-position":"center center","background-size":"auto","background-attachment":"scroll","background-type":"","background-media":"","overlay-type":"","overlay-color":"","overlay-opacity":"","overlay-gradient":""}}},"product_brand":[],"product_cat":[62,63,37,38],"product_tag":[64],"class_list":{"0":"post-2944","1":"product","2":"type-product","3":"status-publish","4":"has-post-thumbnail","6":"product_cat-berlingerhaus","7":"product_cat-vilnius3pl","8":"product_cat-virtuves-indai","9":"product_cat-keptuves-virtuves-indai","10":"product_tag-berlingerhaus","11":"product_shipping_class-iprasta-pristatymlo-klase","12":"desktop-align-left","13":"tablet-align-left","14":"mobile-align-left","16":"first","17":"outofstock","18":"shipping-taxable","19":"product-type-simple"},"yoast_head":"<!-- This site is optimized with the Yoast SEO plugin v24.5 - https:\/\/yoast.com\/wordpress\/plugins\/seo\/ -->\n<title>Wok ketaus keptuv\u0117, 36 cm - Maysternya<\/title>\n<meta name=\"robots\" content=\"index, follow, max-snippet:-1, max-image-preview:large, max-video-preview:-1\" \/>\n<link rel=\"canonical\" href=\"https:\/\/maysternya.lt\/en\/wp-json\/wp\/v2\/product\/2944\" \/>\n<meta property=\"og:locale\" content=\"en_US\" \/>\n<meta property=\"og:type\" content=\"article\" \/>\n<meta property=\"og:title\" content=\"Wok ketaus keptuv\u0117, 36 cm - Maysternya\" \/>\n<meta property=\"og:description\" content=\"Wok ketaus keptuv\u0117, 36 cm  Pagaminta i\u0161 ketaus;  Tolygiai pasiskirsto \u0161iluma;  Rankena pagaminta i\u0161 ketaus;  Lengvai valoma;  Rekomenduojamas tik rankinis plovimas, su \u0161iltu vandeniu ir kempin\u0117mis, be ploviklio. Po plovimo reikia gerai nusausinti;  Matmenys:\u00a0sieneli\u0173 storis: 4 mm,\u00a0auk\u0161tis: 11\u00a0cm,\u00a0skersmuo: 36 cm;  Spalva: juoda. Tinka dujin\u0117ms, elektrin\u0117ms, halogenin\u0117ms virykl\u0117ms, orkait\u0117ms.\" \/>\n<meta property=\"og:url\" content=\"https:\/\/maysternya.lt\/en\/product\/wok-ketaus-keptuve-36-cm\/\" \/>\n<meta property=\"og:site_name\" content=\"Maysternya\" \/>\n<meta property=\"article:modified_time\" content=\"2025-02-11T14:45:07+00:00\" \/>\n<meta property=\"og:image\" content=\"https:\/\/maysternya.lt\/wp-content\/uploads\/2025\/02\/wok-ketaus-keptuve-36-cm.jpg\" \/>\n\t<meta property=\"og:image:width\" content=\"1200\" \/>\n\t<meta property=\"og:image:height\" content=\"1200\" \/>\n\t<meta property=\"og:image:type\" content=\"image\/jpeg\" \/>\n<meta name=\"twitter:card\" content=\"summary_large_image\" \/>\n<meta name=\"twitter:label1\" content=\"Est. reading time\" \/>\n\t<meta name=\"twitter:data1\" content=\"1 minute\" \/>\n<script type=\"application\/ld+json\" class=\"yoast-schema-graph\">{\"@context\":\"https:\/\/schema.org\",\"@graph\":[{\"@type\":\"WebPage\",\"@id\":\"https:\/\/maysternya.lt\/product\/wok-ketaus-keptuve-36-cm\/\",\"url\":\"https:\/\/maysternya.lt\/product\/wok-ketaus-keptuve-36-cm\/\",\"name\":\"Wok ketaus keptuv\u0117, 36 cm - Maysternya\",\"isPartOf\":{\"@id\":\"https:\/\/maysternya.lt\/#website\"},\"primaryImageOfPage\":{\"@id\":\"https:\/\/maysternya.lt\/product\/wok-ketaus-keptuve-36-cm\/#primaryimage\"},\"image\":{\"@id\":\"https:\/\/maysternya.lt\/product\/wok-ketaus-keptuve-36-cm\/#primaryimage\"},\"thumbnailUrl\":\"https:\/\/maysternya.lt\/wp-content\/uploads\/2025\/02\/wok-ketaus-keptuve-36-cm.jpg\",\"datePublished\":\"2023-08-30T16:14:16+00:00\",\"dateModified\":\"2025-02-11T14:45:07+00:00\",\"breadcrumb\":{\"@id\":\"https:\/\/maysternya.lt\/product\/wok-ketaus-keptuve-36-cm\/#breadcrumb\"},\"inLanguage\":\"en-US\",\"potentialAction\":[{\"@type\":\"ReadAction\",\"target\":[\"https:\/\/maysternya.lt\/product\/wok-ketaus-keptuve-36-cm\/\"]}]},{\"@type\":\"ImageObject\",\"inLanguage\":\"en-US\",\"@id\":\"https:\/\/maysternya.lt\/product\/wok-ketaus-keptuve-36-cm\/#primaryimage\",\"url\":\"https:\/\/maysternya.lt\/wp-content\/uploads\/2025\/02\/wok-ketaus-keptuve-36-cm.jpg\",\"contentUrl\":\"https:\/\/maysternya.lt\/wp-content\/uploads\/2025\/02\/wok-ketaus-keptuve-36-cm.jpg\",\"width\":1200,\"height\":1200},{\"@type\":\"BreadcrumbList\",\"@id\":\"https:\/\/maysternya.lt\/product\/wok-ketaus-keptuve-36-cm\/#breadcrumb\",\"itemListElement\":[{\"@type\":\"ListItem\",\"position\":1,\"name\":\"\u0413\u043b\u0430\u0432\u043d\u0430\u044f \u0441\u0442\u0440\u0430\u043d\u0438\u0446\u0430\",\"item\":\"https:\/\/maysternya.lt\/\"},{\"@type\":\"ListItem\",\"position\":2,\"name\":\"Katalogas\",\"item\":\"https:\/\/maysternya.lt\/en\/katalogas\/\"},{\"@type\":\"ListItem\",\"position\":3,\"name\":\"Wok ketaus keptuv\u0117, 36 cm\"}]},{\"@type\":\"WebSite\",\"@id\":\"https:\/\/maysternya.lt\/#website\",\"url\":\"https:\/\/maysternya.lt\/\",\"name\":\"Maysternya\",\"description\":\"Maysternya ketaus t\u016btos\",\"publisher\":{\"@id\":\"https:\/\/maysternya.lt\/#organization\"},\"potentialAction\":[{\"@type\":\"SearchAction\",\"target\":{\"@type\":\"EntryPoint\",\"urlTemplate\":\"https:\/\/maysternya.lt\/?s={search_term_string}\"},\"query-input\":{\"@type\":\"PropertyValueSpecification\",\"valueRequired\":true,\"valueName\":\"search_term_string\"}}],\"inLanguage\":\"en-US\"},{\"@type\":\"Organization\",\"@id\":\"https:\/\/maysternya.lt\/#organization\",\"name\":\"Maysternya\",\"url\":\"https:\/\/maysternya.lt\/\",\"logo\":{\"@type\":\"ImageObject\",\"inLanguage\":\"en-US\",\"@id\":\"https:\/\/maysternya.lt\/#\/schema\/logo\/image\/\",\"url\":\"https:\/\/maysternya.lt\/wp-content\/uploads\/2025\/02\/logo.png\",\"contentUrl\":\"https:\/\/maysternya.lt\/wp-content\/uploads\/2025\/02\/logo.png\",\"width\":2222,\"height\":2466,\"caption\":\"Maysternya\"},\"image\":{\"@id\":\"https:\/\/maysternya.lt\/#\/schema\/logo\/image\/\"}}]}<\/script>\n<!-- \/ Yoast SEO plugin. -->","yoast_head_json":{"title":"Wok ketaus keptuv\u0117, 36 cm - Maysternya","robots":{"index":"index","follow":"follow","max-snippet":"max-snippet:-1","max-image-preview":"max-image-preview:large","max-video-preview":"max-video-preview:-1"},"canonical":"https:\/\/maysternya.lt\/en\/wp-json\/wp\/v2\/product\/2944","og_locale":"en_US","og_type":"article","og_title":"Wok ketaus keptuv\u0117, 36 cm - Maysternya","og_description":"Wok ketaus keptuv\u0117, 36 cm  Pagaminta i\u0161 ketaus;  Tolygiai pasiskirsto \u0161iluma;  Rankena pagaminta i\u0161 ketaus;  Lengvai valoma;  Rekomenduojamas tik rankinis plovimas, su \u0161iltu vandeniu ir kempin\u0117mis, be ploviklio. Po plovimo reikia gerai nusausinti;  Matmenys:\u00a0sieneli\u0173 storis: 4 mm,\u00a0auk\u0161tis: 11\u00a0cm,\u00a0skersmuo: 36 cm;  Spalva: juoda. Tinka dujin\u0117ms, elektrin\u0117ms, halogenin\u0117ms virykl\u0117ms, orkait\u0117ms.","og_url":"https:\/\/maysternya.lt\/en\/product\/wok-ketaus-keptuve-36-cm\/","og_site_name":"Maysternya","article_modified_time":"2025-02-11T14:45:07+00:00","og_image":[{"width":1200,"height":1200,"url":"https:\/\/maysternya.lt\/wp-content\/uploads\/2025\/02\/wok-ketaus-keptuve-36-cm.jpg","type":"image\/jpeg"}],"twitter_card":"summary_large_image","twitter_misc":{"Est. reading time":"1 minute"},"schema":{"@context":"https:\/\/schema.org","@graph":[{"@type":"WebPage","@id":"https:\/\/maysternya.lt\/product\/wok-ketaus-keptuve-36-cm\/","url":"https:\/\/maysternya.lt\/product\/wok-ketaus-keptuve-36-cm\/","name":"Wok ketaus keptuv\u0117, 36 cm - Maysternya","isPartOf":{"@id":"https:\/\/maysternya.lt\/#website"},"primaryImageOfPage":{"@id":"https:\/\/maysternya.lt\/product\/wok-ketaus-keptuve-36-cm\/#primaryimage"},"image":{"@id":"https:\/\/maysternya.lt\/product\/wok-ketaus-keptuve-36-cm\/#primaryimage"},"thumbnailUrl":"https:\/\/maysternya.lt\/wp-content\/uploads\/2025\/02\/wok-ketaus-keptuve-36-cm.jpg","datePublished":"2023-08-30T16:14:16+00:00","dateModified":"2025-02-11T14:45:07+00:00","breadcrumb":{"@id":"https:\/\/maysternya.lt\/product\/wok-ketaus-keptuve-36-cm\/#breadcrumb"},"inLanguage":"en-US","potentialAction":[{"@type":"ReadAction","target":["https:\/\/maysternya.lt\/product\/wok-ketaus-keptuve-36-cm\/"]}]},{"@type":"ImageObject","inLanguage":"en-US","@id":"https:\/\/maysternya.lt\/product\/wok-ketaus-keptuve-36-cm\/#primaryimage","url":"https:\/\/maysternya.lt\/wp-content\/uploads\/2025\/02\/wok-ketaus-keptuve-36-cm.jpg","contentUrl":"https:\/\/maysternya.lt\/wp-content\/uploads\/2025\/02\/wok-ketaus-keptuve-36-cm.jpg","width":1200,"height":1200},{"@type":"BreadcrumbList","@id":"https:\/\/maysternya.lt\/product\/wok-ketaus-keptuve-36-cm\/#breadcrumb","itemListElement":[{"@type":"ListItem","position":1,"name":"\u0413\u043b\u0430\u0432\u043d\u0430\u044f \u0441\u0442\u0440\u0430\u043d\u0438\u0446\u0430","item":"https:\/\/maysternya.lt\/"},{"@type":"ListItem","position":2,"name":"Katalogas","item":"https:\/\/maysternya.lt\/en\/katalogas\/"},{"@type":"ListItem","position":3,"name":"Wok ketaus keptuv\u0117, 36 cm"}]},{"@type":"WebSite","@id":"https:\/\/maysternya.lt\/#website","url":"https:\/\/maysternya.lt\/","name":"Maysternya","description":"Maysternya ketaus t\u016btos","publisher":{"@id":"https:\/\/maysternya.lt\/#organization"},"potentialAction":[{"@type":"SearchAction","target":{"@type":"EntryPoint","urlTemplate":"https:\/\/maysternya.lt\/?s={search_term_string}"},"query-input":{"@type":"PropertyValueSpecification","valueRequired":true,"valueName":"search_term_string"}}],"inLanguage":"en-US"},{"@type":"Organization","@id":"https:\/\/maysternya.lt\/#organization","name":"Maysternya","url":"https:\/\/maysternya.lt\/","logo":{"@type":"ImageObject","inLanguage":"en-US","@id":"https:\/\/maysternya.lt\/#\/schema\/logo\/image\/","url":"https:\/\/maysternya.lt\/wp-content\/uploads\/2025\/02\/logo.png","contentUrl":"https:\/\/maysternya.lt\/wp-content\/uploads\/2025\/02\/logo.png","width":2222,"height":2466,"caption":"Maysternya"},"image":{"@id":"https:\/\/maysternya.lt\/#\/schema\/logo\/image\/"}}]}},"_links":{"self":[{"href":"https:\/\/maysternya.lt\/en\/wp-json\/wp\/v2\/product\/2944","targetHints":{"allow":["GET"]}}],"collection":[{"href":"https:\/\/maysternya.lt\/en\/wp-json\/wp\/v2\/product"}],"about":[{"href":"https:\/\/maysternya.lt\/en\/wp-json\/wp\/v2\/types\/product"}],"replies":[{"embeddable":true,"href":"https:\/\/maysternya.lt\/en\/wp-json\/wp\/v2\/comments?post=2944"}],"wp:featuredmedia":[{"embeddable":true,"href":"https:\/\/maysternya.lt\/en\/wp-json\/wp\/v2\/media\/2945"}],"wp:attachment":[{"href":"https:\/\/maysternya.lt\/en\/wp-json\/wp\/v2\/media?parent=2944"}],"wp:term":[{"taxonomy":"product_brand","embeddable":true,"href":"https:\/\/maysternya.lt\/en\/wp-json\/wp\/v2\/product_brand?post=2944"},{"taxonomy":"product_cat","embeddable":true,"href":"https:\/\/maysternya.lt\/en\/wp-json\/wp\/v2\/product_cat?post=2944"},{"taxonomy":"product_tag","embeddable":true,"href":"https:\/\/maysternya.lt\/en\/wp-json\/wp\/v2\/product_tag?post=2944"}],"curies":[{"name":"wp","href":"https:\/\/api.w.org\/{rel}","templated":true}]}}