{"id":2930,"date":"2023-06-20T13:49:43","date_gmt":"2023-06-20T13:49:43","guid":{"rendered":"http:\/\/maysternya.lt\/product\/ketaus-puodas-4-l-su-stikliniu-dangciu-v4c3\/"},"modified":"2025-02-11T14:44:54","modified_gmt":"2025-02-11T14:44:54","slug":"ketaus-puodas-4-l-su-stikliniu-dangciu-v4c3","status":"publish","type":"product","link":"https:\/\/maysternya.lt\/en\/product\/ketaus-puodas-4-l-su-stikliniu-dangciu-v4c3\/","title":{"rendered":"Ketaus puodas 4 l su stikliniu dang\u010diu | V4C3"},"content":{"rendered":"<h3><strong>Ketaus puodas su stikliniu dang\u010diu 4l<\/strong><\/h3>\n<ul>\n<li><strong>Puodas pagamintas i\u0161 ketaus;<\/strong><\/li>\n<li><strong>Stiklinis dangtis;<\/strong><\/li>\n<li><strong>Talpa: 4 l;<\/strong><\/li>\n<li><strong>Vir\u0161utinis diametras 245\u00d7300 mm (su rankenomis), apatinis diametras\u00a0 210\u00d7210 mm, auk\u0161tis 110 mm.\u00a0<\/strong><\/li>\n<li><strong>Tinka visoms virykl\u0117ms: dujin\u0117ms, keramikin\u0117ms, indukcin\u0117ms, elekrin\u0117ms.<\/strong><\/li>\n<li><strong>Galima naudoti orkait\u0117je ir ant atviros ugnies;<\/strong><\/li>\n<li><strong>Tinka KAMADO;<\/strong><\/li>\n<li><strong>Galima naudoti orkait\u0117je ir ant atviros ugnies;<\/strong><\/li>\n<\/ul>\n<p>Ketaus keptuv\u0117s ir puodai yra ilgaam\u017eiai, patvar\u016bs, o j\u0173 pavir\u0161ius i\u0161laiko vienod\u0105 temperat\u016br\u0105. Be to, tinkamai naudojamas ketaus indas gali tarnauti am\u017einai, tod\u0117l juos galima perduoti i\u0161 kartos \u012f kart\u0105. Investuoti \u012f ketaus indus \u2013 protingas pasirinkimas. Keptuv\u0117s ir puodai i\u0161 \u00a0yra skirti vis\u0173 tip\u0173 virykl\u0117ms, \u012fskaitant keramines ir indukcines. Ketaus puodai ir keptuv\u0117s i\u0161laiko nepakitusi\u0105 form\u0105 ir turi nepriekai\u0161ting\u0105 pavir\u0161i\u0173.<\/p>\n<p><img decoding=\"async\" style=\"height: 187px; width: 169px;\" src=\"https:\/\/lt3.pigugroup.eu\/uploaded\/logo(54).png\" alt=\"\" \/><\/p>","protected":false},"excerpt":{"rendered":"<h3><strong>Ketaus puodas su stikliniu dang\u010diu 4l<\/strong><\/h3>\n<ul>\n<li><strong>Puodas pagamintas i\u0161 ketaus;<\/strong><\/li>\n<li><strong>Stiklinis dangtis;<\/strong><\/li>\n<li><strong>Talpa: 4 l;<\/strong><\/li>\n<li><strong>Vir\u0161utinis diametras 245\u00d7300 mm (su rankenomis), apatinis diametras\u00a0 210\u00d7210 mm, auk\u0161tis 110 mm.\u00a0<\/strong><\/li>\n<li><strong>Tinka visoms virykl\u0117ms: dujin\u0117ms, keramikin\u0117ms, indukcin\u0117ms, elekrin\u0117ms.<\/strong><\/li>\n<li><strong>Galima naudoti orkait\u0117je ir ant atviros ugnies;<\/strong><\/li>\n<li><strong>Tinka KAMADO;<\/strong><\/li>\n<li><strong>Galima naudoti orkait\u0117je ir ant atviros ugnies;<\/strong><\/li>\n<\/ul>","protected":false},"featured_media":2443,"comment_status":"open","ping_status":"open","template":"","meta":{"site-sidebar-layout":"default","site-content-layout":"","ast-site-content-layout":"","site-content-style":"default","site-sidebar-style":"default","ast-global-header-display":"","ast-banner-title-visibility":"","ast-main-header-display":"","ast-hfb-above-header-display":"","ast-hfb-below-header-display":"","ast-hfb-mobile-header-display":"","site-post-title":"","ast-breadcrumbs-content":"","ast-featured-img":"","footer-sml-layout":"","theme-transparent-header-meta":"","adv-header-id-meta":"","stick-header-meta":"","header-above-stick-meta":"","header-main-stick-meta":"","header-below-stick-meta":"","astra-migrate-meta-layouts":"default","ast-page-background-enabled":"default","ast-page-background-meta":{"desktop":{"background-color":"var(--ast-global-color-5)","background-image":"","background-repeat":"repeat","background-position":"center center","background-size":"auto","background-attachment":"scroll","background-type":"","background-media":"","overlay-type":"","overlay-color":"","overlay-opacity":"","overlay-gradient":""},"tablet":{"background-color":"","background-image":"","background-repeat":"repeat","background-position":"center center","background-size":"auto","background-attachment":"scroll","background-type":"","background-media":"","overlay-type":"","overlay-color":"","overlay-opacity":"","overlay-gradient":""},"mobile":{"background-color":"","background-image":"","background-repeat":"repeat","background-position":"center center","background-size":"auto","background-attachment":"scroll","background-type":"","background-media":"","overlay-type":"","overlay-color":"","overlay-opacity":"","overlay-gradient":""}},"ast-content-background-meta":{"desktop":{"background-color":"var(--ast-global-color-4)","background-image":"","background-repeat":"repeat","background-position":"center center","background-size":"auto","background-attachment":"scroll","background-type":"","background-media":"","overlay-type":"","overlay-color":"","overlay-opacity":"","overlay-gradient":""},"tablet":{"background-color":"var(--ast-global-color-4)","background-image":"","background-repeat":"repeat","background-position":"center center","background-size":"auto","background-attachment":"scroll","background-type":"","background-media":"","overlay-type":"","overlay-color":"","overlay-opacity":"","overlay-gradient":""},"mobile":{"background-color":"var(--ast-global-color-4)","background-image":"","background-repeat":"repeat","background-position":"center center","background-size":"auto","background-attachment":"scroll","background-type":"","background-media":"","overlay-type":"","overlay-color":"","overlay-opacity":"","overlay-gradient":""}}},"product_brand":[],"product_cat":[37,46,47],"product_tag":[42],"class_list":{"0":"post-2930","1":"product","2":"type-product","3":"status-publish","4":"has-post-thumbnail","6":"product_cat-virtuves-indai","7":"product_cat-puodai","8":"product_cat-ketaus-puodai","9":"product_tag-maysternya","10":"product_shipping_class-iprasta-pristatymlo-klase","11":"desktop-align-left","12":"tablet-align-left","13":"mobile-align-left","15":"first","16":"instock","17":"shipping-taxable","18":"product-type-simple"},"yoast_head":"<!-- This site is optimized with the Yoast SEO plugin v24.5 - https:\/\/yoast.com\/wordpress\/plugins\/seo\/ -->\n<title>Ketaus puodas 4 l su stikliniu dang\u010diu | V4C3 - Maysternya<\/title>\n<meta name=\"robots\" content=\"index, follow, max-snippet:-1, max-image-preview:large, max-video-preview:-1\" \/>\n<link rel=\"canonical\" href=\"https:\/\/maysternya.lt\/en\/wp-json\/wp\/v2\/product\/2930\" \/>\n<meta property=\"og:locale\" content=\"en_US\" \/>\n<meta property=\"og:type\" content=\"article\" \/>\n<meta property=\"og:title\" content=\"Ketaus puodas 4 l su stikliniu dang\u010diu | V4C3 - Maysternya\" \/>\n<meta property=\"og:description\" content=\"Ketaus puodas su stikliniu dang\u010diu 4l  Puodas pagamintas i\u0161 ketaus;  Stiklinis dangtis;  Talpa: 4 l;  Vir\u0161utinis diametras 245\u00d7300 mm (su rankenomis), apatinis diametras\u00a0 210\u00d7210 mm, auk\u0161tis 110 mm.\u00a0  Tinka visoms virykl\u0117ms: dujin\u0117ms, keramikin\u0117ms, indukcin\u0117ms, elekrin\u0117ms.  Galima naudoti orkait\u0117je ir ant atviros ugnies;  Tinka KAMADO;  Galima naudoti orkait\u0117je ir ant atviros ugnies;\" \/>\n<meta property=\"og:url\" content=\"https:\/\/maysternya.lt\/en\/product\/ketaus-puodas-4-l-su-stikliniu-dangciu-v4c3\/\" \/>\n<meta property=\"og:site_name\" content=\"Maysternya\" \/>\n<meta property=\"article:modified_time\" content=\"2025-02-11T14:44:54+00:00\" \/>\n<meta property=\"og:image\" content=\"https:\/\/maysternya.lt\/wp-content\/uploads\/2025\/02\/T404C3.jpg\" \/>\n\t<meta property=\"og:image:width\" content=\"600\" \/>\n\t<meta property=\"og:image:height\" content=\"600\" \/>\n\t<meta property=\"og:image:type\" content=\"image\/jpeg\" \/>\n<meta name=\"twitter:card\" content=\"summary_large_image\" \/>\n<meta name=\"twitter:label1\" content=\"Est. reading time\" \/>\n\t<meta name=\"twitter:data1\" content=\"1 minute\" \/>\n<script type=\"application\/ld+json\" class=\"yoast-schema-graph\">{\"@context\":\"https:\/\/schema.org\",\"@graph\":[{\"@type\":\"WebPage\",\"@id\":\"https:\/\/maysternya.lt\/product\/ketaus-puodas-4-l-su-stikliniu-dangciu-v4c3\/\",\"url\":\"https:\/\/maysternya.lt\/product\/ketaus-puodas-4-l-su-stikliniu-dangciu-v4c3\/\",\"name\":\"Ketaus puodas 4 l su stikliniu dang\u010diu | V4C3 - Maysternya\",\"isPartOf\":{\"@id\":\"https:\/\/maysternya.lt\/#website\"},\"primaryImageOfPage\":{\"@id\":\"https:\/\/maysternya.lt\/product\/ketaus-puodas-4-l-su-stikliniu-dangciu-v4c3\/#primaryimage\"},\"image\":{\"@id\":\"https:\/\/maysternya.lt\/product\/ketaus-puodas-4-l-su-stikliniu-dangciu-v4c3\/#primaryimage\"},\"thumbnailUrl\":\"https:\/\/maysternya.lt\/wp-content\/uploads\/2025\/02\/T404C3.jpg\",\"datePublished\":\"2023-06-20T13:49:43+00:00\",\"dateModified\":\"2025-02-11T14:44:54+00:00\",\"breadcrumb\":{\"@id\":\"https:\/\/maysternya.lt\/product\/ketaus-puodas-4-l-su-stikliniu-dangciu-v4c3\/#breadcrumb\"},\"inLanguage\":\"en-US\",\"potentialAction\":[{\"@type\":\"ReadAction\",\"target\":[\"https:\/\/maysternya.lt\/product\/ketaus-puodas-4-l-su-stikliniu-dangciu-v4c3\/\"]}]},{\"@type\":\"ImageObject\",\"inLanguage\":\"en-US\",\"@id\":\"https:\/\/maysternya.lt\/product\/ketaus-puodas-4-l-su-stikliniu-dangciu-v4c3\/#primaryimage\",\"url\":\"https:\/\/maysternya.lt\/wp-content\/uploads\/2025\/02\/T404C3.jpg\",\"contentUrl\":\"https:\/\/maysternya.lt\/wp-content\/uploads\/2025\/02\/T404C3.jpg\",\"width\":600,\"height\":600},{\"@type\":\"BreadcrumbList\",\"@id\":\"https:\/\/maysternya.lt\/product\/ketaus-puodas-4-l-su-stikliniu-dangciu-v4c3\/#breadcrumb\",\"itemListElement\":[{\"@type\":\"ListItem\",\"position\":1,\"name\":\"\u0413\u043b\u0430\u0432\u043d\u0430\u044f \u0441\u0442\u0440\u0430\u043d\u0438\u0446\u0430\",\"item\":\"https:\/\/maysternya.lt\/\"},{\"@type\":\"ListItem\",\"position\":2,\"name\":\"Katalogas\",\"item\":\"https:\/\/maysternya.lt\/en\/katalogas\/\"},{\"@type\":\"ListItem\",\"position\":3,\"name\":\"Ketaus puodas 4 l su stikliniu dang\u010diu | V4C3\"}]},{\"@type\":\"WebSite\",\"@id\":\"https:\/\/maysternya.lt\/#website\",\"url\":\"https:\/\/maysternya.lt\/\",\"name\":\"Maysternya\",\"description\":\"Maysternya ketaus t\u016btos\",\"publisher\":{\"@id\":\"https:\/\/maysternya.lt\/#organization\"},\"potentialAction\":[{\"@type\":\"SearchAction\",\"target\":{\"@type\":\"EntryPoint\",\"urlTemplate\":\"https:\/\/maysternya.lt\/?s={search_term_string}\"},\"query-input\":{\"@type\":\"PropertyValueSpecification\",\"valueRequired\":true,\"valueName\":\"search_term_string\"}}],\"inLanguage\":\"en-US\"},{\"@type\":\"Organization\",\"@id\":\"https:\/\/maysternya.lt\/#organization\",\"name\":\"Maysternya\",\"url\":\"https:\/\/maysternya.lt\/\",\"logo\":{\"@type\":\"ImageObject\",\"inLanguage\":\"en-US\",\"@id\":\"https:\/\/maysternya.lt\/#\/schema\/logo\/image\/\",\"url\":\"https:\/\/maysternya.lt\/wp-content\/uploads\/2025\/02\/logo.png\",\"contentUrl\":\"https:\/\/maysternya.lt\/wp-content\/uploads\/2025\/02\/logo.png\",\"width\":2222,\"height\":2466,\"caption\":\"Maysternya\"},\"image\":{\"@id\":\"https:\/\/maysternya.lt\/#\/schema\/logo\/image\/\"}}]}<\/script>\n<!-- \/ Yoast SEO plugin. -->","yoast_head_json":{"title":"Ketaus puodas 4 l su stikliniu dang\u010diu | V4C3 - Maysternya","robots":{"index":"index","follow":"follow","max-snippet":"max-snippet:-1","max-image-preview":"max-image-preview:large","max-video-preview":"max-video-preview:-1"},"canonical":"https:\/\/maysternya.lt\/en\/wp-json\/wp\/v2\/product\/2930","og_locale":"en_US","og_type":"article","og_title":"Ketaus puodas 4 l su stikliniu dang\u010diu | V4C3 - Maysternya","og_description":"Ketaus puodas su stikliniu dang\u010diu 4l  Puodas pagamintas i\u0161 ketaus;  Stiklinis dangtis;  Talpa: 4 l;  Vir\u0161utinis diametras 245\u00d7300 mm (su rankenomis), apatinis diametras\u00a0 210\u00d7210 mm, auk\u0161tis 110 mm.\u00a0  Tinka visoms virykl\u0117ms: dujin\u0117ms, keramikin\u0117ms, indukcin\u0117ms, elekrin\u0117ms.  Galima naudoti orkait\u0117je ir ant atviros ugnies;  Tinka KAMADO;  Galima naudoti orkait\u0117je ir ant atviros ugnies;","og_url":"https:\/\/maysternya.lt\/en\/product\/ketaus-puodas-4-l-su-stikliniu-dangciu-v4c3\/","og_site_name":"Maysternya","article_modified_time":"2025-02-11T14:44:54+00:00","og_image":[{"width":600,"height":600,"url":"https:\/\/maysternya.lt\/wp-content\/uploads\/2025\/02\/T404C3.jpg","type":"image\/jpeg"}],"twitter_card":"summary_large_image","twitter_misc":{"Est. reading time":"1 minute"},"schema":{"@context":"https:\/\/schema.org","@graph":[{"@type":"WebPage","@id":"https:\/\/maysternya.lt\/product\/ketaus-puodas-4-l-su-stikliniu-dangciu-v4c3\/","url":"https:\/\/maysternya.lt\/product\/ketaus-puodas-4-l-su-stikliniu-dangciu-v4c3\/","name":"Ketaus puodas 4 l su stikliniu dang\u010diu | V4C3 - Maysternya","isPartOf":{"@id":"https:\/\/maysternya.lt\/#website"},"primaryImageOfPage":{"@id":"https:\/\/maysternya.lt\/product\/ketaus-puodas-4-l-su-stikliniu-dangciu-v4c3\/#primaryimage"},"image":{"@id":"https:\/\/maysternya.lt\/product\/ketaus-puodas-4-l-su-stikliniu-dangciu-v4c3\/#primaryimage"},"thumbnailUrl":"https:\/\/maysternya.lt\/wp-content\/uploads\/2025\/02\/T404C3.jpg","datePublished":"2023-06-20T13:49:43+00:00","dateModified":"2025-02-11T14:44:54+00:00","breadcrumb":{"@id":"https:\/\/maysternya.lt\/product\/ketaus-puodas-4-l-su-stikliniu-dangciu-v4c3\/#breadcrumb"},"inLanguage":"en-US","potentialAction":[{"@type":"ReadAction","target":["https:\/\/maysternya.lt\/product\/ketaus-puodas-4-l-su-stikliniu-dangciu-v4c3\/"]}]},{"@type":"ImageObject","inLanguage":"en-US","@id":"https:\/\/maysternya.lt\/product\/ketaus-puodas-4-l-su-stikliniu-dangciu-v4c3\/#primaryimage","url":"https:\/\/maysternya.lt\/wp-content\/uploads\/2025\/02\/T404C3.jpg","contentUrl":"https:\/\/maysternya.lt\/wp-content\/uploads\/2025\/02\/T404C3.jpg","width":600,"height":600},{"@type":"BreadcrumbList","@id":"https:\/\/maysternya.lt\/product\/ketaus-puodas-4-l-su-stikliniu-dangciu-v4c3\/#breadcrumb","itemListElement":[{"@type":"ListItem","position":1,"name":"\u0413\u043b\u0430\u0432\u043d\u0430\u044f \u0441\u0442\u0440\u0430\u043d\u0438\u0446\u0430","item":"https:\/\/maysternya.lt\/"},{"@type":"ListItem","position":2,"name":"Katalogas","item":"https:\/\/maysternya.lt\/en\/katalogas\/"},{"@type":"ListItem","position":3,"name":"Ketaus puodas 4 l su stikliniu dang\u010diu | V4C3"}]},{"@type":"WebSite","@id":"https:\/\/maysternya.lt\/#website","url":"https:\/\/maysternya.lt\/","name":"Maysternya","description":"Maysternya ketaus t\u016btos","publisher":{"@id":"https:\/\/maysternya.lt\/#organization"},"potentialAction":[{"@type":"SearchAction","target":{"@type":"EntryPoint","urlTemplate":"https:\/\/maysternya.lt\/?s={search_term_string}"},"query-input":{"@type":"PropertyValueSpecification","valueRequired":true,"valueName":"search_term_string"}}],"inLanguage":"en-US"},{"@type":"Organization","@id":"https:\/\/maysternya.lt\/#organization","name":"Maysternya","url":"https:\/\/maysternya.lt\/","logo":{"@type":"ImageObject","inLanguage":"en-US","@id":"https:\/\/maysternya.lt\/#\/schema\/logo\/image\/","url":"https:\/\/maysternya.lt\/wp-content\/uploads\/2025\/02\/logo.png","contentUrl":"https:\/\/maysternya.lt\/wp-content\/uploads\/2025\/02\/logo.png","width":2222,"height":2466,"caption":"Maysternya"},"image":{"@id":"https:\/\/maysternya.lt\/#\/schema\/logo\/image\/"}}]}},"_links":{"self":[{"href":"https:\/\/maysternya.lt\/en\/wp-json\/wp\/v2\/product\/2930","targetHints":{"allow":["GET"]}}],"collection":[{"href":"https:\/\/maysternya.lt\/en\/wp-json\/wp\/v2\/product"}],"about":[{"href":"https:\/\/maysternya.lt\/en\/wp-json\/wp\/v2\/types\/product"}],"replies":[{"embeddable":true,"href":"https:\/\/maysternya.lt\/en\/wp-json\/wp\/v2\/comments?post=2930"}],"wp:featuredmedia":[{"embeddable":true,"href":"https:\/\/maysternya.lt\/en\/wp-json\/wp\/v2\/media\/2443"}],"wp:attachment":[{"href":"https:\/\/maysternya.lt\/en\/wp-json\/wp\/v2\/media?parent=2930"}],"wp:term":[{"taxonomy":"product_brand","embeddable":true,"href":"https:\/\/maysternya.lt\/en\/wp-json\/wp\/v2\/product_brand?post=2930"},{"taxonomy":"product_cat","embeddable":true,"href":"https:\/\/maysternya.lt\/en\/wp-json\/wp\/v2\/product_cat?post=2930"},{"taxonomy":"product_tag","embeddable":true,"href":"https:\/\/maysternya.lt\/en\/wp-json\/wp\/v2\/product_tag?post=2930"}],"curies":[{"name":"wp","href":"https:\/\/api.w.org\/{rel}","templated":true}]}}