{"id":2674,"date":"2021-02-25T22:56:44","date_gmt":"2021-02-25T22:56:44","guid":{"rendered":"http:\/\/maysternya.lt\/product\/ketaus-kazanas-8l-su-ketaus-dangciu-t405cp-ir-3-lekstes-t101-komplektas\/"},"modified":"2025-02-11T14:41:35","modified_gmt":"2025-02-11T14:41:35","slug":"ketaus-kazanas-8l-su-ketaus-dangciu-t405cp-ir-3-lekstes-t101-komplektas","status":"publish","type":"product","link":"https:\/\/maysternya.lt\/en\/product\/ketaus-kazanas-8l-su-ketaus-dangciu-t405cp-ir-3-lekstes-t101-komplektas\/","title":{"rendered":"Ketaus KAZANAS su ketaus dang\u010diu-keptuv\u0117 | 8L | T405CP\u00a0 ir 3 l\u0117k\u0161t\u0117s T101 | komplektas"},"content":{"rendered":"<p>Kazanas \u201eMaysternya\u201c su ketaus dang\u010diu\u00a0 | Ketaus ind\u0173 (5 dali\u0173) komplektas<\/p>\n<p>Komplekte:<\/p>\n<p>&#8211; Tikras \u201eMaysternya\u201c ketaus WOK Kazanas (talpa 8 litrai)<\/p>\n<p>&#8211; Ketaus dangtis kazanui (naudojamas kaip ketaus keptuv\u0117)<\/p>\n<p>&#8211; Net 3 ketaus l\u0117k\u0161t\u0117s-skrudintuvai!<\/p>\n<p>(tinka KAMADO, gylis 2,5 cm, skersmuo 18 cm)<\/p>\n<p>Paskub\u0117kite \u012fsigyti jau dabar!<\/p>\n<p>Kiekis ribotas!<\/p>\n<p>KOMPLEKTAS (5 dali\u0173):<\/p>\n<p>Ketaus kazanas \u201eMAYSRTERNYA\u00ae\u201c 8L | T405<\/p>\n<p>+ Ketaus dangtis kazanui (naudojamas kaip ketaus keptuv\u0117) DOVAN\u0172!<\/p>\n<p>+ 3 vnt. ketaus l\u0117k\u0161t\u0117s T101 DOVAN\u0172!<\/p>\n<p>Komplekte yra:<\/p>\n<p>a) Ketaus kazanas \u201eMAYSTERNYA\u201c \u2014 1 vnt.<\/p>\n<p>\u2022 Modelis T405 (be dang\u010dio)<\/p>\n<p>\u2022 Talpa 8L<\/p>\n<p>\u2022 Skersmuo: 36 cm (vir\u0161uje)<\/p>\n<p>\u2022 Auk\u0161tis (gylis): 15 cm (be dang\u010dio)<\/p>\n<p>\u2022 Dugnas WOK (plok\u0161\u010dias). Skersmuo 14 cm<\/p>\n<p>\u2022 Pagamintas i\u0161 auk\u0161tos kokyb\u0117s ketaus<\/p>\n<p>\u2022 Tinka visoms virykl\u0117ms (taip pat ir indukcin\u0117ms)<\/p>\n<p>\u2022 Galima naudoti orkait\u0117je ar ant atviros ugnies<\/p>\n<p>\u2022 Tinka naudoti Kamado<\/p>\n<p>b) Ketaus dangtis kazanui\u00a0 \/ Ketaus keptuv\u0117 | T310 \u2014 1 vnt.<\/p>\n<p>\u2022 Modelis: T310<\/p>\n<p>\u2022 Skersmuo: 34 cm (su rank\u0117nomis) 40 cm<\/p>\n<p>\u2022 Gylis: 4 cm<\/p>\n<p>\u2022 Lietos ketaus rankenos<\/p>\n<p>\u2022 Naudojamas kaip ketaus keptuv\u0117<\/p>\n<p>\u2022 Tinka KAMADO<\/p>\n<p>\u2022 Galima naudoti orkait\u0117je ar ant atviros ugnies<\/p>\n<p>c) Ketaus l\u0117k\u0161t\u0117s-skrudintuvai \u2014 3 vnt.<\/p>\n<p>\u2022 Modelis T101 (ketaus l\u0117k\u0161t\u0117-skrudintuvas)<\/p>\n<p>\u2022 Skersmuo: 18 cm<\/p>\n<p>\u2022 Gylis: 2,5 cm<\/p>\n<p>\u2022 Lietos ketaus rankenos<\/p>\n<p>\u2022 Pagaminta i\u0161 auk\u0161tos kokyb\u0117s ketaus<\/p>\n<p>\u2022 Tinka visoms virykl\u0117ms (taip pat ir indukcin\u0117ms)<\/p>\n<p>\u2022 Galima naudoti orkait\u0117je ar ant atviros ugnies<\/p>\n<p>\u2022 Tinka naudoti Kamado<\/p>\n<p>Ketaus kazanas su ketaus dang\u010diu \u201eMAYSRTERNYA\u00ae\u201c 8L | T405<\/p>\n<p><img decoding=\"async\" class=\"size-full wp-image-373\" src=\"http:\/\/maysternya.lt\/wp-content\/uploads\/2025\/02\/Maysternya-logo-2020-100x100px.jpg\" alt=\"Maysternya-logo-2020-100x100px\" width=\"100\" height=\"100\" \/><\/p>\n<p>Taip pat siulime \u012fsigyti keptuvi\u0173 komplekt\u0105:<\/p>\n<p><a href=\"https:\/\/www.ketaus.lt\/parduotuve\/ketaus-keptuviu-maysternya-t201-4-vnt-komplektas\/\">Ketaus keptuvi\u0173 \u201eMaysternya\u201c T201 (4 vnt. komplektas)<\/a><\/p>","protected":false},"excerpt":{"rendered":"<p><strong>Kazanas \u201eMaysternya\u201c su ketaus dang\u010diu + Ketaus ind\u0173 komplektas<\/strong><\/p>\n<p><strong>KOMPLEKTAS (5 dali\u0173):<\/strong><\/p>\n<p>Ketaus kazanas su ketaus dang\u010diu \u201eMAYSRTERNYA\u00ae\u201c 8L | T405<\/p>\n<p>+ Ketaus dangtis kazanui (naudojamas kaip ketaus keptuv\u0117) DOVAN\u0172!<\/p>\n<p>+ 3 vnt. ketaus l\u0117k\u0161t\u0117s T101 DOVAN\u0172!<\/p>\n<p><strong>Komplekte yra:<\/strong><\/p>\n<p><strong>a) Ketaus kazanas \u201eMAYSTERNYA\u201c \u2014 1 vnt.<\/strong><\/p>\n<p>\u2022 Modelis T405 (be dang\u010dio)<\/p>\n<p>\u2022 Talpa 8L<\/p>\n<p>\u2022 Skersmuo: 36 cm (vir\u0161uje)<\/p>\n<p>\u2022 Auk\u0161tis (gylis): 15 cm (be dang\u010dio)<\/p>\n<p>\u2022 Dugnas WOK (plok\u0161\u010dias). Skersmuo 14 cm<\/p>\n<p>\u2022 Pagamintas i\u0161 auk\u0161tos kokyb\u0117s ketaus<\/p>\n<p>\u2022 Tinka visoms virykl\u0117ms (taip pat ir indukcin\u0117ms)<\/p>\n<p>\u2022 Galima naudoti orkait\u0117je ar ant atviros ugnies<\/p>\n<p>\u2022 Tinka naudoti Kamado<\/p>\n<p><strong>b) Ketaus dangtis kazanui\u00a0 \/ Ketaus keptuv\u0117 | T310 \u2014 1 vnt.<\/strong><\/p>\n<p>\u2022 Modelis: T310<\/p>\n<p>\u2022 Skersmuo: 34 cm (su rank\u0117nomis) 40 cm<\/p>\n<p>\u2022 Gylis: 4 cm<\/p>\n<p>\u2022 Lietos ketaus rankenos<\/p>\n<p>\u2022 Naudojamas kaip ketaus keptuv\u0117<\/p>\n<p>\u2022 Tinka KAMADO<\/p>\n<p>\u2022 Galima naudoti orkait\u0117je ar ant atviros ugnies<\/p>\n<p><strong>c) Ketaus l\u0117k\u0161t\u0117s-skrudintuvai \u2014 3 vnt.<\/strong><\/p>\n<p>\u2022 Modelis T101 (ketaus l\u0117k\u0161t\u0117-skrudintuvas)<\/p>\n<p>\u2022 Skersmuo: 18 cm<\/p>\n<p>\u2022 Gylis: 2,5 cm<\/p>\n<p>\u2022 Lietos ketaus rankenos<\/p>\n<p>\u2022 Pagaminta i\u0161 auk\u0161tos kokyb\u0117s ketaus<\/p>\n<p>\u2022 Tinka visoms virykl\u0117ms (taip pat ir indukcin\u0117ms)<\/p>\n<p>\u2022 Galima naudoti orkait\u0117je ar ant atviros ugnies<\/p>\n<p>\u2022 Tinka naudoti Kamado<\/p>\n<p>Ketaus kazanas su ketaus dang\u010diu \u201eMAYSRTERNYA\u00ae\u201c 8L | T405<\/p>\n<p>Paskub\u0117kite \u012fsigyti jau dabar!<\/p>\n<p><strong>O papildom\u0105 l\u0117k\u0161t\u0119 dabar tik 5,95 Eur! (sena kaina 10,59 Eur)<\/strong><\/p>","protected":false},"featured_media":2675,"comment_status":"open","ping_status":"open","template":"","meta":{"site-sidebar-layout":"default","site-content-layout":"","ast-site-content-layout":"","site-content-style":"default","site-sidebar-style":"default","ast-global-header-display":"","ast-banner-title-visibility":"","ast-main-header-display":"","ast-hfb-above-header-display":"","ast-hfb-below-header-display":"","ast-hfb-mobile-header-display":"","site-post-title":"","ast-breadcrumbs-content":"","ast-featured-img":"","footer-sml-layout":"","theme-transparent-header-meta":"","adv-header-id-meta":"","stick-header-meta":"","header-above-stick-meta":"","header-main-stick-meta":"","header-below-stick-meta":"","astra-migrate-meta-layouts":"default","ast-page-background-enabled":"default","ast-page-background-meta":{"desktop":{"background-color":"var(--ast-global-color-5)","background-image":"","background-repeat":"repeat","background-position":"center center","background-size":"auto","background-attachment":"scroll","background-type":"","background-media":"","overlay-type":"","overlay-color":"","overlay-opacity":"","overlay-gradient":""},"tablet":{"background-color":"","background-image":"","background-repeat":"repeat","background-position":"center center","background-size":"auto","background-attachment":"scroll","background-type":"","background-media":"","overlay-type":"","overlay-color":"","overlay-opacity":"","overlay-gradient":""},"mobile":{"background-color":"","background-image":"","background-repeat":"repeat","background-position":"center center","background-size":"auto","background-attachment":"scroll","background-type":"","background-media":"","overlay-type":"","overlay-color":"","overlay-opacity":"","overlay-gradient":""}},"ast-content-background-meta":{"desktop":{"background-color":"var(--ast-global-color-4)","background-image":"","background-repeat":"repeat","background-position":"center center","background-size":"auto","background-attachment":"scroll","background-type":"","background-media":"","overlay-type":"","overlay-color":"","overlay-opacity":"","overlay-gradient":""},"tablet":{"background-color":"var(--ast-global-color-4)","background-image":"","background-repeat":"repeat","background-position":"center center","background-size":"auto","background-attachment":"scroll","background-type":"","background-media":"","overlay-type":"","overlay-color":"","overlay-opacity":"","overlay-gradient":""},"mobile":{"background-color":"var(--ast-global-color-4)","background-image":"","background-repeat":"repeat","background-position":"center center","background-size":"auto","background-attachment":"scroll","background-type":"","background-media":"","overlay-type":"","overlay-color":"","overlay-opacity":"","overlay-gradient":""}}},"product_brand":[],"product_cat":[49,57,51,58,52,53,41,37,38,39,40],"product_tag":[42],"class_list":{"0":"post-2674","1":"product","2":"type-product","3":"status-publish","4":"has-post-thumbnail","6":"product_cat-dovanos","7":"product_cat-dovanu-rinkiniai","8":"product_cat-kazanai","9":"product_cat-dangciai-keptuves-kazanui","10":"product_cat-kazanai-su-dangciu-keptuve","11":"product_cat-wok-kazanai","12":"product_cat-maysternya","13":"product_cat-virtuves-indai","14":"product_cat-keptuves-virtuves-indai","15":"product_cat-ketaus-keptuves","16":"product_cat-ketaus-lekstes","17":"product_tag-maysternya","18":"product_shipping_class-kazanai-pristatymlo-klase","19":"desktop-align-left","20":"tablet-align-left","21":"mobile-align-left","23":"first","24":"onbackorder","25":"shipping-taxable","26":"product-type-simple"},"yoast_head":"<!-- This site is optimized with the Yoast SEO plugin v24.5 - https:\/\/yoast.com\/wordpress\/plugins\/seo\/ -->\n<title>Ketaus KAZANAS su ketaus dang\u010diu-keptuv\u0117 | 8L | T405CP\u00a0 ir 3 l\u0117k\u0161t\u0117s T101 | komplektas - Maysternya<\/title>\n<meta name=\"robots\" content=\"index, follow, max-snippet:-1, max-image-preview:large, max-video-preview:-1\" \/>\n<link rel=\"canonical\" href=\"https:\/\/maysternya.lt\/en\/wp-json\/wp\/v2\/product\/2674\" \/>\n<meta property=\"og:locale\" content=\"en_US\" \/>\n<meta property=\"og:type\" content=\"article\" \/>\n<meta property=\"og:title\" content=\"Ketaus KAZANAS su ketaus dang\u010diu-keptuv\u0117 | 8L | T405CP\u00a0 ir 3 l\u0117k\u0161t\u0117s T101 | komplektas - Maysternya\" \/>\n<meta property=\"og:description\" content=\"Kazanas \u201eMaysternya\u201c su ketaus dang\u010diu + Ketaus ind\u0173 komplektas KOMPLEKTAS (5 dali\u0173): Ketaus kazanas su ketaus dang\u010diu \u201eMAYSRTERNYA\u00ae\u201c 8L | T405 + Ketaus dangtis kazanui (naudojamas kaip ketaus keptuv\u0117) DOVAN\u0172! + 3 vnt. ketaus l\u0117k\u0161t\u0117s T101 DOVAN\u0172! Komplekte yra: a) Ketaus kazanas \u201eMAYSTERNYA\u201c \u2014 1 vnt. \u2022 Modelis T405 (be dang\u010dio) \u2022 Talpa 8L \u2022 Skersmuo: 36 cm (vir\u0161uje) \u2022 Auk\u0161tis (gylis): 15 cm (be dang\u010dio) \u2022 Dugnas WOK (plok\u0161\u010dias). Skersmuo 14 cm \u2022 Pagamintas i\u0161 auk\u0161tos kokyb\u0117s ketaus \u2022 Tinka visoms virykl\u0117ms (taip pat ir indukcin\u0117ms) \u2022 Galima naudoti orkait\u0117je ar ant atviros ugnies \u2022 Tinka naudoti Kamado b) Ketaus dangtis kazanui\u00a0 \/ Ketaus keptuv\u0117 | T310 \u2014 1 vnt. \u2022 Modelis: T310 \u2022 Skersmuo: 34 cm (su rank\u0117nomis) 40 cm \u2022 Gylis: 4 cm \u2022 Lietos ketaus rankenos \u2022 Naudojamas kaip ketaus keptuv\u0117 \u2022 Tinka KAMADO \u2022 Galima naudoti orkait\u0117je ar ant atviros ugnies c) Ketaus l\u0117k\u0161t\u0117s-skrudintuvai \u2014 3 vnt. \u2022 Modelis T101 (ketaus l\u0117k\u0161t\u0117-skrudintuvas) \u2022 Skersmuo: 18 cm \u2022 Gylis: 2,5 cm \u2022 Lietos ketaus rankenos \u2022 Pagaminta i\u0161 auk\u0161tos kokyb\u0117s ketaus \u2022 Tinka visoms virykl\u0117ms (taip pat ir indukcin\u0117ms) \u2022 Galima naudoti orkait\u0117je ar ant atviros ugnies \u2022 Tinka naudoti Kamado Ketaus kazanas su ketaus dang\u010diu \u201eMAYSRTERNYA\u00ae\u201c 8L | T405 Paskub\u0117kite \u012fsigyti jau dabar! O papildom\u0105 l\u0117k\u0161t\u0119 dabar tik 5,95 Eur! (sena kaina 10,59 Eur)\" \/>\n<meta property=\"og:url\" content=\"https:\/\/maysternya.lt\/en\/product\/ketaus-kazanas-8l-su-ketaus-dangciu-t405cp-ir-3-lekstes-t101-komplektas\/\" \/>\n<meta property=\"og:site_name\" content=\"Maysternya\" \/>\n<meta property=\"article:modified_time\" content=\"2025-02-11T14:41:35+00:00\" \/>\n<meta property=\"og:image\" content=\"https:\/\/maysternya.lt\/wp-content\/uploads\/2025\/02\/Komplektas-kazanas-8-litru-T405CP-3-lekstes-T-101.jpg\" \/>\n\t<meta property=\"og:image:width\" content=\"1200\" \/>\n\t<meta property=\"og:image:height\" content=\"1200\" \/>\n\t<meta property=\"og:image:type\" content=\"image\/jpeg\" \/>\n<meta name=\"twitter:card\" content=\"summary_large_image\" \/>\n<meta name=\"twitter:label1\" content=\"Est. reading time\" \/>\n\t<meta name=\"twitter:data1\" content=\"1 minute\" \/>\n<script type=\"application\/ld+json\" class=\"yoast-schema-graph\">{\"@context\":\"https:\/\/schema.org\",\"@graph\":[{\"@type\":\"WebPage\",\"@id\":\"https:\/\/maysternya.lt\/product\/ketaus-kazanas-8l-su-ketaus-dangciu-t405cp-ir-3-lekstes-t101-komplektas\/\",\"url\":\"https:\/\/maysternya.lt\/product\/ketaus-kazanas-8l-su-ketaus-dangciu-t405cp-ir-3-lekstes-t101-komplektas\/\",\"name\":\"Ketaus KAZANAS su ketaus dang\u010diu-keptuv\u0117 | 8L | T405CP\u00a0 ir 3 l\u0117k\u0161t\u0117s T101 | komplektas - Maysternya\",\"isPartOf\":{\"@id\":\"https:\/\/maysternya.lt\/#website\"},\"primaryImageOfPage\":{\"@id\":\"https:\/\/maysternya.lt\/product\/ketaus-kazanas-8l-su-ketaus-dangciu-t405cp-ir-3-lekstes-t101-komplektas\/#primaryimage\"},\"image\":{\"@id\":\"https:\/\/maysternya.lt\/product\/ketaus-kazanas-8l-su-ketaus-dangciu-t405cp-ir-3-lekstes-t101-komplektas\/#primaryimage\"},\"thumbnailUrl\":\"https:\/\/maysternya.lt\/wp-content\/uploads\/2025\/02\/Komplektas-kazanas-8-litru-T405CP-3-lekstes-T-101.jpg\",\"datePublished\":\"2021-02-25T22:56:44+00:00\",\"dateModified\":\"2025-02-11T14:41:35+00:00\",\"breadcrumb\":{\"@id\":\"https:\/\/maysternya.lt\/product\/ketaus-kazanas-8l-su-ketaus-dangciu-t405cp-ir-3-lekstes-t101-komplektas\/#breadcrumb\"},\"inLanguage\":\"en-US\",\"potentialAction\":[{\"@type\":\"ReadAction\",\"target\":[\"https:\/\/maysternya.lt\/product\/ketaus-kazanas-8l-su-ketaus-dangciu-t405cp-ir-3-lekstes-t101-komplektas\/\"]}]},{\"@type\":\"ImageObject\",\"inLanguage\":\"en-US\",\"@id\":\"https:\/\/maysternya.lt\/product\/ketaus-kazanas-8l-su-ketaus-dangciu-t405cp-ir-3-lekstes-t101-komplektas\/#primaryimage\",\"url\":\"https:\/\/maysternya.lt\/wp-content\/uploads\/2025\/02\/Komplektas-kazanas-8-litru-T405CP-3-lekstes-T-101.jpg\",\"contentUrl\":\"https:\/\/maysternya.lt\/wp-content\/uploads\/2025\/02\/Komplektas-kazanas-8-litru-T405CP-3-lekstes-T-101.jpg\",\"width\":1200,\"height\":1200,\"caption\":\"Komplektas-kazanas-8-litru-T405CP-3-lekstes-T-101\"},{\"@type\":\"BreadcrumbList\",\"@id\":\"https:\/\/maysternya.lt\/product\/ketaus-kazanas-8l-su-ketaus-dangciu-t405cp-ir-3-lekstes-t101-komplektas\/#breadcrumb\",\"itemListElement\":[{\"@type\":\"ListItem\",\"position\":1,\"name\":\"\u0413\u043b\u0430\u0432\u043d\u0430\u044f \u0441\u0442\u0440\u0430\u043d\u0438\u0446\u0430\",\"item\":\"https:\/\/maysternya.lt\/\"},{\"@type\":\"ListItem\",\"position\":2,\"name\":\"Katalogas\",\"item\":\"https:\/\/maysternya.lt\/en\/katalogas\/\"},{\"@type\":\"ListItem\",\"position\":3,\"name\":\"Ketaus KAZANAS su ketaus dang\u010diu-keptuv\u0117 | 8L | T405CP\u00a0 ir 3 l\u0117k\u0161t\u0117s T101 | komplektas\"}]},{\"@type\":\"WebSite\",\"@id\":\"https:\/\/maysternya.lt\/#website\",\"url\":\"https:\/\/maysternya.lt\/\",\"name\":\"Maysternya\",\"description\":\"Maysternya ketaus t\u016btos\",\"publisher\":{\"@id\":\"https:\/\/maysternya.lt\/#organization\"},\"potentialAction\":[{\"@type\":\"SearchAction\",\"target\":{\"@type\":\"EntryPoint\",\"urlTemplate\":\"https:\/\/maysternya.lt\/?s={search_term_string}\"},\"query-input\":{\"@type\":\"PropertyValueSpecification\",\"valueRequired\":true,\"valueName\":\"search_term_string\"}}],\"inLanguage\":\"en-US\"},{\"@type\":\"Organization\",\"@id\":\"https:\/\/maysternya.lt\/#organization\",\"name\":\"Maysternya\",\"url\":\"https:\/\/maysternya.lt\/\",\"logo\":{\"@type\":\"ImageObject\",\"inLanguage\":\"en-US\",\"@id\":\"https:\/\/maysternya.lt\/#\/schema\/logo\/image\/\",\"url\":\"https:\/\/maysternya.lt\/wp-content\/uploads\/2025\/02\/logo.png\",\"contentUrl\":\"https:\/\/maysternya.lt\/wp-content\/uploads\/2025\/02\/logo.png\",\"width\":2222,\"height\":2466,\"caption\":\"Maysternya\"},\"image\":{\"@id\":\"https:\/\/maysternya.lt\/#\/schema\/logo\/image\/\"}}]}<\/script>\n<!-- \/ Yoast SEO plugin. -->","yoast_head_json":{"title":"Ketaus KAZANAS su ketaus dang\u010diu-keptuv\u0117 | 8L | T405CP\u00a0 ir 3 l\u0117k\u0161t\u0117s T101 | komplektas - Maysternya","robots":{"index":"index","follow":"follow","max-snippet":"max-snippet:-1","max-image-preview":"max-image-preview:large","max-video-preview":"max-video-preview:-1"},"canonical":"https:\/\/maysternya.lt\/en\/wp-json\/wp\/v2\/product\/2674","og_locale":"en_US","og_type":"article","og_title":"Ketaus KAZANAS su ketaus dang\u010diu-keptuv\u0117 | 8L | T405CP\u00a0 ir 3 l\u0117k\u0161t\u0117s T101 | komplektas - Maysternya","og_description":"Kazanas \u201eMaysternya\u201c su ketaus dang\u010diu + Ketaus ind\u0173 komplektas KOMPLEKTAS (5 dali\u0173): Ketaus kazanas su ketaus dang\u010diu \u201eMAYSRTERNYA\u00ae\u201c 8L | T405 + Ketaus dangtis kazanui (naudojamas kaip ketaus keptuv\u0117) DOVAN\u0172! + 3 vnt. ketaus l\u0117k\u0161t\u0117s T101 DOVAN\u0172! Komplekte yra: a) Ketaus kazanas \u201eMAYSTERNYA\u201c \u2014 1 vnt. \u2022 Modelis T405 (be dang\u010dio) \u2022 Talpa 8L \u2022 Skersmuo: 36 cm (vir\u0161uje) \u2022 Auk\u0161tis (gylis): 15 cm (be dang\u010dio) \u2022 Dugnas WOK (plok\u0161\u010dias). Skersmuo 14 cm \u2022 Pagamintas i\u0161 auk\u0161tos kokyb\u0117s ketaus \u2022 Tinka visoms virykl\u0117ms (taip pat ir indukcin\u0117ms) \u2022 Galima naudoti orkait\u0117je ar ant atviros ugnies \u2022 Tinka naudoti Kamado b) Ketaus dangtis kazanui\u00a0 \/ Ketaus keptuv\u0117 | T310 \u2014 1 vnt. \u2022 Modelis: T310 \u2022 Skersmuo: 34 cm (su rank\u0117nomis) 40 cm \u2022 Gylis: 4 cm \u2022 Lietos ketaus rankenos \u2022 Naudojamas kaip ketaus keptuv\u0117 \u2022 Tinka KAMADO \u2022 Galima naudoti orkait\u0117je ar ant atviros ugnies c) Ketaus l\u0117k\u0161t\u0117s-skrudintuvai \u2014 3 vnt. \u2022 Modelis T101 (ketaus l\u0117k\u0161t\u0117-skrudintuvas) \u2022 Skersmuo: 18 cm \u2022 Gylis: 2,5 cm \u2022 Lietos ketaus rankenos \u2022 Pagaminta i\u0161 auk\u0161tos kokyb\u0117s ketaus \u2022 Tinka visoms virykl\u0117ms (taip pat ir indukcin\u0117ms) \u2022 Galima naudoti orkait\u0117je ar ant atviros ugnies \u2022 Tinka naudoti Kamado Ketaus kazanas su ketaus dang\u010diu \u201eMAYSRTERNYA\u00ae\u201c 8L | T405 Paskub\u0117kite \u012fsigyti jau dabar! O papildom\u0105 l\u0117k\u0161t\u0119 dabar tik 5,95 Eur! (sena kaina 10,59 Eur)","og_url":"https:\/\/maysternya.lt\/en\/product\/ketaus-kazanas-8l-su-ketaus-dangciu-t405cp-ir-3-lekstes-t101-komplektas\/","og_site_name":"Maysternya","article_modified_time":"2025-02-11T14:41:35+00:00","og_image":[{"width":1200,"height":1200,"url":"https:\/\/maysternya.lt\/wp-content\/uploads\/2025\/02\/Komplektas-kazanas-8-litru-T405CP-3-lekstes-T-101.jpg","type":"image\/jpeg"}],"twitter_card":"summary_large_image","twitter_misc":{"Est. reading time":"1 minute"},"schema":{"@context":"https:\/\/schema.org","@graph":[{"@type":"WebPage","@id":"https:\/\/maysternya.lt\/product\/ketaus-kazanas-8l-su-ketaus-dangciu-t405cp-ir-3-lekstes-t101-komplektas\/","url":"https:\/\/maysternya.lt\/product\/ketaus-kazanas-8l-su-ketaus-dangciu-t405cp-ir-3-lekstes-t101-komplektas\/","name":"Ketaus KAZANAS su ketaus dang\u010diu-keptuv\u0117 | 8L | T405CP\u00a0 ir 3 l\u0117k\u0161t\u0117s T101 | komplektas - Maysternya","isPartOf":{"@id":"https:\/\/maysternya.lt\/#website"},"primaryImageOfPage":{"@id":"https:\/\/maysternya.lt\/product\/ketaus-kazanas-8l-su-ketaus-dangciu-t405cp-ir-3-lekstes-t101-komplektas\/#primaryimage"},"image":{"@id":"https:\/\/maysternya.lt\/product\/ketaus-kazanas-8l-su-ketaus-dangciu-t405cp-ir-3-lekstes-t101-komplektas\/#primaryimage"},"thumbnailUrl":"https:\/\/maysternya.lt\/wp-content\/uploads\/2025\/02\/Komplektas-kazanas-8-litru-T405CP-3-lekstes-T-101.jpg","datePublished":"2021-02-25T22:56:44+00:00","dateModified":"2025-02-11T14:41:35+00:00","breadcrumb":{"@id":"https:\/\/maysternya.lt\/product\/ketaus-kazanas-8l-su-ketaus-dangciu-t405cp-ir-3-lekstes-t101-komplektas\/#breadcrumb"},"inLanguage":"en-US","potentialAction":[{"@type":"ReadAction","target":["https:\/\/maysternya.lt\/product\/ketaus-kazanas-8l-su-ketaus-dangciu-t405cp-ir-3-lekstes-t101-komplektas\/"]}]},{"@type":"ImageObject","inLanguage":"en-US","@id":"https:\/\/maysternya.lt\/product\/ketaus-kazanas-8l-su-ketaus-dangciu-t405cp-ir-3-lekstes-t101-komplektas\/#primaryimage","url":"https:\/\/maysternya.lt\/wp-content\/uploads\/2025\/02\/Komplektas-kazanas-8-litru-T405CP-3-lekstes-T-101.jpg","contentUrl":"https:\/\/maysternya.lt\/wp-content\/uploads\/2025\/02\/Komplektas-kazanas-8-litru-T405CP-3-lekstes-T-101.jpg","width":1200,"height":1200,"caption":"Komplektas-kazanas-8-litru-T405CP-3-lekstes-T-101"},{"@type":"BreadcrumbList","@id":"https:\/\/maysternya.lt\/product\/ketaus-kazanas-8l-su-ketaus-dangciu-t405cp-ir-3-lekstes-t101-komplektas\/#breadcrumb","itemListElement":[{"@type":"ListItem","position":1,"name":"\u0413\u043b\u0430\u0432\u043d\u0430\u044f \u0441\u0442\u0440\u0430\u043d\u0438\u0446\u0430","item":"https:\/\/maysternya.lt\/"},{"@type":"ListItem","position":2,"name":"Katalogas","item":"https:\/\/maysternya.lt\/en\/katalogas\/"},{"@type":"ListItem","position":3,"name":"Ketaus KAZANAS su ketaus dang\u010diu-keptuv\u0117 | 8L | T405CP\u00a0 ir 3 l\u0117k\u0161t\u0117s T101 | komplektas"}]},{"@type":"WebSite","@id":"https:\/\/maysternya.lt\/#website","url":"https:\/\/maysternya.lt\/","name":"Maysternya","description":"Maysternya ketaus t\u016btos","publisher":{"@id":"https:\/\/maysternya.lt\/#organization"},"potentialAction":[{"@type":"SearchAction","target":{"@type":"EntryPoint","urlTemplate":"https:\/\/maysternya.lt\/?s={search_term_string}"},"query-input":{"@type":"PropertyValueSpecification","valueRequired":true,"valueName":"search_term_string"}}],"inLanguage":"en-US"},{"@type":"Organization","@id":"https:\/\/maysternya.lt\/#organization","name":"Maysternya","url":"https:\/\/maysternya.lt\/","logo":{"@type":"ImageObject","inLanguage":"en-US","@id":"https:\/\/maysternya.lt\/#\/schema\/logo\/image\/","url":"https:\/\/maysternya.lt\/wp-content\/uploads\/2025\/02\/logo.png","contentUrl":"https:\/\/maysternya.lt\/wp-content\/uploads\/2025\/02\/logo.png","width":2222,"height":2466,"caption":"Maysternya"},"image":{"@id":"https:\/\/maysternya.lt\/#\/schema\/logo\/image\/"}}]}},"_links":{"self":[{"href":"https:\/\/maysternya.lt\/en\/wp-json\/wp\/v2\/product\/2674","targetHints":{"allow":["GET"]}}],"collection":[{"href":"https:\/\/maysternya.lt\/en\/wp-json\/wp\/v2\/product"}],"about":[{"href":"https:\/\/maysternya.lt\/en\/wp-json\/wp\/v2\/types\/product"}],"replies":[{"embeddable":true,"href":"https:\/\/maysternya.lt\/en\/wp-json\/wp\/v2\/comments?post=2674"}],"wp:featuredmedia":[{"embeddable":true,"href":"https:\/\/maysternya.lt\/en\/wp-json\/wp\/v2\/media\/2675"}],"wp:attachment":[{"href":"https:\/\/maysternya.lt\/en\/wp-json\/wp\/v2\/media?parent=2674"}],"wp:term":[{"taxonomy":"product_brand","embeddable":true,"href":"https:\/\/maysternya.lt\/en\/wp-json\/wp\/v2\/product_brand?post=2674"},{"taxonomy":"product_cat","embeddable":true,"href":"https:\/\/maysternya.lt\/en\/wp-json\/wp\/v2\/product_cat?post=2674"},{"taxonomy":"product_tag","embeddable":true,"href":"https:\/\/maysternya.lt\/en\/wp-json\/wp\/v2\/product_tag?post=2674"}],"curies":[{"name":"wp","href":"https:\/\/api.w.org\/{rel}","templated":true}]}}