{"id":2593,"date":"2021-01-30T13:19:24","date_gmt":"2021-01-30T13:19:24","guid":{"rendered":"http:\/\/maysternya.lt\/product\/ketaus-kazanas-8l-t405-ir-3-keptuves-t201-komplektas\/"},"modified":"2025-02-11T14:40:26","modified_gmt":"2025-02-11T14:40:26","slug":"ketaus-kazanas-8l-t405-ir-3-keptuves-t201-komplektas","status":"publish","type":"product","link":"https:\/\/maysternya.lt\/en\/product\/ketaus-kazanas-8l-t405-ir-3-keptuves-t201-komplektas\/","title":{"rendered":"Ketaus KAZANAS 8L su dang\u010diu | T405C2  ir 3 keptuv\u0117s T201 | komplektas"},"content":{"rendered":"<p><strong>KOMPLEKTAS:<\/p>\n<p><\/strong><strong>Ketaus kazanas su dang\u010diu\u00a0 \u201eMAYSRTERNYA\u00ae\u201c 8L | T405C2<\/p>\n<p><\/strong><strong>+ 3 vnt. ketaus keptuvi\u0173 T201 DOVAN\u0172!<\/strong><\/p>\n<p>Komplekte yra:<\/p>\n<p><strong>a) Ketaus kazanas \u201eMAYSTERNYA\u00ae\u201c \u2014 1 vnt.<\/strong><\/p>\n<p>\u2022 Modelis T405 (be dang\u010dio)<\/p>\n<p>\u2022 Talpa 8L<\/p>\n<p>\u2022 Skersmuo: 36 cm (vir\u0161uje)<\/p>\n<p>\u2022 Auk\u0161tis (gylis): 15 cm (be dang\u010dio)<\/p>\n<p>\u2022 Dugnas WOK (plok\u0161\u010dias). Skersmuo 14 cm<\/p>\n<p>\u2022 Pagamintas i\u0161 auk\u0161tos kokyb\u0117s ketaus<\/p>\n<p>\u2022 Tinka visoms virykl\u0117ms (taip pat ir indukcin\u0117ms)<\/p>\n<p>\u2022 Galima naudoti orkait\u0117je ar ant atviros ugnies<\/p>\n<p>\u2022 Tinka naudoti Kamado<\/p>\n<p><strong>b) Ketaus keptuv\u0117s \u201eMAYSTERNYA\u00ae\u201c \u2014 3 vnt.<\/strong><\/p>\n<p>\u2022 Modelis T201 (ketaus keptuv\u0117 su ketaus rankena)<\/p>\n<p>\u2022 Skersmuo (vir\u0161uje): 16 cm<\/p>\n<p>\u2022 Skersmuo (dugnas): 11 cm<\/p>\n<p>\u2022 Auk\u0161tis (gylis): 4 cm<\/p>\n<p>\u2022 Lieta ketaus rankena<\/p>\n<p>\u2022 Keptuv\u0117 pagaminta i\u0161 auk\u0161tos kokyb\u0117s ketaus<\/p>\n<p>\u2022 Tinka visoms virykl\u0117ms (taip pat ir indukcin\u0117ms)<\/p>\n<p>\u2022 Galima naudoti orkait\u0117je ar ant atviros ugnies<\/p>\n<p>\u2022 Tinka naudoti Kamado<\/p>\n<p><img decoding=\"async\" class=\"size-full wp-image-373\" src=\"http:\/\/maysternya.lt\/wp-content\/uploads\/2025\/02\/Maysternya-logo-2020-100x100px.jpg\" alt=\"Maysternya-logo-2020-100x100px\" width=\"100\" height=\"100\" \/><\/p>\n<p>&nbsp;<\/p>","protected":false},"excerpt":{"rendered":"<p><strong>KOMPLEKTAS:<\/p>\n<p><\/strong><strong>Ketaus kazanas su dang\u010diu\u00a0 \u201eMAYSRTERNYA\u00ae\u201c 8L | T405C2<\/p>\n<p><\/strong><strong>+ 3 vnt. ketaus keptuvi\u0173 T201 DOVAN\u0172!<\/strong><\/p>\n<p>Komplekte yra:<\/p>\n<p><strong>a) Ketaus kazanas \u201eMAYSTERNYA\u00ae\u201c \u2014 1 vnt.<\/strong><\/p>\n<p>\u2022 Modelis T405 (be dang\u010dio)<\/p>\n<p>\u2022 Talpa 8L<\/p>\n<p>\u2022 Skersmuo: 36 cm (vir\u0161uje)<\/p>\n<p>\u2022 Auk\u0161tis (gylis): 15 cm (be dang\u010dio)<\/p>\n<p>\u2022 Dugnas WOK (plok\u0161\u010dias). Skersmuo 14 cm<\/p>\n<p>\u2022 Pagamintas i\u0161 auk\u0161tos kokyb\u0117s ketaus<\/p>\n<p>\u2022 Tinka visoms virykl\u0117ms (taip pat ir indukcin\u0117ms)<\/p>\n<p>\u2022 Galima naudoti orkait\u0117je ar ant atviros ugnies<\/p>\n<p>\u2022 Tinka naudoti Kamado<\/p>\n<p><strong>b) Ketaus keptuv\u0117s \u201eMAYSTERNYA\u00ae\u201c \u2014 3 vnt.<\/strong><\/p>\n<p>\u2022 Modelis T201 (ketaus keptuv\u0117 su ketaus rankena)<\/p>\n<p>\u2022 Skersmuo (vir\u0161uje): 16 cm<\/p>\n<p>\u2022 Skersmuo (dugnas): 11 cm<\/p>\n<p>\u2022 Auk\u0161tis (gylis): 4 cm<\/p>\n<p>\u2022 Lieta ketaus rankena<\/p>\n<p>\u2022 Keptuv\u0117 pagaminta i\u0161 auk\u0161tos kokyb\u0117s ketaus<\/p>\n<p>\u2022 Tinka visoms virykl\u0117ms (taip pat ir indukcin\u0117ms)<\/p>\n<p>\u2022 Galima naudoti orkait\u0117je ar ant atviros ugnies<\/p>\n<p>\u2022 Tinka naudoti Kamado<\/p>","protected":false},"featured_media":2594,"comment_status":"open","ping_status":"open","template":"","meta":{"site-sidebar-layout":"default","site-content-layout":"","ast-site-content-layout":"","site-content-style":"default","site-sidebar-style":"default","ast-global-header-display":"","ast-banner-title-visibility":"","ast-main-header-display":"","ast-hfb-above-header-display":"","ast-hfb-below-header-display":"","ast-hfb-mobile-header-display":"","site-post-title":"","ast-breadcrumbs-content":"","ast-featured-img":"","footer-sml-layout":"","theme-transparent-header-meta":"","adv-header-id-meta":"","stick-header-meta":"","header-above-stick-meta":"","header-main-stick-meta":"","header-below-stick-meta":"","astra-migrate-meta-layouts":"default","ast-page-background-enabled":"default","ast-page-background-meta":{"desktop":{"background-color":"var(--ast-global-color-5)","background-image":"","background-repeat":"repeat","background-position":"center center","background-size":"auto","background-attachment":"scroll","background-type":"","background-media":"","overlay-type":"","overlay-color":"","overlay-opacity":"","overlay-gradient":""},"tablet":{"background-color":"","background-image":"","background-repeat":"repeat","background-position":"center center","background-size":"auto","background-attachment":"scroll","background-type":"","background-media":"","overlay-type":"","overlay-color":"","overlay-opacity":"","overlay-gradient":""},"mobile":{"background-color":"","background-image":"","background-repeat":"repeat","background-position":"center center","background-size":"auto","background-attachment":"scroll","background-type":"","background-media":"","overlay-type":"","overlay-color":"","overlay-opacity":"","overlay-gradient":""}},"ast-content-background-meta":{"desktop":{"background-color":"var(--ast-global-color-4)","background-image":"","background-repeat":"repeat","background-position":"center center","background-size":"auto","background-attachment":"scroll","background-type":"","background-media":"","overlay-type":"","overlay-color":"","overlay-opacity":"","overlay-gradient":""},"tablet":{"background-color":"var(--ast-global-color-4)","background-image":"","background-repeat":"repeat","background-position":"center center","background-size":"auto","background-attachment":"scroll","background-type":"","background-media":"","overlay-type":"","overlay-color":"","overlay-opacity":"","overlay-gradient":""},"mobile":{"background-color":"var(--ast-global-color-4)","background-image":"","background-repeat":"repeat","background-position":"center center","background-size":"auto","background-attachment":"scroll","background-type":"","background-media":"","overlay-type":"","overlay-color":"","overlay-opacity":"","overlay-gradient":""}}},"product_brand":[],"product_cat":[49,57,51,53,41],"product_tag":[42],"class_list":{"0":"post-2593","1":"product","2":"type-product","3":"status-publish","4":"has-post-thumbnail","6":"product_cat-dovanos","7":"product_cat-dovanu-rinkiniai","8":"product_cat-kazanai","9":"product_cat-wok-kazanai","10":"product_cat-maysternya","11":"product_tag-maysternya","12":"product_shipping_class-kazanai-pristatymlo-klase","13":"desktop-align-left","14":"tablet-align-left","15":"mobile-align-left","17":"first","18":"outofstock","19":"shipping-taxable","20":"product-type-simple"},"yoast_head":"<!-- This site is optimized with the Yoast SEO plugin v24.5 - https:\/\/yoast.com\/wordpress\/plugins\/seo\/ -->\n<title>Ketaus KAZANAS 8L su dang\u010diu | T405C2 ir 3 keptuv\u0117s T201 | komplektas - Maysternya<\/title>\n<meta name=\"robots\" content=\"index, follow, max-snippet:-1, max-image-preview:large, max-video-preview:-1\" \/>\n<link rel=\"canonical\" href=\"https:\/\/maysternya.lt\/en\/wp-json\/wp\/v2\/product\/2593\" \/>\n<meta property=\"og:locale\" content=\"en_US\" \/>\n<meta property=\"og:type\" content=\"article\" \/>\n<meta property=\"og:title\" content=\"Ketaus KAZANAS 8L su dang\u010diu | T405C2 ir 3 keptuv\u0117s T201 | komplektas - Maysternya\" \/>\n<meta property=\"og:description\" content=\"KOMPLEKTAS: Ketaus kazanas su dang\u010diu\u00a0 \u201eMAYSRTERNYA\u00ae\u201c 8L | T405C2 + 3 vnt. ketaus keptuvi\u0173 T201 DOVAN\u0172!  Komplekte yra:  a) Ketaus kazanas \u201eMAYSTERNYA\u00ae\u201c \u2014 1 vnt.  \u2022 Modelis T405 (be dang\u010dio) \u2022 Talpa 8L \u2022 Skersmuo: 36 cm (vir\u0161uje) \u2022 Auk\u0161tis (gylis): 15 cm (be dang\u010dio) \u2022 Dugnas WOK (plok\u0161\u010dias). Skersmuo 14 cm \u2022 Pagamintas i\u0161 auk\u0161tos kokyb\u0117s ketaus \u2022 Tinka visoms virykl\u0117ms (taip pat ir indukcin\u0117ms) \u2022 Galima naudoti orkait\u0117je ar ant atviros ugnies  \u2022 Tinka naudoti Kamado  b) Ketaus keptuv\u0117s \u201eMAYSTERNYA\u00ae\u201c \u2014 3 vnt.  \u2022 Modelis T201 (ketaus keptuv\u0117 su ketaus rankena) \u2022 Skersmuo (vir\u0161uje): 16 cm \u2022 Skersmuo (dugnas): 11 cm \u2022 Auk\u0161tis (gylis): 4 cm \u2022 Lieta ketaus rankena \u2022 Keptuv\u0117 pagaminta i\u0161 auk\u0161tos kokyb\u0117s ketaus \u2022 Tinka visoms virykl\u0117ms (taip pat ir indukcin\u0117ms) \u2022 Galima naudoti orkait\u0117je ar ant atviros ugnies  \u2022 Tinka naudoti Kamado\" \/>\n<meta property=\"og:url\" content=\"https:\/\/maysternya.lt\/en\/product\/ketaus-kazanas-8l-t405-ir-3-keptuves-t201-komplektas\/\" \/>\n<meta property=\"og:site_name\" content=\"Maysternya\" \/>\n<meta property=\"article:modified_time\" content=\"2025-02-11T14:40:26+00:00\" \/>\n<meta property=\"og:image\" content=\"https:\/\/maysternya.lt\/wp-content\/uploads\/2025\/02\/Komplektas-KAZANAS-T405-ir-3-Keptuves-T201-2021-11-20.jpg\" \/>\n\t<meta property=\"og:image:width\" content=\"1200\" \/>\n\t<meta property=\"og:image:height\" content=\"1200\" \/>\n\t<meta property=\"og:image:type\" content=\"image\/jpeg\" \/>\n<meta name=\"twitter:card\" content=\"summary_large_image\" \/>\n<meta name=\"twitter:label1\" content=\"Est. reading time\" \/>\n\t<meta name=\"twitter:data1\" content=\"1 minute\" \/>\n<script type=\"application\/ld+json\" class=\"yoast-schema-graph\">{\"@context\":\"https:\/\/schema.org\",\"@graph\":[{\"@type\":\"WebPage\",\"@id\":\"https:\/\/maysternya.lt\/product\/ketaus-kazanas-8l-t405-ir-3-keptuves-t201-komplektas\/\",\"url\":\"https:\/\/maysternya.lt\/product\/ketaus-kazanas-8l-t405-ir-3-keptuves-t201-komplektas\/\",\"name\":\"Ketaus KAZANAS 8L su dang\u010diu | T405C2 ir 3 keptuv\u0117s T201 | komplektas - Maysternya\",\"isPartOf\":{\"@id\":\"https:\/\/maysternya.lt\/#website\"},\"primaryImageOfPage\":{\"@id\":\"https:\/\/maysternya.lt\/product\/ketaus-kazanas-8l-t405-ir-3-keptuves-t201-komplektas\/#primaryimage\"},\"image\":{\"@id\":\"https:\/\/maysternya.lt\/product\/ketaus-kazanas-8l-t405-ir-3-keptuves-t201-komplektas\/#primaryimage\"},\"thumbnailUrl\":\"https:\/\/maysternya.lt\/wp-content\/uploads\/2025\/02\/Komplektas-KAZANAS-T405-ir-3-Keptuves-T201-2021-11-20.jpg\",\"datePublished\":\"2021-01-30T13:19:24+00:00\",\"dateModified\":\"2025-02-11T14:40:26+00:00\",\"breadcrumb\":{\"@id\":\"https:\/\/maysternya.lt\/product\/ketaus-kazanas-8l-t405-ir-3-keptuves-t201-komplektas\/#breadcrumb\"},\"inLanguage\":\"en-US\",\"potentialAction\":[{\"@type\":\"ReadAction\",\"target\":[\"https:\/\/maysternya.lt\/product\/ketaus-kazanas-8l-t405-ir-3-keptuves-t201-komplektas\/\"]}]},{\"@type\":\"ImageObject\",\"inLanguage\":\"en-US\",\"@id\":\"https:\/\/maysternya.lt\/product\/ketaus-kazanas-8l-t405-ir-3-keptuves-t201-komplektas\/#primaryimage\",\"url\":\"https:\/\/maysternya.lt\/wp-content\/uploads\/2025\/02\/Komplektas-KAZANAS-T405-ir-3-Keptuves-T201-2021-11-20.jpg\",\"contentUrl\":\"https:\/\/maysternya.lt\/wp-content\/uploads\/2025\/02\/Komplektas-KAZANAS-T405-ir-3-Keptuves-T201-2021-11-20.jpg\",\"width\":1200,\"height\":1200,\"caption\":\"Komplektas - ketaus KAZANAS-T405-ir-3-ketaus Keptuves-T201\"},{\"@type\":\"BreadcrumbList\",\"@id\":\"https:\/\/maysternya.lt\/product\/ketaus-kazanas-8l-t405-ir-3-keptuves-t201-komplektas\/#breadcrumb\",\"itemListElement\":[{\"@type\":\"ListItem\",\"position\":1,\"name\":\"\u0413\u043b\u0430\u0432\u043d\u0430\u044f \u0441\u0442\u0440\u0430\u043d\u0438\u0446\u0430\",\"item\":\"https:\/\/maysternya.lt\/\"},{\"@type\":\"ListItem\",\"position\":2,\"name\":\"Katalogas\",\"item\":\"https:\/\/maysternya.lt\/en\/katalogas\/\"},{\"@type\":\"ListItem\",\"position\":3,\"name\":\"Ketaus KAZANAS 8L su dang\u010diu | T405C2 ir 3 keptuv\u0117s T201 | komplektas\"}]},{\"@type\":\"WebSite\",\"@id\":\"https:\/\/maysternya.lt\/#website\",\"url\":\"https:\/\/maysternya.lt\/\",\"name\":\"Maysternya\",\"description\":\"Maysternya ketaus t\u016btos\",\"publisher\":{\"@id\":\"https:\/\/maysternya.lt\/#organization\"},\"potentialAction\":[{\"@type\":\"SearchAction\",\"target\":{\"@type\":\"EntryPoint\",\"urlTemplate\":\"https:\/\/maysternya.lt\/?s={search_term_string}\"},\"query-input\":{\"@type\":\"PropertyValueSpecification\",\"valueRequired\":true,\"valueName\":\"search_term_string\"}}],\"inLanguage\":\"en-US\"},{\"@type\":\"Organization\",\"@id\":\"https:\/\/maysternya.lt\/#organization\",\"name\":\"Maysternya\",\"url\":\"https:\/\/maysternya.lt\/\",\"logo\":{\"@type\":\"ImageObject\",\"inLanguage\":\"en-US\",\"@id\":\"https:\/\/maysternya.lt\/#\/schema\/logo\/image\/\",\"url\":\"https:\/\/maysternya.lt\/wp-content\/uploads\/2025\/02\/logo.png\",\"contentUrl\":\"https:\/\/maysternya.lt\/wp-content\/uploads\/2025\/02\/logo.png\",\"width\":2222,\"height\":2466,\"caption\":\"Maysternya\"},\"image\":{\"@id\":\"https:\/\/maysternya.lt\/#\/schema\/logo\/image\/\"}}]}<\/script>\n<!-- \/ Yoast SEO plugin. -->","yoast_head_json":{"title":"Ketaus KAZANAS 8L su dang\u010diu | T405C2 ir 3 keptuv\u0117s T201 | komplektas - Maysternya","robots":{"index":"index","follow":"follow","max-snippet":"max-snippet:-1","max-image-preview":"max-image-preview:large","max-video-preview":"max-video-preview:-1"},"canonical":"https:\/\/maysternya.lt\/en\/wp-json\/wp\/v2\/product\/2593","og_locale":"en_US","og_type":"article","og_title":"Ketaus KAZANAS 8L su dang\u010diu | T405C2 ir 3 keptuv\u0117s T201 | komplektas - Maysternya","og_description":"KOMPLEKTAS: Ketaus kazanas su dang\u010diu\u00a0 \u201eMAYSRTERNYA\u00ae\u201c 8L | T405C2 + 3 vnt. ketaus keptuvi\u0173 T201 DOVAN\u0172!  Komplekte yra:  a) Ketaus kazanas \u201eMAYSTERNYA\u00ae\u201c \u2014 1 vnt.  \u2022 Modelis T405 (be dang\u010dio) \u2022 Talpa 8L \u2022 Skersmuo: 36 cm (vir\u0161uje) \u2022 Auk\u0161tis (gylis): 15 cm (be dang\u010dio) \u2022 Dugnas WOK (plok\u0161\u010dias). Skersmuo 14 cm \u2022 Pagamintas i\u0161 auk\u0161tos kokyb\u0117s ketaus \u2022 Tinka visoms virykl\u0117ms (taip pat ir indukcin\u0117ms) \u2022 Galima naudoti orkait\u0117je ar ant atviros ugnies  \u2022 Tinka naudoti Kamado  b) Ketaus keptuv\u0117s \u201eMAYSTERNYA\u00ae\u201c \u2014 3 vnt.  \u2022 Modelis T201 (ketaus keptuv\u0117 su ketaus rankena) \u2022 Skersmuo (vir\u0161uje): 16 cm \u2022 Skersmuo (dugnas): 11 cm \u2022 Auk\u0161tis (gylis): 4 cm \u2022 Lieta ketaus rankena \u2022 Keptuv\u0117 pagaminta i\u0161 auk\u0161tos kokyb\u0117s ketaus \u2022 Tinka visoms virykl\u0117ms (taip pat ir indukcin\u0117ms) \u2022 Galima naudoti orkait\u0117je ar ant atviros ugnies  \u2022 Tinka naudoti Kamado","og_url":"https:\/\/maysternya.lt\/en\/product\/ketaus-kazanas-8l-t405-ir-3-keptuves-t201-komplektas\/","og_site_name":"Maysternya","article_modified_time":"2025-02-11T14:40:26+00:00","og_image":[{"width":1200,"height":1200,"url":"https:\/\/maysternya.lt\/wp-content\/uploads\/2025\/02\/Komplektas-KAZANAS-T405-ir-3-Keptuves-T201-2021-11-20.jpg","type":"image\/jpeg"}],"twitter_card":"summary_large_image","twitter_misc":{"Est. reading time":"1 minute"},"schema":{"@context":"https:\/\/schema.org","@graph":[{"@type":"WebPage","@id":"https:\/\/maysternya.lt\/product\/ketaus-kazanas-8l-t405-ir-3-keptuves-t201-komplektas\/","url":"https:\/\/maysternya.lt\/product\/ketaus-kazanas-8l-t405-ir-3-keptuves-t201-komplektas\/","name":"Ketaus KAZANAS 8L su dang\u010diu | T405C2 ir 3 keptuv\u0117s T201 | komplektas - Maysternya","isPartOf":{"@id":"https:\/\/maysternya.lt\/#website"},"primaryImageOfPage":{"@id":"https:\/\/maysternya.lt\/product\/ketaus-kazanas-8l-t405-ir-3-keptuves-t201-komplektas\/#primaryimage"},"image":{"@id":"https:\/\/maysternya.lt\/product\/ketaus-kazanas-8l-t405-ir-3-keptuves-t201-komplektas\/#primaryimage"},"thumbnailUrl":"https:\/\/maysternya.lt\/wp-content\/uploads\/2025\/02\/Komplektas-KAZANAS-T405-ir-3-Keptuves-T201-2021-11-20.jpg","datePublished":"2021-01-30T13:19:24+00:00","dateModified":"2025-02-11T14:40:26+00:00","breadcrumb":{"@id":"https:\/\/maysternya.lt\/product\/ketaus-kazanas-8l-t405-ir-3-keptuves-t201-komplektas\/#breadcrumb"},"inLanguage":"en-US","potentialAction":[{"@type":"ReadAction","target":["https:\/\/maysternya.lt\/product\/ketaus-kazanas-8l-t405-ir-3-keptuves-t201-komplektas\/"]}]},{"@type":"ImageObject","inLanguage":"en-US","@id":"https:\/\/maysternya.lt\/product\/ketaus-kazanas-8l-t405-ir-3-keptuves-t201-komplektas\/#primaryimage","url":"https:\/\/maysternya.lt\/wp-content\/uploads\/2025\/02\/Komplektas-KAZANAS-T405-ir-3-Keptuves-T201-2021-11-20.jpg","contentUrl":"https:\/\/maysternya.lt\/wp-content\/uploads\/2025\/02\/Komplektas-KAZANAS-T405-ir-3-Keptuves-T201-2021-11-20.jpg","width":1200,"height":1200,"caption":"Komplektas - ketaus KAZANAS-T405-ir-3-ketaus Keptuves-T201"},{"@type":"BreadcrumbList","@id":"https:\/\/maysternya.lt\/product\/ketaus-kazanas-8l-t405-ir-3-keptuves-t201-komplektas\/#breadcrumb","itemListElement":[{"@type":"ListItem","position":1,"name":"\u0413\u043b\u0430\u0432\u043d\u0430\u044f \u0441\u0442\u0440\u0430\u043d\u0438\u0446\u0430","item":"https:\/\/maysternya.lt\/"},{"@type":"ListItem","position":2,"name":"Katalogas","item":"https:\/\/maysternya.lt\/en\/katalogas\/"},{"@type":"ListItem","position":3,"name":"Ketaus KAZANAS 8L su dang\u010diu | T405C2 ir 3 keptuv\u0117s T201 | komplektas"}]},{"@type":"WebSite","@id":"https:\/\/maysternya.lt\/#website","url":"https:\/\/maysternya.lt\/","name":"Maysternya","description":"Maysternya ketaus t\u016btos","publisher":{"@id":"https:\/\/maysternya.lt\/#organization"},"potentialAction":[{"@type":"SearchAction","target":{"@type":"EntryPoint","urlTemplate":"https:\/\/maysternya.lt\/?s={search_term_string}"},"query-input":{"@type":"PropertyValueSpecification","valueRequired":true,"valueName":"search_term_string"}}],"inLanguage":"en-US"},{"@type":"Organization","@id":"https:\/\/maysternya.lt\/#organization","name":"Maysternya","url":"https:\/\/maysternya.lt\/","logo":{"@type":"ImageObject","inLanguage":"en-US","@id":"https:\/\/maysternya.lt\/#\/schema\/logo\/image\/","url":"https:\/\/maysternya.lt\/wp-content\/uploads\/2025\/02\/logo.png","contentUrl":"https:\/\/maysternya.lt\/wp-content\/uploads\/2025\/02\/logo.png","width":2222,"height":2466,"caption":"Maysternya"},"image":{"@id":"https:\/\/maysternya.lt\/#\/schema\/logo\/image\/"}}]}},"_links":{"self":[{"href":"https:\/\/maysternya.lt\/en\/wp-json\/wp\/v2\/product\/2593","targetHints":{"allow":["GET"]}}],"collection":[{"href":"https:\/\/maysternya.lt\/en\/wp-json\/wp\/v2\/product"}],"about":[{"href":"https:\/\/maysternya.lt\/en\/wp-json\/wp\/v2\/types\/product"}],"replies":[{"embeddable":true,"href":"https:\/\/maysternya.lt\/en\/wp-json\/wp\/v2\/comments?post=2593"}],"wp:featuredmedia":[{"embeddable":true,"href":"https:\/\/maysternya.lt\/en\/wp-json\/wp\/v2\/media\/2594"}],"wp:attachment":[{"href":"https:\/\/maysternya.lt\/en\/wp-json\/wp\/v2\/media?parent=2593"}],"wp:term":[{"taxonomy":"product_brand","embeddable":true,"href":"https:\/\/maysternya.lt\/en\/wp-json\/wp\/v2\/product_brand?post=2593"},{"taxonomy":"product_cat","embeddable":true,"href":"https:\/\/maysternya.lt\/en\/wp-json\/wp\/v2\/product_cat?post=2593"},{"taxonomy":"product_tag","embeddable":true,"href":"https:\/\/maysternya.lt\/en\/wp-json\/wp\/v2\/product_tag?post=2593"}],"curies":[{"name":"wp","href":"https:\/\/api.w.org\/{rel}","templated":true}]}}