{"id":2578,"date":"2021-01-07T21:32:34","date_gmt":"2021-01-07T21:32:34","guid":{"rendered":"http:\/\/maysternya.lt\/product\/ketaus-puodas-su-dangciu-4-l-v4c2\/"},"modified":"2025-02-11T14:40:17","modified_gmt":"2025-02-11T14:40:17","slug":"ketaus-puodas-su-dangciu-4-l-v4c2","status":"publish","type":"product","link":"https:\/\/maysternya.lt\/en\/product\/ketaus-puodas-su-dangciu-4-l-v4c2\/","title":{"rendered":"Ketaus puodas su dang\u010diu, 4 l, V4C2"},"content":{"rendered":"<h2><strong>Ketaus puodas su dang\u010diu, 4 l, V4C2<\/strong><\/h2>\n<ul>\n<li><strong>Puodas pagaminta i\u0161 ketaus;<\/strong><\/li>\n<li><strong>Dangtis i\u0161 aliuminio;<\/strong><\/li>\n<li><strong>4 litr\u0173<\/strong><\/li>\n<li><strong>Vir\u0161utinis diametras 245&#215;300 mm (su rankenomis), apatinis diametras\u00a0 210&#215;210 mm, auk\u0161tis 110 mm.\u00a0<\/strong><\/li>\n<li><strong>Tinka visoms virykl\u0117ms: dujin\u0117ms, keramikin\u0117ms, indukcin\u0117ms, elekrin\u0117ms.<\/strong><\/li>\n<\/ul>\n<p>Ketaus keptuv\u0117s ir puodai yra ilgaam\u017eiai, patvar\u016bs, o j\u0173 pavir\u0161ius i\u0161laiko vienod\u0105 temperat\u016br\u0105. Be to, tinkamai naudojamas ketaus indas gali tarnauti am\u017einai, tod\u0117l juos galima perduoti i\u0161 kartos \u012f kart\u0105. Investuoti \u012f ketaus indus \u2013 protingas pasirinkimas. Keptuv\u0117s ir puodai i\u0161 \u00a0yra skirti vis\u0173 tip\u0173 virykl\u0117ms, \u012fskaitant keramines ir indukcines. Ketaus puodai ir keptuv\u0117s i\u0161laiko nepakitusi\u0105 form\u0105 ir turi nepriekai\u0161ting\u0105 pavir\u0161i\u0173.<\/p>\n<p><img decoding=\"async\" class=\"wp-image-2893 size-thumbnail\" src=\"http:\/\/maysternya.lt\/wp-content\/uploads\/2025\/02\/Maysternya-logo-350x350px-150x150-1.png\" alt=\"Ketaus indai-internete-Ketaus.lt--Maysternya\" width=\"150\" height=\"150\" \/><\/p>","protected":false},"excerpt":{"rendered":"<h2><strong>Ketaus puodas su dang\u010diu, 4 l, V4C2<\/strong><\/h2>\n<p>&nbsp;<\/p>\n<ul>\n<li><strong>Puodas pagaminta i\u0161 ketaus;<\/strong><\/li>\n<li><strong>Dangtis i\u0161 aliuminio;<\/strong><\/li>\n<li><strong>4 litr\u0173<\/strong><\/li>\n<li><strong>Vir\u0161utinis diametras 245&#215;300 mm (su rankenomis), apatinis diametras\u00a0 210&#215;210 mm, auk\u0161tis 110 mm.\u00a0<\/strong><\/li>\n<li><strong>Tinka visoms virykl\u0117ms: dujin\u0117ms, keramikin\u0117ms, indukcin\u0117ms, elekrin\u0117ms.<\/strong><\/li>\n<\/ul>\n<p><strong>\u00a0<\/strong><\/p>\n<p>K\u0105snis gero tro\u0161kinio v\u0117s\u0173j\u012f sezon\u0105 \u2013 tikra palaima organizmui. Daugumos tro\u0161kini\u0173 pagrind\u0105 sudaro dar\u017eov\u0117s, kruopos, sultinys ir pasirinktinai, m\u0117sa. Tai lengvas ir\u00a0 patogus gamybos b\u016bdas, kurio metu da\u017eniausiai visi ingredientai yra sudedami \u012f puod\u0105, paliekami virti ir po tam tikro laiko ant stalo jau galima tiekti paruo\u0161t\u0105 patiekal\u0105. Viskas ko tereikia yra geras puodas, tinkamas tiek tro\u0161kinimui, tiek ingredient\u0173 pakepimui prie\u0161. Maysternya si\u016blomi <strong>\u0161imtaprocentinio<\/strong> ir <strong>ekologi\u0161ko<\/strong> ketaus indai yra naujas atradimas tiems, kas vertina <strong>auk\u0161tos<\/strong> <strong>kokyb\u0117s<\/strong> <strong>autenti\u0161kus virtuv\u0117s indus<\/strong>. B\u016btent kaitinamas ketus nei\u0161skiria kenksming\u0173 med\u017eiag\u0173 ir tampa pralaidus \u0161ilumai, tod\u0117l maistas tolygiai \u0161ildomas. Dar viena puiki ketaus savyb\u0117 \u2013 jos danga yra nelipni, vadinasi kepant reikia minimalaus riebal\u0173 kiekio, nesuvartojant papildomai nereikaling\u0173. M\u0117gaukit\u0117s skaniausiais sezoniniais tro\u0161kiniais ar sriubomis \u012f pagalb\u0105 pasitelkus ketaus puodus.<\/p>\n<p>Norintiems i\u0161bandyti gurmani\u0161kus tro\u0161kini\u0173 receptus naudoti Maysternya ketaus puodus orkait\u0117je ar \u012f KAMADO \u2013 visi\u0161kai saugu. Maysternya indai turi storas ketaus sieneles ir <strong>yra sukurtas visokiai gamybai<\/strong> \u2013 galima naudoti tiek ant atviros ugnies, tiek ir ant \u0161iuolaikin\u0117s krosnies bei elektrin\u0117s, indukcin\u0117s, dujin\u0117s ir stiklo keramikos kaitlen\u010di\u0173.<\/p>","protected":false},"featured_media":2315,"comment_status":"open","ping_status":"open","template":"","meta":{"site-sidebar-layout":"default","site-content-layout":"","ast-site-content-layout":"","site-content-style":"default","site-sidebar-style":"default","ast-global-header-display":"","ast-banner-title-visibility":"","ast-main-header-display":"","ast-hfb-above-header-display":"","ast-hfb-below-header-display":"","ast-hfb-mobile-header-display":"","site-post-title":"","ast-breadcrumbs-content":"","ast-featured-img":"","footer-sml-layout":"","theme-transparent-header-meta":"","adv-header-id-meta":"","stick-header-meta":"","header-above-stick-meta":"","header-main-stick-meta":"","header-below-stick-meta":"","astra-migrate-meta-layouts":"default","ast-page-background-enabled":"default","ast-page-background-meta":{"desktop":{"background-color":"var(--ast-global-color-5)","background-image":"","background-repeat":"repeat","background-position":"center center","background-size":"auto","background-attachment":"scroll","background-type":"","background-media":"","overlay-type":"","overlay-color":"","overlay-opacity":"","overlay-gradient":""},"tablet":{"background-color":"","background-image":"","background-repeat":"repeat","background-position":"center center","background-size":"auto","background-attachment":"scroll","background-type":"","background-media":"","overlay-type":"","overlay-color":"","overlay-opacity":"","overlay-gradient":""},"mobile":{"background-color":"","background-image":"","background-repeat":"repeat","background-position":"center center","background-size":"auto","background-attachment":"scroll","background-type":"","background-media":"","overlay-type":"","overlay-color":"","overlay-opacity":"","overlay-gradient":""}},"ast-content-background-meta":{"desktop":{"background-color":"var(--ast-global-color-4)","background-image":"","background-repeat":"repeat","background-position":"center center","background-size":"auto","background-attachment":"scroll","background-type":"","background-media":"","overlay-type":"","overlay-color":"","overlay-opacity":"","overlay-gradient":""},"tablet":{"background-color":"var(--ast-global-color-4)","background-image":"","background-repeat":"repeat","background-position":"center center","background-size":"auto","background-attachment":"scroll","background-type":"","background-media":"","overlay-type":"","overlay-color":"","overlay-opacity":"","overlay-gradient":""},"mobile":{"background-color":"var(--ast-global-color-4)","background-image":"","background-repeat":"repeat","background-position":"center center","background-size":"auto","background-attachment":"scroll","background-type":"","background-media":"","overlay-type":"","overlay-color":"","overlay-opacity":"","overlay-gradient":""}}},"product_brand":[],"product_cat":[41,37,46,47],"product_tag":[42],"class_list":{"0":"post-2578","1":"product","2":"type-product","3":"status-publish","4":"has-post-thumbnail","6":"product_cat-maysternya","7":"product_cat-virtuves-indai","8":"product_cat-puodai","9":"product_cat-ketaus-puodai","10":"product_tag-maysternya","11":"product_shipping_class-iprasta-pristatymlo-klase","12":"desktop-align-left","13":"tablet-align-left","14":"mobile-align-left","16":"first","17":"outofstock","18":"shipping-taxable","19":"product-type-simple"},"yoast_head":"<!-- This site is optimized with the Yoast SEO plugin v24.5 - https:\/\/yoast.com\/wordpress\/plugins\/seo\/ -->\n<title>Ketaus puodas su dang\u010diu, 4 l, V4C2 - Maysternya<\/title>\n<meta name=\"robots\" content=\"index, follow, max-snippet:-1, max-image-preview:large, max-video-preview:-1\" \/>\n<link rel=\"canonical\" href=\"https:\/\/maysternya.lt\/en\/wp-json\/wp\/v2\/product\/2578\" \/>\n<meta property=\"og:locale\" content=\"en_US\" \/>\n<meta property=\"og:type\" content=\"article\" \/>\n<meta property=\"og:title\" content=\"Ketaus puodas su dang\u010diu, 4 l, V4C2 - Maysternya\" \/>\n<meta property=\"og:description\" content=\"Ketaus puodas su dang\u010diu, 4 l, V4C2 &nbsp;  Puodas pagaminta i\u0161 ketaus;  Dangtis i\u0161 aliuminio;  4 litr\u0173  Vir\u0161utinis diametras 245x300 mm (su rankenomis), apatinis diametras\u00a0 210x210 mm, auk\u0161tis 110 mm.\u00a0  Tinka visoms virykl\u0117ms: dujin\u0117ms, keramikin\u0117ms, indukcin\u0117ms, elekrin\u0117ms. \u00a0 K\u0105snis gero tro\u0161kinio v\u0117s\u0173j\u012f sezon\u0105 \u2013 tikra palaima organizmui. Daugumos tro\u0161kini\u0173 pagrind\u0105 sudaro dar\u017eov\u0117s, kruopos, sultinys ir pasirinktinai, m\u0117sa. Tai lengvas ir\u00a0 patogus gamybos b\u016bdas, kurio metu da\u017eniausiai visi ingredientai yra sudedami \u012f puod\u0105, paliekami virti ir po tam tikro laiko ant stalo jau galima tiekti paruo\u0161t\u0105 patiekal\u0105. Viskas ko tereikia yra geras puodas, tinkamas tiek tro\u0161kinimui, tiek ingredient\u0173 pakepimui prie\u0161. Maysternya si\u016blomi \u0161imtaprocentinio ir ekologi\u0161ko ketaus indai yra naujas atradimas tiems, kas vertina auk\u0161tos kokyb\u0117s autenti\u0161kus virtuv\u0117s indus. B\u016btent kaitinamas ketus nei\u0161skiria kenksming\u0173 med\u017eiag\u0173 ir tampa pralaidus \u0161ilumai, tod\u0117l maistas tolygiai \u0161ildomas. Dar viena puiki ketaus savyb\u0117 \u2013 jos danga yra nelipni, vadinasi kepant reikia minimalaus riebal\u0173 kiekio, nesuvartojant papildomai nereikaling\u0173. M\u0117gaukit\u0117s skaniausiais sezoniniais tro\u0161kiniais ar sriubomis \u012f pagalb\u0105 pasitelkus ketaus puodus. Norintiems i\u0161bandyti gurmani\u0161kus tro\u0161kini\u0173 receptus naudoti Maysternya ketaus puodus orkait\u0117je ar \u012f KAMADO \u2013 visi\u0161kai saugu. Maysternya indai turi storas ketaus sieneles ir yra sukurtas visokiai gamybai \u2013 galima naudoti tiek ant atviros ugnies, tiek ir ant \u0161iuolaikin\u0117s krosnies bei elektrin\u0117s, indukcin\u0117s, dujin\u0117s ir stiklo keramikos kaitlen\u010di\u0173.\" \/>\n<meta property=\"og:url\" content=\"https:\/\/maysternya.lt\/en\/product\/ketaus-puodas-su-dangciu-4-l-v4c2\/\" \/>\n<meta property=\"og:site_name\" content=\"Maysternya\" \/>\n<meta property=\"article:modified_time\" content=\"2025-02-11T14:40:17+00:00\" \/>\n<meta property=\"og:image\" content=\"https:\/\/maysternya.lt\/wp-content\/uploads\/2025\/02\/T403C2_7.jpg\" \/>\n\t<meta property=\"og:image:width\" content=\"600\" \/>\n\t<meta property=\"og:image:height\" content=\"600\" \/>\n\t<meta property=\"og:image:type\" content=\"image\/jpeg\" \/>\n<meta name=\"twitter:card\" content=\"summary_large_image\" \/>\n<meta name=\"twitter:label1\" content=\"Est. reading time\" \/>\n\t<meta name=\"twitter:data1\" content=\"1 minute\" \/>\n<script type=\"application\/ld+json\" class=\"yoast-schema-graph\">{\"@context\":\"https:\/\/schema.org\",\"@graph\":[{\"@type\":\"WebPage\",\"@id\":\"https:\/\/maysternya.lt\/product\/ketaus-puodas-su-dangciu-4-l-v4c2\/\",\"url\":\"https:\/\/maysternya.lt\/product\/ketaus-puodas-su-dangciu-4-l-v4c2\/\",\"name\":\"Ketaus puodas su dang\u010diu, 4 l, V4C2 - Maysternya\",\"isPartOf\":{\"@id\":\"https:\/\/maysternya.lt\/#website\"},\"primaryImageOfPage\":{\"@id\":\"https:\/\/maysternya.lt\/product\/ketaus-puodas-su-dangciu-4-l-v4c2\/#primaryimage\"},\"image\":{\"@id\":\"https:\/\/maysternya.lt\/product\/ketaus-puodas-su-dangciu-4-l-v4c2\/#primaryimage\"},\"thumbnailUrl\":\"https:\/\/maysternya.lt\/wp-content\/uploads\/2025\/02\/T403C2_7.jpg\",\"datePublished\":\"2021-01-07T21:32:34+00:00\",\"dateModified\":\"2025-02-11T14:40:17+00:00\",\"breadcrumb\":{\"@id\":\"https:\/\/maysternya.lt\/product\/ketaus-puodas-su-dangciu-4-l-v4c2\/#breadcrumb\"},\"inLanguage\":\"en-US\",\"potentialAction\":[{\"@type\":\"ReadAction\",\"target\":[\"https:\/\/maysternya.lt\/product\/ketaus-puodas-su-dangciu-4-l-v4c2\/\"]}]},{\"@type\":\"ImageObject\",\"inLanguage\":\"en-US\",\"@id\":\"https:\/\/maysternya.lt\/product\/ketaus-puodas-su-dangciu-4-l-v4c2\/#primaryimage\",\"url\":\"https:\/\/maysternya.lt\/wp-content\/uploads\/2025\/02\/T403C2_7.jpg\",\"contentUrl\":\"https:\/\/maysternya.lt\/wp-content\/uploads\/2025\/02\/T403C2_7.jpg\",\"width\":600,\"height\":600,\"caption\":\"Ketaus-puodas-su-aliuminiu-dangciu-T403C2_7\"},{\"@type\":\"BreadcrumbList\",\"@id\":\"https:\/\/maysternya.lt\/product\/ketaus-puodas-su-dangciu-4-l-v4c2\/#breadcrumb\",\"itemListElement\":[{\"@type\":\"ListItem\",\"position\":1,\"name\":\"\u0413\u043b\u0430\u0432\u043d\u0430\u044f \u0441\u0442\u0440\u0430\u043d\u0438\u0446\u0430\",\"item\":\"https:\/\/maysternya.lt\/\"},{\"@type\":\"ListItem\",\"position\":2,\"name\":\"Katalogas\",\"item\":\"https:\/\/maysternya.lt\/en\/katalogas\/\"},{\"@type\":\"ListItem\",\"position\":3,\"name\":\"Ketaus puodas su dang\u010diu, 4 l, V4C2\"}]},{\"@type\":\"WebSite\",\"@id\":\"https:\/\/maysternya.lt\/#website\",\"url\":\"https:\/\/maysternya.lt\/\",\"name\":\"Maysternya\",\"description\":\"Maysternya ketaus t\u016btos\",\"publisher\":{\"@id\":\"https:\/\/maysternya.lt\/#organization\"},\"potentialAction\":[{\"@type\":\"SearchAction\",\"target\":{\"@type\":\"EntryPoint\",\"urlTemplate\":\"https:\/\/maysternya.lt\/?s={search_term_string}\"},\"query-input\":{\"@type\":\"PropertyValueSpecification\",\"valueRequired\":true,\"valueName\":\"search_term_string\"}}],\"inLanguage\":\"en-US\"},{\"@type\":\"Organization\",\"@id\":\"https:\/\/maysternya.lt\/#organization\",\"name\":\"Maysternya\",\"url\":\"https:\/\/maysternya.lt\/\",\"logo\":{\"@type\":\"ImageObject\",\"inLanguage\":\"en-US\",\"@id\":\"https:\/\/maysternya.lt\/#\/schema\/logo\/image\/\",\"url\":\"https:\/\/maysternya.lt\/wp-content\/uploads\/2025\/02\/logo.png\",\"contentUrl\":\"https:\/\/maysternya.lt\/wp-content\/uploads\/2025\/02\/logo.png\",\"width\":2222,\"height\":2466,\"caption\":\"Maysternya\"},\"image\":{\"@id\":\"https:\/\/maysternya.lt\/#\/schema\/logo\/image\/\"}}]}<\/script>\n<!-- \/ Yoast SEO plugin. -->","yoast_head_json":{"title":"Ketaus puodas su dang\u010diu, 4 l, V4C2 - Maysternya","robots":{"index":"index","follow":"follow","max-snippet":"max-snippet:-1","max-image-preview":"max-image-preview:large","max-video-preview":"max-video-preview:-1"},"canonical":"https:\/\/maysternya.lt\/en\/wp-json\/wp\/v2\/product\/2578","og_locale":"en_US","og_type":"article","og_title":"Ketaus puodas su dang\u010diu, 4 l, V4C2 - Maysternya","og_description":"Ketaus puodas su dang\u010diu, 4 l, V4C2 &nbsp;  Puodas pagaminta i\u0161 ketaus;  Dangtis i\u0161 aliuminio;  4 litr\u0173  Vir\u0161utinis diametras 245x300 mm (su rankenomis), apatinis diametras\u00a0 210x210 mm, auk\u0161tis 110 mm.\u00a0  Tinka visoms virykl\u0117ms: dujin\u0117ms, keramikin\u0117ms, indukcin\u0117ms, elekrin\u0117ms. \u00a0 K\u0105snis gero tro\u0161kinio v\u0117s\u0173j\u012f sezon\u0105 \u2013 tikra palaima organizmui. Daugumos tro\u0161kini\u0173 pagrind\u0105 sudaro dar\u017eov\u0117s, kruopos, sultinys ir pasirinktinai, m\u0117sa. Tai lengvas ir\u00a0 patogus gamybos b\u016bdas, kurio metu da\u017eniausiai visi ingredientai yra sudedami \u012f puod\u0105, paliekami virti ir po tam tikro laiko ant stalo jau galima tiekti paruo\u0161t\u0105 patiekal\u0105. Viskas ko tereikia yra geras puodas, tinkamas tiek tro\u0161kinimui, tiek ingredient\u0173 pakepimui prie\u0161. Maysternya si\u016blomi \u0161imtaprocentinio ir ekologi\u0161ko ketaus indai yra naujas atradimas tiems, kas vertina auk\u0161tos kokyb\u0117s autenti\u0161kus virtuv\u0117s indus. B\u016btent kaitinamas ketus nei\u0161skiria kenksming\u0173 med\u017eiag\u0173 ir tampa pralaidus \u0161ilumai, tod\u0117l maistas tolygiai \u0161ildomas. Dar viena puiki ketaus savyb\u0117 \u2013 jos danga yra nelipni, vadinasi kepant reikia minimalaus riebal\u0173 kiekio, nesuvartojant papildomai nereikaling\u0173. M\u0117gaukit\u0117s skaniausiais sezoniniais tro\u0161kiniais ar sriubomis \u012f pagalb\u0105 pasitelkus ketaus puodus. Norintiems i\u0161bandyti gurmani\u0161kus tro\u0161kini\u0173 receptus naudoti Maysternya ketaus puodus orkait\u0117je ar \u012f KAMADO \u2013 visi\u0161kai saugu. Maysternya indai turi storas ketaus sieneles ir yra sukurtas visokiai gamybai \u2013 galima naudoti tiek ant atviros ugnies, tiek ir ant \u0161iuolaikin\u0117s krosnies bei elektrin\u0117s, indukcin\u0117s, dujin\u0117s ir stiklo keramikos kaitlen\u010di\u0173.","og_url":"https:\/\/maysternya.lt\/en\/product\/ketaus-puodas-su-dangciu-4-l-v4c2\/","og_site_name":"Maysternya","article_modified_time":"2025-02-11T14:40:17+00:00","og_image":[{"width":600,"height":600,"url":"https:\/\/maysternya.lt\/wp-content\/uploads\/2025\/02\/T403C2_7.jpg","type":"image\/jpeg"}],"twitter_card":"summary_large_image","twitter_misc":{"Est. reading time":"1 minute"},"schema":{"@context":"https:\/\/schema.org","@graph":[{"@type":"WebPage","@id":"https:\/\/maysternya.lt\/product\/ketaus-puodas-su-dangciu-4-l-v4c2\/","url":"https:\/\/maysternya.lt\/product\/ketaus-puodas-su-dangciu-4-l-v4c2\/","name":"Ketaus puodas su dang\u010diu, 4 l, V4C2 - Maysternya","isPartOf":{"@id":"https:\/\/maysternya.lt\/#website"},"primaryImageOfPage":{"@id":"https:\/\/maysternya.lt\/product\/ketaus-puodas-su-dangciu-4-l-v4c2\/#primaryimage"},"image":{"@id":"https:\/\/maysternya.lt\/product\/ketaus-puodas-su-dangciu-4-l-v4c2\/#primaryimage"},"thumbnailUrl":"https:\/\/maysternya.lt\/wp-content\/uploads\/2025\/02\/T403C2_7.jpg","datePublished":"2021-01-07T21:32:34+00:00","dateModified":"2025-02-11T14:40:17+00:00","breadcrumb":{"@id":"https:\/\/maysternya.lt\/product\/ketaus-puodas-su-dangciu-4-l-v4c2\/#breadcrumb"},"inLanguage":"en-US","potentialAction":[{"@type":"ReadAction","target":["https:\/\/maysternya.lt\/product\/ketaus-puodas-su-dangciu-4-l-v4c2\/"]}]},{"@type":"ImageObject","inLanguage":"en-US","@id":"https:\/\/maysternya.lt\/product\/ketaus-puodas-su-dangciu-4-l-v4c2\/#primaryimage","url":"https:\/\/maysternya.lt\/wp-content\/uploads\/2025\/02\/T403C2_7.jpg","contentUrl":"https:\/\/maysternya.lt\/wp-content\/uploads\/2025\/02\/T403C2_7.jpg","width":600,"height":600,"caption":"Ketaus-puodas-su-aliuminiu-dangciu-T403C2_7"},{"@type":"BreadcrumbList","@id":"https:\/\/maysternya.lt\/product\/ketaus-puodas-su-dangciu-4-l-v4c2\/#breadcrumb","itemListElement":[{"@type":"ListItem","position":1,"name":"\u0413\u043b\u0430\u0432\u043d\u0430\u044f \u0441\u0442\u0440\u0430\u043d\u0438\u0446\u0430","item":"https:\/\/maysternya.lt\/"},{"@type":"ListItem","position":2,"name":"Katalogas","item":"https:\/\/maysternya.lt\/en\/katalogas\/"},{"@type":"ListItem","position":3,"name":"Ketaus puodas su dang\u010diu, 4 l, V4C2"}]},{"@type":"WebSite","@id":"https:\/\/maysternya.lt\/#website","url":"https:\/\/maysternya.lt\/","name":"Maysternya","description":"Maysternya ketaus t\u016btos","publisher":{"@id":"https:\/\/maysternya.lt\/#organization"},"potentialAction":[{"@type":"SearchAction","target":{"@type":"EntryPoint","urlTemplate":"https:\/\/maysternya.lt\/?s={search_term_string}"},"query-input":{"@type":"PropertyValueSpecification","valueRequired":true,"valueName":"search_term_string"}}],"inLanguage":"en-US"},{"@type":"Organization","@id":"https:\/\/maysternya.lt\/#organization","name":"Maysternya","url":"https:\/\/maysternya.lt\/","logo":{"@type":"ImageObject","inLanguage":"en-US","@id":"https:\/\/maysternya.lt\/#\/schema\/logo\/image\/","url":"https:\/\/maysternya.lt\/wp-content\/uploads\/2025\/02\/logo.png","contentUrl":"https:\/\/maysternya.lt\/wp-content\/uploads\/2025\/02\/logo.png","width":2222,"height":2466,"caption":"Maysternya"},"image":{"@id":"https:\/\/maysternya.lt\/#\/schema\/logo\/image\/"}}]}},"_links":{"self":[{"href":"https:\/\/maysternya.lt\/en\/wp-json\/wp\/v2\/product\/2578","targetHints":{"allow":["GET"]}}],"collection":[{"href":"https:\/\/maysternya.lt\/en\/wp-json\/wp\/v2\/product"}],"about":[{"href":"https:\/\/maysternya.lt\/en\/wp-json\/wp\/v2\/types\/product"}],"replies":[{"embeddable":true,"href":"https:\/\/maysternya.lt\/en\/wp-json\/wp\/v2\/comments?post=2578"}],"wp:featuredmedia":[{"embeddable":true,"href":"https:\/\/maysternya.lt\/en\/wp-json\/wp\/v2\/media\/2315"}],"wp:attachment":[{"href":"https:\/\/maysternya.lt\/en\/wp-json\/wp\/v2\/media?parent=2578"}],"wp:term":[{"taxonomy":"product_brand","embeddable":true,"href":"https:\/\/maysternya.lt\/en\/wp-json\/wp\/v2\/product_brand?post=2578"},{"taxonomy":"product_cat","embeddable":true,"href":"https:\/\/maysternya.lt\/en\/wp-json\/wp\/v2\/product_cat?post=2578"},{"taxonomy":"product_tag","embeddable":true,"href":"https:\/\/maysternya.lt\/en\/wp-json\/wp\/v2\/product_tag?post=2578"}],"curies":[{"name":"wp","href":"https:\/\/api.w.org\/{rel}","templated":true}]}}