{"id":2556,"date":"2020-12-25T10:30:43","date_gmt":"2020-12-25T10:30:43","guid":{"rendered":"http:\/\/maysternya.lt\/product\/medine-duonine-pjaustymo-lentele-2in1-maysternya\/"},"modified":"2025-02-11T14:39:58","modified_gmt":"2025-02-11T14:39:58","slug":"medine-duonine-pjaustymo-lentele-2in1-maysternya","status":"publish","type":"product","link":"https:\/\/maysternya.lt\/en\/product\/medine-duonine-pjaustymo-lentele-2in1-maysternya\/","title":{"rendered":"Medin\u0117 duonin\u0117-pjaustymo lentel\u0117 (2-in-1) \u00abMaysternya\u00bb"},"content":{"rendered":"<p>Medin\u0117 duonin\u0117-pjaustymo lentel\u0117 \u00abMaysternya\u00ae\u00bb (2-in-1 \u00abdu viename\u00bb)<\/p>\n<p>Med\u017eiaga: mediena (buko masyvas)<\/p>\n<p>Dydis (ilgis \u00d7 plotis \u00d7 auk\u0161tis): 39 cm x 25 cm x 20 cm<\/p>\n<p>Svoris: 2,0 kg<\/p>\n<p>Spalva: Sm\u0117lio spalvos (nat\u016bralios medienos (buko) ra\u0161tas<\/p>\n<p>Dekoruota: paveiksl\u0117lis (graviruotas ornamentas)<\/p>\n<p>Pakuot\u0117je: 1 vnt.<\/p>\n<p>Individualus pakavimas: Kartonin\u0117 d\u0117\u017eut\u0117<\/p>\n<p>Medin\u0117 duonin\u0117 \u00abMaysternya\u00ae\u00bb\u00a0 labai geras pasirinkimas.<\/p>\n<ul>\n<li>Medin\u0117s pjaustymo lentel\u0117s yra ekologi\u0161kos,ant medinio pavir\u0161iaus ne taip greitai at\u0161impa peilio a\u0161menys.<\/li>\n<li>Mediena labiau nei kitos med\u017eiagos reguliuoja dr\u0117gm\u0117s kiek\u012f ir saugo duon\u0105,kad \u0161i nesu\u017eied\u0117t\u0173 ir nesupelyt\u0173.<\/li>\n<li>Medinis dangtis gali tarnauti kaip pjaustymo lenta!Pagaminta su meile Ukrainoje.<\/li>\n<\/ul>\n<p><img decoding=\"async\" class=\"size-full wp-image-373\" style=\"font-weight: bold;\" src=\"http:\/\/maysternya.lt\/wp-content\/uploads\/2025\/02\/Maysternya-logo-2020-100x100px.jpg\" alt=\"Maysternya-logo-2020-100x100px\" width=\"100\" height=\"100\" \/><\/p>","protected":false},"excerpt":{"rendered":"<p>Medin\u0117 duonin\u0117-pjaustymo lentel\u0117 \u00abMaysternya\u00ae\u00bb (2-in-1 \u00abdu viename\u00bb)<br \/>\nPagaminta su meile Ukrainoje.<\/p>\n<ul>\n<li>Med\u017eiaga: Mediena (buko masyvas)<\/li>\n<li>Dydis (ilgis \u00d7 plotis \u00d7 auk\u0161tis): 39 cm x 25 cm x 20 cm<\/li>\n<li>Svoris: 2,0 kg<\/li>\n<li>Spalva: Nat\u016bralios medienos (buko) ra\u0161tas. Sm\u0117lio atspalvis.<\/li>\n<li>Dekoruota: Taip (paveiksl\u0117lis, graviruotas ornamentas)<\/li>\n<li>Pakuot\u0117je: 1 vnt.<\/li>\n<li>Individualus pakavimas: Kartonin\u0117 d\u0117\u017eut\u0117<\/li>\n<li>Gamintojas: \u00abMaysternya\u00ae\u00bb (Ukraina)<\/li>\n<\/ul>\n<p>Medin\u0117s pjaustymo lentel\u0117s yra ekologi\u0161kos, ant medinio pavir\u0161iaus ne taip greitai at\u0161impa peilio a\u0161menys.<\/p>","protected":false},"featured_media":2557,"comment_status":"open","ping_status":"open","template":"","meta":{"site-sidebar-layout":"default","site-content-layout":"","ast-site-content-layout":"","site-content-style":"default","site-sidebar-style":"default","ast-global-header-display":"","ast-banner-title-visibility":"","ast-main-header-display":"","ast-hfb-above-header-display":"","ast-hfb-below-header-display":"","ast-hfb-mobile-header-display":"","site-post-title":"","ast-breadcrumbs-content":"","ast-featured-img":"","footer-sml-layout":"","theme-transparent-header-meta":"","adv-header-id-meta":"","stick-header-meta":"","header-above-stick-meta":"","header-main-stick-meta":"","header-below-stick-meta":"","astra-migrate-meta-layouts":"default","ast-page-background-enabled":"default","ast-page-background-meta":{"desktop":{"background-color":"var(--ast-global-color-5)","background-image":"","background-repeat":"repeat","background-position":"center center","background-size":"auto","background-attachment":"scroll","background-type":"","background-media":"","overlay-type":"","overlay-color":"","overlay-opacity":"","overlay-gradient":""},"tablet":{"background-color":"","background-image":"","background-repeat":"repeat","background-position":"center center","background-size":"auto","background-attachment":"scroll","background-type":"","background-media":"","overlay-type":"","overlay-color":"","overlay-opacity":"","overlay-gradient":""},"mobile":{"background-color":"","background-image":"","background-repeat":"repeat","background-position":"center center","background-size":"auto","background-attachment":"scroll","background-type":"","background-media":"","overlay-type":"","overlay-color":"","overlay-opacity":"","overlay-gradient":""}},"ast-content-background-meta":{"desktop":{"background-color":"var(--ast-global-color-4)","background-image":"","background-repeat":"repeat","background-position":"center center","background-size":"auto","background-attachment":"scroll","background-type":"","background-media":"","overlay-type":"","overlay-color":"","overlay-opacity":"","overlay-gradient":""},"tablet":{"background-color":"var(--ast-global-color-4)","background-image":"","background-repeat":"repeat","background-position":"center center","background-size":"auto","background-attachment":"scroll","background-type":"","background-media":"","overlay-type":"","overlay-color":"","overlay-opacity":"","overlay-gradient":""},"mobile":{"background-color":"var(--ast-global-color-4)","background-image":"","background-repeat":"repeat","background-position":"center center","background-size":"auto","background-attachment":"scroll","background-type":"","background-media":"","overlay-type":"","overlay-color":"","overlay-opacity":"","overlay-gradient":""}}},"product_brand":[],"product_cat":[41,54,56,55],"product_tag":[42],"class_list":{"0":"post-2556","1":"product","2":"type-product","3":"status-publish","4":"has-post-thumbnail","6":"product_cat-maysternya","7":"product_cat-virtuves-ir-stalo-reikmenys","8":"product_cat-duonines","9":"product_cat-pjaustymo-lenteles","10":"product_tag-maysternya","11":"product_shipping_class-iprasta-pristatymlo-klase","12":"desktop-align-left","13":"tablet-align-left","14":"mobile-align-left","16":"first","17":"outofstock","18":"shipping-taxable","19":"product-type-simple"},"yoast_head":"<!-- This site is optimized with the Yoast SEO plugin v24.5 - https:\/\/yoast.com\/wordpress\/plugins\/seo\/ -->\n<title>Medin\u0117 duonin\u0117-pjaustymo lentel\u0117 (2-in-1) \u00abMaysternya\u00bb - Maysternya<\/title>\n<meta name=\"robots\" content=\"index, follow, max-snippet:-1, max-image-preview:large, max-video-preview:-1\" \/>\n<link rel=\"canonical\" href=\"https:\/\/maysternya.lt\/en\/wp-json\/wp\/v2\/product\/2556\" \/>\n<meta property=\"og:locale\" content=\"en_US\" \/>\n<meta property=\"og:type\" content=\"article\" \/>\n<meta property=\"og:title\" content=\"Medin\u0117 duonin\u0117-pjaustymo lentel\u0117 (2-in-1) \u00abMaysternya\u00bb - Maysternya\" \/>\n<meta property=\"og:description\" content=\"Medin\u0117 duonin\u0117-pjaustymo lentel\u0117 \u00abMaysternya\u00ae\u00bb (2-in-1 \u00abdu viename\u00bb) Pagaminta su meile Ukrainoje.  Med\u017eiaga: Mediena (buko masyvas)  Dydis (ilgis \u00d7 plotis \u00d7 auk\u0161tis): 39 cm x 25 cm x 20 cm  Svoris: 2,0 kg  Spalva: Nat\u016bralios medienos (buko) ra\u0161tas. Sm\u0117lio atspalvis.  Dekoruota: Taip (paveiksl\u0117lis, graviruotas ornamentas)  Pakuot\u0117je: 1 vnt.  Individualus pakavimas: Kartonin\u0117 d\u0117\u017eut\u0117  Gamintojas: \u00abMaysternya\u00ae\u00bb (Ukraina) Medin\u0117s pjaustymo lentel\u0117s yra ekologi\u0161kos, ant medinio pavir\u0161iaus ne taip greitai at\u0161impa peilio a\u0161menys.\" \/>\n<meta property=\"og:url\" content=\"https:\/\/maysternya.lt\/en\/product\/medine-duonine-pjaustymo-lentele-2in1-maysternya\/\" \/>\n<meta property=\"og:site_name\" content=\"Maysternya\" \/>\n<meta property=\"article:modified_time\" content=\"2025-02-11T14:39:58+00:00\" \/>\n<meta property=\"og:image\" content=\"https:\/\/maysternya.lt\/wp-content\/uploads\/2025\/02\/5202491-e1608892031680.jpg\" \/>\n\t<meta property=\"og:image:width\" content=\"600\" \/>\n\t<meta property=\"og:image:height\" content=\"600\" \/>\n\t<meta property=\"og:image:type\" content=\"image\/jpeg\" \/>\n<meta name=\"twitter:card\" content=\"summary_large_image\" \/>\n<meta name=\"twitter:label1\" content=\"Est. reading time\" \/>\n\t<meta name=\"twitter:data1\" content=\"1 minute\" \/>\n<script type=\"application\/ld+json\" class=\"yoast-schema-graph\">{\"@context\":\"https:\/\/schema.org\",\"@graph\":[{\"@type\":\"WebPage\",\"@id\":\"https:\/\/maysternya.lt\/product\/medine-duonine-pjaustymo-lentele-2in1-maysternya\/\",\"url\":\"https:\/\/maysternya.lt\/product\/medine-duonine-pjaustymo-lentele-2in1-maysternya\/\",\"name\":\"Medin\u0117 duonin\u0117-pjaustymo lentel\u0117 (2-in-1) \u00abMaysternya\u00bb - Maysternya\",\"isPartOf\":{\"@id\":\"https:\/\/maysternya.lt\/#website\"},\"primaryImageOfPage\":{\"@id\":\"https:\/\/maysternya.lt\/product\/medine-duonine-pjaustymo-lentele-2in1-maysternya\/#primaryimage\"},\"image\":{\"@id\":\"https:\/\/maysternya.lt\/product\/medine-duonine-pjaustymo-lentele-2in1-maysternya\/#primaryimage\"},\"thumbnailUrl\":\"https:\/\/maysternya.lt\/wp-content\/uploads\/2025\/02\/5202491-e1608892031680.jpg\",\"datePublished\":\"2020-12-25T10:30:43+00:00\",\"dateModified\":\"2025-02-11T14:39:58+00:00\",\"breadcrumb\":{\"@id\":\"https:\/\/maysternya.lt\/product\/medine-duonine-pjaustymo-lentele-2in1-maysternya\/#breadcrumb\"},\"inLanguage\":\"en-US\",\"potentialAction\":[{\"@type\":\"ReadAction\",\"target\":[\"https:\/\/maysternya.lt\/product\/medine-duonine-pjaustymo-lentele-2in1-maysternya\/\"]}]},{\"@type\":\"ImageObject\",\"inLanguage\":\"en-US\",\"@id\":\"https:\/\/maysternya.lt\/product\/medine-duonine-pjaustymo-lentele-2in1-maysternya\/#primaryimage\",\"url\":\"https:\/\/maysternya.lt\/wp-content\/uploads\/2025\/02\/5202491-e1608892031680.jpg\",\"contentUrl\":\"https:\/\/maysternya.lt\/wp-content\/uploads\/2025\/02\/5202491-e1608892031680.jpg\",\"width\":600,\"height\":600,\"caption\":\"Medin\u0117 duonin\u0117 - pjaustymo lentel\u0117 (2-in-1) Maysternya-nat\u016bralus medis\"},{\"@type\":\"BreadcrumbList\",\"@id\":\"https:\/\/maysternya.lt\/product\/medine-duonine-pjaustymo-lentele-2in1-maysternya\/#breadcrumb\",\"itemListElement\":[{\"@type\":\"ListItem\",\"position\":1,\"name\":\"\u0413\u043b\u0430\u0432\u043d\u0430\u044f \u0441\u0442\u0440\u0430\u043d\u0438\u0446\u0430\",\"item\":\"https:\/\/maysternya.lt\/\"},{\"@type\":\"ListItem\",\"position\":2,\"name\":\"Katalogas\",\"item\":\"https:\/\/maysternya.lt\/en\/katalogas\/\"},{\"@type\":\"ListItem\",\"position\":3,\"name\":\"Medin\u0117 duonin\u0117-pjaustymo lentel\u0117 (2-in-1) \u00abMaysternya\u00bb\"}]},{\"@type\":\"WebSite\",\"@id\":\"https:\/\/maysternya.lt\/#website\",\"url\":\"https:\/\/maysternya.lt\/\",\"name\":\"Maysternya\",\"description\":\"Maysternya ketaus t\u016btos\",\"publisher\":{\"@id\":\"https:\/\/maysternya.lt\/#organization\"},\"potentialAction\":[{\"@type\":\"SearchAction\",\"target\":{\"@type\":\"EntryPoint\",\"urlTemplate\":\"https:\/\/maysternya.lt\/?s={search_term_string}\"},\"query-input\":{\"@type\":\"PropertyValueSpecification\",\"valueRequired\":true,\"valueName\":\"search_term_string\"}}],\"inLanguage\":\"en-US\"},{\"@type\":\"Organization\",\"@id\":\"https:\/\/maysternya.lt\/#organization\",\"name\":\"Maysternya\",\"url\":\"https:\/\/maysternya.lt\/\",\"logo\":{\"@type\":\"ImageObject\",\"inLanguage\":\"en-US\",\"@id\":\"https:\/\/maysternya.lt\/#\/schema\/logo\/image\/\",\"url\":\"https:\/\/maysternya.lt\/wp-content\/uploads\/2025\/02\/logo.png\",\"contentUrl\":\"https:\/\/maysternya.lt\/wp-content\/uploads\/2025\/02\/logo.png\",\"width\":2222,\"height\":2466,\"caption\":\"Maysternya\"},\"image\":{\"@id\":\"https:\/\/maysternya.lt\/#\/schema\/logo\/image\/\"}}]}<\/script>\n<!-- \/ Yoast SEO plugin. -->","yoast_head_json":{"title":"Medin\u0117 duonin\u0117-pjaustymo lentel\u0117 (2-in-1) \u00abMaysternya\u00bb - Maysternya","robots":{"index":"index","follow":"follow","max-snippet":"max-snippet:-1","max-image-preview":"max-image-preview:large","max-video-preview":"max-video-preview:-1"},"canonical":"https:\/\/maysternya.lt\/en\/wp-json\/wp\/v2\/product\/2556","og_locale":"en_US","og_type":"article","og_title":"Medin\u0117 duonin\u0117-pjaustymo lentel\u0117 (2-in-1) \u00abMaysternya\u00bb - Maysternya","og_description":"Medin\u0117 duonin\u0117-pjaustymo lentel\u0117 \u00abMaysternya\u00ae\u00bb (2-in-1 \u00abdu viename\u00bb) Pagaminta su meile Ukrainoje.  Med\u017eiaga: Mediena (buko masyvas)  Dydis (ilgis \u00d7 plotis \u00d7 auk\u0161tis): 39 cm x 25 cm x 20 cm  Svoris: 2,0 kg  Spalva: Nat\u016bralios medienos (buko) ra\u0161tas. Sm\u0117lio atspalvis.  Dekoruota: Taip (paveiksl\u0117lis, graviruotas ornamentas)  Pakuot\u0117je: 1 vnt.  Individualus pakavimas: Kartonin\u0117 d\u0117\u017eut\u0117  Gamintojas: \u00abMaysternya\u00ae\u00bb (Ukraina) Medin\u0117s pjaustymo lentel\u0117s yra ekologi\u0161kos, ant medinio pavir\u0161iaus ne taip greitai at\u0161impa peilio a\u0161menys.","og_url":"https:\/\/maysternya.lt\/en\/product\/medine-duonine-pjaustymo-lentele-2in1-maysternya\/","og_site_name":"Maysternya","article_modified_time":"2025-02-11T14:39:58+00:00","og_image":[{"width":600,"height":600,"url":"https:\/\/maysternya.lt\/wp-content\/uploads\/2025\/02\/5202491-e1608892031680.jpg","type":"image\/jpeg"}],"twitter_card":"summary_large_image","twitter_misc":{"Est. reading time":"1 minute"},"schema":{"@context":"https:\/\/schema.org","@graph":[{"@type":"WebPage","@id":"https:\/\/maysternya.lt\/product\/medine-duonine-pjaustymo-lentele-2in1-maysternya\/","url":"https:\/\/maysternya.lt\/product\/medine-duonine-pjaustymo-lentele-2in1-maysternya\/","name":"Medin\u0117 duonin\u0117-pjaustymo lentel\u0117 (2-in-1) \u00abMaysternya\u00bb - Maysternya","isPartOf":{"@id":"https:\/\/maysternya.lt\/#website"},"primaryImageOfPage":{"@id":"https:\/\/maysternya.lt\/product\/medine-duonine-pjaustymo-lentele-2in1-maysternya\/#primaryimage"},"image":{"@id":"https:\/\/maysternya.lt\/product\/medine-duonine-pjaustymo-lentele-2in1-maysternya\/#primaryimage"},"thumbnailUrl":"https:\/\/maysternya.lt\/wp-content\/uploads\/2025\/02\/5202491-e1608892031680.jpg","datePublished":"2020-12-25T10:30:43+00:00","dateModified":"2025-02-11T14:39:58+00:00","breadcrumb":{"@id":"https:\/\/maysternya.lt\/product\/medine-duonine-pjaustymo-lentele-2in1-maysternya\/#breadcrumb"},"inLanguage":"en-US","potentialAction":[{"@type":"ReadAction","target":["https:\/\/maysternya.lt\/product\/medine-duonine-pjaustymo-lentele-2in1-maysternya\/"]}]},{"@type":"ImageObject","inLanguage":"en-US","@id":"https:\/\/maysternya.lt\/product\/medine-duonine-pjaustymo-lentele-2in1-maysternya\/#primaryimage","url":"https:\/\/maysternya.lt\/wp-content\/uploads\/2025\/02\/5202491-e1608892031680.jpg","contentUrl":"https:\/\/maysternya.lt\/wp-content\/uploads\/2025\/02\/5202491-e1608892031680.jpg","width":600,"height":600,"caption":"Medin\u0117 duonin\u0117 - pjaustymo lentel\u0117 (2-in-1) Maysternya-nat\u016bralus medis"},{"@type":"BreadcrumbList","@id":"https:\/\/maysternya.lt\/product\/medine-duonine-pjaustymo-lentele-2in1-maysternya\/#breadcrumb","itemListElement":[{"@type":"ListItem","position":1,"name":"\u0413\u043b\u0430\u0432\u043d\u0430\u044f \u0441\u0442\u0440\u0430\u043d\u0438\u0446\u0430","item":"https:\/\/maysternya.lt\/"},{"@type":"ListItem","position":2,"name":"Katalogas","item":"https:\/\/maysternya.lt\/en\/katalogas\/"},{"@type":"ListItem","position":3,"name":"Medin\u0117 duonin\u0117-pjaustymo lentel\u0117 (2-in-1) \u00abMaysternya\u00bb"}]},{"@type":"WebSite","@id":"https:\/\/maysternya.lt\/#website","url":"https:\/\/maysternya.lt\/","name":"Maysternya","description":"Maysternya ketaus t\u016btos","publisher":{"@id":"https:\/\/maysternya.lt\/#organization"},"potentialAction":[{"@type":"SearchAction","target":{"@type":"EntryPoint","urlTemplate":"https:\/\/maysternya.lt\/?s={search_term_string}"},"query-input":{"@type":"PropertyValueSpecification","valueRequired":true,"valueName":"search_term_string"}}],"inLanguage":"en-US"},{"@type":"Organization","@id":"https:\/\/maysternya.lt\/#organization","name":"Maysternya","url":"https:\/\/maysternya.lt\/","logo":{"@type":"ImageObject","inLanguage":"en-US","@id":"https:\/\/maysternya.lt\/#\/schema\/logo\/image\/","url":"https:\/\/maysternya.lt\/wp-content\/uploads\/2025\/02\/logo.png","contentUrl":"https:\/\/maysternya.lt\/wp-content\/uploads\/2025\/02\/logo.png","width":2222,"height":2466,"caption":"Maysternya"},"image":{"@id":"https:\/\/maysternya.lt\/#\/schema\/logo\/image\/"}}]}},"_links":{"self":[{"href":"https:\/\/maysternya.lt\/en\/wp-json\/wp\/v2\/product\/2556","targetHints":{"allow":["GET"]}}],"collection":[{"href":"https:\/\/maysternya.lt\/en\/wp-json\/wp\/v2\/product"}],"about":[{"href":"https:\/\/maysternya.lt\/en\/wp-json\/wp\/v2\/types\/product"}],"replies":[{"embeddable":true,"href":"https:\/\/maysternya.lt\/en\/wp-json\/wp\/v2\/comments?post=2556"}],"wp:featuredmedia":[{"embeddable":true,"href":"https:\/\/maysternya.lt\/en\/wp-json\/wp\/v2\/media\/2557"}],"wp:attachment":[{"href":"https:\/\/maysternya.lt\/en\/wp-json\/wp\/v2\/media?parent=2556"}],"wp:term":[{"taxonomy":"product_brand","embeddable":true,"href":"https:\/\/maysternya.lt\/en\/wp-json\/wp\/v2\/product_brand?post=2556"},{"taxonomy":"product_cat","embeddable":true,"href":"https:\/\/maysternya.lt\/en\/wp-json\/wp\/v2\/product_cat?post=2556"},{"taxonomy":"product_tag","embeddable":true,"href":"https:\/\/maysternya.lt\/en\/wp-json\/wp\/v2\/product_tag?post=2556"}],"curies":[{"name":"wp","href":"https:\/\/api.w.org\/{rel}","templated":true}]}}