{"id":2551,"date":"2020-12-25T08:57:56","date_gmt":"2020-12-25T08:57:56","guid":{"rendered":"http:\/\/maysternya.lt\/product\/kieta-pjaustymo-lenta-44x32x45cm-maysternya\/"},"modified":"2025-02-11T14:39:53","modified_gmt":"2025-02-11T14:39:53","slug":"kieta-pjaustymo-lenta-44x32x45cm-maysternya","status":"publish","type":"product","link":"https:\/\/maysternya.lt\/en\/product\/kieta-pjaustymo-lenta-44x32x45cm-maysternya\/","title":{"rendered":"Kieta pjaustymo lenta 44x32x4,5cm Maysternya"},"content":{"rendered":"<p>Kieta pjaustymo lenta 44 x 32 x 4,5 cm \u00abMaysternya\u00ae\u00bb<\/p>\n<p>Kieta pjaustymo lenta 4,5 cm storio u\u017etikrina tvirt\u0105 pavir\u0161i\u0173 \u017eolel\u0117ms, dar\u017eov\u0117ms, m\u0117sai ar \u017euviai pjaustyti kaip profesionalui!<\/p>\n<p>Meistryst\u0117 ir gra\u017e\u016bs medienos ra\u0161tai kiekvien\u0105 pjaustymo lentel\u0117s dal\u012f i\u0161skiria vien\u0105 nuo kitos,<\/p>\n<p>spalvos ir ra\u0161tai gali skirtis priklausomai.<\/p>\n<p>Kiekviena m\u016bs\u0173 medin\u0117 pjaustymo lentel\u0117 yra unikali.<\/p>\n<p>Medin\u0117s pjaustymo lentel\u0117s yra ekologi\u0161kos, stabilios ir, o tai svarbu, ant medinio pavir\u0161iaus net taip greitai at\u0161impa peilio a\u0161menys.<\/p>\n<p>Pagaminta su meile Ukrainoje.<\/p>","protected":false},"excerpt":{"rendered":"<h2>Kieta pjaustymo lenta 44 x 32 x 4,5 cm \u00abMaysternya\u00ae\u00bb.<\/h2>\n<ul>\n<li>Kieta pjaustymo lenta 4,5 cm storio u\u017etikrina tvirt\u0105 pavir\u0161i\u0173 \u017eolel\u0117ms, dar\u017eov\u0117ms, m\u0117sai ar \u017euviai pjaustyti kaip profesionalui!<\/li>\n<li>Medin\u0117s pjaustymo lentel\u0117s yra ekologi\u0161kos, stabilios ir, o tai svarbu, ant medinio pavir\u0161iaus net taip greitai at\u0161impa peilio a\u0161menys.<\/li>\n<li>Kiekviena m\u016bs\u0173 medin\u0117 pjaustymo lentel\u0117 yra unikali.<\/li>\n<li>Gra\u017e\u016bs medienos spalvos ir ra\u0161tai kiekvien\u0105 pjaustymo lentel\u0117s dal\u012f i\u0161skiria vien\u0105 nuo kitos.<\/li>\n<\/ul>\n<p>Pagaminta su meile Ukrainoje.<\/p>","protected":false},"featured_media":2552,"comment_status":"open","ping_status":"open","template":"","meta":{"site-sidebar-layout":"default","site-content-layout":"","ast-site-content-layout":"","site-content-style":"default","site-sidebar-style":"default","ast-global-header-display":"","ast-banner-title-visibility":"","ast-main-header-display":"","ast-hfb-above-header-display":"","ast-hfb-below-header-display":"","ast-hfb-mobile-header-display":"","site-post-title":"","ast-breadcrumbs-content":"","ast-featured-img":"","footer-sml-layout":"","theme-transparent-header-meta":"","adv-header-id-meta":"","stick-header-meta":"","header-above-stick-meta":"","header-main-stick-meta":"","header-below-stick-meta":"","astra-migrate-meta-layouts":"default","ast-page-background-enabled":"default","ast-page-background-meta":{"desktop":{"background-color":"var(--ast-global-color-5)","background-image":"","background-repeat":"repeat","background-position":"center center","background-size":"auto","background-attachment":"scroll","background-type":"","background-media":"","overlay-type":"","overlay-color":"","overlay-opacity":"","overlay-gradient":""},"tablet":{"background-color":"","background-image":"","background-repeat":"repeat","background-position":"center center","background-size":"auto","background-attachment":"scroll","background-type":"","background-media":"","overlay-type":"","overlay-color":"","overlay-opacity":"","overlay-gradient":""},"mobile":{"background-color":"","background-image":"","background-repeat":"repeat","background-position":"center center","background-size":"auto","background-attachment":"scroll","background-type":"","background-media":"","overlay-type":"","overlay-color":"","overlay-opacity":"","overlay-gradient":""}},"ast-content-background-meta":{"desktop":{"background-color":"var(--ast-global-color-4)","background-image":"","background-repeat":"repeat","background-position":"center center","background-size":"auto","background-attachment":"scroll","background-type":"","background-media":"","overlay-type":"","overlay-color":"","overlay-opacity":"","overlay-gradient":""},"tablet":{"background-color":"var(--ast-global-color-4)","background-image":"","background-repeat":"repeat","background-position":"center center","background-size":"auto","background-attachment":"scroll","background-type":"","background-media":"","overlay-type":"","overlay-color":"","overlay-opacity":"","overlay-gradient":""},"mobile":{"background-color":"var(--ast-global-color-4)","background-image":"","background-repeat":"repeat","background-position":"center center","background-size":"auto","background-attachment":"scroll","background-type":"","background-media":"","overlay-type":"","overlay-color":"","overlay-opacity":"","overlay-gradient":""}}},"product_brand":[],"product_cat":[41,54,55],"product_tag":[42],"class_list":{"0":"post-2551","1":"product","2":"type-product","3":"status-publish","4":"has-post-thumbnail","6":"product_cat-maysternya","7":"product_cat-virtuves-ir-stalo-reikmenys","8":"product_cat-pjaustymo-lenteles","9":"product_tag-maysternya","10":"product_shipping_class-iprasta-pristatymlo-klase","11":"desktop-align-left","12":"tablet-align-left","13":"mobile-align-left","15":"first","16":"instock","17":"shipping-taxable","18":"product-type-simple"},"yoast_head":"<!-- This site is optimized with the Yoast SEO plugin v24.5 - https:\/\/yoast.com\/wordpress\/plugins\/seo\/ -->\n<title>Kieta pjaustymo lenta 44x32x4,5cm Maysternya - Maysternya<\/title>\n<meta name=\"robots\" content=\"index, follow, max-snippet:-1, max-image-preview:large, max-video-preview:-1\" \/>\n<link rel=\"canonical\" href=\"https:\/\/maysternya.lt\/en\/wp-json\/wp\/v2\/product\/2551\" \/>\n<meta property=\"og:locale\" content=\"en_US\" \/>\n<meta property=\"og:type\" content=\"article\" \/>\n<meta property=\"og:title\" content=\"Kieta pjaustymo lenta 44x32x4,5cm Maysternya - Maysternya\" \/>\n<meta property=\"og:description\" content=\"Kieta pjaustymo lenta 44 x 32 x 4,5 cm \u00abMaysternya\u00ae\u00bb.  Kieta pjaustymo lenta 4,5 cm storio u\u017etikrina tvirt\u0105 pavir\u0161i\u0173 \u017eolel\u0117ms, dar\u017eov\u0117ms, m\u0117sai ar \u017euviai pjaustyti kaip profesionalui!  Medin\u0117s pjaustymo lentel\u0117s yra ekologi\u0161kos, stabilios ir, o tai svarbu, ant medinio pavir\u0161iaus net taip greitai at\u0161impa peilio a\u0161menys.  Kiekviena m\u016bs\u0173 medin\u0117 pjaustymo lentel\u0117 yra unikali.  Gra\u017e\u016bs medienos spalvos ir ra\u0161tai kiekvien\u0105 pjaustymo lentel\u0117s dal\u012f i\u0161skiria vien\u0105 nuo kitos. Pagaminta su meile Ukrainoje.\" \/>\n<meta property=\"og:url\" content=\"https:\/\/maysternya.lt\/en\/product\/kieta-pjaustymo-lenta-44x32x45cm-maysternya\/\" \/>\n<meta property=\"og:site_name\" content=\"Maysternya\" \/>\n<meta property=\"article:modified_time\" content=\"2025-02-11T14:39:53+00:00\" \/>\n<meta property=\"og:image\" content=\"https:\/\/maysternya.lt\/wp-content\/uploads\/2025\/02\/Kieta-pjaustymo-lentele-8877.jpg\" \/>\n\t<meta property=\"og:image:width\" content=\"600\" \/>\n\t<meta property=\"og:image:height\" content=\"600\" \/>\n\t<meta property=\"og:image:type\" content=\"image\/jpeg\" \/>\n<meta name=\"twitter:card\" content=\"summary_large_image\" \/>\n<script type=\"application\/ld+json\" class=\"yoast-schema-graph\">{\"@context\":\"https:\/\/schema.org\",\"@graph\":[{\"@type\":\"WebPage\",\"@id\":\"https:\/\/maysternya.lt\/product\/kieta-pjaustymo-lenta-44x32x45cm-maysternya\/\",\"url\":\"https:\/\/maysternya.lt\/product\/kieta-pjaustymo-lenta-44x32x45cm-maysternya\/\",\"name\":\"Kieta pjaustymo lenta 44x32x4,5cm Maysternya - Maysternya\",\"isPartOf\":{\"@id\":\"https:\/\/maysternya.lt\/#website\"},\"primaryImageOfPage\":{\"@id\":\"https:\/\/maysternya.lt\/product\/kieta-pjaustymo-lenta-44x32x45cm-maysternya\/#primaryimage\"},\"image\":{\"@id\":\"https:\/\/maysternya.lt\/product\/kieta-pjaustymo-lenta-44x32x45cm-maysternya\/#primaryimage\"},\"thumbnailUrl\":\"https:\/\/maysternya.lt\/wp-content\/uploads\/2025\/02\/Kieta-pjaustymo-lentele-8877.jpg\",\"datePublished\":\"2020-12-25T08:57:56+00:00\",\"dateModified\":\"2025-02-11T14:39:53+00:00\",\"breadcrumb\":{\"@id\":\"https:\/\/maysternya.lt\/product\/kieta-pjaustymo-lenta-44x32x45cm-maysternya\/#breadcrumb\"},\"inLanguage\":\"en-US\",\"potentialAction\":[{\"@type\":\"ReadAction\",\"target\":[\"https:\/\/maysternya.lt\/product\/kieta-pjaustymo-lenta-44x32x45cm-maysternya\/\"]}]},{\"@type\":\"ImageObject\",\"inLanguage\":\"en-US\",\"@id\":\"https:\/\/maysternya.lt\/product\/kieta-pjaustymo-lenta-44x32x45cm-maysternya\/#primaryimage\",\"url\":\"https:\/\/maysternya.lt\/wp-content\/uploads\/2025\/02\/Kieta-pjaustymo-lentele-8877.jpg\",\"contentUrl\":\"https:\/\/maysternya.lt\/wp-content\/uploads\/2025\/02\/Kieta-pjaustymo-lentele-8877.jpg\",\"width\":600,\"height\":600,\"caption\":\"Pjaustymo lenta medine -tvirta-aukstos-kokybes-8877 didele-profesionali-profesionalams\"},{\"@type\":\"BreadcrumbList\",\"@id\":\"https:\/\/maysternya.lt\/product\/kieta-pjaustymo-lenta-44x32x45cm-maysternya\/#breadcrumb\",\"itemListElement\":[{\"@type\":\"ListItem\",\"position\":1,\"name\":\"\u0413\u043b\u0430\u0432\u043d\u0430\u044f \u0441\u0442\u0440\u0430\u043d\u0438\u0446\u0430\",\"item\":\"https:\/\/maysternya.lt\/\"},{\"@type\":\"ListItem\",\"position\":2,\"name\":\"Katalogas\",\"item\":\"https:\/\/maysternya.lt\/en\/katalogas\/\"},{\"@type\":\"ListItem\",\"position\":3,\"name\":\"Kieta pjaustymo lenta 44x32x4,5cm Maysternya\"}]},{\"@type\":\"WebSite\",\"@id\":\"https:\/\/maysternya.lt\/#website\",\"url\":\"https:\/\/maysternya.lt\/\",\"name\":\"Maysternya\",\"description\":\"Maysternya ketaus t\u016btos\",\"publisher\":{\"@id\":\"https:\/\/maysternya.lt\/#organization\"},\"potentialAction\":[{\"@type\":\"SearchAction\",\"target\":{\"@type\":\"EntryPoint\",\"urlTemplate\":\"https:\/\/maysternya.lt\/?s={search_term_string}\"},\"query-input\":{\"@type\":\"PropertyValueSpecification\",\"valueRequired\":true,\"valueName\":\"search_term_string\"}}],\"inLanguage\":\"en-US\"},{\"@type\":\"Organization\",\"@id\":\"https:\/\/maysternya.lt\/#organization\",\"name\":\"Maysternya\",\"url\":\"https:\/\/maysternya.lt\/\",\"logo\":{\"@type\":\"ImageObject\",\"inLanguage\":\"en-US\",\"@id\":\"https:\/\/maysternya.lt\/#\/schema\/logo\/image\/\",\"url\":\"https:\/\/maysternya.lt\/wp-content\/uploads\/2025\/02\/logo.png\",\"contentUrl\":\"https:\/\/maysternya.lt\/wp-content\/uploads\/2025\/02\/logo.png\",\"width\":2222,\"height\":2466,\"caption\":\"Maysternya\"},\"image\":{\"@id\":\"https:\/\/maysternya.lt\/#\/schema\/logo\/image\/\"}}]}<\/script>\n<!-- \/ Yoast SEO plugin. -->","yoast_head_json":{"title":"Kieta pjaustymo lenta 44x32x4,5cm Maysternya - Maysternya","robots":{"index":"index","follow":"follow","max-snippet":"max-snippet:-1","max-image-preview":"max-image-preview:large","max-video-preview":"max-video-preview:-1"},"canonical":"https:\/\/maysternya.lt\/en\/wp-json\/wp\/v2\/product\/2551","og_locale":"en_US","og_type":"article","og_title":"Kieta pjaustymo lenta 44x32x4,5cm Maysternya - Maysternya","og_description":"Kieta pjaustymo lenta 44 x 32 x 4,5 cm \u00abMaysternya\u00ae\u00bb.  Kieta pjaustymo lenta 4,5 cm storio u\u017etikrina tvirt\u0105 pavir\u0161i\u0173 \u017eolel\u0117ms, dar\u017eov\u0117ms, m\u0117sai ar \u017euviai pjaustyti kaip profesionalui!  Medin\u0117s pjaustymo lentel\u0117s yra ekologi\u0161kos, stabilios ir, o tai svarbu, ant medinio pavir\u0161iaus net taip greitai at\u0161impa peilio a\u0161menys.  Kiekviena m\u016bs\u0173 medin\u0117 pjaustymo lentel\u0117 yra unikali.  Gra\u017e\u016bs medienos spalvos ir ra\u0161tai kiekvien\u0105 pjaustymo lentel\u0117s dal\u012f i\u0161skiria vien\u0105 nuo kitos. Pagaminta su meile Ukrainoje.","og_url":"https:\/\/maysternya.lt\/en\/product\/kieta-pjaustymo-lenta-44x32x45cm-maysternya\/","og_site_name":"Maysternya","article_modified_time":"2025-02-11T14:39:53+00:00","og_image":[{"width":600,"height":600,"url":"https:\/\/maysternya.lt\/wp-content\/uploads\/2025\/02\/Kieta-pjaustymo-lentele-8877.jpg","type":"image\/jpeg"}],"twitter_card":"summary_large_image","schema":{"@context":"https:\/\/schema.org","@graph":[{"@type":"WebPage","@id":"https:\/\/maysternya.lt\/product\/kieta-pjaustymo-lenta-44x32x45cm-maysternya\/","url":"https:\/\/maysternya.lt\/product\/kieta-pjaustymo-lenta-44x32x45cm-maysternya\/","name":"Kieta pjaustymo lenta 44x32x4,5cm Maysternya - Maysternya","isPartOf":{"@id":"https:\/\/maysternya.lt\/#website"},"primaryImageOfPage":{"@id":"https:\/\/maysternya.lt\/product\/kieta-pjaustymo-lenta-44x32x45cm-maysternya\/#primaryimage"},"image":{"@id":"https:\/\/maysternya.lt\/product\/kieta-pjaustymo-lenta-44x32x45cm-maysternya\/#primaryimage"},"thumbnailUrl":"https:\/\/maysternya.lt\/wp-content\/uploads\/2025\/02\/Kieta-pjaustymo-lentele-8877.jpg","datePublished":"2020-12-25T08:57:56+00:00","dateModified":"2025-02-11T14:39:53+00:00","breadcrumb":{"@id":"https:\/\/maysternya.lt\/product\/kieta-pjaustymo-lenta-44x32x45cm-maysternya\/#breadcrumb"},"inLanguage":"en-US","potentialAction":[{"@type":"ReadAction","target":["https:\/\/maysternya.lt\/product\/kieta-pjaustymo-lenta-44x32x45cm-maysternya\/"]}]},{"@type":"ImageObject","inLanguage":"en-US","@id":"https:\/\/maysternya.lt\/product\/kieta-pjaustymo-lenta-44x32x45cm-maysternya\/#primaryimage","url":"https:\/\/maysternya.lt\/wp-content\/uploads\/2025\/02\/Kieta-pjaustymo-lentele-8877.jpg","contentUrl":"https:\/\/maysternya.lt\/wp-content\/uploads\/2025\/02\/Kieta-pjaustymo-lentele-8877.jpg","width":600,"height":600,"caption":"Pjaustymo lenta medine -tvirta-aukstos-kokybes-8877 didele-profesionali-profesionalams"},{"@type":"BreadcrumbList","@id":"https:\/\/maysternya.lt\/product\/kieta-pjaustymo-lenta-44x32x45cm-maysternya\/#breadcrumb","itemListElement":[{"@type":"ListItem","position":1,"name":"\u0413\u043b\u0430\u0432\u043d\u0430\u044f \u0441\u0442\u0440\u0430\u043d\u0438\u0446\u0430","item":"https:\/\/maysternya.lt\/"},{"@type":"ListItem","position":2,"name":"Katalogas","item":"https:\/\/maysternya.lt\/en\/katalogas\/"},{"@type":"ListItem","position":3,"name":"Kieta pjaustymo lenta 44x32x4,5cm Maysternya"}]},{"@type":"WebSite","@id":"https:\/\/maysternya.lt\/#website","url":"https:\/\/maysternya.lt\/","name":"Maysternya","description":"Maysternya ketaus t\u016btos","publisher":{"@id":"https:\/\/maysternya.lt\/#organization"},"potentialAction":[{"@type":"SearchAction","target":{"@type":"EntryPoint","urlTemplate":"https:\/\/maysternya.lt\/?s={search_term_string}"},"query-input":{"@type":"PropertyValueSpecification","valueRequired":true,"valueName":"search_term_string"}}],"inLanguage":"en-US"},{"@type":"Organization","@id":"https:\/\/maysternya.lt\/#organization","name":"Maysternya","url":"https:\/\/maysternya.lt\/","logo":{"@type":"ImageObject","inLanguage":"en-US","@id":"https:\/\/maysternya.lt\/#\/schema\/logo\/image\/","url":"https:\/\/maysternya.lt\/wp-content\/uploads\/2025\/02\/logo.png","contentUrl":"https:\/\/maysternya.lt\/wp-content\/uploads\/2025\/02\/logo.png","width":2222,"height":2466,"caption":"Maysternya"},"image":{"@id":"https:\/\/maysternya.lt\/#\/schema\/logo\/image\/"}}]}},"_links":{"self":[{"href":"https:\/\/maysternya.lt\/en\/wp-json\/wp\/v2\/product\/2551","targetHints":{"allow":["GET"]}}],"collection":[{"href":"https:\/\/maysternya.lt\/en\/wp-json\/wp\/v2\/product"}],"about":[{"href":"https:\/\/maysternya.lt\/en\/wp-json\/wp\/v2\/types\/product"}],"replies":[{"embeddable":true,"href":"https:\/\/maysternya.lt\/en\/wp-json\/wp\/v2\/comments?post=2551"}],"wp:featuredmedia":[{"embeddable":true,"href":"https:\/\/maysternya.lt\/en\/wp-json\/wp\/v2\/media\/2552"}],"wp:attachment":[{"href":"https:\/\/maysternya.lt\/en\/wp-json\/wp\/v2\/media?parent=2551"}],"wp:term":[{"taxonomy":"product_brand","embeddable":true,"href":"https:\/\/maysternya.lt\/en\/wp-json\/wp\/v2\/product_brand?post=2551"},{"taxonomy":"product_cat","embeddable":true,"href":"https:\/\/maysternya.lt\/en\/wp-json\/wp\/v2\/product_cat?post=2551"},{"taxonomy":"product_tag","embeddable":true,"href":"https:\/\/maysternya.lt\/en\/wp-json\/wp\/v2\/product_tag?post=2551"}],"curies":[{"name":"wp","href":"https:\/\/api.w.org\/{rel}","templated":true}]}}