{"id":1532,"date":"2020-10-31T08:48:00","date_gmt":"2020-10-31T08:48:00","guid":{"rendered":"http:\/\/maysternya.lt\/product\/ketaus-keptuve-blynams-2425-cm-su-medine-rankena-t301\/"},"modified":"2025-02-11T14:18:11","modified_gmt":"2025-02-11T14:18:11","slug":"ketaus-keptuve-blynams-2425-cm-su-medine-rankena-t301","status":"publish","type":"product","link":"https:\/\/maysternya.lt\/en\/product\/ketaus-keptuve-blynams-2425-cm-su-medine-rankena-t301\/","title":{"rendered":"Ketaus keptuv\u0117 blynams 24*2,5 cm su nuimama medine rankena | T301"},"content":{"rendered":"<h2><strong>Ketaus keptuv\u0117 blynams T301<\/strong><\/h2>\n<p><strong>Ketaus keptuv\u0117 blynams \u201eMaysternya\u201c<\/strong><\/p>\n<p><strong>Modelis: T301<\/strong><\/p>\n<ul>\n<li><strong>Keptuv\u0117 pagaminta i\u0161 auk\u0161tos kokyb\u0117s ketaus;<\/strong><\/li>\n<li><strong>Rankena medin\u0117;<\/strong><\/li>\n<li><strong>Keptuv\u0117s\u00a0skersmuo 24 cm;<\/strong><\/li>\n<li><strong>Keptuv\u0117s\u00a0gylis: 2,5 cm;<\/strong><\/li>\n<li><strong>Tinka visoms virykl\u0117ms: dujin\u0117ms, keramikin\u0117ms, indukcin\u0117ms, elekrin\u0117ms.<\/strong><\/li>\n<\/ul>\n<p>Ketaus keptuv\u0117s ir puodai yra ilgaam\u017eiai, patvar\u016bs, o j\u0173 pavir\u0161ius i\u0161laiko vienod\u0105 temperat\u016br\u0105. Be to, tinkamai naudojamas ketaus indas gali tarnauti am\u017einai, tod\u0117l juos galima perduoti i\u0161 kartos \u012f kart\u0105. Investuoti \u012f ketaus indus \u2013 protingas pasirinkimas. Keptuv\u0117s ir puodai i\u0161 \u00a0yra skirti vis\u0173 tip\u0173 virykl\u0117ms, \u012fskaitant keramines ir indukcines. Ketaus puodai ir keptuv\u0117s i\u0161laiko nepakitusi\u0105 form\u0105 ir turi nepriekai\u0161ting\u0105 pavir\u0161i\u0173.<\/p>\n<p><img decoding=\"async\" class=\"wp-image-2893 size-thumbnail\" src=\"http:\/\/maysternya.lt\/wp-content\/uploads\/2025\/02\/Maysternya-logo-350x350px-150x150-1.png\" alt=\"Ketaus indai-Maysternya-logo-350x350px\" width=\"150\" height=\"150\" \/><\/p>\n<p><strong>Taip pas mus rasite ir kitus indus i\u0161 ketaus J\u016bs\u0173 virtuvei:<\/strong><\/p>\n<p><strong><a href=\"https:\/\/www.ketaus.lt\/spizines-keptuves-ketaus-keptuve-maysternya\/\">Ketaus keptuv\u0117s<\/a><\/strong><\/p>\n<p><a href=\"https:\/\/www.ketaus.lt\/parduotuve\/ketaus-keptuve-164-cm-t201\/\">Ketaus keptuv\u0117 16*4 cm | T201<\/a><\/p>\n<p><a href=\"https:\/\/www.ketaus.lt\/parduotuve\/ketaus-keptuve-264-%d1%81m-su-medine-rankena-t303\/\">Ketaus keptuv\u0117 26*4 \u0441m su medine rankena | T303<\/a><\/p>\n<p><strong><a href=\"https:\/\/www.ketaus.lt\/ketaus-puodai-spiziniai-puodai-maysternya\/\">\u0160pi\u017einiai puodai<\/a><\/strong><\/p>\n<p><a href=\"https:\/\/www.ketaus.lt\/parduotuve\/ketaus-puodas-su-dangciu-4-l-v4c2\/\">Ketaus puodas su dang\u010diu, 4 l, V4C2<\/a><\/p>\n<p><strong><a href=\"https:\/\/www.ketaus.lt\/kazanai-ketaus-kazanas-maysternya\/\">Kazanai<\/a><\/strong><\/p>\n<p><a href=\"https:\/\/www.ketaus.lt\/parduotuve\/ketaus-kazanas-wok-8-l-su-ketaus-dangciu-keptuve-t405cp\/\">Ketaus KAZANAS WOK 8 l su ketaus dang\u010diu keptuv\u0117 | T405CP<\/a><\/p>\n<p>&nbsp;<\/p>\n<h4><strong>Ketaus blyn\u0173 keptuv\u0117 yra klasika!<\/strong><\/h4>\n<p>Jei norite savo virtuv\u0119 papildyti keptuve, kur\u012f tarnaus de\u0161imtme\u010dius, tada geriausias variantas yra ketaus keptuv\u0117.<\/p>\n<p>Ketaus keptuv\u0117s buvo populiarios nuo seniausi\u0173 laik\u0173 ir populiarios iki \u0161i\u0173 dien\u0173.<\/p>\n<p>Nat\u016bralios ketaus virtuv\u0117s ind\u0173 savyb\u0117s yra gerai \u017einomos.<\/p>\n<p>Ir, be ab\u0117jo, visi \u017eino, kokie geri yra blynai ketaus keptuv\u0117je!<\/p>\n<h4><strong>Profesional\u016bs vir\u0117jai savo darbe da\u017enai naudoja ketaus indus.<\/strong><\/h4>\n<ul>\n<li>Ketaus keptuv\u0117 yra patogi, nes ji leid\u017eia naudoti metalinius priedus,<\/li>\n<li>Ketaus b\u016bdingas i\u0161skirtinis atsparumas dilimui ir prakti\u0161kai n\u0117ra deformacijos.<\/li>\n<li>Ketaus keptuv\u0119 labai lengva valyti.<\/li>\n<li>Laikantis eksploatavimo taisykli\u0173, ketaus ind\u0173 tarnavimo laikas beveik neribotas.<\/li>\n<\/ul>\n<p>Ketaus keptuv\u0117s tr\u016bkumai yra jos polinkis r\u016bdyti nuo vandens.<\/p>\n<p>Po plovimo tur\u0117tum\u0117te greitai i\u0161d\u017eiovinti ketaus indus ir sutepti aliejumi.<\/p>\n<p><strong>Ketaus keptuv\u0117 blynams<\/strong><\/p>\n<p>Tarp vis\u0173 \u012fmantri\u0173 ir nauj\u0173 recept\u0173, visad galima atsiminti ir tokius paprastus, kaip blynai!<\/p>\n<p>Visgi, kaip i\u0161kepti tobulus lietinius? Arba bet kokius blynus apskritai \u2013 miltinius, bulvinius, amerikieti\u0161kus pancakes, sklind\u017eius, var\u0161k\u0117\u010dius, \u017eemai\u010di\u0173 blynus ir visus kitus, apvalius ir neb\u016btinai.<\/p>\n<p>Recept\u0173 begal\u0117, ta\u010diau visi \u017eino, kad geriausiai jie kepa <strong>nelipnios dangos keptuv\u0117je, kuri i\u0161yla tolygiai<\/strong>.<\/p>\n<p>Naudojant minimal\u0173 aliejaus kiek\u012f, jie b\u016bna \u0161veln\u016bs ir tuomet juos galima pagardinti \u012fvairiausiais pagardais, neapsisunkinant.<\/p>\n<p>Niekam nepaslaptis \u2013 geriausi blynai b\u016bna net ne aliejuje kepti, o \u012f j\u0173 te\u0161l\u0105 \u012fmai\u0161ius \u0161iek tiek lydyto sviesto ir kepant sausoje keptuv\u0117je ant nedidel\u0117s ugnies.<\/p>\n<p>Pasirinkus ekologi\u0161ko ir \u0161imtaprocentinio ketaus keptuv\u0119 \u2013 b\u016bsite u\u017etikrinti, kad ji \u0161yla tolygiai, atlaiko metalines menteles ar \u0161auk\u0161telius ir,<\/p>\n<p>svarbiausia, nei\u0161skiria joki\u0173 nuoding\u0173 med\u017eiag\u0173. Joki\u0173 mangano jungini\u0173, kadmio drusk\u0173 ar kit\u0173 kenksming\u0173 metal\u0173.<\/p>","protected":false},"excerpt":{"rendered":"<h3><strong>Ketaus keptuv\u0117 blynams \u201eMaysternya\u201c<\/strong><\/h3>\n<p><strong>Modelis: T301<\/strong><\/p>\n<ul>\n<li><strong>Keptuv\u0117 pagaminta i\u0161 auk\u0161tos kokyb\u0117s ketaus;<\/strong><\/li>\n<li><strong>Rankena medin\u0117;<\/strong><\/li>\n<li><strong>Keptuv\u0117s\u00a0skersmuo 24 cm;<\/strong><\/li>\n<li><strong>Keptuv\u0117s\u00a0gylis: 2,5 cm;<\/strong><\/li>\n<li><strong>Tinka visoms virykl\u0117ms: dujin\u0117ms, keramikin\u0117ms, indukcin\u0117ms, elekrin\u0117ms.<\/strong><\/li>\n<\/ul>\n<p><strong>Ketaus blyn\u0173 keptuv\u0117 yra klasika!<\/strong><\/p>\n<p>Jei norite savo virtuv\u0119 papildyti keptuve, kur\u012f tarnaus de\u0161imtme\u010dius, tada geriausias variantas yra ketaus keptuv\u0117.<\/p>\n<p>Ketaus keptuv\u0117s buvo populiarios nuo seniausi\u0173 laik\u0173 ir populiarios iki \u0161i\u0173 dien\u0173.<\/p>\n<p>Nat\u016bralios ketaus virtuv\u0117s ind\u0173 savyb\u0117s yra gerai \u017einomos.<\/p>\n<p>Ir, be ab\u0117jo, visi \u017eino, kokie geri yra blynai ketaus keptuv\u0117je!<\/p>\n<p>Profesional\u016bs vir\u0117jai savo darbe da\u017enai naudoja ketaus indus.<\/p>\n<ul>\n<li>Ketaus keptuv\u0117 yra patogi, nes ji leid\u017eia naudoti metalinius priedus,<\/li>\n<li>Ketaus b\u016bdingas i\u0161skirtinis atsparumas dilimui ir prakti\u0161kai n\u0117ra deformacijos.<\/li>\n<li>Ketaus keptuv\u0119 labai lengva valyti.<\/li>\n<li>Laikantis eksploatavimo taisykli\u0173, ketaus ind\u0173 tarnavimo laikas beveik neribotas.<\/li>\n<\/ul>\n<p>Ketaus keptuv\u0117s tr\u016bkumai yra jos polinkis r\u016bdyti nuo vandens.<\/p>\n<p>Po plovimo tur\u0117tum\u0117te greitai i\u0161d\u017eiovinti ketaus indus ir sutepti aliejumi.<\/p>\n<p>&nbsp;<\/p>","protected":false},"featured_media":1533,"comment_status":"open","ping_status":"open","template":"","meta":{"site-sidebar-layout":"default","site-content-layout":"","ast-site-content-layout":"","site-content-style":"default","site-sidebar-style":"default","ast-global-header-display":"","ast-banner-title-visibility":"","ast-main-header-display":"","ast-hfb-above-header-display":"","ast-hfb-below-header-display":"","ast-hfb-mobile-header-display":"","site-post-title":"","ast-breadcrumbs-content":"","ast-featured-img":"","footer-sml-layout":"","theme-transparent-header-meta":"","adv-header-id-meta":"","stick-header-meta":"","header-above-stick-meta":"","header-main-stick-meta":"","header-below-stick-meta":"","astra-migrate-meta-layouts":"default","ast-page-background-enabled":"default","ast-page-background-meta":{"desktop":{"background-color":"var(--ast-global-color-5)","background-image":"","background-repeat":"repeat","background-position":"center center","background-size":"auto","background-attachment":"scroll","background-type":"","background-media":"","overlay-type":"","overlay-color":"","overlay-opacity":"","overlay-gradient":""},"tablet":{"background-color":"","background-image":"","background-repeat":"repeat","background-position":"center center","background-size":"auto","background-attachment":"scroll","background-type":"","background-media":"","overlay-type":"","overlay-color":"","overlay-opacity":"","overlay-gradient":""},"mobile":{"background-color":"","background-image":"","background-repeat":"repeat","background-position":"center center","background-size":"auto","background-attachment":"scroll","background-type":"","background-media":"","overlay-type":"","overlay-color":"","overlay-opacity":"","overlay-gradient":""}},"ast-content-background-meta":{"desktop":{"background-color":"var(--ast-global-color-4)","background-image":"","background-repeat":"repeat","background-position":"center center","background-size":"auto","background-attachment":"scroll","background-type":"","background-media":"","overlay-type":"","overlay-color":"","overlay-opacity":"","overlay-gradient":""},"tablet":{"background-color":"var(--ast-global-color-4)","background-image":"","background-repeat":"repeat","background-position":"center center","background-size":"auto","background-attachment":"scroll","background-type":"","background-media":"","overlay-type":"","overlay-color":"","overlay-opacity":"","overlay-gradient":""},"mobile":{"background-color":"var(--ast-global-color-4)","background-image":"","background-repeat":"repeat","background-position":"center center","background-size":"auto","background-attachment":"scroll","background-type":"","background-media":"","overlay-type":"","overlay-color":"","overlay-opacity":"","overlay-gradient":""}}},"product_brand":[],"product_cat":[41,37,38,39,44],"product_tag":[42],"class_list":{"0":"post-1532","1":"product","2":"type-product","3":"status-publish","4":"has-post-thumbnail","6":"product_cat-maysternya","7":"product_cat-virtuves-indai","8":"product_cat-keptuves-virtuves-indai","9":"product_cat-ketaus-keptuves","10":"product_cat-ketaus-keptuves-blynams","11":"product_tag-maysternya","12":"product_shipping_class-iprasta-pristatymlo-klase","13":"desktop-align-left","14":"tablet-align-left","15":"mobile-align-left","17":"first","18":"instock","19":"shipping-taxable","20":"product-type-simple"},"yoast_head":"<!-- This site is optimized with the Yoast SEO plugin v24.5 - https:\/\/yoast.com\/wordpress\/plugins\/seo\/ -->\n<title>Ketaus keptuv\u0117 blynams 24*2,5 cm su nuimama medine rankena | T301 - Maysternya<\/title>\n<meta name=\"robots\" content=\"index, follow, max-snippet:-1, max-image-preview:large, max-video-preview:-1\" \/>\n<link rel=\"canonical\" href=\"https:\/\/maysternya.lt\/en\/wp-json\/wp\/v2\/product\/1532\" \/>\n<meta property=\"og:locale\" content=\"en_US\" \/>\n<meta property=\"og:type\" content=\"article\" \/>\n<meta property=\"og:title\" content=\"Ketaus keptuv\u0117 blynams 24*2,5 cm su nuimama medine rankena | T301 - Maysternya\" \/>\n<meta property=\"og:description\" content=\"Ketaus keptuv\u0117 blynams \u201eMaysternya\u201c Modelis: T301  Keptuv\u0117 pagaminta i\u0161 auk\u0161tos kokyb\u0117s ketaus;  Rankena medin\u0117;  Keptuv\u0117s\u00a0skersmuo 24 cm;  Keptuv\u0117s\u00a0gylis: 2,5 cm;  Tinka visoms virykl\u0117ms: dujin\u0117ms, keramikin\u0117ms, indukcin\u0117ms, elekrin\u0117ms. Ketaus blyn\u0173 keptuv\u0117 yra klasika! Jei norite savo virtuv\u0119 papildyti keptuve, kur\u012f tarnaus de\u0161imtme\u010dius, tada geriausias variantas yra ketaus keptuv\u0117. Ketaus keptuv\u0117s buvo populiarios nuo seniausi\u0173 laik\u0173 ir populiarios iki \u0161i\u0173 dien\u0173. Nat\u016bralios ketaus virtuv\u0117s ind\u0173 savyb\u0117s yra gerai \u017einomos. Ir, be ab\u0117jo, visi \u017eino, kokie geri yra blynai ketaus keptuv\u0117je! Profesional\u016bs vir\u0117jai savo darbe da\u017enai naudoja ketaus indus.  Ketaus keptuv\u0117 yra patogi, nes ji leid\u017eia naudoti metalinius priedus,  Ketaus b\u016bdingas i\u0161skirtinis atsparumas dilimui ir prakti\u0161kai n\u0117ra deformacijos.  Ketaus keptuv\u0119 labai lengva valyti.  Laikantis eksploatavimo taisykli\u0173, ketaus ind\u0173 tarnavimo laikas beveik neribotas. Ketaus keptuv\u0117s tr\u016bkumai yra jos polinkis r\u016bdyti nuo vandens. Po plovimo tur\u0117tum\u0117te greitai i\u0161d\u017eiovinti ketaus indus ir sutepti aliejumi. &nbsp;\" \/>\n<meta property=\"og:url\" content=\"https:\/\/maysternya.lt\/en\/product\/ketaus-keptuve-blynams-2425-cm-su-medine-rankena-t301\/\" \/>\n<meta property=\"og:site_name\" content=\"Maysternya\" \/>\n<meta property=\"article:modified_time\" content=\"2025-02-11T14:18:11+00:00\" \/>\n<meta property=\"og:image\" content=\"https:\/\/maysternya.lt\/wp-content\/uploads\/2025\/02\/TOP-pasiulymas-T301-2021-11-09.jpg\" \/>\n\t<meta property=\"og:image:width\" content=\"1200\" \/>\n\t<meta property=\"og:image:height\" content=\"1200\" \/>\n\t<meta property=\"og:image:type\" content=\"image\/jpeg\" \/>\n<meta name=\"twitter:card\" content=\"summary_large_image\" \/>\n<meta name=\"twitter:label1\" content=\"Est. reading time\" \/>\n\t<meta name=\"twitter:data1\" content=\"2 minutes\" \/>\n<script type=\"application\/ld+json\" class=\"yoast-schema-graph\">{\"@context\":\"https:\/\/schema.org\",\"@graph\":[{\"@type\":\"WebPage\",\"@id\":\"https:\/\/maysternya.lt\/product\/ketaus-keptuve-blynams-2425-cm-su-medine-rankena-t301\/\",\"url\":\"https:\/\/maysternya.lt\/product\/ketaus-keptuve-blynams-2425-cm-su-medine-rankena-t301\/\",\"name\":\"Ketaus keptuv\u0117 blynams 24*2,5 cm su nuimama medine rankena | T301 - Maysternya\",\"isPartOf\":{\"@id\":\"https:\/\/maysternya.lt\/#website\"},\"primaryImageOfPage\":{\"@id\":\"https:\/\/maysternya.lt\/product\/ketaus-keptuve-blynams-2425-cm-su-medine-rankena-t301\/#primaryimage\"},\"image\":{\"@id\":\"https:\/\/maysternya.lt\/product\/ketaus-keptuve-blynams-2425-cm-su-medine-rankena-t301\/#primaryimage\"},\"thumbnailUrl\":\"https:\/\/maysternya.lt\/wp-content\/uploads\/2025\/02\/TOP-pasiulymas-T301-2021-11-09.jpg\",\"datePublished\":\"2020-10-31T08:48:00+00:00\",\"dateModified\":\"2025-02-11T14:18:11+00:00\",\"breadcrumb\":{\"@id\":\"https:\/\/maysternya.lt\/product\/ketaus-keptuve-blynams-2425-cm-su-medine-rankena-t301\/#breadcrumb\"},\"inLanguage\":\"en-US\",\"potentialAction\":[{\"@type\":\"ReadAction\",\"target\":[\"https:\/\/maysternya.lt\/product\/ketaus-keptuve-blynams-2425-cm-su-medine-rankena-t301\/\"]}]},{\"@type\":\"ImageObject\",\"inLanguage\":\"en-US\",\"@id\":\"https:\/\/maysternya.lt\/product\/ketaus-keptuve-blynams-2425-cm-su-medine-rankena-t301\/#primaryimage\",\"url\":\"https:\/\/maysternya.lt\/wp-content\/uploads\/2025\/02\/TOP-pasiulymas-T301-2021-11-09.jpg\",\"contentUrl\":\"https:\/\/maysternya.lt\/wp-content\/uploads\/2025\/02\/TOP-pasiulymas-T301-2021-11-09.jpg\",\"width\":1200,\"height\":1200,\"caption\":\"TOP-pasiulymas-ketaus keptuve blynams-T301-2021-11-09\"},{\"@type\":\"BreadcrumbList\",\"@id\":\"https:\/\/maysternya.lt\/product\/ketaus-keptuve-blynams-2425-cm-su-medine-rankena-t301\/#breadcrumb\",\"itemListElement\":[{\"@type\":\"ListItem\",\"position\":1,\"name\":\"\u0413\u043b\u0430\u0432\u043d\u0430\u044f \u0441\u0442\u0440\u0430\u043d\u0438\u0446\u0430\",\"item\":\"https:\/\/maysternya.lt\/\"},{\"@type\":\"ListItem\",\"position\":2,\"name\":\"Katalogas\",\"item\":\"https:\/\/maysternya.lt\/en\/katalogas\/\"},{\"@type\":\"ListItem\",\"position\":3,\"name\":\"Ketaus keptuv\u0117 blynams 24*2,5 cm su nuimama medine rankena | T301\"}]},{\"@type\":\"WebSite\",\"@id\":\"https:\/\/maysternya.lt\/#website\",\"url\":\"https:\/\/maysternya.lt\/\",\"name\":\"Maysternya\",\"description\":\"Maysternya ketaus t\u016btos\",\"publisher\":{\"@id\":\"https:\/\/maysternya.lt\/#organization\"},\"potentialAction\":[{\"@type\":\"SearchAction\",\"target\":{\"@type\":\"EntryPoint\",\"urlTemplate\":\"https:\/\/maysternya.lt\/?s={search_term_string}\"},\"query-input\":{\"@type\":\"PropertyValueSpecification\",\"valueRequired\":true,\"valueName\":\"search_term_string\"}}],\"inLanguage\":\"en-US\"},{\"@type\":\"Organization\",\"@id\":\"https:\/\/maysternya.lt\/#organization\",\"name\":\"Maysternya\",\"url\":\"https:\/\/maysternya.lt\/\",\"logo\":{\"@type\":\"ImageObject\",\"inLanguage\":\"en-US\",\"@id\":\"https:\/\/maysternya.lt\/#\/schema\/logo\/image\/\",\"url\":\"https:\/\/maysternya.lt\/wp-content\/uploads\/2025\/02\/logo.png\",\"contentUrl\":\"https:\/\/maysternya.lt\/wp-content\/uploads\/2025\/02\/logo.png\",\"width\":2222,\"height\":2466,\"caption\":\"Maysternya\"},\"image\":{\"@id\":\"https:\/\/maysternya.lt\/#\/schema\/logo\/image\/\"}}]}<\/script>\n<!-- \/ Yoast SEO plugin. -->","yoast_head_json":{"title":"Ketaus keptuv\u0117 blynams 24*2,5 cm su nuimama medine rankena | T301 - Maysternya","robots":{"index":"index","follow":"follow","max-snippet":"max-snippet:-1","max-image-preview":"max-image-preview:large","max-video-preview":"max-video-preview:-1"},"canonical":"https:\/\/maysternya.lt\/en\/wp-json\/wp\/v2\/product\/1532","og_locale":"en_US","og_type":"article","og_title":"Ketaus keptuv\u0117 blynams 24*2,5 cm su nuimama medine rankena | T301 - Maysternya","og_description":"Ketaus keptuv\u0117 blynams \u201eMaysternya\u201c Modelis: T301  Keptuv\u0117 pagaminta i\u0161 auk\u0161tos kokyb\u0117s ketaus;  Rankena medin\u0117;  Keptuv\u0117s\u00a0skersmuo 24 cm;  Keptuv\u0117s\u00a0gylis: 2,5 cm;  Tinka visoms virykl\u0117ms: dujin\u0117ms, keramikin\u0117ms, indukcin\u0117ms, elekrin\u0117ms. Ketaus blyn\u0173 keptuv\u0117 yra klasika! Jei norite savo virtuv\u0119 papildyti keptuve, kur\u012f tarnaus de\u0161imtme\u010dius, tada geriausias variantas yra ketaus keptuv\u0117. Ketaus keptuv\u0117s buvo populiarios nuo seniausi\u0173 laik\u0173 ir populiarios iki \u0161i\u0173 dien\u0173. Nat\u016bralios ketaus virtuv\u0117s ind\u0173 savyb\u0117s yra gerai \u017einomos. Ir, be ab\u0117jo, visi \u017eino, kokie geri yra blynai ketaus keptuv\u0117je! Profesional\u016bs vir\u0117jai savo darbe da\u017enai naudoja ketaus indus.  Ketaus keptuv\u0117 yra patogi, nes ji leid\u017eia naudoti metalinius priedus,  Ketaus b\u016bdingas i\u0161skirtinis atsparumas dilimui ir prakti\u0161kai n\u0117ra deformacijos.  Ketaus keptuv\u0119 labai lengva valyti.  Laikantis eksploatavimo taisykli\u0173, ketaus ind\u0173 tarnavimo laikas beveik neribotas. Ketaus keptuv\u0117s tr\u016bkumai yra jos polinkis r\u016bdyti nuo vandens. Po plovimo tur\u0117tum\u0117te greitai i\u0161d\u017eiovinti ketaus indus ir sutepti aliejumi. &nbsp;","og_url":"https:\/\/maysternya.lt\/en\/product\/ketaus-keptuve-blynams-2425-cm-su-medine-rankena-t301\/","og_site_name":"Maysternya","article_modified_time":"2025-02-11T14:18:11+00:00","og_image":[{"width":1200,"height":1200,"url":"https:\/\/maysternya.lt\/wp-content\/uploads\/2025\/02\/TOP-pasiulymas-T301-2021-11-09.jpg","type":"image\/jpeg"}],"twitter_card":"summary_large_image","twitter_misc":{"Est. reading time":"2 minutes"},"schema":{"@context":"https:\/\/schema.org","@graph":[{"@type":"WebPage","@id":"https:\/\/maysternya.lt\/product\/ketaus-keptuve-blynams-2425-cm-su-medine-rankena-t301\/","url":"https:\/\/maysternya.lt\/product\/ketaus-keptuve-blynams-2425-cm-su-medine-rankena-t301\/","name":"Ketaus keptuv\u0117 blynams 24*2,5 cm su nuimama medine rankena | T301 - Maysternya","isPartOf":{"@id":"https:\/\/maysternya.lt\/#website"},"primaryImageOfPage":{"@id":"https:\/\/maysternya.lt\/product\/ketaus-keptuve-blynams-2425-cm-su-medine-rankena-t301\/#primaryimage"},"image":{"@id":"https:\/\/maysternya.lt\/product\/ketaus-keptuve-blynams-2425-cm-su-medine-rankena-t301\/#primaryimage"},"thumbnailUrl":"https:\/\/maysternya.lt\/wp-content\/uploads\/2025\/02\/TOP-pasiulymas-T301-2021-11-09.jpg","datePublished":"2020-10-31T08:48:00+00:00","dateModified":"2025-02-11T14:18:11+00:00","breadcrumb":{"@id":"https:\/\/maysternya.lt\/product\/ketaus-keptuve-blynams-2425-cm-su-medine-rankena-t301\/#breadcrumb"},"inLanguage":"en-US","potentialAction":[{"@type":"ReadAction","target":["https:\/\/maysternya.lt\/product\/ketaus-keptuve-blynams-2425-cm-su-medine-rankena-t301\/"]}]},{"@type":"ImageObject","inLanguage":"en-US","@id":"https:\/\/maysternya.lt\/product\/ketaus-keptuve-blynams-2425-cm-su-medine-rankena-t301\/#primaryimage","url":"https:\/\/maysternya.lt\/wp-content\/uploads\/2025\/02\/TOP-pasiulymas-T301-2021-11-09.jpg","contentUrl":"https:\/\/maysternya.lt\/wp-content\/uploads\/2025\/02\/TOP-pasiulymas-T301-2021-11-09.jpg","width":1200,"height":1200,"caption":"TOP-pasiulymas-ketaus keptuve blynams-T301-2021-11-09"},{"@type":"BreadcrumbList","@id":"https:\/\/maysternya.lt\/product\/ketaus-keptuve-blynams-2425-cm-su-medine-rankena-t301\/#breadcrumb","itemListElement":[{"@type":"ListItem","position":1,"name":"\u0413\u043b\u0430\u0432\u043d\u0430\u044f \u0441\u0442\u0440\u0430\u043d\u0438\u0446\u0430","item":"https:\/\/maysternya.lt\/"},{"@type":"ListItem","position":2,"name":"Katalogas","item":"https:\/\/maysternya.lt\/en\/katalogas\/"},{"@type":"ListItem","position":3,"name":"Ketaus keptuv\u0117 blynams 24*2,5 cm su nuimama medine rankena | T301"}]},{"@type":"WebSite","@id":"https:\/\/maysternya.lt\/#website","url":"https:\/\/maysternya.lt\/","name":"Maysternya","description":"Maysternya ketaus t\u016btos","publisher":{"@id":"https:\/\/maysternya.lt\/#organization"},"potentialAction":[{"@type":"SearchAction","target":{"@type":"EntryPoint","urlTemplate":"https:\/\/maysternya.lt\/?s={search_term_string}"},"query-input":{"@type":"PropertyValueSpecification","valueRequired":true,"valueName":"search_term_string"}}],"inLanguage":"en-US"},{"@type":"Organization","@id":"https:\/\/maysternya.lt\/#organization","name":"Maysternya","url":"https:\/\/maysternya.lt\/","logo":{"@type":"ImageObject","inLanguage":"en-US","@id":"https:\/\/maysternya.lt\/#\/schema\/logo\/image\/","url":"https:\/\/maysternya.lt\/wp-content\/uploads\/2025\/02\/logo.png","contentUrl":"https:\/\/maysternya.lt\/wp-content\/uploads\/2025\/02\/logo.png","width":2222,"height":2466,"caption":"Maysternya"},"image":{"@id":"https:\/\/maysternya.lt\/#\/schema\/logo\/image\/"}}]}},"_links":{"self":[{"href":"https:\/\/maysternya.lt\/en\/wp-json\/wp\/v2\/product\/1532","targetHints":{"allow":["GET"]}}],"collection":[{"href":"https:\/\/maysternya.lt\/en\/wp-json\/wp\/v2\/product"}],"about":[{"href":"https:\/\/maysternya.lt\/en\/wp-json\/wp\/v2\/types\/product"}],"replies":[{"embeddable":true,"href":"https:\/\/maysternya.lt\/en\/wp-json\/wp\/v2\/comments?post=1532"}],"wp:featuredmedia":[{"embeddable":true,"href":"https:\/\/maysternya.lt\/en\/wp-json\/wp\/v2\/media\/1533"}],"wp:attachment":[{"href":"https:\/\/maysternya.lt\/en\/wp-json\/wp\/v2\/media?parent=1532"}],"wp:term":[{"taxonomy":"product_brand","embeddable":true,"href":"https:\/\/maysternya.lt\/en\/wp-json\/wp\/v2\/product_brand?post=1532"},{"taxonomy":"product_cat","embeddable":true,"href":"https:\/\/maysternya.lt\/en\/wp-json\/wp\/v2\/product_cat?post=1532"},{"taxonomy":"product_tag","embeddable":true,"href":"https:\/\/maysternya.lt\/en\/wp-json\/wp\/v2\/product_tag?post=1532"}],"curies":[{"name":"wp","href":"https:\/\/api.w.org\/{rel}","templated":true}]}}